{"id":5898,"date":"2026-05-11T13:52:28","date_gmt":"2026-05-11T11:52:28","guid":{"rendered":"https:\/\/katoenendraagtassen.nl\/product\/ki0242-strandtas\/"},"modified":"2026-05-11T13:58:59","modified_gmt":"2026-05-11T11:58:59","slug":"ki0242-strandtas","status":"publish","type":"product","link":"https:\/\/katoenendraagtassen.nl\/en\/product\/5898\/ki0242-beach-bag\/","title":{"rendered":"KI0242 &#8211; Strandtas"},"content":{"rendered":"<p>Grote strandtas in marinestijl van katoenen canvas. Hengsels van katoenen koordjes, binnenzak met rits, sluiting met drukknoop.<\/p>\n","protected":false},"excerpt":{"rendered":"<p>Grote strandtas in marinestijl van katoenen canvas. Hengsels van katoenen koordjes, binnenzak met rits, sluiting met drukknoop.<\/p>\n","protected":false},"featured_media":5899,"template":"","meta":{"_acf_changed":false,"_monsterinsights_skip_tracking":false,"_monsterinsights_sitenote_active":false,"_monsterinsights_sitenote_note":"","_monsterinsights_sitenote_category":0},"product_brand":[275],"product_cat":[40],"product_tag":[],"class_list":{"0":"post-5898","1":"product","2":"type-product","3":"status-publish","4":"has-post-thumbnail","6":"product_supplier-a404","7":"product_brand-kimood","8":"product_cat-lifestyle","9":"entry","11":"first","12":"outofstock","13":"taxable","14":"shipping-taxable","15":"purchasable","16":"product-type-variable"},"acf":{"pim_product_english_title":"KI0242 - Beach bag","pim_product_german_title":"KI0242 - Strandtasche","pim_product_dutch_title":"KI0242 - Strandtas","pim_product_dutch_content":"<p>Grote strandtas in marinestijl van katoenen canvas. Hengsels van katoenen koordjes, binnenzak met rits, sluiting met drukknoop.<\/p>\n","pim_product_german_content":"<p>Gro\u00dfe Strandtasche im Marinestil aus Bauwoll-Canvas. Henkel aus Baumwollkordeln, Innentasche mit Rei\u00dfverschluss, Druckknopfverschluss.<\/p>\n","pim_product_english_content":"<p>Large sailor-style beach bag in cotton canvas. Cotton rope handles. Zipped inner pocket. Press stud fastening.<\/p>\n","english_short_description":"Conscious collection: natural materials and environmentally friendly.\r\nElegant and refined, perfect for the beach or shopping.\r\nInner zipped pocket for storing important personal belongings.","german_short_description":"Conscious Collection: nat\u00fcrliche, umweltfreundliche Materialien.\r\nElegant und raffiniert f\u00fcr Strand oder Shopping.\r\nInnenliegende Rei\u00dfverschlusstasche f\u00fcr wichtige Gegenst\u00e4nde.","dutch_short_description":"Conscious collection: natuurlijke, milieuvriendelijke stoffen.\r\nElegant en verfijnd, ideaal voor het strand of om te shoppen.\r\nBinnenzak met rits voor belangrijke spullen.","select_toptex_printing_options":"clothes","promidata_product_hash":"","promidata_product_uri":"","promidata_product_minimum_qty":"","imprint_cost":false,"margin_influ_quantity_10":"","margin_influ_quantity_25":"","margin_influ_quantity_50":"","margin_influ_quantity_100":"","margin_influ_quantity_250":"","margin_influ_quantity_500":"","margin_influ_quantity_1000":"","pim_product_english_faq_content":"","pim_product_german_faq_content":"","pim_product_dutch_faq_content":"","english_keywords":"","german_keywords":"","dutch_keywords":"","green_tab_text_eng":"","green_tab_text_german":"","green_tab_text_dutch":"","default_keywords_nl":""},"aioseo_notices":[],"aioseo_head":"\n\t\t<!-- All in One SEO Pro 4.9.7.1 - aioseo.com -->\n\t<meta name=\"description\" content=\"Conscious collection: natural materials and environmentally friendly. Elegant and refined, perfect for the beach or shopping. Inner zipped pocket for storing important personal belongings.\" \/>\n\t<meta name=\"robots\" content=\"max-image-preview:large\" \/>\n\t<meta name=\"google-site-verification\" content=\"UCXCM47iuIQOXxYT_rmg4k_pSRa_vVC6yBpzgVDnaZM\" \/>\n\t<link rel=\"canonical\" href=\"https:\/\/katoenendraagtassen.nl\/en\/wp-json\/wp\/v2\/product\/5898\" \/>\n\t<meta name=\"generator\" content=\"All in One SEO Pro (AIOSEO) 4.9.7.1\" \/>\n\t\t<meta property=\"og:locale\" content=\"en_US\" \/>\n\t\t<meta property=\"og:site_name\" content=\"Katoenendraagtassen -\" \/>\n\t\t<meta property=\"og:type\" content=\"article\" \/>\n\t\t<meta property=\"og:title\" content=\"KI0242 - Beach bag\" \/>\n\t\t<meta property=\"og:description\" content=\"Conscious collection: natural materials and environmentally friendly. Elegant and refined, perfect for the beach or shopping. Inner zipped pocket for storing important personal belongings.\" \/>\n\t\t<meta property=\"og:url\" content=\"https:\/\/katoenendraagtassen.nl\/en\/wp-json\/wp\/v2\/product\/5898\" \/>\n\t\t<meta property=\"og:image\" content=\"https:\/\/shop.hidalgo.nl\/wp-content\/uploads\/2026\/02\/cropped-draagtassen-logo.png\" \/>\n\t\t<meta property=\"og:image:secure_url\" content=\"https:\/\/shop.hidalgo.nl\/wp-content\/uploads\/2026\/02\/cropped-draagtassen-logo.png\" \/>\n\t\t<meta property=\"article:published_time\" content=\"2026-05-11T11:52:28+00:00\" \/>\n\t\t<meta property=\"article:modified_time\" content=\"2026-05-11T11:58:59+00:00\" \/>\n\t\t<meta name=\"twitter:card\" content=\"summary_large_image\" \/>\n\t\t<meta name=\"twitter:title\" content=\"KI0242 - Beach bag\" \/>\n\t\t<meta name=\"twitter:description\" content=\"Conscious collection: natural materials and environmentally friendly. Elegant and refined, perfect for the beach or shopping. Inner zipped pocket for storing important personal belongings.\" \/>\n\t\t<meta name=\"twitter:image\" content=\"https:\/\/shop.hidalgo.nl\/wp-content\/uploads\/2026\/02\/cropped-draagtassen-logo.png\" \/>\n\t\t<script type=\"application\/ld+json\" class=\"aioseo-schema\">\n\t\t\t{\"@context\":\"https:\\\/\\\/schema.org\",\"@graph\":[{\"@type\":\"BreadcrumbList\",\"@id\":\"https:\\\/\\\/katoenendraagtassen.nl\\\/en\\\/product\\\/5898\\\/ki0242-beach-bag\\\/#breadcrumblist\",\"itemListElement\":[{\"@type\":\"ListItem\",\"@id\":\"https:\\\/\\\/katoenendraagtassen.nl\\\/en\\\/#listItem\",\"position\":1,\"name\":\"Home\",\"item\":\"https:\\\/\\\/katoenendraagtassen.nl\\\/en\\\/\",\"nextItem\":{\"@type\":\"ListItem\",\"@id\":\"https:\\\/\\\/katoenendraagtassen.nl\\\/shop\\\/#listItem\",\"name\":\"Shop\"}},{\"@type\":\"ListItem\",\"@id\":\"https:\\\/\\\/katoenendraagtassen.nl\\\/shop\\\/#listItem\",\"position\":2,\"name\":\"Shop\",\"item\":\"https:\\\/\\\/katoenendraagtassen.nl\\\/shop\\\/\",\"nextItem\":{\"@type\":\"ListItem\",\"@id\":\"https:\\\/\\\/katoenendraagtassen.nl\\\/en\\\/product-supplier\\\/a404\\\/#listItem\",\"name\":\"A404\"},\"previousItem\":{\"@type\":\"ListItem\",\"@id\":\"https:\\\/\\\/katoenendraagtassen.nl\\\/en\\\/#listItem\",\"name\":\"Home\"}},{\"@type\":\"ListItem\",\"@id\":\"https:\\\/\\\/katoenendraagtassen.nl\\\/en\\\/product-supplier\\\/a404\\\/#listItem\",\"position\":3,\"name\":\"A404\",\"item\":\"https:\\\/\\\/katoenendraagtassen.nl\\\/en\\\/product-supplier\\\/a404\\\/\",\"nextItem\":{\"@type\":\"ListItem\",\"@id\":\"https:\\\/\\\/katoenendraagtassen.nl\\\/en\\\/product\\\/5898\\\/ki0242-beach-bag\\\/#listItem\",\"name\":\"KI0242 &#8211; Strandtas\"},\"previousItem\":{\"@type\":\"ListItem\",\"@id\":\"https:\\\/\\\/katoenendraagtassen.nl\\\/shop\\\/#listItem\",\"name\":\"Shop\"}},{\"@type\":\"ListItem\",\"@id\":\"https:\\\/\\\/katoenendraagtassen.nl\\\/en\\\/product\\\/5898\\\/ki0242-beach-bag\\\/#listItem\",\"position\":4,\"name\":\"KI0242 &#8211; Strandtas\",\"previousItem\":{\"@type\":\"ListItem\",\"@id\":\"https:\\\/\\\/katoenendraagtassen.nl\\\/en\\\/product-supplier\\\/a404\\\/#listItem\",\"name\":\"A404\"}}]},{\"@type\":\"ItemPage\",\"@id\":\"https:\\\/\\\/katoenendraagtassen.nl\\\/en\\\/product\\\/5898\\\/ki0242-beach-bag\\\/#itempage\",\"url\":\"https:\\\/\\\/katoenendraagtassen.nl\\\/en\\\/product\\\/5898\\\/ki0242-beach-bag\\\/\",\"name\":\"KI0242 - Beach bag\",\"description\":\"Conscious collection: natural materials and environmentally friendly. Elegant and refined, perfect for the beach or shopping. Inner zipped pocket for storing important personal belongings.\",\"inLanguage\":\"en-US\",\"isPartOf\":{\"@id\":\"https:\\\/\\\/katoenendraagtassen.nl\\\/en\\\/#website\"},\"breadcrumb\":{\"@id\":\"https:\\\/\\\/katoenendraagtassen.nl\\\/en\\\/product\\\/5898\\\/ki0242-beach-bag\\\/#breadcrumblist\"},\"image\":{\"@type\":\"ImageObject\",\"url\":\"https:\\\/\\\/shop.hidalgo.nl\\\/wp-content\\\/uploads\\\/2026\\\/04\\\/KI0242-P_2017.jpg\",\"@id\":\"https:\\\/\\\/katoenendraagtassen.nl\\\/en\\\/product\\\/5898\\\/ki0242-beach-bag\\\/#mainImage\"},\"primaryImageOfPage\":{\"@id\":\"https:\\\/\\\/katoenendraagtassen.nl\\\/en\\\/product\\\/5898\\\/ki0242-beach-bag\\\/#mainImage\"},\"datePublished\":\"2026-05-11T13:52:28+02:00\",\"dateModified\":\"2026-05-11T13:58:59+02:00\"},{\"@type\":\"Organization\",\"@id\":\"https:\\\/\\\/katoenendraagtassen.nl\\\/en\\\/#organization\",\"name\":\"Katoenendraagtassen\",\"url\":\"https:\\\/\\\/katoenendraagtassen.nl\\\/en\\\/\",\"logo\":{\"@type\":\"ImageObject\",\"url\":\"https:\\\/\\\/shop.hidalgo.nl\\\/wp-content\\\/uploads\\\/2026\\\/02\\\/cropped-draagtassen-logo.png\",\"@id\":\"https:\\\/\\\/katoenendraagtassen.nl\\\/en\\\/product\\\/5898\\\/ki0242-beach-bag\\\/#organizationLogo\",\"width\":419,\"height\":259},\"image\":{\"@id\":\"https:\\\/\\\/katoenendraagtassen.nl\\\/en\\\/product\\\/5898\\\/ki0242-beach-bag\\\/#organizationLogo\"}},{\"@type\":\"WebPage\",\"@id\":\"https:\\\/\\\/katoenendraagtassen.nl\\\/en\\\/product\\\/5898\\\/ki0242-beach-bag\\\/#webpage\",\"url\":\"https:\\\/\\\/katoenendraagtassen.nl\\\/en\\\/product\\\/5898\\\/ki0242-beach-bag\\\/\",\"name\":\"KI0242 - Beach bag\",\"description\":\"Conscious collection: natural materials and environmentally friendly. Elegant and refined, perfect for the beach or shopping. Inner zipped pocket for storing important personal belongings.\",\"inLanguage\":\"en-US\",\"isPartOf\":{\"@id\":\"https:\\\/\\\/katoenendraagtassen.nl\\\/en\\\/#website\"},\"breadcrumb\":{\"@id\":\"https:\\\/\\\/katoenendraagtassen.nl\\\/en\\\/product\\\/5898\\\/ki0242-beach-bag\\\/#breadcrumblist\"},\"image\":{\"@type\":\"ImageObject\",\"url\":\"https:\\\/\\\/shop.hidalgo.nl\\\/wp-content\\\/uploads\\\/2026\\\/04\\\/KI0242-P_2017.jpg\",\"@id\":\"https:\\\/\\\/katoenendraagtassen.nl\\\/en\\\/product\\\/5898\\\/ki0242-beach-bag\\\/#mainImage\"},\"primaryImageOfPage\":{\"@id\":\"https:\\\/\\\/katoenendraagtassen.nl\\\/en\\\/product\\\/5898\\\/ki0242-beach-bag\\\/#mainImage\"},\"datePublished\":\"2026-05-11T13:52:28+02:00\",\"dateModified\":\"2026-05-11T13:58:59+02:00\"},{\"@type\":\"WebSite\",\"@id\":\"https:\\\/\\\/katoenendraagtassen.nl\\\/en\\\/#website\",\"url\":\"https:\\\/\\\/katoenendraagtassen.nl\\\/en\\\/\",\"name\":\"Katoenendraagtassen\",\"inLanguage\":\"en-US\",\"publisher\":{\"@id\":\"https:\\\/\\\/katoenendraagtassen.nl\\\/en\\\/#organization\"}}]}\n\t\t<\/script>\n\t\t<!-- All in One SEO Pro -->\r\n\t\t<title>KI0242 - Beach bag<\/title>\n\n","aioseo_head_json":{"title":"KI0242 - Beach bag","description":"Conscious collection: natural materials and environmentally friendly. Elegant and refined, perfect for the beach or shopping. Inner zipped pocket for storing important personal belongings.","canonical_url":"https:\/\/katoenendraagtassen.nl\/en\/wp-json\/wp\/v2\/product\/5898","robots":"max-image-preview:large","keywords":"","webmasterTools":{"google-site-verification":"UCXCM47iuIQOXxYT_rmg4k_pSRa_vVC6yBpzgVDnaZM","miscellaneous":""},"schema":{"@context":"https:\/\/schema.org","@graph":[{"@type":"BreadcrumbList","@id":"https:\/\/katoenendraagtassen.nl\/en\/product\/5898\/ki0242-beach-bag\/#breadcrumblist","itemListElement":[{"@type":"ListItem","@id":"https:\/\/katoenendraagtassen.nl\/en\/#listItem","position":1,"name":"Home","item":"https:\/\/katoenendraagtassen.nl\/en\/","nextItem":{"@type":"ListItem","@id":"https:\/\/katoenendraagtassen.nl\/shop\/#listItem","name":"Shop"}},{"@type":"ListItem","@id":"https:\/\/katoenendraagtassen.nl\/shop\/#listItem","position":2,"name":"Shop","item":"https:\/\/katoenendraagtassen.nl\/shop\/","nextItem":{"@type":"ListItem","@id":"https:\/\/katoenendraagtassen.nl\/en\/product-supplier\/a404\/#listItem","name":"A404"},"previousItem":{"@type":"ListItem","@id":"https:\/\/katoenendraagtassen.nl\/en\/#listItem","name":"Home"}},{"@type":"ListItem","@id":"https:\/\/katoenendraagtassen.nl\/en\/product-supplier\/a404\/#listItem","position":3,"name":"A404","item":"https:\/\/katoenendraagtassen.nl\/en\/product-supplier\/a404\/","nextItem":{"@type":"ListItem","@id":"https:\/\/katoenendraagtassen.nl\/en\/product\/5898\/ki0242-beach-bag\/#listItem","name":"KI0242 &#8211; Strandtas"},"previousItem":{"@type":"ListItem","@id":"https:\/\/katoenendraagtassen.nl\/shop\/#listItem","name":"Shop"}},{"@type":"ListItem","@id":"https:\/\/katoenendraagtassen.nl\/en\/product\/5898\/ki0242-beach-bag\/#listItem","position":4,"name":"KI0242 &#8211; Strandtas","previousItem":{"@type":"ListItem","@id":"https:\/\/katoenendraagtassen.nl\/en\/product-supplier\/a404\/#listItem","name":"A404"}}]},{"@type":"ItemPage","@id":"https:\/\/katoenendraagtassen.nl\/en\/product\/5898\/ki0242-beach-bag\/#itempage","url":"https:\/\/katoenendraagtassen.nl\/en\/product\/5898\/ki0242-beach-bag\/","name":"KI0242 - Beach bag","description":"Conscious collection: natural materials and environmentally friendly. Elegant and refined, perfect for the beach or shopping. Inner zipped pocket for storing important personal belongings.","inLanguage":"en-US","isPartOf":{"@id":"https:\/\/katoenendraagtassen.nl\/en\/#website"},"breadcrumb":{"@id":"https:\/\/katoenendraagtassen.nl\/en\/product\/5898\/ki0242-beach-bag\/#breadcrumblist"},"image":{"@type":"ImageObject","url":"https:\/\/shop.hidalgo.nl\/wp-content\/uploads\/2026\/04\/KI0242-P_2017.jpg","@id":"https:\/\/katoenendraagtassen.nl\/en\/product\/5898\/ki0242-beach-bag\/#mainImage"},"primaryImageOfPage":{"@id":"https:\/\/katoenendraagtassen.nl\/en\/product\/5898\/ki0242-beach-bag\/#mainImage"},"datePublished":"2026-05-11T13:52:28+02:00","dateModified":"2026-05-11T13:58:59+02:00"},{"@type":"Organization","@id":"https:\/\/katoenendraagtassen.nl\/en\/#organization","name":"Katoenendraagtassen","url":"https:\/\/katoenendraagtassen.nl\/en\/","logo":{"@type":"ImageObject","url":"https:\/\/shop.hidalgo.nl\/wp-content\/uploads\/2026\/02\/cropped-draagtassen-logo.png","@id":"https:\/\/katoenendraagtassen.nl\/en\/product\/5898\/ki0242-beach-bag\/#organizationLogo","width":419,"height":259},"image":{"@id":"https:\/\/katoenendraagtassen.nl\/en\/product\/5898\/ki0242-beach-bag\/#organizationLogo"}},{"@type":"WebPage","@id":"https:\/\/katoenendraagtassen.nl\/en\/product\/5898\/ki0242-beach-bag\/#webpage","url":"https:\/\/katoenendraagtassen.nl\/en\/product\/5898\/ki0242-beach-bag\/","name":"KI0242 - Beach bag","description":"Conscious collection: natural materials and environmentally friendly. Elegant and refined, perfect for the beach or shopping. Inner zipped pocket for storing important personal belongings.","inLanguage":"en-US","isPartOf":{"@id":"https:\/\/katoenendraagtassen.nl\/en\/#website"},"breadcrumb":{"@id":"https:\/\/katoenendraagtassen.nl\/en\/product\/5898\/ki0242-beach-bag\/#breadcrumblist"},"image":{"@type":"ImageObject","url":"https:\/\/shop.hidalgo.nl\/wp-content\/uploads\/2026\/04\/KI0242-P_2017.jpg","@id":"https:\/\/katoenendraagtassen.nl\/en\/product\/5898\/ki0242-beach-bag\/#mainImage"},"primaryImageOfPage":{"@id":"https:\/\/katoenendraagtassen.nl\/en\/product\/5898\/ki0242-beach-bag\/#mainImage"},"datePublished":"2026-05-11T13:52:28+02:00","dateModified":"2026-05-11T13:58:59+02:00"},{"@type":"WebSite","@id":"https:\/\/katoenendraagtassen.nl\/en\/#website","url":"https:\/\/katoenendraagtassen.nl\/en\/","name":"Katoenendraagtassen","inLanguage":"en-US","publisher":{"@id":"https:\/\/katoenendraagtassen.nl\/en\/#organization"}}]},"og:locale":"en_US","og:site_name":"Katoenendraagtassen -","og:type":"article","og:title":"KI0242 - Beach bag","og:description":"Conscious collection: natural materials and environmentally friendly. Elegant and refined, perfect for the beach or shopping. Inner zipped pocket for storing important personal belongings.","og:url":"https:\/\/katoenendraagtassen.nl\/en\/wp-json\/wp\/v2\/product\/5898","og:image":"https:\/\/shop.hidalgo.nl\/wp-content\/uploads\/2026\/02\/cropped-draagtassen-logo.png","og:image:secure_url":"https:\/\/shop.hidalgo.nl\/wp-content\/uploads\/2026\/02\/cropped-draagtassen-logo.png","article:published_time":"2026-05-11T11:52:28+00:00","article:modified_time":"2026-05-11T11:58:59+00:00","twitter:card":"summary_large_image","twitter:title":"KI0242 - Beach bag","twitter:description":"Conscious collection: natural materials and environmentally friendly. Elegant and refined, perfect for the beach or shopping. Inner zipped pocket for storing important personal belongings.","twitter:image":"https:\/\/shop.hidalgo.nl\/wp-content\/uploads\/2026\/02\/cropped-draagtassen-logo.png"},"aioseo_meta_data":{"post_id":"5898","title":null,"description":null,"keywords":[],"keyphrases":{"focus":{"keyphrase":"","score":0,"analysis":{"keyphraseInTitle":{"score":0,"maxScore":9,"error":1}}},"additional":[]},"canonical_url":null,"og_title":"","og_description":"","og_object_type":"default","og_image_type":"default","og_image_custom_url":null,"og_image_custom_fields":null,"og_custom_image_width":null,"og_custom_image_height":null,"og_video":"","og_custom_url":null,"og_article_section":"","og_article_tags":[],"twitter_use_og":false,"twitter_card":"default","twitter_image_type":"default","twitter_image_custom_url":null,"twitter_image_custom_fields":null,"twitter_title":"","twitter_description":"","schema_type":null,"schema_type_options":null,"pillar_content":false,"robots_default":true,"robots_noindex":false,"robots_noarchive":false,"robots_nosnippet":false,"robots_nofollow":false,"robots_noimageindex":false,"robots_noodp":false,"robots_notranslate":false,"robots_max_snippet":"-1","robots_max_videopreview":"-1","robots_max_imagepreview":"none","tabs":null,"priority":null,"frequency":"default","local_seo":null,"created":"2026-05-11 11:53:53","updated":"2026-05-13 19:09:34","primary_term":null,"og_image_url":null,"og_image_width":null,"og_image_height":null,"twitter_image_url":null,"schema":{"blockGraphs":[],"customGraphs":[],"default":{"data":{"Article":[],"Course":[],"Dataset":[],"FAQPage":[],"Movie":[],"Person":[],"Product":[],"ProductReview":[],"Car":[],"Recipe":[],"Service":[],"SoftwareApplication":[],"WebPage":[]},"graphName":"ItemPage","isEnabled":true},"graphs":[]},"limit_modified_date":false,"ai":null,"breadcrumb_settings":null,"seo_analyzer_scan_date":"2026-05-13 09:28:37"},"aioseo_breadcrumb":"<div class=\"aioseo-breadcrumbs\"><span class=\"aioseo-breadcrumb\">\n\t<a href=\"https:\/\/katoenendraagtassen.nl\/en\/\" title=\"Home\">Home<\/a>\n<\/span><span class=\"aioseo-breadcrumb-separator\">\u00bb<\/span><span class=\"aioseo-breadcrumb\">\n\t<a href=\"https:\/\/katoenendraagtassen.nl\/shop\/\" title=\"Shop\">Shop<\/a>\n<\/span><span class=\"aioseo-breadcrumb-separator\">\u00bb<\/span><span class=\"aioseo-breadcrumb\">\n\t<a href=\"https:\/\/katoenendraagtassen.nl\/en\/product-supplier\/a404\/\" title=\"A404\">A404<\/a>\n<\/span><span class=\"aioseo-breadcrumb-separator\">\u00bb<\/span><span class=\"aioseo-breadcrumb\">\n\tKI0242 \u2013 Strandtas\n<\/span><\/div>","aioseo_breadcrumb_json":[{"label":"Home","link":"https:\/\/katoenendraagtassen.nl\/en\/"},{"label":"Shop","link":"https:\/\/katoenendraagtassen.nl\/shop\/"},{"label":"A404","link":"https:\/\/katoenendraagtassen.nl\/en\/product-supplier\/a404\/"},{"label":"KI0242 &#8211; Strandtas","link":"https:\/\/katoenendraagtassen.nl\/en\/product\/5898\/ki0242-beach-bag\/"}],"_links":{"self":[{"href":"https:\/\/katoenendraagtassen.nl\/en\/wp-json\/wp\/v2\/product\/5898","targetHints":{"allow":["GET"]}}],"collection":[{"href":"https:\/\/katoenendraagtassen.nl\/en\/wp-json\/wp\/v2\/product"}],"about":[{"href":"https:\/\/katoenendraagtassen.nl\/en\/wp-json\/wp\/v2\/types\/product"}],"wp:featuredmedia":[{"embeddable":true,"href":"https:\/\/katoenendraagtassen.nl\/en\/wp-json\/wp\/v2\/media\/5899"}],"wp:attachment":[{"href":"https:\/\/katoenendraagtassen.nl\/en\/wp-json\/wp\/v2\/media?parent=5898"}],"wp:term":[{"taxonomy":"product_brand","embeddable":true,"href":"https:\/\/katoenendraagtassen.nl\/en\/wp-json\/wp\/v2\/product_brand?post=5898"},{"taxonomy":"product_cat","embeddable":true,"href":"https:\/\/katoenendraagtassen.nl\/en\/wp-json\/wp\/v2\/product_cat?post=5898"},{"taxonomy":"product_tag","embeddable":true,"href":"https:\/\/katoenendraagtassen.nl\/en\/wp-json\/wp\/v2\/product_tag?post=5898"}],"curies":[{"name":"wp","href":"https:\/\/api.w.org\/{rel}","templated":true}]}}