{"id":5861,"date":"2026-05-11T13:52:28","date_gmt":"2026-05-11T11:52:28","guid":{"rendered":"https:\/\/katoenendraagtassen.nl\/product\/ki0376-koeltas-met-rolsluiting\/"},"modified":"2026-05-11T13:59:55","modified_gmt":"2026-05-11T11:59:55","slug":"ki0376-koeltas-met-rolsluiting","status":"publish","type":"product","link":"https:\/\/katoenendraagtassen.nl\/en\/product\/5861\/ki0376-cooler-bag-with-rolltop-fastening\/","title":{"rendered":"KI0376 &#8211; Koeltas met rolsluiting"},"content":{"rendered":"<p>100% katoen. Katoenen tas met oprolsluiting die hem een rechte en eenvoudig personaliseerbare vorm geeft. Verschillende afmetingen om in alle noden te voorzien.<\/p>\n","protected":false},"excerpt":{"rendered":"<p>100% katoen. Katoenen tas met oprolsluiting die hem een rechte en eenvoudig personaliseerbare vorm geeft. Verschillende afmetingen om in alle noden te voorzien.<\/p>\n","protected":false},"featured_media":5862,"template":"","meta":{"_acf_changed":false,"_monsterinsights_skip_tracking":false,"_monsterinsights_sitenote_active":false,"_monsterinsights_sitenote_note":"","_monsterinsights_sitenote_category":0},"product_brand":[275],"product_cat":[216,41],"product_tag":[],"class_list":{"0":"post-5861","1":"product","2":"type-product","3":"status-publish","4":"has-post-thumbnail","6":"product_supplier-a404","7":"product_brand-kimood","8":"product_cat-koeltassen","9":"product_cat-reis-onderweg","10":"entry","12":"first","13":"outofstock","14":"taxable","15":"shipping-taxable","16":"purchasable","17":"product-type-variable"},"acf":{"pim_product_english_title":"KI0376 - Cooler bag with rolltop fastening","pim_product_german_title":"KI0376 - K\u00fchltasche mit aufrollbarem Rei\u00dfverschluss","pim_product_dutch_title":"KI0376 - Koeltas met rolsluiting","pim_product_dutch_content":"<p>100% katoen. Katoenen tas met oprolsluiting die hem een rechte en eenvoudig personaliseerbare vorm geeft. Verschillende afmetingen om in alle noden te voorzien.<\/p>\n","pim_product_german_content":"<p>100\u00a0% Baumwolle. Baumwoll-Rucksack mit Roll\u00f6ffnung f\u00fcr eine gerade, einfach veredelbare Form. Unterschiedliche Gr\u00f6\u00dfen f\u00fcr verschiedene Anforderungen.<\/p>\n","pim_product_english_content":"<p>100% cotton. Cotton bag with roll-top closure and hook-and-loop fastener for a straight silhouette and easy decoration access. Different sizes to meet all needs.<\/p>\n","english_short_description":"Cooler bag with original and fashionable design.\r\nCompact and practical thanks to the tear release roll-up fastening.\r\nStraight shape, ideal for decoration access.","german_short_description":"Originelle, trendige K\u00fchltasche.\r\nKompakt und praktisch dank Rollverschluss mit Klettband.\r\nGerade Form, optimal geeignet zur Veredelung.","dutch_short_description":"Originele en trendy koeltas.\r\nCompact en handig dankzij de oprolbare klittenbandsluiting.\r\nRecht model, ideaal voor personalisatie.","select_toptex_printing_options":"clothes","promidata_product_hash":"","promidata_product_uri":"","promidata_product_minimum_qty":"","imprint_cost":false,"margin_influ_quantity_10":"","margin_influ_quantity_25":"","margin_influ_quantity_50":"","margin_influ_quantity_100":"","margin_influ_quantity_250":"","margin_influ_quantity_500":"","margin_influ_quantity_1000":"","pim_product_english_faq_content":"","pim_product_german_faq_content":"","pim_product_dutch_faq_content":"","english_keywords":"","german_keywords":"","dutch_keywords":"","green_tab_text_eng":"","green_tab_text_german":"","green_tab_text_dutch":"","default_keywords_nl":""},"aioseo_notices":[],"aioseo_head":"\n\t\t<!-- All in One SEO Pro 4.9.6.2 - aioseo.com -->\n\t<meta name=\"description\" content=\"Cooler bag with original and fashionable design. Compact and practical thanks to the tear release roll-up fastening. Straight shape, ideal for decoration access.\" \/>\n\t<meta name=\"robots\" content=\"max-image-preview:large\" \/>\n\t<meta name=\"google-site-verification\" content=\"UCXCM47iuIQOXxYT_rmg4k_pSRa_vVC6yBpzgVDnaZM\" \/>\n\t<link rel=\"canonical\" href=\"https:\/\/katoenendraagtassen.nl\/en\/wp-json\/wp\/v2\/product\/5861\" \/>\n\t<meta name=\"generator\" content=\"All in One SEO Pro (AIOSEO) 4.9.6.2\" \/>\n\t\t<meta property=\"og:locale\" content=\"en_US\" \/>\n\t\t<meta property=\"og:site_name\" content=\"Katoenendraagtassen -\" \/>\n\t\t<meta property=\"og:type\" content=\"article\" \/>\n\t\t<meta property=\"og:title\" content=\"KI0376 - Cooler bag with rolltop fastening\" \/>\n\t\t<meta property=\"og:description\" content=\"Cooler bag with original and fashionable design. Compact and practical thanks to the tear release roll-up fastening. Straight shape, ideal for decoration access.\" \/>\n\t\t<meta property=\"og:url\" content=\"https:\/\/katoenendraagtassen.nl\/en\/wp-json\/wp\/v2\/product\/5861\" \/>\n\t\t<meta property=\"og:image\" content=\"https:\/\/shop.hidalgo.nl\/wp-content\/uploads\/2026\/02\/cropped-draagtassen-logo.png\" \/>\n\t\t<meta property=\"og:image:secure_url\" content=\"https:\/\/shop.hidalgo.nl\/wp-content\/uploads\/2026\/02\/cropped-draagtassen-logo.png\" \/>\n\t\t<meta property=\"article:published_time\" content=\"2026-05-11T11:52:28+00:00\" \/>\n\t\t<meta property=\"article:modified_time\" content=\"2026-05-11T11:59:55+00:00\" \/>\n\t\t<meta name=\"twitter:card\" content=\"summary_large_image\" \/>\n\t\t<meta name=\"twitter:title\" content=\"KI0376 - Cooler bag with rolltop fastening\" \/>\n\t\t<meta name=\"twitter:description\" content=\"Cooler bag with original and fashionable design. Compact and practical thanks to the tear release roll-up fastening. Straight shape, ideal for decoration access.\" \/>\n\t\t<meta name=\"twitter:image\" content=\"https:\/\/shop.hidalgo.nl\/wp-content\/uploads\/2026\/02\/cropped-draagtassen-logo.png\" \/>\n\t\t<script type=\"application\/ld+json\" class=\"aioseo-schema\">\n\t\t\t{\"@context\":\"https:\\\/\\\/schema.org\",\"@graph\":[{\"@type\":\"BreadcrumbList\",\"@id\":\"https:\\\/\\\/katoenendraagtassen.nl\\\/en\\\/product\\\/5861\\\/ki0376-cooler-bag-with-rolltop-fastening\\\/#breadcrumblist\",\"itemListElement\":[{\"@type\":\"ListItem\",\"@id\":\"https:\\\/\\\/katoenendraagtassen.nl\\\/en\\\/#listItem\",\"position\":1,\"name\":\"Home\",\"item\":\"https:\\\/\\\/katoenendraagtassen.nl\\\/en\\\/\",\"nextItem\":{\"@type\":\"ListItem\",\"@id\":\"https:\\\/\\\/katoenendraagtassen.nl\\\/shop\\\/#listItem\",\"name\":\"Shop\"}},{\"@type\":\"ListItem\",\"@id\":\"https:\\\/\\\/katoenendraagtassen.nl\\\/shop\\\/#listItem\",\"position\":2,\"name\":\"Shop\",\"item\":\"https:\\\/\\\/katoenendraagtassen.nl\\\/shop\\\/\",\"nextItem\":{\"@type\":\"ListItem\",\"@id\":\"https:\\\/\\\/katoenendraagtassen.nl\\\/en\\\/product-supplier\\\/a404\\\/#listItem\",\"name\":\"A404\"},\"previousItem\":{\"@type\":\"ListItem\",\"@id\":\"https:\\\/\\\/katoenendraagtassen.nl\\\/en\\\/#listItem\",\"name\":\"Home\"}},{\"@type\":\"ListItem\",\"@id\":\"https:\\\/\\\/katoenendraagtassen.nl\\\/en\\\/product-supplier\\\/a404\\\/#listItem\",\"position\":3,\"name\":\"A404\",\"item\":\"https:\\\/\\\/katoenendraagtassen.nl\\\/en\\\/product-supplier\\\/a404\\\/\",\"nextItem\":{\"@type\":\"ListItem\",\"@id\":\"https:\\\/\\\/katoenendraagtassen.nl\\\/en\\\/product\\\/5861\\\/ki0376-cooler-bag-with-rolltop-fastening\\\/#listItem\",\"name\":\"KI0376 &#8211; Koeltas met rolsluiting\"},\"previousItem\":{\"@type\":\"ListItem\",\"@id\":\"https:\\\/\\\/katoenendraagtassen.nl\\\/shop\\\/#listItem\",\"name\":\"Shop\"}},{\"@type\":\"ListItem\",\"@id\":\"https:\\\/\\\/katoenendraagtassen.nl\\\/en\\\/product\\\/5861\\\/ki0376-cooler-bag-with-rolltop-fastening\\\/#listItem\",\"position\":4,\"name\":\"KI0376 &#8211; Koeltas met rolsluiting\",\"previousItem\":{\"@type\":\"ListItem\",\"@id\":\"https:\\\/\\\/katoenendraagtassen.nl\\\/en\\\/product-supplier\\\/a404\\\/#listItem\",\"name\":\"A404\"}}]},{\"@type\":\"Organization\",\"@id\":\"https:\\\/\\\/katoenendraagtassen.nl\\\/en\\\/#organization\",\"name\":\"Katoenendraagtassen\",\"url\":\"https:\\\/\\\/katoenendraagtassen.nl\\\/en\\\/\",\"logo\":{\"@type\":\"ImageObject\",\"url\":\"https:\\\/\\\/shop.hidalgo.nl\\\/wp-content\\\/uploads\\\/2026\\\/02\\\/cropped-draagtassen-logo.png\",\"@id\":\"https:\\\/\\\/katoenendraagtassen.nl\\\/en\\\/product\\\/5861\\\/ki0376-cooler-bag-with-rolltop-fastening\\\/#organizationLogo\",\"width\":419,\"height\":259},\"image\":{\"@id\":\"https:\\\/\\\/katoenendraagtassen.nl\\\/en\\\/product\\\/5861\\\/ki0376-cooler-bag-with-rolltop-fastening\\\/#organizationLogo\"}},{\"@type\":\"WebPage\",\"@id\":\"https:\\\/\\\/katoenendraagtassen.nl\\\/en\\\/product\\\/5861\\\/ki0376-cooler-bag-with-rolltop-fastening\\\/#webpage\",\"url\":\"https:\\\/\\\/katoenendraagtassen.nl\\\/en\\\/product\\\/5861\\\/ki0376-cooler-bag-with-rolltop-fastening\\\/\",\"name\":\"KI0376 - Cooler bag with rolltop fastening\",\"description\":\"Cooler bag with original and fashionable design. Compact and practical thanks to the tear release roll-up fastening. Straight shape, ideal for decoration access.\",\"inLanguage\":\"en-US\",\"isPartOf\":{\"@id\":\"https:\\\/\\\/katoenendraagtassen.nl\\\/en\\\/#website\"},\"breadcrumb\":{\"@id\":\"https:\\\/\\\/katoenendraagtassen.nl\\\/en\\\/product\\\/5861\\\/ki0376-cooler-bag-with-rolltop-fastening\\\/#breadcrumblist\"},\"image\":{\"@type\":\"ImageObject\",\"url\":\"https:\\\/\\\/shop.hidalgo.nl\\\/wp-content\\\/uploads\\\/2026\\\/04\\\/KI0376_2022.jpg\",\"@id\":\"https:\\\/\\\/katoenendraagtassen.nl\\\/en\\\/product\\\/5861\\\/ki0376-cooler-bag-with-rolltop-fastening\\\/#mainImage\"},\"primaryImageOfPage\":{\"@id\":\"https:\\\/\\\/katoenendraagtassen.nl\\\/en\\\/product\\\/5861\\\/ki0376-cooler-bag-with-rolltop-fastening\\\/#mainImage\"},\"datePublished\":\"2026-05-11T13:52:28+02:00\",\"dateModified\":\"2026-05-11T13:59:55+02:00\"},{\"@type\":\"WebSite\",\"@id\":\"https:\\\/\\\/katoenendraagtassen.nl\\\/en\\\/#website\",\"url\":\"https:\\\/\\\/katoenendraagtassen.nl\\\/en\\\/\",\"name\":\"Katoenendraagtassen\",\"inLanguage\":\"en-US\",\"publisher\":{\"@id\":\"https:\\\/\\\/katoenendraagtassen.nl\\\/en\\\/#organization\"}}]}\n\t\t<\/script>\n\t\t<!-- All in One SEO Pro -->\r\n\t\t<title>KI0376 - Cooler bag with rolltop fastening<\/title>\n\n","aioseo_head_json":{"title":"KI0376 - Cooler bag with rolltop fastening","description":"Cooler bag with original and fashionable design. Compact and practical thanks to the tear release roll-up fastening. Straight shape, ideal for decoration access.","canonical_url":"https:\/\/katoenendraagtassen.nl\/en\/wp-json\/wp\/v2\/product\/5861","robots":"max-image-preview:large","keywords":"","webmasterTools":{"google-site-verification":"UCXCM47iuIQOXxYT_rmg4k_pSRa_vVC6yBpzgVDnaZM","miscellaneous":""},"schema":{"@context":"https:\/\/schema.org","@graph":[{"@type":"BreadcrumbList","@id":"https:\/\/katoenendraagtassen.nl\/en\/product\/5861\/ki0376-cooler-bag-with-rolltop-fastening\/#breadcrumblist","itemListElement":[{"@type":"ListItem","@id":"https:\/\/katoenendraagtassen.nl\/en\/#listItem","position":1,"name":"Home","item":"https:\/\/katoenendraagtassen.nl\/en\/","nextItem":{"@type":"ListItem","@id":"https:\/\/katoenendraagtassen.nl\/shop\/#listItem","name":"Shop"}},{"@type":"ListItem","@id":"https:\/\/katoenendraagtassen.nl\/shop\/#listItem","position":2,"name":"Shop","item":"https:\/\/katoenendraagtassen.nl\/shop\/","nextItem":{"@type":"ListItem","@id":"https:\/\/katoenendraagtassen.nl\/en\/product-supplier\/a404\/#listItem","name":"A404"},"previousItem":{"@type":"ListItem","@id":"https:\/\/katoenendraagtassen.nl\/en\/#listItem","name":"Home"}},{"@type":"ListItem","@id":"https:\/\/katoenendraagtassen.nl\/en\/product-supplier\/a404\/#listItem","position":3,"name":"A404","item":"https:\/\/katoenendraagtassen.nl\/en\/product-supplier\/a404\/","nextItem":{"@type":"ListItem","@id":"https:\/\/katoenendraagtassen.nl\/en\/product\/5861\/ki0376-cooler-bag-with-rolltop-fastening\/#listItem","name":"KI0376 &#8211; Koeltas met rolsluiting"},"previousItem":{"@type":"ListItem","@id":"https:\/\/katoenendraagtassen.nl\/shop\/#listItem","name":"Shop"}},{"@type":"ListItem","@id":"https:\/\/katoenendraagtassen.nl\/en\/product\/5861\/ki0376-cooler-bag-with-rolltop-fastening\/#listItem","position":4,"name":"KI0376 &#8211; Koeltas met rolsluiting","previousItem":{"@type":"ListItem","@id":"https:\/\/katoenendraagtassen.nl\/en\/product-supplier\/a404\/#listItem","name":"A404"}}]},{"@type":"Organization","@id":"https:\/\/katoenendraagtassen.nl\/en\/#organization","name":"Katoenendraagtassen","url":"https:\/\/katoenendraagtassen.nl\/en\/","logo":{"@type":"ImageObject","url":"https:\/\/shop.hidalgo.nl\/wp-content\/uploads\/2026\/02\/cropped-draagtassen-logo.png","@id":"https:\/\/katoenendraagtassen.nl\/en\/product\/5861\/ki0376-cooler-bag-with-rolltop-fastening\/#organizationLogo","width":419,"height":259},"image":{"@id":"https:\/\/katoenendraagtassen.nl\/en\/product\/5861\/ki0376-cooler-bag-with-rolltop-fastening\/#organizationLogo"}},{"@type":"WebPage","@id":"https:\/\/katoenendraagtassen.nl\/en\/product\/5861\/ki0376-cooler-bag-with-rolltop-fastening\/#webpage","url":"https:\/\/katoenendraagtassen.nl\/en\/product\/5861\/ki0376-cooler-bag-with-rolltop-fastening\/","name":"KI0376 - Cooler bag with rolltop fastening","description":"Cooler bag with original and fashionable design. Compact and practical thanks to the tear release roll-up fastening. Straight shape, ideal for decoration access.","inLanguage":"en-US","isPartOf":{"@id":"https:\/\/katoenendraagtassen.nl\/en\/#website"},"breadcrumb":{"@id":"https:\/\/katoenendraagtassen.nl\/en\/product\/5861\/ki0376-cooler-bag-with-rolltop-fastening\/#breadcrumblist"},"image":{"@type":"ImageObject","url":"https:\/\/shop.hidalgo.nl\/wp-content\/uploads\/2026\/04\/KI0376_2022.jpg","@id":"https:\/\/katoenendraagtassen.nl\/en\/product\/5861\/ki0376-cooler-bag-with-rolltop-fastening\/#mainImage"},"primaryImageOfPage":{"@id":"https:\/\/katoenendraagtassen.nl\/en\/product\/5861\/ki0376-cooler-bag-with-rolltop-fastening\/#mainImage"},"datePublished":"2026-05-11T13:52:28+02:00","dateModified":"2026-05-11T13:59:55+02:00"},{"@type":"WebSite","@id":"https:\/\/katoenendraagtassen.nl\/en\/#website","url":"https:\/\/katoenendraagtassen.nl\/en\/","name":"Katoenendraagtassen","inLanguage":"en-US","publisher":{"@id":"https:\/\/katoenendraagtassen.nl\/en\/#organization"}}]},"og:locale":"en_US","og:site_name":"Katoenendraagtassen -","og:type":"article","og:title":"KI0376 - Cooler bag with rolltop fastening","og:description":"Cooler bag with original and fashionable design. Compact and practical thanks to the tear release roll-up fastening. Straight shape, ideal for decoration access.","og:url":"https:\/\/katoenendraagtassen.nl\/en\/wp-json\/wp\/v2\/product\/5861","og:image":"https:\/\/shop.hidalgo.nl\/wp-content\/uploads\/2026\/02\/cropped-draagtassen-logo.png","og:image:secure_url":"https:\/\/shop.hidalgo.nl\/wp-content\/uploads\/2026\/02\/cropped-draagtassen-logo.png","article:published_time":"2026-05-11T11:52:28+00:00","article:modified_time":"2026-05-11T11:59:55+00:00","twitter:card":"summary_large_image","twitter:title":"KI0376 - Cooler bag with rolltop fastening","twitter:description":"Cooler bag with original and fashionable design. Compact and practical thanks to the tear release roll-up fastening. Straight shape, ideal for decoration access.","twitter:image":"https:\/\/shop.hidalgo.nl\/wp-content\/uploads\/2026\/02\/cropped-draagtassen-logo.png"},"aioseo_meta_data":{"post_id":"5861","title":null,"description":null,"keywords":null,"keyphrases":{"focus":{"keyphrase":"","score":0,"analysis":{"keyphraseInTitle":{"score":0,"maxScore":9,"error":1}}},"additional":[]},"canonical_url":null,"og_title":null,"og_description":null,"og_object_type":"default","og_image_type":"default","og_image_custom_url":null,"og_image_custom_fields":null,"og_custom_image_width":null,"og_custom_image_height":null,"og_video":"","og_custom_url":null,"og_article_section":null,"og_article_tags":null,"twitter_use_og":false,"twitter_card":"default","twitter_image_type":"default","twitter_image_custom_url":null,"twitter_image_custom_fields":null,"twitter_title":null,"twitter_description":null,"schema_type":null,"schema_type_options":null,"pillar_content":false,"robots_default":true,"robots_noindex":false,"robots_noarchive":false,"robots_nosnippet":false,"robots_nofollow":false,"robots_noimageindex":false,"robots_noodp":false,"robots_notranslate":false,"robots_max_snippet":"-1","robots_max_videopreview":"-1","robots_max_imagepreview":"none","tabs":null,"priority":null,"frequency":"default","local_seo":null,"created":"2026-05-11 11:52:42","updated":"2026-05-11 11:59:56"},"aioseo_breadcrumb":"<div class=\"aioseo-breadcrumbs\"><span class=\"aioseo-breadcrumb\">\n\t<a href=\"https:\/\/katoenendraagtassen.nl\/en\/\" title=\"Home\">Home<\/a>\n<\/span><span class=\"aioseo-breadcrumb-separator\">\u00bb<\/span><span class=\"aioseo-breadcrumb\">\n\t<a href=\"https:\/\/katoenendraagtassen.nl\/shop\/\" title=\"Shop\">Shop<\/a>\n<\/span><span class=\"aioseo-breadcrumb-separator\">\u00bb<\/span><span class=\"aioseo-breadcrumb\">\n\t<a href=\"https:\/\/katoenendraagtassen.nl\/en\/product-supplier\/a404\/\" title=\"A404\">A404<\/a>\n<\/span><span class=\"aioseo-breadcrumb-separator\">\u00bb<\/span><span class=\"aioseo-breadcrumb\">\n\tKI0376 \u2013 Koeltas met rolsluiting\n<\/span><\/div>","aioseo_breadcrumb_json":[{"label":"Home","link":"https:\/\/katoenendraagtassen.nl\/en\/"},{"label":"Shop","link":"https:\/\/katoenendraagtassen.nl\/shop\/"},{"label":"A404","link":"https:\/\/katoenendraagtassen.nl\/en\/product-supplier\/a404\/"},{"label":"KI0376 &#8211; Koeltas met rolsluiting","link":"https:\/\/katoenendraagtassen.nl\/en\/product\/5861\/ki0376-cooler-bag-with-rolltop-fastening\/"}],"_links":{"self":[{"href":"https:\/\/katoenendraagtassen.nl\/en\/wp-json\/wp\/v2\/product\/5861","targetHints":{"allow":["GET"]}}],"collection":[{"href":"https:\/\/katoenendraagtassen.nl\/en\/wp-json\/wp\/v2\/product"}],"about":[{"href":"https:\/\/katoenendraagtassen.nl\/en\/wp-json\/wp\/v2\/types\/product"}],"wp:featuredmedia":[{"embeddable":true,"href":"https:\/\/katoenendraagtassen.nl\/en\/wp-json\/wp\/v2\/media\/5862"}],"wp:attachment":[{"href":"https:\/\/katoenendraagtassen.nl\/en\/wp-json\/wp\/v2\/media?parent=5861"}],"wp:term":[{"taxonomy":"product_brand","embeddable":true,"href":"https:\/\/katoenendraagtassen.nl\/en\/wp-json\/wp\/v2\/product_brand?post=5861"},{"taxonomy":"product_cat","embeddable":true,"href":"https:\/\/katoenendraagtassen.nl\/en\/wp-json\/wp\/v2\/product_cat?post=5861"},{"taxonomy":"product_tag","embeddable":true,"href":"https:\/\/katoenendraagtassen.nl\/en\/wp-json\/wp\/v2\/product_tag?post=5861"}],"curies":[{"name":"wp","href":"https:\/\/api.w.org\/{rel}","templated":true}]}}