{"id":5463,"date":"2026-05-11T13:48:01","date_gmt":"2026-05-11T11:48:01","guid":{"rendered":"https:\/\/katoenendraagtassen.nl\/product\/ki0235-shopper-van-jute-katoencanvas\/"},"modified":"2026-05-11T13:49:07","modified_gmt":"2026-05-11T11:49:07","slug":"ki0235-shopper-van-jute-katoencanvas","status":"publish","type":"product","link":"https:\/\/katoenendraagtassen.nl\/en\/product\/5463\/ki0235-canvas-jute-hold-all-shopper-bag\/","title":{"rendered":"KI0235 &#8211; Shopper van jute- &amp; katoencanvas"},"content":{"rendered":"<p>Grote reistas van katoen met gelamineerde bodem van natuurlijk jutecanvas. Binnenzak met rits. Plooi. Katoenen hengsels van 55\u00a0cm. Sluiting met drukknopen.<\/p>\n","protected":false},"excerpt":{"rendered":"<p>Grote reistas van katoen met gelamineerde bodem van natuurlijk jutecanvas. Binnenzak met rits. Plooi. Katoenen hengsels van 55\u00a0cm. Sluiting met drukknopen.<\/p>\n","protected":false},"featured_media":5464,"template":"","meta":{"_acf_changed":false,"_monsterinsights_skip_tracking":false,"_monsterinsights_sitenote_active":false,"_monsterinsights_sitenote_note":"","_monsterinsights_sitenote_category":0},"product_brand":[275],"product_cat":[42,46],"product_tag":[],"class_list":{"0":"post-5463","1":"product","2":"type-product","3":"status-publish","4":"has-post-thumbnail","6":"product_supplier-a404","7":"product_brand-kimood","8":"product_cat-boodschappen-retail","9":"product_cat-boodschappen-tassen","10":"entry","12":"first","13":"outofstock","14":"taxable","15":"shipping-taxable","16":"purchasable","17":"product-type-variable"},"acf":{"english_short_description":"Conscious collection: natural materials and environmentally friendly.\nInner zipped pocket for storing important personal belongings.\nEasy fastening thanks to press studs.","german_short_description":"Conscious Collection: nat\u00fcrliche, umweltfreundliche Materialien.\nInnenliegende Rei\u00dfverschlusstasche f\u00fcr wichtige Gegenst\u00e4nde.\nLeicht zu schlie\u00dfen mit Druckkn\u00f6pfen."},"aioseo_notices":[],"aioseo_head":"\n\t\t<!-- All in One SEO Pro 4.9.6.2 - aioseo.com -->\n\t<meta name=\"description\" content=\"Conscious collection: natural materials and environmentally friendly. Inner zipped pocket for storing important personal belongings. Easy fastening thanks to press studs.\" \/>\n\t<meta name=\"robots\" content=\"max-image-preview:large\" \/>\n\t<meta name=\"google-site-verification\" content=\"UCXCM47iuIQOXxYT_rmg4k_pSRa_vVC6yBpzgVDnaZM\" \/>\n\t<link rel=\"canonical\" href=\"https:\/\/katoenendraagtassen.nl\/en\/wp-json\/wp\/v2\/product\/5463\" \/>\n\t<meta name=\"generator\" content=\"All in One SEO Pro (AIOSEO) 4.9.6.2\" \/>\n\t\t<meta property=\"og:locale\" content=\"en_US\" \/>\n\t\t<meta property=\"og:site_name\" content=\"Katoenendraagtassen -\" \/>\n\t\t<meta property=\"og:type\" content=\"article\" \/>\n\t\t<meta property=\"og:title\" content=\"KI0235 - Canvas &amp; jute hold-all shopper bag\" \/>\n\t\t<meta property=\"og:description\" content=\"Conscious collection: natural materials and environmentally friendly. Inner zipped pocket for storing important personal belongings. Easy fastening thanks to press studs.\" \/>\n\t\t<meta property=\"og:url\" content=\"https:\/\/katoenendraagtassen.nl\/en\/wp-json\/wp\/v2\/product\/5463\" \/>\n\t\t<meta property=\"og:image\" content=\"https:\/\/shop.hidalgo.nl\/wp-content\/uploads\/2026\/02\/cropped-draagtassen-logo.png\" \/>\n\t\t<meta property=\"og:image:secure_url\" content=\"https:\/\/shop.hidalgo.nl\/wp-content\/uploads\/2026\/02\/cropped-draagtassen-logo.png\" \/>\n\t\t<meta property=\"article:published_time\" content=\"2026-05-11T11:48:01+00:00\" \/>\n\t\t<meta property=\"article:modified_time\" content=\"2026-05-11T11:49:07+00:00\" \/>\n\t\t<meta name=\"twitter:card\" content=\"summary_large_image\" \/>\n\t\t<meta name=\"twitter:title\" content=\"KI0235 - Canvas &amp; jute hold-all shopper bag\" \/>\n\t\t<meta name=\"twitter:description\" content=\"Conscious collection: natural materials and environmentally friendly. Inner zipped pocket for storing important personal belongings. Easy fastening thanks to press studs.\" \/>\n\t\t<meta name=\"twitter:image\" content=\"https:\/\/shop.hidalgo.nl\/wp-content\/uploads\/2026\/02\/cropped-draagtassen-logo.png\" \/>\n\t\t<script type=\"application\/ld+json\" class=\"aioseo-schema\">\n\t\t\t{\"@context\":\"https:\\\/\\\/schema.org\",\"@graph\":[{\"@type\":\"BreadcrumbList\",\"@id\":\"https:\\\/\\\/katoenendraagtassen.nl\\\/en\\\/product\\\/5463\\\/ki0235-canvas-jute-hold-all-shopper-bag\\\/#breadcrumblist\",\"itemListElement\":[{\"@type\":\"ListItem\",\"@id\":\"https:\\\/\\\/katoenendraagtassen.nl\\\/en\\\/#listItem\",\"position\":1,\"name\":\"Home\",\"item\":\"https:\\\/\\\/katoenendraagtassen.nl\\\/en\\\/\",\"nextItem\":{\"@type\":\"ListItem\",\"@id\":\"https:\\\/\\\/katoenendraagtassen.nl\\\/shop\\\/#listItem\",\"name\":\"Shop\"}},{\"@type\":\"ListItem\",\"@id\":\"https:\\\/\\\/katoenendraagtassen.nl\\\/shop\\\/#listItem\",\"position\":2,\"name\":\"Shop\",\"item\":\"https:\\\/\\\/katoenendraagtassen.nl\\\/shop\\\/\",\"nextItem\":{\"@type\":\"ListItem\",\"@id\":\"https:\\\/\\\/katoenendraagtassen.nl\\\/en\\\/product-supplier\\\/a404\\\/#listItem\",\"name\":\"A404\"},\"previousItem\":{\"@type\":\"ListItem\",\"@id\":\"https:\\\/\\\/katoenendraagtassen.nl\\\/en\\\/#listItem\",\"name\":\"Home\"}},{\"@type\":\"ListItem\",\"@id\":\"https:\\\/\\\/katoenendraagtassen.nl\\\/en\\\/product-supplier\\\/a404\\\/#listItem\",\"position\":3,\"name\":\"A404\",\"item\":\"https:\\\/\\\/katoenendraagtassen.nl\\\/en\\\/product-supplier\\\/a404\\\/\",\"nextItem\":{\"@type\":\"ListItem\",\"@id\":\"https:\\\/\\\/katoenendraagtassen.nl\\\/en\\\/product\\\/5463\\\/ki0235-canvas-jute-hold-all-shopper-bag\\\/#listItem\",\"name\":\"KI0235 &#8211; Shopper van jute- &amp; katoencanvas\"},\"previousItem\":{\"@type\":\"ListItem\",\"@id\":\"https:\\\/\\\/katoenendraagtassen.nl\\\/shop\\\/#listItem\",\"name\":\"Shop\"}},{\"@type\":\"ListItem\",\"@id\":\"https:\\\/\\\/katoenendraagtassen.nl\\\/en\\\/product\\\/5463\\\/ki0235-canvas-jute-hold-all-shopper-bag\\\/#listItem\",\"position\":4,\"name\":\"KI0235 &#8211; Shopper van jute- &amp; katoencanvas\",\"previousItem\":{\"@type\":\"ListItem\",\"@id\":\"https:\\\/\\\/katoenendraagtassen.nl\\\/en\\\/product-supplier\\\/a404\\\/#listItem\",\"name\":\"A404\"}}]},{\"@type\":\"Organization\",\"@id\":\"https:\\\/\\\/katoenendraagtassen.nl\\\/en\\\/#organization\",\"name\":\"Katoenendraagtassen\",\"url\":\"https:\\\/\\\/katoenendraagtassen.nl\\\/en\\\/\",\"logo\":{\"@type\":\"ImageObject\",\"url\":\"https:\\\/\\\/shop.hidalgo.nl\\\/wp-content\\\/uploads\\\/2026\\\/02\\\/cropped-draagtassen-logo.png\",\"@id\":\"https:\\\/\\\/katoenendraagtassen.nl\\\/en\\\/product\\\/5463\\\/ki0235-canvas-jute-hold-all-shopper-bag\\\/#organizationLogo\",\"width\":419,\"height\":259},\"image\":{\"@id\":\"https:\\\/\\\/katoenendraagtassen.nl\\\/en\\\/product\\\/5463\\\/ki0235-canvas-jute-hold-all-shopper-bag\\\/#organizationLogo\"}},{\"@type\":\"WebPage\",\"@id\":\"https:\\\/\\\/katoenendraagtassen.nl\\\/en\\\/product\\\/5463\\\/ki0235-canvas-jute-hold-all-shopper-bag\\\/#webpage\",\"url\":\"https:\\\/\\\/katoenendraagtassen.nl\\\/en\\\/product\\\/5463\\\/ki0235-canvas-jute-hold-all-shopper-bag\\\/\",\"name\":\"KI0235 - Canvas & jute hold-all shopper bag\",\"description\":\"Conscious collection: natural materials and environmentally friendly. Inner zipped pocket for storing important personal belongings. Easy fastening thanks to press studs.\",\"inLanguage\":\"en-US\",\"isPartOf\":{\"@id\":\"https:\\\/\\\/katoenendraagtassen.nl\\\/en\\\/#website\"},\"breadcrumb\":{\"@id\":\"https:\\\/\\\/katoenendraagtassen.nl\\\/en\\\/product\\\/5463\\\/ki0235-canvas-jute-hold-all-shopper-bag\\\/#breadcrumblist\"},\"image\":{\"@type\":\"ImageObject\",\"url\":\"https:\\\/\\\/shop.hidalgo.nl\\\/wp-content\\\/uploads\\\/2026\\\/04\\\/KI0235_2021.jpg\",\"@id\":\"https:\\\/\\\/katoenendraagtassen.nl\\\/en\\\/product\\\/5463\\\/ki0235-canvas-jute-hold-all-shopper-bag\\\/#mainImage\"},\"primaryImageOfPage\":{\"@id\":\"https:\\\/\\\/katoenendraagtassen.nl\\\/en\\\/product\\\/5463\\\/ki0235-canvas-jute-hold-all-shopper-bag\\\/#mainImage\"},\"datePublished\":\"2026-05-11T13:48:01+02:00\",\"dateModified\":\"2026-05-11T13:49:07+02:00\"},{\"@type\":\"WebSite\",\"@id\":\"https:\\\/\\\/katoenendraagtassen.nl\\\/en\\\/#website\",\"url\":\"https:\\\/\\\/katoenendraagtassen.nl\\\/en\\\/\",\"name\":\"Katoenendraagtassen\",\"inLanguage\":\"en-US\",\"publisher\":{\"@id\":\"https:\\\/\\\/katoenendraagtassen.nl\\\/en\\\/#organization\"}}]}\n\t\t<\/script>\n\t\t<!-- All in One SEO Pro -->\r\n\t\t<title>KI0235 - Canvas &amp; jute hold-all shopper bag<\/title>\n\n","aioseo_head_json":{"title":"KI0235 - Canvas & jute hold-all shopper bag","description":"Conscious collection: natural materials and environmentally friendly. Inner zipped pocket for storing important personal belongings. Easy fastening thanks to press studs.","canonical_url":"https:\/\/katoenendraagtassen.nl\/en\/wp-json\/wp\/v2\/product\/5463","robots":"max-image-preview:large","keywords":"","webmasterTools":{"google-site-verification":"UCXCM47iuIQOXxYT_rmg4k_pSRa_vVC6yBpzgVDnaZM","miscellaneous":""},"schema":{"@context":"https:\/\/schema.org","@graph":[{"@type":"BreadcrumbList","@id":"https:\/\/katoenendraagtassen.nl\/en\/product\/5463\/ki0235-canvas-jute-hold-all-shopper-bag\/#breadcrumblist","itemListElement":[{"@type":"ListItem","@id":"https:\/\/katoenendraagtassen.nl\/en\/#listItem","position":1,"name":"Home","item":"https:\/\/katoenendraagtassen.nl\/en\/","nextItem":{"@type":"ListItem","@id":"https:\/\/katoenendraagtassen.nl\/shop\/#listItem","name":"Shop"}},{"@type":"ListItem","@id":"https:\/\/katoenendraagtassen.nl\/shop\/#listItem","position":2,"name":"Shop","item":"https:\/\/katoenendraagtassen.nl\/shop\/","nextItem":{"@type":"ListItem","@id":"https:\/\/katoenendraagtassen.nl\/en\/product-supplier\/a404\/#listItem","name":"A404"},"previousItem":{"@type":"ListItem","@id":"https:\/\/katoenendraagtassen.nl\/en\/#listItem","name":"Home"}},{"@type":"ListItem","@id":"https:\/\/katoenendraagtassen.nl\/en\/product-supplier\/a404\/#listItem","position":3,"name":"A404","item":"https:\/\/katoenendraagtassen.nl\/en\/product-supplier\/a404\/","nextItem":{"@type":"ListItem","@id":"https:\/\/katoenendraagtassen.nl\/en\/product\/5463\/ki0235-canvas-jute-hold-all-shopper-bag\/#listItem","name":"KI0235 &#8211; Shopper van jute- &amp; katoencanvas"},"previousItem":{"@type":"ListItem","@id":"https:\/\/katoenendraagtassen.nl\/shop\/#listItem","name":"Shop"}},{"@type":"ListItem","@id":"https:\/\/katoenendraagtassen.nl\/en\/product\/5463\/ki0235-canvas-jute-hold-all-shopper-bag\/#listItem","position":4,"name":"KI0235 &#8211; Shopper van jute- &amp; katoencanvas","previousItem":{"@type":"ListItem","@id":"https:\/\/katoenendraagtassen.nl\/en\/product-supplier\/a404\/#listItem","name":"A404"}}]},{"@type":"Organization","@id":"https:\/\/katoenendraagtassen.nl\/en\/#organization","name":"Katoenendraagtassen","url":"https:\/\/katoenendraagtassen.nl\/en\/","logo":{"@type":"ImageObject","url":"https:\/\/shop.hidalgo.nl\/wp-content\/uploads\/2026\/02\/cropped-draagtassen-logo.png","@id":"https:\/\/katoenendraagtassen.nl\/en\/product\/5463\/ki0235-canvas-jute-hold-all-shopper-bag\/#organizationLogo","width":419,"height":259},"image":{"@id":"https:\/\/katoenendraagtassen.nl\/en\/product\/5463\/ki0235-canvas-jute-hold-all-shopper-bag\/#organizationLogo"}},{"@type":"WebPage","@id":"https:\/\/katoenendraagtassen.nl\/en\/product\/5463\/ki0235-canvas-jute-hold-all-shopper-bag\/#webpage","url":"https:\/\/katoenendraagtassen.nl\/en\/product\/5463\/ki0235-canvas-jute-hold-all-shopper-bag\/","name":"KI0235 - Canvas & jute hold-all shopper bag","description":"Conscious collection: natural materials and environmentally friendly. Inner zipped pocket for storing important personal belongings. Easy fastening thanks to press studs.","inLanguage":"en-US","isPartOf":{"@id":"https:\/\/katoenendraagtassen.nl\/en\/#website"},"breadcrumb":{"@id":"https:\/\/katoenendraagtassen.nl\/en\/product\/5463\/ki0235-canvas-jute-hold-all-shopper-bag\/#breadcrumblist"},"image":{"@type":"ImageObject","url":"https:\/\/shop.hidalgo.nl\/wp-content\/uploads\/2026\/04\/KI0235_2021.jpg","@id":"https:\/\/katoenendraagtassen.nl\/en\/product\/5463\/ki0235-canvas-jute-hold-all-shopper-bag\/#mainImage"},"primaryImageOfPage":{"@id":"https:\/\/katoenendraagtassen.nl\/en\/product\/5463\/ki0235-canvas-jute-hold-all-shopper-bag\/#mainImage"},"datePublished":"2026-05-11T13:48:01+02:00","dateModified":"2026-05-11T13:49:07+02:00"},{"@type":"WebSite","@id":"https:\/\/katoenendraagtassen.nl\/en\/#website","url":"https:\/\/katoenendraagtassen.nl\/en\/","name":"Katoenendraagtassen","inLanguage":"en-US","publisher":{"@id":"https:\/\/katoenendraagtassen.nl\/en\/#organization"}}]},"og:locale":"en_US","og:site_name":"Katoenendraagtassen -","og:type":"article","og:title":"KI0235 - Canvas &amp; jute hold-all shopper bag","og:description":"Conscious collection: natural materials and environmentally friendly. Inner zipped pocket for storing important personal belongings. Easy fastening thanks to press studs.","og:url":"https:\/\/katoenendraagtassen.nl\/en\/wp-json\/wp\/v2\/product\/5463","og:image":"https:\/\/shop.hidalgo.nl\/wp-content\/uploads\/2026\/02\/cropped-draagtassen-logo.png","og:image:secure_url":"https:\/\/shop.hidalgo.nl\/wp-content\/uploads\/2026\/02\/cropped-draagtassen-logo.png","article:published_time":"2026-05-11T11:48:01+00:00","article:modified_time":"2026-05-11T11:49:07+00:00","twitter:card":"summary_large_image","twitter:title":"KI0235 - Canvas &amp; jute hold-all shopper bag","twitter:description":"Conscious collection: natural materials and environmentally friendly. Inner zipped pocket for storing important personal belongings. Easy fastening thanks to press studs.","twitter:image":"https:\/\/shop.hidalgo.nl\/wp-content\/uploads\/2026\/02\/cropped-draagtassen-logo.png"},"aioseo_meta_data":{"post_id":"5463","title":null,"description":null,"keywords":null,"keyphrases":null,"canonical_url":null,"og_title":null,"og_description":null,"og_object_type":"default","og_image_type":"default","og_image_custom_url":null,"og_image_custom_fields":null,"og_custom_image_width":null,"og_custom_image_height":null,"og_video":null,"og_custom_url":null,"og_article_section":null,"og_article_tags":null,"twitter_use_og":false,"twitter_card":"default","twitter_image_type":"default","twitter_image_custom_url":null,"twitter_image_custom_fields":null,"twitter_title":null,"twitter_description":null,"schema_type":null,"schema_type_options":null,"pillar_content":false,"robots_default":true,"robots_noindex":false,"robots_noarchive":false,"robots_nosnippet":false,"robots_nofollow":false,"robots_noimageindex":false,"robots_noodp":false,"robots_notranslate":false,"robots_max_snippet":null,"robots_max_videopreview":null,"robots_max_imagepreview":"none","tabs":null,"priority":null,"frequency":null,"local_seo":null,"created":"2026-05-11 11:48:30","updated":"2026-05-11 11:49:07"},"aioseo_breadcrumb":"<div class=\"aioseo-breadcrumbs\"><span class=\"aioseo-breadcrumb\">\n\t<a href=\"https:\/\/katoenendraagtassen.nl\/en\/\" title=\"Home\">Home<\/a>\n<\/span><span class=\"aioseo-breadcrumb-separator\">\u00bb<\/span><span class=\"aioseo-breadcrumb\">\n\t<a href=\"https:\/\/katoenendraagtassen.nl\/shop\/\" title=\"Shop\">Shop<\/a>\n<\/span><span class=\"aioseo-breadcrumb-separator\">\u00bb<\/span><span class=\"aioseo-breadcrumb\">\n\t<a href=\"https:\/\/katoenendraagtassen.nl\/en\/product-supplier\/a404\/\" title=\"A404\">A404<\/a>\n<\/span><span class=\"aioseo-breadcrumb-separator\">\u00bb<\/span><span class=\"aioseo-breadcrumb\">\n\tKI0235 \u2013 Shopper van jute- &amp; katoencanvas\n<\/span><\/div>","aioseo_breadcrumb_json":[{"label":"Home","link":"https:\/\/katoenendraagtassen.nl\/en\/"},{"label":"Shop","link":"https:\/\/katoenendraagtassen.nl\/shop\/"},{"label":"A404","link":"https:\/\/katoenendraagtassen.nl\/en\/product-supplier\/a404\/"},{"label":"KI0235 &#8211; Shopper van jute- &amp; katoencanvas","link":"https:\/\/katoenendraagtassen.nl\/en\/product\/5463\/ki0235-canvas-jute-hold-all-shopper-bag\/"}],"_links":{"self":[{"href":"https:\/\/katoenendraagtassen.nl\/en\/wp-json\/wp\/v2\/product\/5463","targetHints":{"allow":["GET"]}}],"collection":[{"href":"https:\/\/katoenendraagtassen.nl\/en\/wp-json\/wp\/v2\/product"}],"about":[{"href":"https:\/\/katoenendraagtassen.nl\/en\/wp-json\/wp\/v2\/types\/product"}],"wp:featuredmedia":[{"embeddable":true,"href":"https:\/\/katoenendraagtassen.nl\/en\/wp-json\/wp\/v2\/media\/5464"}],"wp:attachment":[{"href":"https:\/\/katoenendraagtassen.nl\/en\/wp-json\/wp\/v2\/media?parent=5463"}],"wp:term":[{"taxonomy":"product_brand","embeddable":true,"href":"https:\/\/katoenendraagtassen.nl\/en\/wp-json\/wp\/v2\/product_brand?post=5463"},{"taxonomy":"product_cat","embeddable":true,"href":"https:\/\/katoenendraagtassen.nl\/en\/wp-json\/wp\/v2\/product_cat?post=5463"},{"taxonomy":"product_tag","embeddable":true,"href":"https:\/\/katoenendraagtassen.nl\/en\/wp-json\/wp\/v2\/product_tag?post=5463"}],"curies":[{"name":"wp","href":"https:\/\/api.w.org\/{rel}","templated":true}]}}