{"id":2727,"date":"2026-02-06T11:01:55","date_gmt":"2026-02-06T11:01:55","guid":{"rendered":"https:\/\/katoenendraagtassen.shop.hidalgo.nl\/product\/gerecyclede-polycotton-330-gsm-koeltas-luz\/"},"modified":"2026-02-17T11:58:09","modified_gmt":"2026-02-17T11:58:09","slug":"gerecyclede-polycotton-330-gsm-koeltas-luz","status":"publish","type":"product","link":"https:\/\/katoenendraagtassen.nl\/en\/product\/2727\/custom-recycled-polycotton-cooler-bag-luz-insulated-23l\/","title":{"rendered":"Gerecyclede polycotton (330 gsm) koeltas Luz"},"content":{"rendered":"<p>Koeltas van gerecycled polykatoen (33gsm) met een inhoud van 23liter. Voorzien van twee draaghengsels (3,5\u00d760 cm), een verstelbare schouderriem (2,5\u00d7110 cm) met metalen gesp en bijpassend bandmateriaal. Ge\u00efsoleerd met aluminiumfolie. Voorzien van een rPET-label aan de buitenkant en een label aan de binnenzijde.<\/p>\n","protected":false},"excerpt":{"rendered":"<p>Koeltas van gerecycled polykatoen (33gsm) met een inhoud van 23liter. Voorzien van twee draaghengsels (3,5\u00d760 cm), een verstelbare schouderriem (2,5\u00d7110 cm) met metalen gesp en bijpassend bandmateriaal. Ge\u00efsoleerd met aluminiumfolie. Voorzien van een rPET-label aan de buitenkant en een label aan de binnenzijde.<\/p>\n","protected":false},"featured_media":2728,"template":"","meta":{"_acf_changed":false,"_monsterinsights_skip_tracking":false,"_monsterinsights_sitenote_active":false,"_monsterinsights_sitenote_note":"","_monsterinsights_sitenote_category":0},"product_brand":[60],"product_cat":[216,41],"product_tag":[],"class_list":{"0":"post-2727","1":"product","2":"type-product","3":"status-publish","4":"has-post-thumbnail","6":"product_supplier-a58","7":"product_material-aluminium-folie","8":"product_material-gerecycled-katoen","9":"product_material-rpet","10":"product_brand-impression","11":"product_cat-koeltassen","12":"product_cat-reis-onderweg","13":"entry","15":"first","16":"instock","17":"taxable","18":"shipping-taxable","19":"purchasable","20":"product-type-variable"},"acf":{"imprint_cost":[{"imprint_cost_key":"44d582b5f1cde69bec37e13412a068397d586200","product_quantity_price_range":[{"imprint_cost_recommended_selling_price":"1.54","imprint_cost_recommended_selling_quantity":"1"},{"imprint_cost_recommended_selling_price":"1.31","imprint_cost_recommended_selling_quantity":"25"},{"imprint_cost_recommended_selling_price":"1.11","imprint_cost_recommended_selling_quantity":"50"},{"imprint_cost_recommended_selling_price":"0.88","imprint_cost_recommended_selling_quantity":"100"},{"imprint_cost_recommended_selling_price":"0.66","imprint_cost_recommended_selling_quantity":"250"},{"imprint_cost_recommended_selling_price":"0.58","imprint_cost_recommended_selling_quantity":"500"},{"imprint_cost_recommended_selling_price":"0.57","imprint_cost_recommended_selling_quantity":"1000"},{"imprint_cost_recommended_selling_price":"0.55","imprint_cost_recommended_selling_quantity":"2500"},{"imprint_cost_recommended_selling_price":"0.52","imprint_cost_recommended_selling_quantity":"5000"}],"product_quantity_price_range_buying":false,"imprint_cost_setup_costs":"60.77","imprint_cost_handling_costs":"0.26"},{"imprint_cost_key":"4de427f9cdb32e95b1ccb666fbe0b7faff044503","product_quantity_price_range":[{"imprint_cost_recommended_selling_price":"3.02","imprint_cost_recommended_selling_quantity":"1"},{"imprint_cost_recommended_selling_price":"2.42","imprint_cost_recommended_selling_quantity":"25"},{"imprint_cost_recommended_selling_price":"1.42","imprint_cost_recommended_selling_quantity":"50"},{"imprint_cost_recommended_selling_price":"0.95","imprint_cost_recommended_selling_quantity":"100"},{"imprint_cost_recommended_selling_price":"0.8","imprint_cost_recommended_selling_quantity":"250"},{"imprint_cost_recommended_selling_price":"0.52","imprint_cost_recommended_selling_quantity":"500"},{"imprint_cost_recommended_selling_price":"0.43","imprint_cost_recommended_selling_quantity":"1000"},{"imprint_cost_recommended_selling_price":"0.4","imprint_cost_recommended_selling_quantity":"2500"},{"imprint_cost_recommended_selling_price":"0.38","imprint_cost_recommended_selling_quantity":"10000"}],"product_quantity_price_range_buying":false,"imprint_cost_setup_costs":"60.77","imprint_cost_handling_costs":"0.26"},{"imprint_cost_key":"ec1bca383d010450af91973224bb3e4db802372e","product_quantity_price_range":[{"imprint_cost_recommended_selling_price":"4.33","imprint_cost_recommended_selling_quantity":"1"},{"imprint_cost_recommended_selling_price":"3.4","imprint_cost_recommended_selling_quantity":"25"},{"imprint_cost_recommended_selling_price":"2","imprint_cost_recommended_selling_quantity":"50"},{"imprint_cost_recommended_selling_price":"1.38","imprint_cost_recommended_selling_quantity":"100"},{"imprint_cost_recommended_selling_price":"1.2","imprint_cost_recommended_selling_quantity":"250"},{"imprint_cost_recommended_selling_price":"0.87","imprint_cost_recommended_selling_quantity":"500"},{"imprint_cost_recommended_selling_price":"0.75","imprint_cost_recommended_selling_quantity":"1000"},{"imprint_cost_recommended_selling_price":"0.72","imprint_cost_recommended_selling_quantity":"2500"},{"imprint_cost_recommended_selling_price":"0.71","imprint_cost_recommended_selling_quantity":"5000"},{"imprint_cost_recommended_selling_price":"0.69","imprint_cost_recommended_selling_quantity":"10000"}],"product_quantity_price_range_buying":false,"imprint_cost_setup_costs":"121.54","imprint_cost_handling_costs":"0.26"},{"imprint_cost_key":"36abda8484a06b0ff0bd277ebfb8c1b4ddf869d3","product_quantity_price_range":[{"imprint_cost_recommended_selling_price":"1.77","imprint_cost_recommended_selling_quantity":"1"},{"imprint_cost_recommended_selling_price":"1.49","imprint_cost_recommended_selling_quantity":"25"},{"imprint_cost_recommended_selling_price":"1.4","imprint_cost_recommended_selling_quantity":"50"},{"imprint_cost_recommended_selling_price":"1.31","imprint_cost_recommended_selling_quantity":"100"},{"imprint_cost_recommended_selling_price":"1.23","imprint_cost_recommended_selling_quantity":"250"},{"imprint_cost_recommended_selling_price":"1.14","imprint_cost_recommended_selling_quantity":"500"},{"imprint_cost_recommended_selling_price":"1.06","imprint_cost_recommended_selling_quantity":"1000"},{"imprint_cost_recommended_selling_price":"0.95","imprint_cost_recommended_selling_quantity":"2500"},{"imprint_cost_recommended_selling_price":"0.89","imprint_cost_recommended_selling_quantity":"5000"},{"imprint_cost_recommended_selling_price":"0.88","imprint_cost_recommended_selling_quantity":"10000"},{"imprint_cost_recommended_selling_price":"0.86","imprint_cost_recommended_selling_quantity":"25000"}],"product_quantity_price_range_buying":false,"imprint_cost_setup_costs":"60.77","imprint_cost_handling_costs":"0.26"},{"imprint_cost_key":"02639b04a9b3a2d47c7a9c4a20bcb407e826190d","product_quantity_price_range":[{"imprint_cost_recommended_selling_price":"3.38","imprint_cost_recommended_selling_quantity":"1"},{"imprint_cost_recommended_selling_price":"2.62","imprint_cost_recommended_selling_quantity":"25"},{"imprint_cost_recommended_selling_price":"1.85","imprint_cost_recommended_selling_quantity":"50"},{"imprint_cost_recommended_selling_price":"1.4","imprint_cost_recommended_selling_quantity":"100"},{"imprint_cost_recommended_selling_price":"0.94","imprint_cost_recommended_selling_quantity":"250"},{"imprint_cost_recommended_selling_price":"0.72","imprint_cost_recommended_selling_quantity":"500"},{"imprint_cost_recommended_selling_price":"0.66","imprint_cost_recommended_selling_quantity":"1000"},{"imprint_cost_recommended_selling_price":"0.58","imprint_cost_recommended_selling_quantity":"2500"},{"imprint_cost_recommended_selling_price":"0.55","imprint_cost_recommended_selling_quantity":"5000"},{"imprint_cost_recommended_selling_price":"0.51","imprint_cost_recommended_selling_quantity":"10000"}],"product_quantity_price_range_buying":false,"imprint_cost_setup_costs":"60.77","imprint_cost_handling_costs":"0.26"},{"imprint_cost_key":"2cf1cb5876e713df5794aaa775e5f13413e0064b","product_quantity_price_range":[{"imprint_cost_recommended_selling_price":"5.7","imprint_cost_recommended_selling_quantity":"1"},{"imprint_cost_recommended_selling_price":"4.14","imprint_cost_recommended_selling_quantity":"25"},{"imprint_cost_recommended_selling_price":"2.87","imprint_cost_recommended_selling_quantity":"50"},{"imprint_cost_recommended_selling_price":"2","imprint_cost_recommended_selling_quantity":"100"},{"imprint_cost_recommended_selling_price":"1.45","imprint_cost_recommended_selling_quantity":"250"},{"imprint_cost_recommended_selling_price":"1.15","imprint_cost_recommended_selling_quantity":"500"},{"imprint_cost_recommended_selling_price":"1.06","imprint_cost_recommended_selling_quantity":"1000"},{"imprint_cost_recommended_selling_price":"0.93","imprint_cost_recommended_selling_quantity":"2500"},{"imprint_cost_recommended_selling_price":"0.89","imprint_cost_recommended_selling_quantity":"5000"},{"imprint_cost_recommended_selling_price":"0.85","imprint_cost_recommended_selling_quantity":"10000"}],"product_quantity_price_range_buying":false,"imprint_cost_setup_costs":"121.54","imprint_cost_handling_costs":"0.26"},{"imprint_cost_key":"c7490abe273b5aebd961478f50978f17720fb3fd","product_quantity_price_range":[{"imprint_cost_recommended_selling_price":"3.83","imprint_cost_recommended_selling_quantity":"1"},{"imprint_cost_recommended_selling_price":"2.08","imprint_cost_recommended_selling_quantity":"25"},{"imprint_cost_recommended_selling_price":"1.48","imprint_cost_recommended_selling_quantity":"50"},{"imprint_cost_recommended_selling_price":"0.86","imprint_cost_recommended_selling_quantity":"100"},{"imprint_cost_recommended_selling_price":"0.66","imprint_cost_recommended_selling_quantity":"250"},{"imprint_cost_recommended_selling_price":"0.57","imprint_cost_recommended_selling_quantity":"500"},{"imprint_cost_recommended_selling_price":"0.4","imprint_cost_recommended_selling_quantity":"1000"},{"imprint_cost_recommended_selling_price":"0.37","imprint_cost_recommended_selling_quantity":"2500"},{"imprint_cost_recommended_selling_price":"0.34","imprint_cost_recommended_selling_quantity":"5000"}],"product_quantity_price_range_buying":false,"imprint_cost_setup_costs":"52.31","imprint_cost_handling_costs":"0.2"}]},"aioseo_notices":[],"aioseo_head":"\n\t\t<!-- All in One SEO Pro 4.9.5.2 - aioseo.com -->\n\t<meta name=\"description\" content=\"Keep your drinks &amp; snacks perfectly chilled for any adventure with this spacious cooler, crafted from recycled polycotton. Offering 23L capacity &amp; comfortable carrying, you can easily personalize it with your brand for a unique touch.\" \/>\n\t<meta name=\"robots\" content=\"max-image-preview:large\" \/>\n\t<meta name=\"google-site-verification\" content=\"UCXCM47iuIQOXxYT_rmg4k_pSRa_vVC6yBpzgVDnaZM\" \/>\n\t<link rel=\"canonical\" href=\"https:\/\/katoenendraagtassen.nl\/en\/wp-json\/wp\/v2\/product\/2727\" \/>\n\t<meta name=\"generator\" content=\"All in One SEO Pro (AIOSEO) 4.9.5.2\" \/>\n\t\t<meta property=\"og:locale\" content=\"en_US\" \/>\n\t\t<meta property=\"og:site_name\" content=\"Katoenendraagtassen -\" \/>\n\t\t<meta property=\"og:type\" content=\"article\" \/>\n\t\t<meta property=\"og:title\" content=\"Custom Recycled Polycotton Cooler Bag Luz Insulated 23L\" \/>\n\t\t<meta property=\"og:description\" content=\"Keep your drinks &amp; snacks perfectly chilled for any adventure with this spacious cooler, crafted from recycled polycotton. Offering 23L capacity &amp; comfortable carrying, you can easily personalize it with your brand for a unique touch.\" \/>\n\t\t<meta property=\"og:url\" content=\"https:\/\/katoenendraagtassen.nl\/en\/wp-json\/wp\/v2\/product\/2727\" \/>\n\t\t<meta property=\"og:image\" content=\"https:\/\/shop.hidalgo.nl\/wp-content\/uploads\/2026\/02\/cropped-draagtassen-logo.png\" \/>\n\t\t<meta property=\"og:image:secure_url\" content=\"https:\/\/shop.hidalgo.nl\/wp-content\/uploads\/2026\/02\/cropped-draagtassen-logo.png\" \/>\n\t\t<meta property=\"article:published_time\" content=\"2026-02-06T11:01:55+00:00\" \/>\n\t\t<meta property=\"article:modified_time\" content=\"2026-02-17T11:58:09+00:00\" \/>\n\t\t<meta name=\"twitter:card\" content=\"summary_large_image\" \/>\n\t\t<meta name=\"twitter:title\" content=\"Custom Recycled Polycotton Cooler Bag Luz Insulated 23L\" \/>\n\t\t<meta name=\"twitter:description\" content=\"Keep your drinks &amp; snacks perfectly chilled for any adventure with this spacious cooler, crafted from recycled polycotton. Offering 23L capacity &amp; comfortable carrying, you can easily personalize it with your brand for a unique touch.\" \/>\n\t\t<meta name=\"twitter:image\" content=\"https:\/\/shop.hidalgo.nl\/wp-content\/uploads\/2026\/02\/cropped-draagtassen-logo.png\" \/>\n\t\t<script type=\"application\/ld+json\" class=\"aioseo-schema\">\n\t\t\t{\"@context\":\"https:\\\/\\\/schema.org\",\"@graph\":[{\"@type\":\"BreadcrumbList\",\"@id\":\"https:\\\/\\\/katoenendraagtassen.nl\\\/en\\\/product\\\/2727\\\/custom-recycled-polycotton-cooler-bag-luz-insulated-23l\\\/#breadcrumblist\",\"itemListElement\":[{\"@type\":\"ListItem\",\"@id\":\"https:\\\/\\\/katoenendraagtassen.nl\\\/en\\\/#listItem\",\"position\":1,\"name\":\"Home\",\"item\":\"https:\\\/\\\/katoenendraagtassen.nl\\\/en\\\/\",\"nextItem\":{\"@type\":\"ListItem\",\"@id\":\"https:\\\/\\\/katoenendraagtassen.nl\\\/shop\\\/#listItem\",\"name\":\"Shop\"}},{\"@type\":\"ListItem\",\"@id\":\"https:\\\/\\\/katoenendraagtassen.nl\\\/shop\\\/#listItem\",\"position\":2,\"name\":\"Shop\",\"item\":\"https:\\\/\\\/katoenendraagtassen.nl\\\/shop\\\/\",\"nextItem\":{\"@type\":\"ListItem\",\"@id\":\"https:\\\/\\\/katoenendraagtassen.nl\\\/en\\\/product-supplier\\\/a58\\\/#listItem\",\"name\":\"A58-Giving\"},\"previousItem\":{\"@type\":\"ListItem\",\"@id\":\"https:\\\/\\\/katoenendraagtassen.nl\\\/en\\\/#listItem\",\"name\":\"Home\"}},{\"@type\":\"ListItem\",\"@id\":\"https:\\\/\\\/katoenendraagtassen.nl\\\/en\\\/product-supplier\\\/a58\\\/#listItem\",\"position\":3,\"name\":\"A58-Giving\",\"item\":\"https:\\\/\\\/katoenendraagtassen.nl\\\/en\\\/product-supplier\\\/a58\\\/\",\"nextItem\":{\"@type\":\"ListItem\",\"@id\":\"https:\\\/\\\/katoenendraagtassen.nl\\\/en\\\/product\\\/2727\\\/custom-recycled-polycotton-cooler-bag-luz-insulated-23l\\\/#listItem\",\"name\":\"Gerecyclede polycotton (330 gsm) koeltas Luz\"},\"previousItem\":{\"@type\":\"ListItem\",\"@id\":\"https:\\\/\\\/katoenendraagtassen.nl\\\/shop\\\/#listItem\",\"name\":\"Shop\"}},{\"@type\":\"ListItem\",\"@id\":\"https:\\\/\\\/katoenendraagtassen.nl\\\/en\\\/product\\\/2727\\\/custom-recycled-polycotton-cooler-bag-luz-insulated-23l\\\/#listItem\",\"position\":4,\"name\":\"Gerecyclede polycotton (330 gsm) koeltas Luz\",\"previousItem\":{\"@type\":\"ListItem\",\"@id\":\"https:\\\/\\\/katoenendraagtassen.nl\\\/en\\\/product-supplier\\\/a58\\\/#listItem\",\"name\":\"A58-Giving\"}}]},{\"@type\":\"Organization\",\"@id\":\"https:\\\/\\\/katoenendraagtassen.nl\\\/en\\\/#organization\",\"name\":\"Katoenendraagtassen\",\"url\":\"https:\\\/\\\/katoenendraagtassen.nl\\\/en\\\/\",\"logo\":{\"@type\":\"ImageObject\",\"url\":\"https:\\\/\\\/shop.hidalgo.nl\\\/wp-content\\\/uploads\\\/2026\\\/02\\\/cropped-draagtassen-logo.png\",\"@id\":\"https:\\\/\\\/katoenendraagtassen.nl\\\/en\\\/product\\\/2727\\\/custom-recycled-polycotton-cooler-bag-luz-insulated-23l\\\/#organizationLogo\",\"width\":419,\"height\":259},\"image\":{\"@id\":\"https:\\\/\\\/katoenendraagtassen.nl\\\/en\\\/product\\\/2727\\\/custom-recycled-polycotton-cooler-bag-luz-insulated-23l\\\/#organizationLogo\"}},{\"@type\":\"WebPage\",\"@id\":\"https:\\\/\\\/katoenendraagtassen.nl\\\/en\\\/product\\\/2727\\\/custom-recycled-polycotton-cooler-bag-luz-insulated-23l\\\/#webpage\",\"url\":\"https:\\\/\\\/katoenendraagtassen.nl\\\/en\\\/product\\\/2727\\\/custom-recycled-polycotton-cooler-bag-luz-insulated-23l\\\/\",\"name\":\"Custom Recycled Polycotton Cooler Bag Luz Insulated 23L\",\"description\":\"Keep your drinks & snacks perfectly chilled for any adventure with this spacious cooler, crafted from recycled polycotton. Offering 23L capacity & comfortable carrying, you can easily personalize it with your brand for a unique touch.\",\"inLanguage\":\"en-US\",\"isPartOf\":{\"@id\":\"https:\\\/\\\/katoenendraagtassen.nl\\\/en\\\/#website\"},\"breadcrumb\":{\"@id\":\"https:\\\/\\\/katoenendraagtassen.nl\\\/en\\\/product\\\/2727\\\/custom-recycled-polycotton-cooler-bag-luz-insulated-23l\\\/#breadcrumblist\"},\"image\":{\"@type\":\"ImageObject\",\"url\":\"https:\\\/\\\/shop.hidalgo.nl\\\/wp-content\\\/uploads\\\/2026\\\/01\\\/64ee97b6a661bdec40a07f5be9caa17ba914f2915db2dbdbd0344ed5bdfcb521.jpg\",\"@id\":\"https:\\\/\\\/katoenendraagtassen.nl\\\/en\\\/product\\\/2727\\\/custom-recycled-polycotton-cooler-bag-luz-insulated-23l\\\/#mainImage\"},\"primaryImageOfPage\":{\"@id\":\"https:\\\/\\\/katoenendraagtassen.nl\\\/en\\\/product\\\/2727\\\/custom-recycled-polycotton-cooler-bag-luz-insulated-23l\\\/#mainImage\"},\"datePublished\":\"2026-02-06T11:01:55+01:00\",\"dateModified\":\"2026-02-17T11:58:09+01:00\"},{\"@type\":\"WebSite\",\"@id\":\"https:\\\/\\\/katoenendraagtassen.nl\\\/en\\\/#website\",\"url\":\"https:\\\/\\\/katoenendraagtassen.nl\\\/en\\\/\",\"name\":\"Katoenendraagtassen\",\"inLanguage\":\"en-US\",\"publisher\":{\"@id\":\"https:\\\/\\\/katoenendraagtassen.nl\\\/en\\\/#organization\"}}]}\n\t\t<\/script>\n\t\t<!-- All in One SEO Pro -->\r\n\t\t<title>Custom Recycled Polycotton Cooler Bag Luz Insulated 23L<\/title>\n\n","aioseo_head_json":{"title":"Custom Recycled Polycotton Cooler Bag Luz Insulated 23L","description":"Keep your drinks & snacks perfectly chilled for any adventure with this spacious cooler, crafted from recycled polycotton. Offering 23L capacity & comfortable carrying, you can easily personalize it with your brand for a unique touch.","canonical_url":"https:\/\/katoenendraagtassen.nl\/en\/wp-json\/wp\/v2\/product\/2727","robots":"max-image-preview:large","keywords":"","webmasterTools":{"google-site-verification":"UCXCM47iuIQOXxYT_rmg4k_pSRa_vVC6yBpzgVDnaZM","miscellaneous":""},"schema":{"@context":"https:\/\/schema.org","@graph":[{"@type":"BreadcrumbList","@id":"https:\/\/katoenendraagtassen.nl\/en\/product\/2727\/custom-recycled-polycotton-cooler-bag-luz-insulated-23l\/#breadcrumblist","itemListElement":[{"@type":"ListItem","@id":"https:\/\/katoenendraagtassen.nl\/en\/#listItem","position":1,"name":"Home","item":"https:\/\/katoenendraagtassen.nl\/en\/","nextItem":{"@type":"ListItem","@id":"https:\/\/katoenendraagtassen.nl\/shop\/#listItem","name":"Shop"}},{"@type":"ListItem","@id":"https:\/\/katoenendraagtassen.nl\/shop\/#listItem","position":2,"name":"Shop","item":"https:\/\/katoenendraagtassen.nl\/shop\/","nextItem":{"@type":"ListItem","@id":"https:\/\/katoenendraagtassen.nl\/en\/product-supplier\/a58\/#listItem","name":"A58-Giving"},"previousItem":{"@type":"ListItem","@id":"https:\/\/katoenendraagtassen.nl\/en\/#listItem","name":"Home"}},{"@type":"ListItem","@id":"https:\/\/katoenendraagtassen.nl\/en\/product-supplier\/a58\/#listItem","position":3,"name":"A58-Giving","item":"https:\/\/katoenendraagtassen.nl\/en\/product-supplier\/a58\/","nextItem":{"@type":"ListItem","@id":"https:\/\/katoenendraagtassen.nl\/en\/product\/2727\/custom-recycled-polycotton-cooler-bag-luz-insulated-23l\/#listItem","name":"Gerecyclede polycotton (330 gsm) koeltas Luz"},"previousItem":{"@type":"ListItem","@id":"https:\/\/katoenendraagtassen.nl\/shop\/#listItem","name":"Shop"}},{"@type":"ListItem","@id":"https:\/\/katoenendraagtassen.nl\/en\/product\/2727\/custom-recycled-polycotton-cooler-bag-luz-insulated-23l\/#listItem","position":4,"name":"Gerecyclede polycotton (330 gsm) koeltas Luz","previousItem":{"@type":"ListItem","@id":"https:\/\/katoenendraagtassen.nl\/en\/product-supplier\/a58\/#listItem","name":"A58-Giving"}}]},{"@type":"Organization","@id":"https:\/\/katoenendraagtassen.nl\/en\/#organization","name":"Katoenendraagtassen","url":"https:\/\/katoenendraagtassen.nl\/en\/","logo":{"@type":"ImageObject","url":"https:\/\/shop.hidalgo.nl\/wp-content\/uploads\/2026\/02\/cropped-draagtassen-logo.png","@id":"https:\/\/katoenendraagtassen.nl\/en\/product\/2727\/custom-recycled-polycotton-cooler-bag-luz-insulated-23l\/#organizationLogo","width":419,"height":259},"image":{"@id":"https:\/\/katoenendraagtassen.nl\/en\/product\/2727\/custom-recycled-polycotton-cooler-bag-luz-insulated-23l\/#organizationLogo"}},{"@type":"WebPage","@id":"https:\/\/katoenendraagtassen.nl\/en\/product\/2727\/custom-recycled-polycotton-cooler-bag-luz-insulated-23l\/#webpage","url":"https:\/\/katoenendraagtassen.nl\/en\/product\/2727\/custom-recycled-polycotton-cooler-bag-luz-insulated-23l\/","name":"Custom Recycled Polycotton Cooler Bag Luz Insulated 23L","description":"Keep your drinks & snacks perfectly chilled for any adventure with this spacious cooler, crafted from recycled polycotton. Offering 23L capacity & comfortable carrying, you can easily personalize it with your brand for a unique touch.","inLanguage":"en-US","isPartOf":{"@id":"https:\/\/katoenendraagtassen.nl\/en\/#website"},"breadcrumb":{"@id":"https:\/\/katoenendraagtassen.nl\/en\/product\/2727\/custom-recycled-polycotton-cooler-bag-luz-insulated-23l\/#breadcrumblist"},"image":{"@type":"ImageObject","url":"https:\/\/shop.hidalgo.nl\/wp-content\/uploads\/2026\/01\/64ee97b6a661bdec40a07f5be9caa17ba914f2915db2dbdbd0344ed5bdfcb521.jpg","@id":"https:\/\/katoenendraagtassen.nl\/en\/product\/2727\/custom-recycled-polycotton-cooler-bag-luz-insulated-23l\/#mainImage"},"primaryImageOfPage":{"@id":"https:\/\/katoenendraagtassen.nl\/en\/product\/2727\/custom-recycled-polycotton-cooler-bag-luz-insulated-23l\/#mainImage"},"datePublished":"2026-02-06T11:01:55+01:00","dateModified":"2026-02-17T11:58:09+01:00"},{"@type":"WebSite","@id":"https:\/\/katoenendraagtassen.nl\/en\/#website","url":"https:\/\/katoenendraagtassen.nl\/en\/","name":"Katoenendraagtassen","inLanguage":"en-US","publisher":{"@id":"https:\/\/katoenendraagtassen.nl\/en\/#organization"}}]},"og:locale":"en_US","og:site_name":"Katoenendraagtassen -","og:type":"article","og:title":"Custom Recycled Polycotton Cooler Bag Luz Insulated 23L","og:description":"Keep your drinks &amp; snacks perfectly chilled for any adventure with this spacious cooler, crafted from recycled polycotton. Offering 23L capacity &amp; comfortable carrying, you can easily personalize it with your brand for a unique touch.","og:url":"https:\/\/katoenendraagtassen.nl\/en\/wp-json\/wp\/v2\/product\/2727","og:image":"https:\/\/shop.hidalgo.nl\/wp-content\/uploads\/2026\/02\/cropped-draagtassen-logo.png","og:image:secure_url":"https:\/\/shop.hidalgo.nl\/wp-content\/uploads\/2026\/02\/cropped-draagtassen-logo.png","article:published_time":"2026-02-06T11:01:55+00:00","article:modified_time":"2026-02-17T11:58:09+00:00","twitter:card":"summary_large_image","twitter:title":"Custom Recycled Polycotton Cooler Bag Luz Insulated 23L","twitter:description":"Keep your drinks &amp; snacks perfectly chilled for any adventure with this spacious cooler, crafted from recycled polycotton. Offering 23L capacity &amp; comfortable carrying, you can easily personalize it with your brand for a unique touch.","twitter:image":"https:\/\/shop.hidalgo.nl\/wp-content\/uploads\/2026\/02\/cropped-draagtassen-logo.png"},"aioseo_meta_data":{"post_id":"2727","title":null,"description":null,"keywords":null,"keyphrases":null,"canonical_url":null,"og_title":null,"og_description":null,"og_object_type":"default","og_image_type":"default","og_image_custom_url":null,"og_image_custom_fields":null,"og_custom_image_width":null,"og_custom_image_height":null,"og_video":null,"og_custom_url":null,"og_article_section":null,"og_article_tags":null,"twitter_use_og":false,"twitter_card":"default","twitter_image_type":"default","twitter_image_custom_url":null,"twitter_image_custom_fields":null,"twitter_title":null,"twitter_description":null,"schema_type":null,"schema_type_options":null,"pillar_content":false,"robots_default":true,"robots_noindex":false,"robots_noarchive":false,"robots_nosnippet":false,"robots_nofollow":false,"robots_noimageindex":false,"robots_noodp":false,"robots_notranslate":false,"robots_max_snippet":null,"robots_max_videopreview":null,"robots_max_imagepreview":"none","tabs":null,"priority":null,"frequency":null,"local_seo":null,"created":"2026-02-06 11:03:29","updated":"2026-02-17 12:24:51"},"aioseo_breadcrumb":"<div class=\"aioseo-breadcrumbs\"><span class=\"aioseo-breadcrumb\">\n\t<a href=\"https:\/\/katoenendraagtassen.nl\/en\/\" title=\"Home\">Home<\/a>\n<\/span><span class=\"aioseo-breadcrumb-separator\">\u00bb<\/span><span class=\"aioseo-breadcrumb\">\n\t<a href=\"https:\/\/katoenendraagtassen.nl\/shop\/\" title=\"Shop\">Shop<\/a>\n<\/span><span class=\"aioseo-breadcrumb-separator\">\u00bb<\/span><span class=\"aioseo-breadcrumb\">\n\t<a href=\"https:\/\/katoenendraagtassen.nl\/en\/product-supplier\/a58\/\" title=\"A58-Giving\">A58-Giving<\/a>\n<\/span><span class=\"aioseo-breadcrumb-separator\">\u00bb<\/span><span class=\"aioseo-breadcrumb\">\n\tGerecyclede polycotton (330 gsm) koeltas Luz\n<\/span><\/div>","aioseo_breadcrumb_json":[{"label":"Home","link":"https:\/\/katoenendraagtassen.nl\/en\/"},{"label":"Shop","link":"https:\/\/katoenendraagtassen.nl\/shop\/"},{"label":"A58-Giving","link":"https:\/\/katoenendraagtassen.nl\/en\/product-supplier\/a58\/"},{"label":"Gerecyclede polycotton (330 gsm) koeltas Luz","link":"https:\/\/katoenendraagtassen.nl\/en\/product\/2727\/custom-recycled-polycotton-cooler-bag-luz-insulated-23l\/"}],"_links":{"self":[{"href":"https:\/\/katoenendraagtassen.nl\/en\/wp-json\/wp\/v2\/product\/2727","targetHints":{"allow":["GET"]}}],"collection":[{"href":"https:\/\/katoenendraagtassen.nl\/en\/wp-json\/wp\/v2\/product"}],"about":[{"href":"https:\/\/katoenendraagtassen.nl\/en\/wp-json\/wp\/v2\/types\/product"}],"wp:featuredmedia":[{"embeddable":true,"href":"https:\/\/katoenendraagtassen.nl\/en\/wp-json\/wp\/v2\/media\/2728"}],"wp:attachment":[{"href":"https:\/\/katoenendraagtassen.nl\/en\/wp-json\/wp\/v2\/media?parent=2727"}],"wp:term":[{"taxonomy":"product_brand","embeddable":true,"href":"https:\/\/katoenendraagtassen.nl\/en\/wp-json\/wp\/v2\/product_brand?post=2727"},{"taxonomy":"product_cat","embeddable":true,"href":"https:\/\/katoenendraagtassen.nl\/en\/wp-json\/wp\/v2\/product_cat?post=2727"},{"taxonomy":"product_tag","embeddable":true,"href":"https:\/\/katoenendraagtassen.nl\/en\/wp-json\/wp\/v2\/product_tag?post=2727"}],"curies":[{"name":"wp","href":"https:\/\/api.w.org\/{rel}","templated":true}]}}