{"id":5647,"date":"2026-05-11T13:52:24","date_gmt":"2026-05-11T11:52:24","guid":{"rendered":"https:\/\/katoenendraagtassen.nl\/product\/ki3209-totebag-in-marinestijl\/"},"modified":"2026-05-11T13:58:59","modified_gmt":"2026-05-11T11:58:59","slug":"ki3209-totebag-in-marinestijl","status":"publish","type":"product","link":"https:\/\/katoenendraagtassen.nl\/de\/product\/5647\/ki3209-tote-bag-im-marinestil\/","title":{"rendered":"KI3209 &#8211; Totebag in marinestijl"},"content":{"rendered":"<p>100% katoen. Grote tas met brede katoenen hengsels. Binnenzak van 20 x 20\u00a0cm met rits voor sleutels, portemonnee en gsm. Brede ruimteplooi en platte onderkant zodat er meer in kan. Verwassen producten zijn uniek en vertonen mogelijk lichte kleurvariaties. Kan worden gecombineerd met tasje KI3210.<\/p>\n","protected":false},"excerpt":{"rendered":"<p>100% katoen. Grote tas met brede katoenen hengsels. Binnenzak van 20 x 20\u00a0cm met rits voor sleutels, portemonnee en gsm. Brede ruimteplooi en platte onderkant zodat er meer in kan. Verwassen producten zijn uniek en vertonen mogelijk lichte kleurvariaties. Kan worden gecombineerd met tasje KI3210.<\/p>\n","protected":false},"featured_media":5648,"template":"","meta":{"_acf_changed":false,"_monsterinsights_skip_tracking":false,"_monsterinsights_sitenote_active":false,"_monsterinsights_sitenote_note":"","_monsterinsights_sitenote_category":0},"product_brand":[275],"product_cat":[40],"product_tag":[],"class_list":{"0":"post-5647","1":"product","2":"type-product","3":"status-publish","4":"has-post-thumbnail","6":"product_supplier-a404","7":"product_brand-kimood","8":"product_cat-lifestyle","9":"entry","11":"first","12":"outofstock","13":"taxable","14":"shipping-taxable","15":"purchasable","16":"product-type-variable"},"acf":{"english_short_description":"Large capacity thanks to flat base and large gusset.\nInner zipped pocket.\nUnique faded effect with colour variations.","german_short_description":"Gro\u00dfes Fassungsverm\u00f6gen durch flachen Boden und gro\u00dfe Seitenfalte.\nInnentasche mit Rei\u00dfverschluss.\nEinzigartiger verwaschener Effekt mit Farbvariationen."},"aioseo_notices":[],"aioseo_head":"\n\t\t<!-- All in One SEO Pro 4.9.7.1 - aioseo.com -->\n\t<meta name=\"description\" content=\"Gro\u00dfes Fassungsverm\u00f6gen durch flachen Boden und gro\u00dfe Seitenfalte. Innentasche mit Rei\u00dfverschluss. Einzigartiger verwaschener Effekt mit Farbvariationen.\" \/>\n\t<meta name=\"robots\" content=\"max-image-preview:large\" \/>\n\t<meta name=\"google-site-verification\" content=\"UCXCM47iuIQOXxYT_rmg4k_pSRa_vVC6yBpzgVDnaZM\" \/>\n\t<link rel=\"canonical\" href=\"https:\/\/katoenendraagtassen.nl\/de\/wp-json\/wp\/v2\/product\/5647\" \/>\n\t<meta name=\"generator\" content=\"All in One SEO Pro (AIOSEO) 4.9.7.1\" \/>\n\t\t<meta property=\"og:locale\" content=\"de_DE\" \/>\n\t\t<meta property=\"og:site_name\" content=\"Katoenendraagtassen -\" \/>\n\t\t<meta property=\"og:type\" content=\"article\" \/>\n\t\t<meta property=\"og:title\" content=\"KI3209 - Tote Bag im Marinestil\" \/>\n\t\t<meta property=\"og:description\" content=\"Gro\u00dfes Fassungsverm\u00f6gen durch flachen Boden und gro\u00dfe Seitenfalte. Innentasche mit Rei\u00dfverschluss. Einzigartiger verwaschener Effekt mit Farbvariationen.\" \/>\n\t\t<meta property=\"og:url\" content=\"https:\/\/katoenendraagtassen.nl\/de\/wp-json\/wp\/v2\/product\/5647\" \/>\n\t\t<meta property=\"og:image\" content=\"https:\/\/shop.hidalgo.nl\/wp-content\/uploads\/2026\/02\/cropped-draagtassen-logo.png\" \/>\n\t\t<meta property=\"og:image:secure_url\" content=\"https:\/\/shop.hidalgo.nl\/wp-content\/uploads\/2026\/02\/cropped-draagtassen-logo.png\" \/>\n\t\t<meta property=\"article:published_time\" content=\"2026-05-11T11:52:24+00:00\" \/>\n\t\t<meta property=\"article:modified_time\" content=\"2026-05-11T11:58:59+00:00\" \/>\n\t\t<meta name=\"twitter:card\" content=\"summary_large_image\" \/>\n\t\t<meta name=\"twitter:title\" content=\"KI3209 - Tote Bag im Marinestil\" \/>\n\t\t<meta name=\"twitter:description\" content=\"Gro\u00dfes Fassungsverm\u00f6gen durch flachen Boden und gro\u00dfe Seitenfalte. Innentasche mit Rei\u00dfverschluss. Einzigartiger verwaschener Effekt mit Farbvariationen.\" \/>\n\t\t<meta name=\"twitter:image\" content=\"https:\/\/shop.hidalgo.nl\/wp-content\/uploads\/2026\/02\/cropped-draagtassen-logo.png\" \/>\n\t\t<script type=\"application\/ld+json\" class=\"aioseo-schema\">\n\t\t\t{\"@context\":\"https:\\\/\\\/schema.org\",\"@graph\":[{\"@type\":\"BreadcrumbList\",\"@id\":\"https:\\\/\\\/katoenendraagtassen.nl\\\/de\\\/product\\\/5647\\\/ki3209-tote-bag-im-marinestil\\\/#breadcrumblist\",\"itemListElement\":[{\"@type\":\"ListItem\",\"@id\":\"https:\\\/\\\/katoenendraagtassen.nl\\\/de\\\/#listItem\",\"position\":1,\"name\":\"Home\",\"item\":\"https:\\\/\\\/katoenendraagtassen.nl\\\/de\\\/\",\"nextItem\":{\"@type\":\"ListItem\",\"@id\":\"https:\\\/\\\/katoenendraagtassen.nl\\\/shop\\\/#listItem\",\"name\":\"Shop\"}},{\"@type\":\"ListItem\",\"@id\":\"https:\\\/\\\/katoenendraagtassen.nl\\\/shop\\\/#listItem\",\"position\":2,\"name\":\"Shop\",\"item\":\"https:\\\/\\\/katoenendraagtassen.nl\\\/shop\\\/\",\"nextItem\":{\"@type\":\"ListItem\",\"@id\":\"https:\\\/\\\/katoenendraagtassen.nl\\\/de\\\/product-supplier\\\/a404\\\/#listItem\",\"name\":\"A404\"},\"previousItem\":{\"@type\":\"ListItem\",\"@id\":\"https:\\\/\\\/katoenendraagtassen.nl\\\/de\\\/#listItem\",\"name\":\"Home\"}},{\"@type\":\"ListItem\",\"@id\":\"https:\\\/\\\/katoenendraagtassen.nl\\\/de\\\/product-supplier\\\/a404\\\/#listItem\",\"position\":3,\"name\":\"A404\",\"item\":\"https:\\\/\\\/katoenendraagtassen.nl\\\/de\\\/product-supplier\\\/a404\\\/\",\"nextItem\":{\"@type\":\"ListItem\",\"@id\":\"https:\\\/\\\/katoenendraagtassen.nl\\\/de\\\/product\\\/5647\\\/ki3209-tote-bag-im-marinestil\\\/#listItem\",\"name\":\"KI3209 &#8211; Totebag in marinestijl\"},\"previousItem\":{\"@type\":\"ListItem\",\"@id\":\"https:\\\/\\\/katoenendraagtassen.nl\\\/shop\\\/#listItem\",\"name\":\"Shop\"}},{\"@type\":\"ListItem\",\"@id\":\"https:\\\/\\\/katoenendraagtassen.nl\\\/de\\\/product\\\/5647\\\/ki3209-tote-bag-im-marinestil\\\/#listItem\",\"position\":4,\"name\":\"KI3209 &#8211; Totebag in marinestijl\",\"previousItem\":{\"@type\":\"ListItem\",\"@id\":\"https:\\\/\\\/katoenendraagtassen.nl\\\/de\\\/product-supplier\\\/a404\\\/#listItem\",\"name\":\"A404\"}}]},{\"@type\":\"ItemPage\",\"@id\":\"https:\\\/\\\/katoenendraagtassen.nl\\\/de\\\/product\\\/5647\\\/ki3209-tote-bag-im-marinestil\\\/#itempage\",\"url\":\"https:\\\/\\\/katoenendraagtassen.nl\\\/de\\\/product\\\/5647\\\/ki3209-tote-bag-im-marinestil\\\/\",\"name\":\"KI3209 - Tote Bag im Marinestil\",\"description\":\"Gro\\u00dfes Fassungsverm\\u00f6gen durch flachen Boden und gro\\u00dfe Seitenfalte. Innentasche mit Rei\\u00dfverschluss. Einzigartiger verwaschener Effekt mit Farbvariationen.\",\"inLanguage\":\"de-DE\",\"isPartOf\":{\"@id\":\"https:\\\/\\\/katoenendraagtassen.nl\\\/de\\\/#website\"},\"breadcrumb\":{\"@id\":\"https:\\\/\\\/katoenendraagtassen.nl\\\/de\\\/product\\\/5647\\\/ki3209-tote-bag-im-marinestil\\\/#breadcrumblist\"},\"image\":{\"@type\":\"ImageObject\",\"url\":\"https:\\\/\\\/shop.hidalgo.nl\\\/wp-content\\\/uploads\\\/2026\\\/04\\\/KI3209-2_2025.jpg\",\"@id\":\"https:\\\/\\\/katoenendraagtassen.nl\\\/de\\\/product\\\/5647\\\/ki3209-tote-bag-im-marinestil\\\/#mainImage\"},\"primaryImageOfPage\":{\"@id\":\"https:\\\/\\\/katoenendraagtassen.nl\\\/de\\\/product\\\/5647\\\/ki3209-tote-bag-im-marinestil\\\/#mainImage\"},\"datePublished\":\"2026-05-11T13:52:24+02:00\",\"dateModified\":\"2026-05-11T13:58:59+02:00\"},{\"@type\":\"Organization\",\"@id\":\"https:\\\/\\\/katoenendraagtassen.nl\\\/de\\\/#organization\",\"name\":\"Katoenendraagtassen\",\"url\":\"https:\\\/\\\/katoenendraagtassen.nl\\\/de\\\/\",\"logo\":{\"@type\":\"ImageObject\",\"url\":\"https:\\\/\\\/shop.hidalgo.nl\\\/wp-content\\\/uploads\\\/2026\\\/02\\\/cropped-draagtassen-logo.png\",\"@id\":\"https:\\\/\\\/katoenendraagtassen.nl\\\/de\\\/product\\\/5647\\\/ki3209-tote-bag-im-marinestil\\\/#organizationLogo\",\"width\":419,\"height\":259},\"image\":{\"@id\":\"https:\\\/\\\/katoenendraagtassen.nl\\\/de\\\/product\\\/5647\\\/ki3209-tote-bag-im-marinestil\\\/#organizationLogo\"}},{\"@type\":\"WebPage\",\"@id\":\"https:\\\/\\\/katoenendraagtassen.nl\\\/de\\\/product\\\/5647\\\/ki3209-tote-bag-im-marinestil\\\/#webpage\",\"url\":\"https:\\\/\\\/katoenendraagtassen.nl\\\/de\\\/product\\\/5647\\\/ki3209-tote-bag-im-marinestil\\\/\",\"name\":\"KI3209 - Tote Bag im Marinestil\",\"description\":\"Gro\\u00dfes Fassungsverm\\u00f6gen durch flachen Boden und gro\\u00dfe Seitenfalte. Innentasche mit Rei\\u00dfverschluss. Einzigartiger verwaschener Effekt mit Farbvariationen.\",\"inLanguage\":\"de-DE\",\"isPartOf\":{\"@id\":\"https:\\\/\\\/katoenendraagtassen.nl\\\/de\\\/#website\"},\"breadcrumb\":{\"@id\":\"https:\\\/\\\/katoenendraagtassen.nl\\\/de\\\/product\\\/5647\\\/ki3209-tote-bag-im-marinestil\\\/#breadcrumblist\"},\"image\":{\"@type\":\"ImageObject\",\"url\":\"https:\\\/\\\/shop.hidalgo.nl\\\/wp-content\\\/uploads\\\/2026\\\/04\\\/KI3209-2_2025.jpg\",\"@id\":\"https:\\\/\\\/katoenendraagtassen.nl\\\/de\\\/product\\\/5647\\\/ki3209-tote-bag-im-marinestil\\\/#mainImage\"},\"primaryImageOfPage\":{\"@id\":\"https:\\\/\\\/katoenendraagtassen.nl\\\/de\\\/product\\\/5647\\\/ki3209-tote-bag-im-marinestil\\\/#mainImage\"},\"datePublished\":\"2026-05-11T13:52:24+02:00\",\"dateModified\":\"2026-05-11T13:58:59+02:00\"},{\"@type\":\"WebSite\",\"@id\":\"https:\\\/\\\/katoenendraagtassen.nl\\\/de\\\/#website\",\"url\":\"https:\\\/\\\/katoenendraagtassen.nl\\\/de\\\/\",\"name\":\"Katoenendraagtassen\",\"inLanguage\":\"de-DE\",\"publisher\":{\"@id\":\"https:\\\/\\\/katoenendraagtassen.nl\\\/de\\\/#organization\"}}]}\n\t\t<\/script>\n\t\t<!-- All in One SEO Pro -->\r\n\t\t<title>KI3209 - Tote Bag im Marinestil<\/title>\n\n","aioseo_head_json":{"title":"KI3209 - Tote Bag im Marinestil","description":"Gro\u00dfes Fassungsverm\u00f6gen durch flachen Boden und gro\u00dfe Seitenfalte. Innentasche mit Rei\u00dfverschluss. Einzigartiger verwaschener Effekt mit Farbvariationen.","canonical_url":"https:\/\/katoenendraagtassen.nl\/de\/wp-json\/wp\/v2\/product\/5647","robots":"max-image-preview:large","keywords":"","webmasterTools":{"google-site-verification":"UCXCM47iuIQOXxYT_rmg4k_pSRa_vVC6yBpzgVDnaZM","miscellaneous":""},"schema":{"@context":"https:\/\/schema.org","@graph":[{"@type":"BreadcrumbList","@id":"https:\/\/katoenendraagtassen.nl\/de\/product\/5647\/ki3209-tote-bag-im-marinestil\/#breadcrumblist","itemListElement":[{"@type":"ListItem","@id":"https:\/\/katoenendraagtassen.nl\/de\/#listItem","position":1,"name":"Home","item":"https:\/\/katoenendraagtassen.nl\/de\/","nextItem":{"@type":"ListItem","@id":"https:\/\/katoenendraagtassen.nl\/shop\/#listItem","name":"Shop"}},{"@type":"ListItem","@id":"https:\/\/katoenendraagtassen.nl\/shop\/#listItem","position":2,"name":"Shop","item":"https:\/\/katoenendraagtassen.nl\/shop\/","nextItem":{"@type":"ListItem","@id":"https:\/\/katoenendraagtassen.nl\/de\/product-supplier\/a404\/#listItem","name":"A404"},"previousItem":{"@type":"ListItem","@id":"https:\/\/katoenendraagtassen.nl\/de\/#listItem","name":"Home"}},{"@type":"ListItem","@id":"https:\/\/katoenendraagtassen.nl\/de\/product-supplier\/a404\/#listItem","position":3,"name":"A404","item":"https:\/\/katoenendraagtassen.nl\/de\/product-supplier\/a404\/","nextItem":{"@type":"ListItem","@id":"https:\/\/katoenendraagtassen.nl\/de\/product\/5647\/ki3209-tote-bag-im-marinestil\/#listItem","name":"KI3209 &#8211; Totebag in marinestijl"},"previousItem":{"@type":"ListItem","@id":"https:\/\/katoenendraagtassen.nl\/shop\/#listItem","name":"Shop"}},{"@type":"ListItem","@id":"https:\/\/katoenendraagtassen.nl\/de\/product\/5647\/ki3209-tote-bag-im-marinestil\/#listItem","position":4,"name":"KI3209 &#8211; Totebag in marinestijl","previousItem":{"@type":"ListItem","@id":"https:\/\/katoenendraagtassen.nl\/de\/product-supplier\/a404\/#listItem","name":"A404"}}]},{"@type":"ItemPage","@id":"https:\/\/katoenendraagtassen.nl\/de\/product\/5647\/ki3209-tote-bag-im-marinestil\/#itempage","url":"https:\/\/katoenendraagtassen.nl\/de\/product\/5647\/ki3209-tote-bag-im-marinestil\/","name":"KI3209 - Tote Bag im Marinestil","description":"Gro\u00dfes Fassungsverm\u00f6gen durch flachen Boden und gro\u00dfe Seitenfalte. Innentasche mit Rei\u00dfverschluss. Einzigartiger verwaschener Effekt mit Farbvariationen.","inLanguage":"de-DE","isPartOf":{"@id":"https:\/\/katoenendraagtassen.nl\/de\/#website"},"breadcrumb":{"@id":"https:\/\/katoenendraagtassen.nl\/de\/product\/5647\/ki3209-tote-bag-im-marinestil\/#breadcrumblist"},"image":{"@type":"ImageObject","url":"https:\/\/shop.hidalgo.nl\/wp-content\/uploads\/2026\/04\/KI3209-2_2025.jpg","@id":"https:\/\/katoenendraagtassen.nl\/de\/product\/5647\/ki3209-tote-bag-im-marinestil\/#mainImage"},"primaryImageOfPage":{"@id":"https:\/\/katoenendraagtassen.nl\/de\/product\/5647\/ki3209-tote-bag-im-marinestil\/#mainImage"},"datePublished":"2026-05-11T13:52:24+02:00","dateModified":"2026-05-11T13:58:59+02:00"},{"@type":"Organization","@id":"https:\/\/katoenendraagtassen.nl\/de\/#organization","name":"Katoenendraagtassen","url":"https:\/\/katoenendraagtassen.nl\/de\/","logo":{"@type":"ImageObject","url":"https:\/\/shop.hidalgo.nl\/wp-content\/uploads\/2026\/02\/cropped-draagtassen-logo.png","@id":"https:\/\/katoenendraagtassen.nl\/de\/product\/5647\/ki3209-tote-bag-im-marinestil\/#organizationLogo","width":419,"height":259},"image":{"@id":"https:\/\/katoenendraagtassen.nl\/de\/product\/5647\/ki3209-tote-bag-im-marinestil\/#organizationLogo"}},{"@type":"WebPage","@id":"https:\/\/katoenendraagtassen.nl\/de\/product\/5647\/ki3209-tote-bag-im-marinestil\/#webpage","url":"https:\/\/katoenendraagtassen.nl\/de\/product\/5647\/ki3209-tote-bag-im-marinestil\/","name":"KI3209 - Tote Bag im Marinestil","description":"Gro\u00dfes Fassungsverm\u00f6gen durch flachen Boden und gro\u00dfe Seitenfalte. Innentasche mit Rei\u00dfverschluss. Einzigartiger verwaschener Effekt mit Farbvariationen.","inLanguage":"de-DE","isPartOf":{"@id":"https:\/\/katoenendraagtassen.nl\/de\/#website"},"breadcrumb":{"@id":"https:\/\/katoenendraagtassen.nl\/de\/product\/5647\/ki3209-tote-bag-im-marinestil\/#breadcrumblist"},"image":{"@type":"ImageObject","url":"https:\/\/shop.hidalgo.nl\/wp-content\/uploads\/2026\/04\/KI3209-2_2025.jpg","@id":"https:\/\/katoenendraagtassen.nl\/de\/product\/5647\/ki3209-tote-bag-im-marinestil\/#mainImage"},"primaryImageOfPage":{"@id":"https:\/\/katoenendraagtassen.nl\/de\/product\/5647\/ki3209-tote-bag-im-marinestil\/#mainImage"},"datePublished":"2026-05-11T13:52:24+02:00","dateModified":"2026-05-11T13:58:59+02:00"},{"@type":"WebSite","@id":"https:\/\/katoenendraagtassen.nl\/de\/#website","url":"https:\/\/katoenendraagtassen.nl\/de\/","name":"Katoenendraagtassen","inLanguage":"de-DE","publisher":{"@id":"https:\/\/katoenendraagtassen.nl\/de\/#organization"}}]},"og:locale":"de_DE","og:site_name":"Katoenendraagtassen -","og:type":"article","og:title":"KI3209 - Tote Bag im Marinestil","og:description":"Gro\u00dfes Fassungsverm\u00f6gen durch flachen Boden und gro\u00dfe Seitenfalte. Innentasche mit Rei\u00dfverschluss. Einzigartiger verwaschener Effekt mit Farbvariationen.","og:url":"https:\/\/katoenendraagtassen.nl\/de\/wp-json\/wp\/v2\/product\/5647","og:image":"https:\/\/shop.hidalgo.nl\/wp-content\/uploads\/2026\/02\/cropped-draagtassen-logo.png","og:image:secure_url":"https:\/\/shop.hidalgo.nl\/wp-content\/uploads\/2026\/02\/cropped-draagtassen-logo.png","article:published_time":"2026-05-11T11:52:24+00:00","article:modified_time":"2026-05-11T11:58:59+00:00","twitter:card":"summary_large_image","twitter:title":"KI3209 - Tote Bag im Marinestil","twitter:description":"Gro\u00dfes Fassungsverm\u00f6gen durch flachen Boden und gro\u00dfe Seitenfalte. Innentasche mit Rei\u00dfverschluss. Einzigartiger verwaschener Effekt mit Farbvariationen.","twitter:image":"https:\/\/shop.hidalgo.nl\/wp-content\/uploads\/2026\/02\/cropped-draagtassen-logo.png"},"aioseo_meta_data":{"post_id":"5647","title":null,"description":null,"keywords":null,"keyphrases":null,"canonical_url":null,"og_title":null,"og_description":null,"og_object_type":"default","og_image_type":"default","og_image_custom_url":null,"og_image_custom_fields":null,"og_custom_image_width":null,"og_custom_image_height":null,"og_video":null,"og_custom_url":null,"og_article_section":null,"og_article_tags":null,"twitter_use_og":false,"twitter_card":"default","twitter_image_type":"default","twitter_image_custom_url":null,"twitter_image_custom_fields":null,"twitter_title":null,"twitter_description":null,"schema_type":null,"schema_type_options":null,"pillar_content":false,"robots_default":true,"robots_noindex":false,"robots_noarchive":false,"robots_nosnippet":false,"robots_nofollow":false,"robots_noimageindex":false,"robots_noodp":false,"robots_notranslate":false,"robots_max_snippet":null,"robots_max_videopreview":null,"robots_max_imagepreview":"none","tabs":null,"priority":null,"frequency":null,"local_seo":null,"created":"2026-05-11 11:52:42","updated":"2026-05-13 19:07:25","primary_term":null,"og_image_url":null,"og_image_width":null,"og_image_height":null,"twitter_image_url":null,"schema":{"blockGraphs":[],"customGraphs":[],"default":{"data":{"Article":[],"Course":[],"Dataset":[],"FAQPage":[],"Movie":[],"Person":[],"Product":[],"ProductReview":[],"Car":[],"Recipe":[],"Service":[],"SoftwareApplication":[],"WebPage":[]},"graphName":"ItemPage","isEnabled":true},"graphs":[]},"limit_modified_date":false,"ai":null,"breadcrumb_settings":null,"seo_analyzer_scan_date":"2026-05-13 09:43:17"},"aioseo_breadcrumb":"<div class=\"aioseo-breadcrumbs\"><span class=\"aioseo-breadcrumb\">\n\t<a href=\"https:\/\/katoenendraagtassen.nl\/de\/\" title=\"Home\">Home<\/a>\n<\/span><span class=\"aioseo-breadcrumb-separator\">\u00bb<\/span><span class=\"aioseo-breadcrumb\">\n\t<a href=\"https:\/\/katoenendraagtassen.nl\/shop\/\" title=\"Shop\">Shop<\/a>\n<\/span><span class=\"aioseo-breadcrumb-separator\">\u00bb<\/span><span class=\"aioseo-breadcrumb\">\n\t<a href=\"https:\/\/katoenendraagtassen.nl\/de\/product-supplier\/a404\/\" title=\"A404\">A404<\/a>\n<\/span><span class=\"aioseo-breadcrumb-separator\">\u00bb<\/span><span class=\"aioseo-breadcrumb\">\n\tKI3209 \u2013 Totebag in marinestijl\n<\/span><\/div>","aioseo_breadcrumb_json":[{"label":"Home","link":"https:\/\/katoenendraagtassen.nl\/de\/"},{"label":"Shop","link":"https:\/\/katoenendraagtassen.nl\/shop\/"},{"label":"A404","link":"https:\/\/katoenendraagtassen.nl\/de\/product-supplier\/a404\/"},{"label":"KI3209 &#8211; Totebag in marinestijl","link":"https:\/\/katoenendraagtassen.nl\/de\/product\/5647\/ki3209-tote-bag-im-marinestil\/"}],"_links":{"self":[{"href":"https:\/\/katoenendraagtassen.nl\/de\/wp-json\/wp\/v2\/product\/5647","targetHints":{"allow":["GET"]}}],"collection":[{"href":"https:\/\/katoenendraagtassen.nl\/de\/wp-json\/wp\/v2\/product"}],"about":[{"href":"https:\/\/katoenendraagtassen.nl\/de\/wp-json\/wp\/v2\/types\/product"}],"wp:featuredmedia":[{"embeddable":true,"href":"https:\/\/katoenendraagtassen.nl\/de\/wp-json\/wp\/v2\/media\/5648"}],"wp:attachment":[{"href":"https:\/\/katoenendraagtassen.nl\/de\/wp-json\/wp\/v2\/media?parent=5647"}],"wp:term":[{"taxonomy":"product_brand","embeddable":true,"href":"https:\/\/katoenendraagtassen.nl\/de\/wp-json\/wp\/v2\/product_brand?post=5647"},{"taxonomy":"product_cat","embeddable":true,"href":"https:\/\/katoenendraagtassen.nl\/de\/wp-json\/wp\/v2\/product_cat?post=5647"},{"taxonomy":"product_tag","embeddable":true,"href":"https:\/\/katoenendraagtassen.nl\/de\/wp-json\/wp\/v2\/product_tag?post=5647"}],"curies":[{"name":"wp","href":"https:\/\/api.w.org\/{rel}","templated":true}]}}