{"id":5622,"date":"2026-05-11T13:52:24","date_gmt":"2026-05-11T11:52:24","guid":{"rendered":"https:\/\/katoenendraagtassen.nl\/product\/ki5808-gerecycleerde-katoenen-shopper-k-loop-project\/"},"modified":"2026-05-11T13:57:59","modified_gmt":"2026-05-11T11:57:59","slug":"ki5808-gerecycleerde-katoenen-shopper-k-loop-project","status":"publish","type":"product","link":"https:\/\/katoenendraagtassen.nl\/de\/product\/5622\/ki5808-recycelte-tasche-im-cabas-stil-k-loop-project\/","title":{"rendered":"KI5808 &#8211; Gerecycleerde katoenen shopper &#8218;K-loop project&#8216;"},"content":{"rendered":"<p>Gerecycled katoen \/ gerecycled polyester. 70% gerecycled katoen \/ 28% gerecycled polyester \/ 2% andere vezels (Black Jhoot en White Jhoot), 73% gerecycled katoen \/ 25% gerecycled polyester \/ 2% andere vezels (Melange Jhoot en Oxford Jhoot), 60% gerecycled katoen \/ 38% gerecycled polyester \/ 2% andere vezels (Navy Blue Jhoot). Deze tas is onderdeel van het &#8218;K-loop&#8216; project. Met dit project sluit Kimood de kringloop van de circulaire economie, in de strikte zin van het woord. Het gebruikte katoen is afkomstig van het productieafval van de katoenen T-shirts van het merk Kariban, uit de familie KARIBAN BRANDS. Het toegevoegde polyester is afkomstig van gerecycleerde plastic flessen. Tijdens het recyclageproces worden aan het garen &#8218;tracers&#8216; toegevoegd. Dit zijn elektronische chips die een blockchain bevatten (technologie voor informatieopslag- en -overdracht), met daarin alle stappen die het garen doorliep. Dankzij de Aware\u2122-traceertechnologie maakt Kimood het voor de eindgebruiker mogelijk om het hele productieproces te volgen, met de garantie op een product dat werd gerecycleerd zoals het hoort, zonder veranderingen tijdens het proces. Kimood sluit de cirkel van de circulaire economie met &#8218;K-loop&#8216;.<\/p>\n","protected":false},"excerpt":{"rendered":"<p>Gerecycled katoen \/ gerecycled polyester. 70% gerecycled katoen \/ 28% gerecycled polyester \/ 2% andere vezels (Black Jhoot en White Jhoot), 73% gerecycled katoen \/ 25% gerecycled polyester \/ 2% andere vezels (Melange Jhoot en Oxford Jhoot), 60% gerecycled katoen \/ 38% gerecycled polyester \/ 2% andere vezels (Navy Blue Jhoot). Deze tas is onderdeel&hellip; <a class=\"more-link\" href=\"https:\/\/katoenendraagtassen.nl\/de\/product\/5622\/ki5808-recycelte-tasche-im-cabas-stil-k-loop-project\/\"><span class=\"screen-reader-text\">KI5808 &#8211; Gerecycleerde katoenen shopper &#8218;K-loop project&#8216;<\/span> weiterlesen<\/a><\/p>\n","protected":false},"featured_media":5623,"template":"","meta":{"_acf_changed":false,"_monsterinsights_skip_tracking":false,"_monsterinsights_sitenote_active":false,"_monsterinsights_sitenote_note":"","_monsterinsights_sitenote_category":0},"product_brand":[275],"product_cat":[43,42,424,44],"product_tag":[],"class_list":{"0":"post-5622","1":"product","2":"type-product","3":"status-publish","4":"has-post-thumbnail","6":"product_supplier-a404","7":"product_brand-kimood","8":"product_cat-bio","9":"product_cat-boodschappen-retail","10":"product_cat-gerecycled-katoen","11":"product_cat-katoenen-tassen","12":"entry","14":"first","15":"outofstock","16":"taxable","17":"shipping-taxable","18":"purchasable","19":"product-type-variable"},"acf":{"pim_product_english_title":"KI5808 - Recycled  cotton K-loop project shopper","pim_product_german_title":"KI5808 - Recycelte Tasche im Cabas-Stil \u201eK-loop Project\u201c","pim_product_dutch_title":"KI5808 - Gerecycleerde katoenen shopper 'K-loop project'","pim_product_dutch_content":"<p>Gerecycled katoen \/ gerecycled polyester. 70% gerecycled katoen \/ 28% gerecycled polyester \/ 2% andere vezels (Black Jhoot en White Jhoot), 73% gerecycled katoen \/ 25% gerecycled polyester \/ 2% andere vezels (Melange Jhoot en Oxford Jhoot), 60% gerecycled katoen \/ 38% gerecycled polyester \/ 2% andere vezels (Navy Blue Jhoot). Deze tas is onderdeel van het &#8218;K-loop&#8216; project. Met dit project sluit Kimood de kringloop van de circulaire economie, in de strikte zin van het woord. Het gebruikte katoen is afkomstig van het productieafval van de katoenen T-shirts van het merk Kariban, uit de familie KARIBAN BRANDS. Het toegevoegde polyester is afkomstig van gerecycleerde plastic flessen. Tijdens het recyclageproces worden aan het garen &#8218;tracers&#8216; toegevoegd. Dit zijn elektronische chips die een blockchain bevatten (technologie voor informatieopslag- en -overdracht), met daarin alle stappen die het garen doorliep. Dankzij de Aware\u2122-traceertechnologie maakt Kimood het voor de eindgebruiker mogelijk om het hele productieproces te volgen, met de garantie op een product dat werd gerecycleerd zoals het hoort, zonder veranderingen tijdens het proces. Kimood sluit de cirkel van de circulaire economie met &#8218;K-loop&#8216;.<\/p>\n","pim_product_german_content":"<p>Recycelte Baumwolle \/ recycelter Polyester. 70 % recycelte Baumwolle \/ 28 % recycelter Polyester \/ 2 % andere Fasern (Black Jhoot und White Jhoot), 73 % recycelte Baumwolle \/ 25 % recycelter Polyester \/ 2 % andere Fasern (Melange Jhoot und Oxford Jhoot), 60 % recycelte Baumwolle \/ 38 % recycelter Polyester \/ 2 % andere Fasern (Navy Blue Jhoot). Diese Tasche ist Teil des \u201eK-loop\u201c-Projekts. Mit diesem Projekt schlie\u00dft Kimood den wirtschaftlichen Kreislauf. Die verarbeitete Baumwolle stammt von Resten, die bei der Herstellung der Baumwoll-T-Shirts der Marke Kariban entstehen, die Teil der KARIBAN BRANDS-Familie ist. Der hinzugef\u00fcgte Polyester stammt aus recycelten Kunststoffflaschen. Im Rahmen des Recyclingverfahrens werden zu den F\u00e4den sogenannte Tracer, elektronische Mikrochips, hinzugef\u00fcgt, die eine Blockchain beinhalten (Technologie f\u00fcr die Speicherung und Weitergabe von Informationen). Auf diese Weise k\u00f6nnen die Bearbeitungsetappen des Fadens zur\u00fcckverfolgt werden. Dank der Aware\u2122-Tracertechnologie k\u00f6nnen die Endverbraucher den gesamten Produktionsprozess zur\u00fcckverfolgen. Sie ist eine Garantie f\u00fcr ein gem\u00e4\u00df den Vorschriften recyceltes Produkt, bei dem nicht in das Recyclingverfahren eingegriffen werden kann. Mit \u201eK-loop\u201c schlie\u00dft Kimood die Kreislaufwirtschaft.<\/p>\n","pim_product_english_content":"<p>Recycled cotton \/ recycled polyester. 70% recycled cotton \/ 28% recycled polyester \/ 2% other fibers (Black Jhoot and White Jhoot), 73% recycled cotton \/ 25% recycled polyester \/ 2% other fibers (Melange Jhoot and Oxford Jhoot), 60% recycled cotton \/ 38% recycled polyester \/ 2% other fibers (Navy Blue Jhoot). This bag is part of the \u201cK-loop\u201d project. With this project, Kimood is closing the circular economy loop in the strict sense of the word. The cotton used comes from waste generated in the production of cotton t-shirts for the Kariban brand, from the KARIBAN BRANDS family. The added polyester comes from recycled plastic bottles. During the recycling process, we add tracers to the thread, i.e. electronic chips containing a blockchain (storage and information transmission technology) which stores all the operations carried out on the thread. With the Aware\u2122 tracer technology, Kimood thus allows the end consumer to monitor the entire production process with the guarantee of a product recycled according to best practice, with no possible modifications during the process. With \u201cK-loop\u201d, Kimood is closing the circular economy loop.<\/p>\n","english_short_description":"KARIBAN BRANDS\u2019 K-loop Project is part of a rigorous circular economy approach. <br\/>\r\nOptimal traceability to the end consumer, thanks to the blockchain tracers integrated into the thread.\r\nHas its own Aware\u2122 digital passport.","german_short_description":"Projekt \u201eK-loop\u201c von KARIBAN BRANDS verpflichtet sich zur F\u00f6rderung der Kreislaufwirtschaft. <br\/>\r\nOptimale R\u00fcckverfolgbarkeit bis hin zum Endverbraucher mithilfe von Tracern, die dem Garn hinzugef\u00fcgt werden.\r\nVerf\u00fcgt \u00fcber einen eigenen digitalen Aware\u2122-Pass.","dutch_short_description":"Project \u2018K-loop\u2019 van KARIBAN BRANDS kadert in een nauwgezette strategie om de circulaire economie te bevorderen. <br\/>\r\nOptimale traceerbaarheid tot bij de eindklant dankzij blockchain trackers die in het garen zijn verwerkt.\r\nKreeg een eigen digitaal paspoort : Aware\u2122.","select_toptex_printing_options":"clothes","promidata_product_hash":"","promidata_product_uri":"","promidata_product_minimum_qty":"","imprint_cost":false,"margin_influ_quantity_10":"","margin_influ_quantity_25":"","margin_influ_quantity_50":"","margin_influ_quantity_100":"","margin_influ_quantity_250":"","margin_influ_quantity_500":"","margin_influ_quantity_1000":"","pim_product_english_faq_content":"","pim_product_german_faq_content":"","pim_product_dutch_faq_content":"","english_keywords":"","german_keywords":"","dutch_keywords":"","green_tab_text_eng":"","green_tab_text_german":"","green_tab_text_dutch":"","default_keywords_nl":""},"aioseo_notices":[],"aioseo_head":"\n\t\t<!-- All in One SEO Pro 4.9.6.2 - aioseo.com -->\n\t<meta name=\"description\" content=\"Projekt \u201eK-loop\u201c von KARIBAN BRANDS verpflichtet sich zur F\u00f6rderung der Kreislaufwirtschaft. Optimale R\u00fcckverfolgbarkeit bis hin zum Endverbraucher mithilfe von Tracern, die dem Garn hinzugef\u00fcgt werden. Verf\u00fcgt \u00fcber einen eigenen digitalen Aware\u2122-Pass.\" \/>\n\t<meta name=\"robots\" content=\"max-image-preview:large\" \/>\n\t<meta name=\"google-site-verification\" content=\"UCXCM47iuIQOXxYT_rmg4k_pSRa_vVC6yBpzgVDnaZM\" \/>\n\t<link rel=\"canonical\" href=\"https:\/\/katoenendraagtassen.nl\/de\/wp-json\/wp\/v2\/product\/5622\" \/>\n\t<meta name=\"generator\" content=\"All in One SEO Pro (AIOSEO) 4.9.6.2\" \/>\n\t\t<meta property=\"og:locale\" content=\"de_DE\" \/>\n\t\t<meta property=\"og:site_name\" content=\"Katoenendraagtassen -\" \/>\n\t\t<meta property=\"og:type\" content=\"article\" \/>\n\t\t<meta property=\"og:title\" content=\"KI5808 - Recycelte Tasche im Cabas-Stil \u201eK-loop Project\u201c\" \/>\n\t\t<meta property=\"og:description\" content=\"Projekt \u201eK-loop\u201c von KARIBAN BRANDS verpflichtet sich zur F\u00f6rderung der Kreislaufwirtschaft. Optimale R\u00fcckverfolgbarkeit bis hin zum Endverbraucher mithilfe von Tracern, die dem Garn hinzugef\u00fcgt werden. Verf\u00fcgt \u00fcber einen eigenen digitalen Aware\u2122-Pass.\" \/>\n\t\t<meta property=\"og:url\" content=\"https:\/\/katoenendraagtassen.nl\/de\/wp-json\/wp\/v2\/product\/5622\" \/>\n\t\t<meta property=\"og:image\" content=\"https:\/\/shop.hidalgo.nl\/wp-content\/uploads\/2026\/02\/cropped-draagtassen-logo.png\" \/>\n\t\t<meta property=\"og:image:secure_url\" content=\"https:\/\/shop.hidalgo.nl\/wp-content\/uploads\/2026\/02\/cropped-draagtassen-logo.png\" \/>\n\t\t<meta property=\"article:published_time\" content=\"2026-05-11T11:52:24+00:00\" \/>\n\t\t<meta property=\"article:modified_time\" content=\"2026-05-11T11:57:59+00:00\" \/>\n\t\t<meta name=\"twitter:card\" content=\"summary_large_image\" \/>\n\t\t<meta name=\"twitter:title\" content=\"KI5808 - Recycelte Tasche im Cabas-Stil \u201eK-loop Project\u201c\" \/>\n\t\t<meta name=\"twitter:description\" content=\"Projekt \u201eK-loop\u201c von KARIBAN BRANDS verpflichtet sich zur F\u00f6rderung der Kreislaufwirtschaft. Optimale R\u00fcckverfolgbarkeit bis hin zum Endverbraucher mithilfe von Tracern, die dem Garn hinzugef\u00fcgt werden. Verf\u00fcgt \u00fcber einen eigenen digitalen Aware\u2122-Pass.\" \/>\n\t\t<meta name=\"twitter:image\" content=\"https:\/\/shop.hidalgo.nl\/wp-content\/uploads\/2026\/02\/cropped-draagtassen-logo.png\" \/>\n\t\t<script type=\"application\/ld+json\" class=\"aioseo-schema\">\n\t\t\t{\"@context\":\"https:\\\/\\\/schema.org\",\"@graph\":[{\"@type\":\"BreadcrumbList\",\"@id\":\"https:\\\/\\\/katoenendraagtassen.nl\\\/de\\\/product\\\/5622\\\/ki5808-recycelte-tasche-im-cabas-stil-k-loop-project\\\/#breadcrumblist\",\"itemListElement\":[{\"@type\":\"ListItem\",\"@id\":\"https:\\\/\\\/katoenendraagtassen.nl\\\/de\\\/#listItem\",\"position\":1,\"name\":\"Home\",\"item\":\"https:\\\/\\\/katoenendraagtassen.nl\\\/de\\\/\",\"nextItem\":{\"@type\":\"ListItem\",\"@id\":\"https:\\\/\\\/katoenendraagtassen.nl\\\/shop\\\/#listItem\",\"name\":\"Shop\"}},{\"@type\":\"ListItem\",\"@id\":\"https:\\\/\\\/katoenendraagtassen.nl\\\/shop\\\/#listItem\",\"position\":2,\"name\":\"Shop\",\"item\":\"https:\\\/\\\/katoenendraagtassen.nl\\\/shop\\\/\",\"nextItem\":{\"@type\":\"ListItem\",\"@id\":\"https:\\\/\\\/katoenendraagtassen.nl\\\/de\\\/product-supplier\\\/a404\\\/#listItem\",\"name\":\"A404\"},\"previousItem\":{\"@type\":\"ListItem\",\"@id\":\"https:\\\/\\\/katoenendraagtassen.nl\\\/de\\\/#listItem\",\"name\":\"Home\"}},{\"@type\":\"ListItem\",\"@id\":\"https:\\\/\\\/katoenendraagtassen.nl\\\/de\\\/product-supplier\\\/a404\\\/#listItem\",\"position\":3,\"name\":\"A404\",\"item\":\"https:\\\/\\\/katoenendraagtassen.nl\\\/de\\\/product-supplier\\\/a404\\\/\",\"nextItem\":{\"@type\":\"ListItem\",\"@id\":\"https:\\\/\\\/katoenendraagtassen.nl\\\/de\\\/product\\\/5622\\\/ki5808-recycelte-tasche-im-cabas-stil-k-loop-project\\\/#listItem\",\"name\":\"KI5808 &#8211; Gerecycleerde katoenen shopper &#8218;K-loop project&#8216;\"},\"previousItem\":{\"@type\":\"ListItem\",\"@id\":\"https:\\\/\\\/katoenendraagtassen.nl\\\/shop\\\/#listItem\",\"name\":\"Shop\"}},{\"@type\":\"ListItem\",\"@id\":\"https:\\\/\\\/katoenendraagtassen.nl\\\/de\\\/product\\\/5622\\\/ki5808-recycelte-tasche-im-cabas-stil-k-loop-project\\\/#listItem\",\"position\":4,\"name\":\"KI5808 &#8211; Gerecycleerde katoenen shopper &#8218;K-loop project&#8216;\",\"previousItem\":{\"@type\":\"ListItem\",\"@id\":\"https:\\\/\\\/katoenendraagtassen.nl\\\/de\\\/product-supplier\\\/a404\\\/#listItem\",\"name\":\"A404\"}}]},{\"@type\":\"Organization\",\"@id\":\"https:\\\/\\\/katoenendraagtassen.nl\\\/de\\\/#organization\",\"name\":\"Katoenendraagtassen\",\"url\":\"https:\\\/\\\/katoenendraagtassen.nl\\\/de\\\/\",\"logo\":{\"@type\":\"ImageObject\",\"url\":\"https:\\\/\\\/shop.hidalgo.nl\\\/wp-content\\\/uploads\\\/2026\\\/02\\\/cropped-draagtassen-logo.png\",\"@id\":\"https:\\\/\\\/katoenendraagtassen.nl\\\/de\\\/product\\\/5622\\\/ki5808-recycelte-tasche-im-cabas-stil-k-loop-project\\\/#organizationLogo\",\"width\":419,\"height\":259},\"image\":{\"@id\":\"https:\\\/\\\/katoenendraagtassen.nl\\\/de\\\/product\\\/5622\\\/ki5808-recycelte-tasche-im-cabas-stil-k-loop-project\\\/#organizationLogo\"}},{\"@type\":\"WebPage\",\"@id\":\"https:\\\/\\\/katoenendraagtassen.nl\\\/de\\\/product\\\/5622\\\/ki5808-recycelte-tasche-im-cabas-stil-k-loop-project\\\/#webpage\",\"url\":\"https:\\\/\\\/katoenendraagtassen.nl\\\/de\\\/product\\\/5622\\\/ki5808-recycelte-tasche-im-cabas-stil-k-loop-project\\\/\",\"name\":\"KI5808 - Recycelte Tasche im Cabas-Stil \\u201eK-loop Project\\u201c\",\"description\":\"Projekt \\u201eK-loop\\u201c von KARIBAN BRANDS verpflichtet sich zur F\\u00f6rderung der Kreislaufwirtschaft. Optimale R\\u00fcckverfolgbarkeit bis hin zum Endverbraucher mithilfe von Tracern, die dem Garn hinzugef\\u00fcgt werden. Verf\\u00fcgt \\u00fcber einen eigenen digitalen Aware\\u2122-Pass.\",\"inLanguage\":\"de-DE\",\"isPartOf\":{\"@id\":\"https:\\\/\\\/katoenendraagtassen.nl\\\/de\\\/#website\"},\"breadcrumb\":{\"@id\":\"https:\\\/\\\/katoenendraagtassen.nl\\\/de\\\/product\\\/5622\\\/ki5808-recycelte-tasche-im-cabas-stil-k-loop-project\\\/#breadcrumblist\"},\"image\":{\"@type\":\"ImageObject\",\"url\":\"https:\\\/\\\/shop.hidalgo.nl\\\/wp-content\\\/uploads\\\/2026\\\/04\\\/KI5808_2022.jpg\",\"@id\":\"https:\\\/\\\/katoenendraagtassen.nl\\\/de\\\/product\\\/5622\\\/ki5808-recycelte-tasche-im-cabas-stil-k-loop-project\\\/#mainImage\"},\"primaryImageOfPage\":{\"@id\":\"https:\\\/\\\/katoenendraagtassen.nl\\\/de\\\/product\\\/5622\\\/ki5808-recycelte-tasche-im-cabas-stil-k-loop-project\\\/#mainImage\"},\"datePublished\":\"2026-05-11T13:52:24+02:00\",\"dateModified\":\"2026-05-11T13:57:59+02:00\"},{\"@type\":\"WebSite\",\"@id\":\"https:\\\/\\\/katoenendraagtassen.nl\\\/de\\\/#website\",\"url\":\"https:\\\/\\\/katoenendraagtassen.nl\\\/de\\\/\",\"name\":\"Katoenendraagtassen\",\"inLanguage\":\"de-DE\",\"publisher\":{\"@id\":\"https:\\\/\\\/katoenendraagtassen.nl\\\/de\\\/#organization\"}}]}\n\t\t<\/script>\n\t\t<!-- All in One SEO Pro -->\r\n\t\t<title>KI5808 - Recycelte Tasche im Cabas-Stil \u201eK-loop Project\u201c<\/title>\n\n","aioseo_head_json":{"title":"KI5808 - Recycelte Tasche im Cabas-Stil \u201eK-loop Project\u201c","description":"Projekt \u201eK-loop\u201c von KARIBAN BRANDS verpflichtet sich zur F\u00f6rderung der Kreislaufwirtschaft. Optimale R\u00fcckverfolgbarkeit bis hin zum Endverbraucher mithilfe von Tracern, die dem Garn hinzugef\u00fcgt werden. Verf\u00fcgt \u00fcber einen eigenen digitalen Aware\u2122-Pass.","canonical_url":"https:\/\/katoenendraagtassen.nl\/de\/wp-json\/wp\/v2\/product\/5622","robots":"max-image-preview:large","keywords":"","webmasterTools":{"google-site-verification":"UCXCM47iuIQOXxYT_rmg4k_pSRa_vVC6yBpzgVDnaZM","miscellaneous":""},"schema":{"@context":"https:\/\/schema.org","@graph":[{"@type":"BreadcrumbList","@id":"https:\/\/katoenendraagtassen.nl\/de\/product\/5622\/ki5808-recycelte-tasche-im-cabas-stil-k-loop-project\/#breadcrumblist","itemListElement":[{"@type":"ListItem","@id":"https:\/\/katoenendraagtassen.nl\/de\/#listItem","position":1,"name":"Home","item":"https:\/\/katoenendraagtassen.nl\/de\/","nextItem":{"@type":"ListItem","@id":"https:\/\/katoenendraagtassen.nl\/shop\/#listItem","name":"Shop"}},{"@type":"ListItem","@id":"https:\/\/katoenendraagtassen.nl\/shop\/#listItem","position":2,"name":"Shop","item":"https:\/\/katoenendraagtassen.nl\/shop\/","nextItem":{"@type":"ListItem","@id":"https:\/\/katoenendraagtassen.nl\/de\/product-supplier\/a404\/#listItem","name":"A404"},"previousItem":{"@type":"ListItem","@id":"https:\/\/katoenendraagtassen.nl\/de\/#listItem","name":"Home"}},{"@type":"ListItem","@id":"https:\/\/katoenendraagtassen.nl\/de\/product-supplier\/a404\/#listItem","position":3,"name":"A404","item":"https:\/\/katoenendraagtassen.nl\/de\/product-supplier\/a404\/","nextItem":{"@type":"ListItem","@id":"https:\/\/katoenendraagtassen.nl\/de\/product\/5622\/ki5808-recycelte-tasche-im-cabas-stil-k-loop-project\/#listItem","name":"KI5808 &#8211; Gerecycleerde katoenen shopper &#8218;K-loop project&#8216;"},"previousItem":{"@type":"ListItem","@id":"https:\/\/katoenendraagtassen.nl\/shop\/#listItem","name":"Shop"}},{"@type":"ListItem","@id":"https:\/\/katoenendraagtassen.nl\/de\/product\/5622\/ki5808-recycelte-tasche-im-cabas-stil-k-loop-project\/#listItem","position":4,"name":"KI5808 &#8211; Gerecycleerde katoenen shopper &#8218;K-loop project&#8216;","previousItem":{"@type":"ListItem","@id":"https:\/\/katoenendraagtassen.nl\/de\/product-supplier\/a404\/#listItem","name":"A404"}}]},{"@type":"Organization","@id":"https:\/\/katoenendraagtassen.nl\/de\/#organization","name":"Katoenendraagtassen","url":"https:\/\/katoenendraagtassen.nl\/de\/","logo":{"@type":"ImageObject","url":"https:\/\/shop.hidalgo.nl\/wp-content\/uploads\/2026\/02\/cropped-draagtassen-logo.png","@id":"https:\/\/katoenendraagtassen.nl\/de\/product\/5622\/ki5808-recycelte-tasche-im-cabas-stil-k-loop-project\/#organizationLogo","width":419,"height":259},"image":{"@id":"https:\/\/katoenendraagtassen.nl\/de\/product\/5622\/ki5808-recycelte-tasche-im-cabas-stil-k-loop-project\/#organizationLogo"}},{"@type":"WebPage","@id":"https:\/\/katoenendraagtassen.nl\/de\/product\/5622\/ki5808-recycelte-tasche-im-cabas-stil-k-loop-project\/#webpage","url":"https:\/\/katoenendraagtassen.nl\/de\/product\/5622\/ki5808-recycelte-tasche-im-cabas-stil-k-loop-project\/","name":"KI5808 - Recycelte Tasche im Cabas-Stil \u201eK-loop Project\u201c","description":"Projekt \u201eK-loop\u201c von KARIBAN BRANDS verpflichtet sich zur F\u00f6rderung der Kreislaufwirtschaft. Optimale R\u00fcckverfolgbarkeit bis hin zum Endverbraucher mithilfe von Tracern, die dem Garn hinzugef\u00fcgt werden. Verf\u00fcgt \u00fcber einen eigenen digitalen Aware\u2122-Pass.","inLanguage":"de-DE","isPartOf":{"@id":"https:\/\/katoenendraagtassen.nl\/de\/#website"},"breadcrumb":{"@id":"https:\/\/katoenendraagtassen.nl\/de\/product\/5622\/ki5808-recycelte-tasche-im-cabas-stil-k-loop-project\/#breadcrumblist"},"image":{"@type":"ImageObject","url":"https:\/\/shop.hidalgo.nl\/wp-content\/uploads\/2026\/04\/KI5808_2022.jpg","@id":"https:\/\/katoenendraagtassen.nl\/de\/product\/5622\/ki5808-recycelte-tasche-im-cabas-stil-k-loop-project\/#mainImage"},"primaryImageOfPage":{"@id":"https:\/\/katoenendraagtassen.nl\/de\/product\/5622\/ki5808-recycelte-tasche-im-cabas-stil-k-loop-project\/#mainImage"},"datePublished":"2026-05-11T13:52:24+02:00","dateModified":"2026-05-11T13:57:59+02:00"},{"@type":"WebSite","@id":"https:\/\/katoenendraagtassen.nl\/de\/#website","url":"https:\/\/katoenendraagtassen.nl\/de\/","name":"Katoenendraagtassen","inLanguage":"de-DE","publisher":{"@id":"https:\/\/katoenendraagtassen.nl\/de\/#organization"}}]},"og:locale":"de_DE","og:site_name":"Katoenendraagtassen -","og:type":"article","og:title":"KI5808 - Recycelte Tasche im Cabas-Stil \u201eK-loop Project\u201c","og:description":"Projekt \u201eK-loop\u201c von KARIBAN BRANDS verpflichtet sich zur F\u00f6rderung der Kreislaufwirtschaft. Optimale R\u00fcckverfolgbarkeit bis hin zum Endverbraucher mithilfe von Tracern, die dem Garn hinzugef\u00fcgt werden. Verf\u00fcgt \u00fcber einen eigenen digitalen Aware\u2122-Pass.","og:url":"https:\/\/katoenendraagtassen.nl\/de\/wp-json\/wp\/v2\/product\/5622","og:image":"https:\/\/shop.hidalgo.nl\/wp-content\/uploads\/2026\/02\/cropped-draagtassen-logo.png","og:image:secure_url":"https:\/\/shop.hidalgo.nl\/wp-content\/uploads\/2026\/02\/cropped-draagtassen-logo.png","article:published_time":"2026-05-11T11:52:24+00:00","article:modified_time":"2026-05-11T11:57:59+00:00","twitter:card":"summary_large_image","twitter:title":"KI5808 - Recycelte Tasche im Cabas-Stil \u201eK-loop Project\u201c","twitter:description":"Projekt \u201eK-loop\u201c von KARIBAN BRANDS verpflichtet sich zur F\u00f6rderung der Kreislaufwirtschaft. Optimale R\u00fcckverfolgbarkeit bis hin zum Endverbraucher mithilfe von Tracern, die dem Garn hinzugef\u00fcgt werden. Verf\u00fcgt \u00fcber einen eigenen digitalen Aware\u2122-Pass.","twitter:image":"https:\/\/shop.hidalgo.nl\/wp-content\/uploads\/2026\/02\/cropped-draagtassen-logo.png"},"aioseo_meta_data":{"post_id":"5622","title":null,"description":null,"keywords":null,"keyphrases":{"focus":{"keyphrase":"","score":0,"analysis":{"keyphraseInTitle":{"score":0,"maxScore":9,"error":1}}},"additional":[]},"canonical_url":null,"og_title":null,"og_description":null,"og_object_type":"default","og_image_type":"default","og_image_custom_url":null,"og_image_custom_fields":null,"og_custom_image_width":null,"og_custom_image_height":null,"og_video":"","og_custom_url":null,"og_article_section":null,"og_article_tags":null,"twitter_use_og":false,"twitter_card":"default","twitter_image_type":"default","twitter_image_custom_url":null,"twitter_image_custom_fields":null,"twitter_title":null,"twitter_description":null,"schema_type":null,"schema_type_options":null,"pillar_content":false,"robots_default":true,"robots_noindex":false,"robots_noarchive":false,"robots_nosnippet":false,"robots_nofollow":false,"robots_noimageindex":false,"robots_noodp":false,"robots_notranslate":false,"robots_max_snippet":"-1","robots_max_videopreview":"-1","robots_max_imagepreview":"none","tabs":null,"priority":null,"frequency":"default","local_seo":null,"created":"2026-05-11 11:52:42","updated":"2026-05-11 11:57:59"},"aioseo_breadcrumb":"<div class=\"aioseo-breadcrumbs\"><span class=\"aioseo-breadcrumb\">\n\t<a href=\"https:\/\/katoenendraagtassen.nl\/de\/\" title=\"Home\">Home<\/a>\n<\/span><span class=\"aioseo-breadcrumb-separator\">\u00bb<\/span><span class=\"aioseo-breadcrumb\">\n\t<a href=\"https:\/\/katoenendraagtassen.nl\/shop\/\" title=\"Shop\">Shop<\/a>\n<\/span><span class=\"aioseo-breadcrumb-separator\">\u00bb<\/span><span class=\"aioseo-breadcrumb\">\n\t<a href=\"https:\/\/katoenendraagtassen.nl\/de\/product-supplier\/a404\/\" title=\"A404\">A404<\/a>\n<\/span><span class=\"aioseo-breadcrumb-separator\">\u00bb<\/span><span class=\"aioseo-breadcrumb\">\n\tKI5808 \u2013 Gerecycleerde katoenen shopper \u201aK-loop project\u2018\n<\/span><\/div>","aioseo_breadcrumb_json":[{"label":"Home","link":"https:\/\/katoenendraagtassen.nl\/de\/"},{"label":"Shop","link":"https:\/\/katoenendraagtassen.nl\/shop\/"},{"label":"A404","link":"https:\/\/katoenendraagtassen.nl\/de\/product-supplier\/a404\/"},{"label":"KI5808 &#8211; Gerecycleerde katoenen shopper &#8218;K-loop project&#8216;","link":"https:\/\/katoenendraagtassen.nl\/de\/product\/5622\/ki5808-recycelte-tasche-im-cabas-stil-k-loop-project\/"}],"_links":{"self":[{"href":"https:\/\/katoenendraagtassen.nl\/de\/wp-json\/wp\/v2\/product\/5622","targetHints":{"allow":["GET"]}}],"collection":[{"href":"https:\/\/katoenendraagtassen.nl\/de\/wp-json\/wp\/v2\/product"}],"about":[{"href":"https:\/\/katoenendraagtassen.nl\/de\/wp-json\/wp\/v2\/types\/product"}],"wp:featuredmedia":[{"embeddable":true,"href":"https:\/\/katoenendraagtassen.nl\/de\/wp-json\/wp\/v2\/media\/5623"}],"wp:attachment":[{"href":"https:\/\/katoenendraagtassen.nl\/de\/wp-json\/wp\/v2\/media?parent=5622"}],"wp:term":[{"taxonomy":"product_brand","embeddable":true,"href":"https:\/\/katoenendraagtassen.nl\/de\/wp-json\/wp\/v2\/product_brand?post=5622"},{"taxonomy":"product_cat","embeddable":true,"href":"https:\/\/katoenendraagtassen.nl\/de\/wp-json\/wp\/v2\/product_cat?post=5622"},{"taxonomy":"product_tag","embeddable":true,"href":"https:\/\/katoenendraagtassen.nl\/de\/wp-json\/wp\/v2\/product_tag?post=5622"}],"curies":[{"name":"wp","href":"https:\/\/api.w.org\/{rel}","templated":true}]}}