{"id":4213,"date":"2026-02-06T14:03:59","date_gmt":"2026-02-06T14:03:59","guid":{"rendered":"https:\/\/katoenendraagtassen.shop.hidalgo.nl\/product\/katoenen-gymtas\/"},"modified":"2026-02-17T11:58:00","modified_gmt":"2026-02-17T11:58:00","slug":"katoenen-gymtas","status":"publish","type":"product","link":"https:\/\/katoenendraagtassen.nl\/de\/product\/4213\/turnbeutel-bedrucken-baumwolle-nachhaltig-sport-einheitsgroesse\/","title":{"rendered":"&#8211; Katoenen gymtas"},"content":{"rendered":"<p>100% Katoen, Sluiting met trekkoord, Het &#8222;natuurlijke&#8220; alternatief voor polyester gymtassen<\/p>\n","protected":false},"excerpt":{"rendered":"<p>100% Katoen, Sluiting met trekkoord, Het &#8222;natuurlijke&#8220; alternatief voor polyester gymtassen<\/p>\n","protected":false},"featured_media":4400,"template":"","meta":{"_acf_changed":false,"_monsterinsights_skip_tracking":false,"_monsterinsights_sitenote_active":false,"_monsterinsights_sitenote_note":"","_monsterinsights_sitenote_category":0},"product_brand":[286],"product_cat":[41,51],"product_tag":[],"class_list":{"0":"post-4213","1":"product","2":"type-product","3":"status-publish","4":"has-post-thumbnail","6":"product_supplier-a403","7":"product_material-katoen","8":"product_brand-westford-mill","9":"product_cat-reis-onderweg","10":"product_cat-rugtassen","11":"entry","13":"first","14":"instock","15":"taxable","16":"shipping-taxable","17":"purchasable","18":"product-type-variable"},"acf":{"imprint_cost":[{"imprint_cost_key":"33483b79de35c41f6a5968127e3727b83ce2fe0b","product_quantity_price_range":[{"imprint_cost_recommended_selling_price":"0","imprint_cost_recommended_selling_quantity":"1"}],"product_quantity_price_range_buying":false,"imprint_cost_setup_costs":"","imprint_cost_handling_costs":""}]},"aioseo_notices":[],"aioseo_head":"\n\t\t<!-- All in One SEO Pro 4.9.5.2 - aioseo.com -->\n\t<meta name=\"description\" content=\"Dieser nachhaltige Baumwoll-Turnbeutel in Einheitsgr\u00f6\u00dfe ist dein idealer Begleiter f\u00fcr Sport &amp; Alltag. Lass ihn mit deinem Logo individuell bedrucken, um deine Marke stilvoll zu pr\u00e4sentieren.\" \/>\n\t<meta name=\"robots\" content=\"max-image-preview:large\" \/>\n\t<meta name=\"google-site-verification\" content=\"UCXCM47iuIQOXxYT_rmg4k_pSRa_vVC6yBpzgVDnaZM\" \/>\n\t<link rel=\"canonical\" href=\"https:\/\/katoenendraagtassen.nl\/de\/wp-json\/wp\/v2\/product\/4213\" \/>\n\t<meta name=\"generator\" content=\"All in One SEO Pro (AIOSEO) 4.9.5.2\" \/>\n\t\t<meta property=\"og:locale\" content=\"de_DE\" \/>\n\t\t<meta property=\"og:site_name\" content=\"Katoenendraagtassen -\" \/>\n\t\t<meta property=\"og:type\" content=\"article\" \/>\n\t\t<meta property=\"og:title\" content=\"Turnbeutel bedrucken Baumwolle nachhaltig Sport Einheitsgr\u00f6\u00dfe\" \/>\n\t\t<meta property=\"og:description\" content=\"Dieser nachhaltige Baumwoll-Turnbeutel in Einheitsgr\u00f6\u00dfe ist dein idealer Begleiter f\u00fcr Sport &amp; Alltag. Lass ihn mit deinem Logo individuell bedrucken, um deine Marke stilvoll zu pr\u00e4sentieren.\" \/>\n\t\t<meta property=\"og:url\" content=\"https:\/\/katoenendraagtassen.nl\/de\/wp-json\/wp\/v2\/product\/4213\" \/>\n\t\t<meta property=\"og:image\" content=\"https:\/\/shop.hidalgo.nl\/wp-content\/uploads\/2026\/02\/cropped-draagtassen-logo.png\" \/>\n\t\t<meta property=\"og:image:secure_url\" content=\"https:\/\/shop.hidalgo.nl\/wp-content\/uploads\/2026\/02\/cropped-draagtassen-logo.png\" \/>\n\t\t<meta property=\"article:published_time\" content=\"2026-02-06T14:03:59+00:00\" \/>\n\t\t<meta property=\"article:modified_time\" content=\"2026-02-17T11:58:00+00:00\" \/>\n\t\t<meta name=\"twitter:card\" content=\"summary_large_image\" \/>\n\t\t<meta name=\"twitter:title\" content=\"Turnbeutel bedrucken Baumwolle nachhaltig Sport Einheitsgr\u00f6\u00dfe\" \/>\n\t\t<meta name=\"twitter:description\" content=\"Dieser nachhaltige Baumwoll-Turnbeutel in Einheitsgr\u00f6\u00dfe ist dein idealer Begleiter f\u00fcr Sport &amp; Alltag. Lass ihn mit deinem Logo individuell bedrucken, um deine Marke stilvoll zu pr\u00e4sentieren.\" \/>\n\t\t<meta name=\"twitter:image\" content=\"https:\/\/shop.hidalgo.nl\/wp-content\/uploads\/2026\/02\/cropped-draagtassen-logo.png\" \/>\n\t\t<script type=\"application\/ld+json\" class=\"aioseo-schema\">\n\t\t\t{\"@context\":\"https:\\\/\\\/schema.org\",\"@graph\":[{\"@type\":\"BreadcrumbList\",\"@id\":\"https:\\\/\\\/katoenendraagtassen.nl\\\/de\\\/product\\\/4213\\\/turnbeutel-bedrucken-baumwolle-nachhaltig-sport-einheitsgroesse\\\/#breadcrumblist\",\"itemListElement\":[{\"@type\":\"ListItem\",\"@id\":\"https:\\\/\\\/katoenendraagtassen.nl\\\/de\\\/#listItem\",\"position\":1,\"name\":\"Home\",\"item\":\"https:\\\/\\\/katoenendraagtassen.nl\\\/de\\\/\",\"nextItem\":{\"@type\":\"ListItem\",\"@id\":\"https:\\\/\\\/katoenendraagtassen.nl\\\/shop\\\/#listItem\",\"name\":\"Shop\"}},{\"@type\":\"ListItem\",\"@id\":\"https:\\\/\\\/katoenendraagtassen.nl\\\/shop\\\/#listItem\",\"position\":2,\"name\":\"Shop\",\"item\":\"https:\\\/\\\/katoenendraagtassen.nl\\\/shop\\\/\",\"nextItem\":{\"@type\":\"ListItem\",\"@id\":\"https:\\\/\\\/katoenendraagtassen.nl\\\/de\\\/product-supplier\\\/a403\\\/#listItem\",\"name\":\"A403-TopTex\"},\"previousItem\":{\"@type\":\"ListItem\",\"@id\":\"https:\\\/\\\/katoenendraagtassen.nl\\\/de\\\/#listItem\",\"name\":\"Home\"}},{\"@type\":\"ListItem\",\"@id\":\"https:\\\/\\\/katoenendraagtassen.nl\\\/de\\\/product-supplier\\\/a403\\\/#listItem\",\"position\":3,\"name\":\"A403-TopTex\",\"item\":\"https:\\\/\\\/katoenendraagtassen.nl\\\/de\\\/product-supplier\\\/a403\\\/\",\"nextItem\":{\"@type\":\"ListItem\",\"@id\":\"https:\\\/\\\/katoenendraagtassen.nl\\\/de\\\/product\\\/4213\\\/turnbeutel-bedrucken-baumwolle-nachhaltig-sport-einheitsgroesse\\\/#listItem\",\"name\":\"&#8211; Katoenen gymtas\"},\"previousItem\":{\"@type\":\"ListItem\",\"@id\":\"https:\\\/\\\/katoenendraagtassen.nl\\\/shop\\\/#listItem\",\"name\":\"Shop\"}},{\"@type\":\"ListItem\",\"@id\":\"https:\\\/\\\/katoenendraagtassen.nl\\\/de\\\/product\\\/4213\\\/turnbeutel-bedrucken-baumwolle-nachhaltig-sport-einheitsgroesse\\\/#listItem\",\"position\":4,\"name\":\"&#8211; Katoenen gymtas\",\"previousItem\":{\"@type\":\"ListItem\",\"@id\":\"https:\\\/\\\/katoenendraagtassen.nl\\\/de\\\/product-supplier\\\/a403\\\/#listItem\",\"name\":\"A403-TopTex\"}}]},{\"@type\":\"Organization\",\"@id\":\"https:\\\/\\\/katoenendraagtassen.nl\\\/de\\\/#organization\",\"name\":\"Katoenendraagtassen\",\"url\":\"https:\\\/\\\/katoenendraagtassen.nl\\\/de\\\/\",\"logo\":{\"@type\":\"ImageObject\",\"url\":\"https:\\\/\\\/shop.hidalgo.nl\\\/wp-content\\\/uploads\\\/2026\\\/02\\\/cropped-draagtassen-logo.png\",\"@id\":\"https:\\\/\\\/katoenendraagtassen.nl\\\/de\\\/product\\\/4213\\\/turnbeutel-bedrucken-baumwolle-nachhaltig-sport-einheitsgroesse\\\/#organizationLogo\",\"width\":419,\"height\":259},\"image\":{\"@id\":\"https:\\\/\\\/katoenendraagtassen.nl\\\/de\\\/product\\\/4213\\\/turnbeutel-bedrucken-baumwolle-nachhaltig-sport-einheitsgroesse\\\/#organizationLogo\"}},{\"@type\":\"WebPage\",\"@id\":\"https:\\\/\\\/katoenendraagtassen.nl\\\/de\\\/product\\\/4213\\\/turnbeutel-bedrucken-baumwolle-nachhaltig-sport-einheitsgroesse\\\/#webpage\",\"url\":\"https:\\\/\\\/katoenendraagtassen.nl\\\/de\\\/product\\\/4213\\\/turnbeutel-bedrucken-baumwolle-nachhaltig-sport-einheitsgroesse\\\/\",\"name\":\"Turnbeutel bedrucken Baumwolle nachhaltig Sport Einheitsgr\\u00f6\\u00dfe\",\"description\":\"Dieser nachhaltige Baumwoll-Turnbeutel in Einheitsgr\\u00f6\\u00dfe ist dein idealer Begleiter f\\u00fcr Sport & Alltag. Lass ihn mit deinem Logo individuell bedrucken, um deine Marke stilvoll zu pr\\u00e4sentieren.\",\"inLanguage\":\"de-DE\",\"isPartOf\":{\"@id\":\"https:\\\/\\\/katoenendraagtassen.nl\\\/de\\\/#website\"},\"breadcrumb\":{\"@id\":\"https:\\\/\\\/katoenendraagtassen.nl\\\/de\\\/product\\\/4213\\\/turnbeutel-bedrucken-baumwolle-nachhaltig-sport-einheitsgroesse\\\/#breadcrumblist\"},\"image\":{\"@type\":\"ImageObject\",\"url\":\"https:\\\/\\\/shop.hidalgo.nl\\\/wp-content\\\/uploads\\\/2025\\\/06\\\/0ae5670d240aa42d2dd2dc2b4d6afac7ee99372b44a8c2b8d91df8cf047d4ffc.png\",\"@id\":\"https:\\\/\\\/katoenendraagtassen.nl\\\/de\\\/product\\\/4213\\\/turnbeutel-bedrucken-baumwolle-nachhaltig-sport-einheitsgroesse\\\/#mainImage\"},\"primaryImageOfPage\":{\"@id\":\"https:\\\/\\\/katoenendraagtassen.nl\\\/de\\\/product\\\/4213\\\/turnbeutel-bedrucken-baumwolle-nachhaltig-sport-einheitsgroesse\\\/#mainImage\"},\"datePublished\":\"2026-02-06T14:03:59+01:00\",\"dateModified\":\"2026-02-17T11:58:00+01:00\"},{\"@type\":\"WebSite\",\"@id\":\"https:\\\/\\\/katoenendraagtassen.nl\\\/de\\\/#website\",\"url\":\"https:\\\/\\\/katoenendraagtassen.nl\\\/de\\\/\",\"name\":\"Katoenendraagtassen\",\"inLanguage\":\"de-DE\",\"publisher\":{\"@id\":\"https:\\\/\\\/katoenendraagtassen.nl\\\/de\\\/#organization\"}}]}\n\t\t<\/script>\n\t\t<!-- All in One SEO Pro -->\r\n\t\t<title>Turnbeutel bedrucken Baumwolle nachhaltig Sport Einheitsgr\u00f6\u00dfe<\/title>\n\n","aioseo_head_json":{"title":"Turnbeutel bedrucken Baumwolle nachhaltig Sport Einheitsgr\u00f6\u00dfe","description":"Dieser nachhaltige Baumwoll-Turnbeutel in Einheitsgr\u00f6\u00dfe ist dein idealer Begleiter f\u00fcr Sport & Alltag. Lass ihn mit deinem Logo individuell bedrucken, um deine Marke stilvoll zu pr\u00e4sentieren.","canonical_url":"https:\/\/katoenendraagtassen.nl\/de\/wp-json\/wp\/v2\/product\/4213","robots":"max-image-preview:large","keywords":"","webmasterTools":{"google-site-verification":"UCXCM47iuIQOXxYT_rmg4k_pSRa_vVC6yBpzgVDnaZM","miscellaneous":""},"schema":{"@context":"https:\/\/schema.org","@graph":[{"@type":"BreadcrumbList","@id":"https:\/\/katoenendraagtassen.nl\/de\/product\/4213\/turnbeutel-bedrucken-baumwolle-nachhaltig-sport-einheitsgroesse\/#breadcrumblist","itemListElement":[{"@type":"ListItem","@id":"https:\/\/katoenendraagtassen.nl\/de\/#listItem","position":1,"name":"Home","item":"https:\/\/katoenendraagtassen.nl\/de\/","nextItem":{"@type":"ListItem","@id":"https:\/\/katoenendraagtassen.nl\/shop\/#listItem","name":"Shop"}},{"@type":"ListItem","@id":"https:\/\/katoenendraagtassen.nl\/shop\/#listItem","position":2,"name":"Shop","item":"https:\/\/katoenendraagtassen.nl\/shop\/","nextItem":{"@type":"ListItem","@id":"https:\/\/katoenendraagtassen.nl\/de\/product-supplier\/a403\/#listItem","name":"A403-TopTex"},"previousItem":{"@type":"ListItem","@id":"https:\/\/katoenendraagtassen.nl\/de\/#listItem","name":"Home"}},{"@type":"ListItem","@id":"https:\/\/katoenendraagtassen.nl\/de\/product-supplier\/a403\/#listItem","position":3,"name":"A403-TopTex","item":"https:\/\/katoenendraagtassen.nl\/de\/product-supplier\/a403\/","nextItem":{"@type":"ListItem","@id":"https:\/\/katoenendraagtassen.nl\/de\/product\/4213\/turnbeutel-bedrucken-baumwolle-nachhaltig-sport-einheitsgroesse\/#listItem","name":"&#8211; Katoenen gymtas"},"previousItem":{"@type":"ListItem","@id":"https:\/\/katoenendraagtassen.nl\/shop\/#listItem","name":"Shop"}},{"@type":"ListItem","@id":"https:\/\/katoenendraagtassen.nl\/de\/product\/4213\/turnbeutel-bedrucken-baumwolle-nachhaltig-sport-einheitsgroesse\/#listItem","position":4,"name":"&#8211; Katoenen gymtas","previousItem":{"@type":"ListItem","@id":"https:\/\/katoenendraagtassen.nl\/de\/product-supplier\/a403\/#listItem","name":"A403-TopTex"}}]},{"@type":"Organization","@id":"https:\/\/katoenendraagtassen.nl\/de\/#organization","name":"Katoenendraagtassen","url":"https:\/\/katoenendraagtassen.nl\/de\/","logo":{"@type":"ImageObject","url":"https:\/\/shop.hidalgo.nl\/wp-content\/uploads\/2026\/02\/cropped-draagtassen-logo.png","@id":"https:\/\/katoenendraagtassen.nl\/de\/product\/4213\/turnbeutel-bedrucken-baumwolle-nachhaltig-sport-einheitsgroesse\/#organizationLogo","width":419,"height":259},"image":{"@id":"https:\/\/katoenendraagtassen.nl\/de\/product\/4213\/turnbeutel-bedrucken-baumwolle-nachhaltig-sport-einheitsgroesse\/#organizationLogo"}},{"@type":"WebPage","@id":"https:\/\/katoenendraagtassen.nl\/de\/product\/4213\/turnbeutel-bedrucken-baumwolle-nachhaltig-sport-einheitsgroesse\/#webpage","url":"https:\/\/katoenendraagtassen.nl\/de\/product\/4213\/turnbeutel-bedrucken-baumwolle-nachhaltig-sport-einheitsgroesse\/","name":"Turnbeutel bedrucken Baumwolle nachhaltig Sport Einheitsgr\u00f6\u00dfe","description":"Dieser nachhaltige Baumwoll-Turnbeutel in Einheitsgr\u00f6\u00dfe ist dein idealer Begleiter f\u00fcr Sport & Alltag. Lass ihn mit deinem Logo individuell bedrucken, um deine Marke stilvoll zu pr\u00e4sentieren.","inLanguage":"de-DE","isPartOf":{"@id":"https:\/\/katoenendraagtassen.nl\/de\/#website"},"breadcrumb":{"@id":"https:\/\/katoenendraagtassen.nl\/de\/product\/4213\/turnbeutel-bedrucken-baumwolle-nachhaltig-sport-einheitsgroesse\/#breadcrumblist"},"image":{"@type":"ImageObject","url":"https:\/\/shop.hidalgo.nl\/wp-content\/uploads\/2025\/06\/0ae5670d240aa42d2dd2dc2b4d6afac7ee99372b44a8c2b8d91df8cf047d4ffc.png","@id":"https:\/\/katoenendraagtassen.nl\/de\/product\/4213\/turnbeutel-bedrucken-baumwolle-nachhaltig-sport-einheitsgroesse\/#mainImage"},"primaryImageOfPage":{"@id":"https:\/\/katoenendraagtassen.nl\/de\/product\/4213\/turnbeutel-bedrucken-baumwolle-nachhaltig-sport-einheitsgroesse\/#mainImage"},"datePublished":"2026-02-06T14:03:59+01:00","dateModified":"2026-02-17T11:58:00+01:00"},{"@type":"WebSite","@id":"https:\/\/katoenendraagtassen.nl\/de\/#website","url":"https:\/\/katoenendraagtassen.nl\/de\/","name":"Katoenendraagtassen","inLanguage":"de-DE","publisher":{"@id":"https:\/\/katoenendraagtassen.nl\/de\/#organization"}}]},"og:locale":"de_DE","og:site_name":"Katoenendraagtassen -","og:type":"article","og:title":"Turnbeutel bedrucken Baumwolle nachhaltig Sport Einheitsgr\u00f6\u00dfe","og:description":"Dieser nachhaltige Baumwoll-Turnbeutel in Einheitsgr\u00f6\u00dfe ist dein idealer Begleiter f\u00fcr Sport &amp; Alltag. Lass ihn mit deinem Logo individuell bedrucken, um deine Marke stilvoll zu pr\u00e4sentieren.","og:url":"https:\/\/katoenendraagtassen.nl\/de\/wp-json\/wp\/v2\/product\/4213","og:image":"https:\/\/shop.hidalgo.nl\/wp-content\/uploads\/2026\/02\/cropped-draagtassen-logo.png","og:image:secure_url":"https:\/\/shop.hidalgo.nl\/wp-content\/uploads\/2026\/02\/cropped-draagtassen-logo.png","article:published_time":"2026-02-06T14:03:59+00:00","article:modified_time":"2026-02-17T11:58:00+00:00","twitter:card":"summary_large_image","twitter:title":"Turnbeutel bedrucken Baumwolle nachhaltig Sport Einheitsgr\u00f6\u00dfe","twitter:description":"Dieser nachhaltige Baumwoll-Turnbeutel in Einheitsgr\u00f6\u00dfe ist dein idealer Begleiter f\u00fcr Sport &amp; Alltag. Lass ihn mit deinem Logo individuell bedrucken, um deine Marke stilvoll zu pr\u00e4sentieren.","twitter:image":"https:\/\/shop.hidalgo.nl\/wp-content\/uploads\/2026\/02\/cropped-draagtassen-logo.png"},"aioseo_meta_data":{"post_id":"4213","title":null,"description":null,"keywords":null,"keyphrases":null,"canonical_url":null,"og_title":null,"og_description":null,"og_object_type":"default","og_image_type":"default","og_image_custom_url":null,"og_image_custom_fields":null,"og_custom_image_width":null,"og_custom_image_height":null,"og_video":null,"og_custom_url":null,"og_article_section":null,"og_article_tags":null,"twitter_use_og":false,"twitter_card":"default","twitter_image_type":"default","twitter_image_custom_url":null,"twitter_image_custom_fields":null,"twitter_title":null,"twitter_description":null,"schema_type":null,"schema_type_options":null,"pillar_content":false,"robots_default":true,"robots_noindex":false,"robots_noarchive":false,"robots_nosnippet":false,"robots_nofollow":false,"robots_noimageindex":false,"robots_noodp":false,"robots_notranslate":false,"robots_max_snippet":null,"robots_max_videopreview":null,"robots_max_imagepreview":"none","tabs":null,"priority":null,"frequency":null,"local_seo":null,"created":"2026-02-06 14:04:50","updated":"2026-02-17 12:32:40"},"aioseo_breadcrumb":"<div class=\"aioseo-breadcrumbs\"><span class=\"aioseo-breadcrumb\">\n\t<a href=\"https:\/\/katoenendraagtassen.nl\/de\/\" title=\"Home\">Home<\/a>\n<\/span><span class=\"aioseo-breadcrumb-separator\">\u00bb<\/span><span class=\"aioseo-breadcrumb\">\n\t<a href=\"https:\/\/katoenendraagtassen.nl\/shop\/\" title=\"Shop\">Shop<\/a>\n<\/span><span class=\"aioseo-breadcrumb-separator\">\u00bb<\/span><span class=\"aioseo-breadcrumb\">\n\t<a href=\"https:\/\/katoenendraagtassen.nl\/de\/product-supplier\/a403\/\" title=\"A403-TopTex\">A403-TopTex<\/a>\n<\/span><span class=\"aioseo-breadcrumb-separator\">\u00bb<\/span><span class=\"aioseo-breadcrumb\">\n\t\u2013 Katoenen gymtas\n<\/span><\/div>","aioseo_breadcrumb_json":[{"label":"Home","link":"https:\/\/katoenendraagtassen.nl\/de\/"},{"label":"Shop","link":"https:\/\/katoenendraagtassen.nl\/shop\/"},{"label":"A403-TopTex","link":"https:\/\/katoenendraagtassen.nl\/de\/product-supplier\/a403\/"},{"label":"&#8211; Katoenen gymtas","link":"https:\/\/katoenendraagtassen.nl\/de\/product\/4213\/turnbeutel-bedrucken-baumwolle-nachhaltig-sport-einheitsgroesse\/"}],"_links":{"self":[{"href":"https:\/\/katoenendraagtassen.nl\/de\/wp-json\/wp\/v2\/product\/4213","targetHints":{"allow":["GET"]}}],"collection":[{"href":"https:\/\/katoenendraagtassen.nl\/de\/wp-json\/wp\/v2\/product"}],"about":[{"href":"https:\/\/katoenendraagtassen.nl\/de\/wp-json\/wp\/v2\/types\/product"}],"wp:featuredmedia":[{"embeddable":true,"href":"https:\/\/katoenendraagtassen.nl\/de\/wp-json\/wp\/v2\/media\/4400"}],"wp:attachment":[{"href":"https:\/\/katoenendraagtassen.nl\/de\/wp-json\/wp\/v2\/media?parent=4213"}],"wp:term":[{"taxonomy":"product_brand","embeddable":true,"href":"https:\/\/katoenendraagtassen.nl\/de\/wp-json\/wp\/v2\/product_brand?post=4213"},{"taxonomy":"product_cat","embeddable":true,"href":"https:\/\/katoenendraagtassen.nl\/de\/wp-json\/wp\/v2\/product_cat?post=4213"},{"taxonomy":"product_tag","embeddable":true,"href":"https:\/\/katoenendraagtassen.nl\/de\/wp-json\/wp\/v2\/product_tag?post=4213"}],"curies":[{"name":"wp","href":"https:\/\/api.w.org\/{rel}","templated":true}]}}