{"id":411,"date":"2026-02-06T08:22:18","date_gmt":"2026-02-06T08:22:18","guid":{"rendered":"https:\/\/katoenendraagtassen.shop.hidalgo.nl\/product\/katoen-140-gsm-boodschappentas-kenneth\/"},"modified":"2026-02-17T11:58:25","modified_gmt":"2026-02-17T11:58:25","slug":"katoen-140-gsm-boodschappentas-kenneth","status":"publish","type":"product","link":"https:\/\/katoenendraagtassen.nl\/de\/product\/411\/baumwoll-einkaufstasche-kenneth-bedrucken-140-g-m%c2%b2-oeko-tex\/","title":{"rendered":"Katoen (140 gsm) boodschappentas Kenneth"},"content":{"rendered":"<p>Geverfd katoenen (140 gsm) draag-\/boodschappentas. Maximale draagkracht: ca. 8 kg. Dit product is OEKO-TEX\u00ae STANDAARD 100 gecertificeerd.<\/p>\n","protected":false},"excerpt":{"rendered":"<p>Geverfd katoenen (140 gsm) draag-\/boodschappentas. Maximale draagkracht: ca. 8 kg. Dit product is OEKO-TEX\u00ae STANDAARD 100 gecertificeerd.<\/p>\n","protected":false},"featured_media":412,"template":"","meta":{"_acf_changed":false,"_monsterinsights_skip_tracking":false,"_monsterinsights_sitenote_active":false,"_monsterinsights_sitenote_note":"","_monsterinsights_sitenote_category":0},"product_brand":[60],"product_cat":[42,44],"product_tag":[],"class_list":{"0":"post-411","1":"product","2":"type-product","3":"status-publish","4":"has-post-thumbnail","6":"product_supplier-a58","7":"product_material-katoen-140-150-g-m2","8":"product_brand-impression","9":"product_cat-boodschappen-retail","10":"product_cat-katoenen-tassen","11":"entry","13":"first","14":"instock","15":"taxable","16":"shipping-taxable","17":"purchasable","18":"product-type-variable"},"acf":{"imprint_cost":[{"imprint_cost_key":"80221c87e08f679a367f5ce524d511462db79781","product_quantity_price_range":[{"imprint_cost_recommended_selling_price":"1.54","imprint_cost_recommended_selling_quantity":"1"},{"imprint_cost_recommended_selling_price":"1.31","imprint_cost_recommended_selling_quantity":"25"},{"imprint_cost_recommended_selling_price":"1.11","imprint_cost_recommended_selling_quantity":"50"},{"imprint_cost_recommended_selling_price":"0.88","imprint_cost_recommended_selling_quantity":"100"},{"imprint_cost_recommended_selling_price":"0.66","imprint_cost_recommended_selling_quantity":"250"},{"imprint_cost_recommended_selling_price":"0.58","imprint_cost_recommended_selling_quantity":"500"},{"imprint_cost_recommended_selling_price":"0.57","imprint_cost_recommended_selling_quantity":"1000"},{"imprint_cost_recommended_selling_price":"0.55","imprint_cost_recommended_selling_quantity":"2500"},{"imprint_cost_recommended_selling_price":"0.52","imprint_cost_recommended_selling_quantity":"5000"}],"product_quantity_price_range_buying":false,"imprint_cost_setup_costs":"60.77","imprint_cost_handling_costs":"0.2"},{"imprint_cost_key":"925c140b30580907b84072d4b0b7da6e7920acd2","product_quantity_price_range":[{"imprint_cost_recommended_selling_price":"1.77","imprint_cost_recommended_selling_quantity":"1"},{"imprint_cost_recommended_selling_price":"1.49","imprint_cost_recommended_selling_quantity":"25"},{"imprint_cost_recommended_selling_price":"1.4","imprint_cost_recommended_selling_quantity":"50"},{"imprint_cost_recommended_selling_price":"1.31","imprint_cost_recommended_selling_quantity":"100"},{"imprint_cost_recommended_selling_price":"1.23","imprint_cost_recommended_selling_quantity":"250"},{"imprint_cost_recommended_selling_price":"1.14","imprint_cost_recommended_selling_quantity":"500"},{"imprint_cost_recommended_selling_price":"1.06","imprint_cost_recommended_selling_quantity":"1000"},{"imprint_cost_recommended_selling_price":"0.95","imprint_cost_recommended_selling_quantity":"2500"},{"imprint_cost_recommended_selling_price":"0.89","imprint_cost_recommended_selling_quantity":"5000"},{"imprint_cost_recommended_selling_price":"0.88","imprint_cost_recommended_selling_quantity":"10000"},{"imprint_cost_recommended_selling_price":"0.86","imprint_cost_recommended_selling_quantity":"25000"}],"product_quantity_price_range_buying":false,"imprint_cost_setup_costs":"60.77","imprint_cost_handling_costs":"0.2"},{"imprint_cost_key":"ebcc47ad080ebdaa18e798660f06b8a13a1dc5ec","product_quantity_price_range":[{"imprint_cost_recommended_selling_price":"5.63","imprint_cost_recommended_selling_quantity":"1"},{"imprint_cost_recommended_selling_price":"4.25","imprint_cost_recommended_selling_quantity":"25"},{"imprint_cost_recommended_selling_price":"3.58","imprint_cost_recommended_selling_quantity":"50"},{"imprint_cost_recommended_selling_price":"2.91","imprint_cost_recommended_selling_quantity":"100"},{"imprint_cost_recommended_selling_price":"2.23","imprint_cost_recommended_selling_quantity":"250"},{"imprint_cost_recommended_selling_price":"1.55","imprint_cost_recommended_selling_quantity":"500"},{"imprint_cost_recommended_selling_price":"1.4","imprint_cost_recommended_selling_quantity":"1000"},{"imprint_cost_recommended_selling_price":"1.25","imprint_cost_recommended_selling_quantity":"2500"},{"imprint_cost_recommended_selling_price":"1.22","imprint_cost_recommended_selling_quantity":"5000"},{"imprint_cost_recommended_selling_price":"1.17","imprint_cost_recommended_selling_quantity":"10000"}],"product_quantity_price_range_buying":false,"imprint_cost_setup_costs":"60.77","imprint_cost_handling_costs":"0.2"},{"imprint_cost_key":"1de0e72b41443b9ccef0eba29a9ee6896c33601e","product_quantity_price_range":[{"imprint_cost_recommended_selling_price":"9.49","imprint_cost_recommended_selling_quantity":"1"},{"imprint_cost_recommended_selling_price":"6.88","imprint_cost_recommended_selling_quantity":"25"},{"imprint_cost_recommended_selling_price":"5.26","imprint_cost_recommended_selling_quantity":"50"},{"imprint_cost_recommended_selling_price":"4.06","imprint_cost_recommended_selling_quantity":"100"},{"imprint_cost_recommended_selling_price":"3.23","imprint_cost_recommended_selling_quantity":"250"},{"imprint_cost_recommended_selling_price":"2.13","imprint_cost_recommended_selling_quantity":"500"},{"imprint_cost_recommended_selling_price":"1.95","imprint_cost_recommended_selling_quantity":"1000"},{"imprint_cost_recommended_selling_price":"1.76","imprint_cost_recommended_selling_quantity":"2500"},{"imprint_cost_recommended_selling_price":"1.7","imprint_cost_recommended_selling_quantity":"5000"},{"imprint_cost_recommended_selling_price":"1.65","imprint_cost_recommended_selling_quantity":"10000"}],"product_quantity_price_range_buying":false,"imprint_cost_setup_costs":"121.54","imprint_cost_handling_costs":"0.2"},{"imprint_cost_key":"63bb0faef02c45939c4dcd82a1959f5b15c7a3bd","product_quantity_price_range":[{"imprint_cost_recommended_selling_price":"3.83","imprint_cost_recommended_selling_quantity":"1"},{"imprint_cost_recommended_selling_price":"2.08","imprint_cost_recommended_selling_quantity":"25"},{"imprint_cost_recommended_selling_price":"1.48","imprint_cost_recommended_selling_quantity":"50"},{"imprint_cost_recommended_selling_price":"0.86","imprint_cost_recommended_selling_quantity":"100"},{"imprint_cost_recommended_selling_price":"0.66","imprint_cost_recommended_selling_quantity":"250"},{"imprint_cost_recommended_selling_price":"0.57","imprint_cost_recommended_selling_quantity":"500"},{"imprint_cost_recommended_selling_price":"0.4","imprint_cost_recommended_selling_quantity":"1000"},{"imprint_cost_recommended_selling_price":"0.37","imprint_cost_recommended_selling_quantity":"2500"},{"imprint_cost_recommended_selling_price":"0.34","imprint_cost_recommended_selling_quantity":"5000"}],"product_quantity_price_range_buying":false,"imprint_cost_setup_costs":"52.31","imprint_cost_handling_costs":"0.08"},{"imprint_cost_key":"ffc199e22f9f94df65977131a3e116295c16c6b3","product_quantity_price_range":[{"imprint_cost_recommended_selling_price":"7.26","imprint_cost_recommended_selling_quantity":"1"},{"imprint_cost_recommended_selling_price":"3.96","imprint_cost_recommended_selling_quantity":"25"},{"imprint_cost_recommended_selling_price":"2.74","imprint_cost_recommended_selling_quantity":"50"},{"imprint_cost_recommended_selling_price":"1.51","imprint_cost_recommended_selling_quantity":"100"},{"imprint_cost_recommended_selling_price":"1.26","imprint_cost_recommended_selling_quantity":"250"},{"imprint_cost_recommended_selling_price":"1.06","imprint_cost_recommended_selling_quantity":"500"},{"imprint_cost_recommended_selling_price":"0.78","imprint_cost_recommended_selling_quantity":"1000"},{"imprint_cost_recommended_selling_price":"0.68","imprint_cost_recommended_selling_quantity":"2500"},{"imprint_cost_recommended_selling_price":"0.65","imprint_cost_recommended_selling_quantity":"5000"}],"product_quantity_price_range_buying":false,"imprint_cost_setup_costs":"104.62","imprint_cost_handling_costs":"0.08"},{"imprint_cost_key":"7c4cf5d62998fa5ebb600fcff301df93fef3e91d","product_quantity_price_range":[{"imprint_cost_recommended_selling_price":"3","imprint_cost_recommended_selling_quantity":"1"},{"imprint_cost_recommended_selling_price":"1.82","imprint_cost_recommended_selling_quantity":"25"},{"imprint_cost_recommended_selling_price":"1.6","imprint_cost_recommended_selling_quantity":"50"},{"imprint_cost_recommended_selling_price":"1.46","imprint_cost_recommended_selling_quantity":"100"},{"imprint_cost_recommended_selling_price":"1.29","imprint_cost_recommended_selling_quantity":"250"},{"imprint_cost_recommended_selling_price":"1.18","imprint_cost_recommended_selling_quantity":"500"},{"imprint_cost_recommended_selling_price":"1.06","imprint_cost_recommended_selling_quantity":"1000"},{"imprint_cost_recommended_selling_price":"0.92","imprint_cost_recommended_selling_quantity":"2500"},{"imprint_cost_recommended_selling_price":"0.86","imprint_cost_recommended_selling_quantity":"5000"}],"product_quantity_price_range_buying":false,"imprint_cost_setup_costs":"38.46","imprint_cost_handling_costs":"0.08"}]},"aioseo_notices":[],"aioseo_head":"\n\t\t<!-- All in One SEO Pro 4.9.5.2 - aioseo.com -->\n\t<meta name=\"description\" content=\"Mache deine Marke sichtbar: Die vielseitige Baumwolltasche Kenneth ist ideal zum Logo bedrucken und perfekt f\u00fcr nachhaltige Promotionaktionen &amp; Events. Als OEKO-TEX\u00ae zertifiziertes Produkt entscheidest du dich f\u00fcr Qualit\u00e4t. W\u00e4hle deinen Favoriten aus vielen Farben f\u00fcr deinen erfolgreichen Auftritt.\" \/>\n\t<meta name=\"robots\" content=\"max-image-preview:large\" \/>\n\t<meta name=\"google-site-verification\" content=\"UCXCM47iuIQOXxYT_rmg4k_pSRa_vVC6yBpzgVDnaZM\" \/>\n\t<link rel=\"canonical\" href=\"https:\/\/katoenendraagtassen.nl\/de\/wp-json\/wp\/v2\/product\/411\" \/>\n\t<meta name=\"generator\" content=\"All in One SEO Pro (AIOSEO) 4.9.5.2\" \/>\n\t\t<meta property=\"og:locale\" content=\"de_DE\" \/>\n\t\t<meta property=\"og:site_name\" content=\"Katoenendraagtassen -\" \/>\n\t\t<meta property=\"og:type\" content=\"article\" \/>\n\t\t<meta property=\"og:title\" content=\"Baumwoll-Einkaufstasche Kenneth bedrucken 140 g\/m\u00b2 OEKO-TEX\" \/>\n\t\t<meta property=\"og:description\" content=\"Mache deine Marke sichtbar: Die vielseitige Baumwolltasche Kenneth ist ideal zum Logo bedrucken und perfekt f\u00fcr nachhaltige Promotionaktionen &amp; Events. Als OEKO-TEX\u00ae zertifiziertes Produkt entscheidest du dich f\u00fcr Qualit\u00e4t. W\u00e4hle deinen Favoriten aus vielen Farben f\u00fcr deinen erfolgreichen Auftritt.\" \/>\n\t\t<meta property=\"og:url\" content=\"https:\/\/katoenendraagtassen.nl\/de\/wp-json\/wp\/v2\/product\/411\" \/>\n\t\t<meta property=\"og:image\" content=\"https:\/\/shop.hidalgo.nl\/wp-content\/uploads\/2026\/02\/cropped-draagtassen-logo.png\" \/>\n\t\t<meta property=\"og:image:secure_url\" content=\"https:\/\/shop.hidalgo.nl\/wp-content\/uploads\/2026\/02\/cropped-draagtassen-logo.png\" \/>\n\t\t<meta property=\"article:published_time\" content=\"2026-02-06T08:22:18+00:00\" \/>\n\t\t<meta property=\"article:modified_time\" content=\"2026-02-17T11:58:25+00:00\" \/>\n\t\t<meta name=\"twitter:card\" content=\"summary_large_image\" \/>\n\t\t<meta name=\"twitter:title\" content=\"Baumwoll-Einkaufstasche Kenneth bedrucken 140 g\/m\u00b2 OEKO-TEX\" \/>\n\t\t<meta name=\"twitter:description\" content=\"Mache deine Marke sichtbar: Die vielseitige Baumwolltasche Kenneth ist ideal zum Logo bedrucken und perfekt f\u00fcr nachhaltige Promotionaktionen &amp; Events. Als OEKO-TEX\u00ae zertifiziertes Produkt entscheidest du dich f\u00fcr Qualit\u00e4t. W\u00e4hle deinen Favoriten aus vielen Farben f\u00fcr deinen erfolgreichen Auftritt.\" \/>\n\t\t<meta name=\"twitter:image\" content=\"https:\/\/shop.hidalgo.nl\/wp-content\/uploads\/2026\/02\/cropped-draagtassen-logo.png\" \/>\n\t\t<script type=\"application\/ld+json\" class=\"aioseo-schema\">\n\t\t\t{\"@context\":\"https:\\\/\\\/schema.org\",\"@graph\":[{\"@type\":\"BreadcrumbList\",\"@id\":\"https:\\\/\\\/katoenendraagtassen.nl\\\/de\\\/product\\\/411\\\/baumwoll-einkaufstasche-kenneth-bedrucken-140-g-m%c2%b2-oeko-tex\\\/#breadcrumblist\",\"itemListElement\":[{\"@type\":\"ListItem\",\"@id\":\"https:\\\/\\\/katoenendraagtassen.nl\\\/de\\\/#listItem\",\"position\":1,\"name\":\"Home\",\"item\":\"https:\\\/\\\/katoenendraagtassen.nl\\\/de\\\/\",\"nextItem\":{\"@type\":\"ListItem\",\"@id\":\"https:\\\/\\\/katoenendraagtassen.nl\\\/shop\\\/#listItem\",\"name\":\"Shop\"}},{\"@type\":\"ListItem\",\"@id\":\"https:\\\/\\\/katoenendraagtassen.nl\\\/shop\\\/#listItem\",\"position\":2,\"name\":\"Shop\",\"item\":\"https:\\\/\\\/katoenendraagtassen.nl\\\/shop\\\/\",\"nextItem\":{\"@type\":\"ListItem\",\"@id\":\"https:\\\/\\\/katoenendraagtassen.nl\\\/de\\\/product-supplier\\\/a58\\\/#listItem\",\"name\":\"A58-Giving\"},\"previousItem\":{\"@type\":\"ListItem\",\"@id\":\"https:\\\/\\\/katoenendraagtassen.nl\\\/de\\\/#listItem\",\"name\":\"Home\"}},{\"@type\":\"ListItem\",\"@id\":\"https:\\\/\\\/katoenendraagtassen.nl\\\/de\\\/product-supplier\\\/a58\\\/#listItem\",\"position\":3,\"name\":\"A58-Giving\",\"item\":\"https:\\\/\\\/katoenendraagtassen.nl\\\/de\\\/product-supplier\\\/a58\\\/\",\"nextItem\":{\"@type\":\"ListItem\",\"@id\":\"https:\\\/\\\/katoenendraagtassen.nl\\\/de\\\/product\\\/411\\\/baumwoll-einkaufstasche-kenneth-bedrucken-140-g-m%c2%b2-oeko-tex\\\/#listItem\",\"name\":\"Katoen (140 gsm) boodschappentas Kenneth\"},\"previousItem\":{\"@type\":\"ListItem\",\"@id\":\"https:\\\/\\\/katoenendraagtassen.nl\\\/shop\\\/#listItem\",\"name\":\"Shop\"}},{\"@type\":\"ListItem\",\"@id\":\"https:\\\/\\\/katoenendraagtassen.nl\\\/de\\\/product\\\/411\\\/baumwoll-einkaufstasche-kenneth-bedrucken-140-g-m%c2%b2-oeko-tex\\\/#listItem\",\"position\":4,\"name\":\"Katoen (140 gsm) boodschappentas Kenneth\",\"previousItem\":{\"@type\":\"ListItem\",\"@id\":\"https:\\\/\\\/katoenendraagtassen.nl\\\/de\\\/product-supplier\\\/a58\\\/#listItem\",\"name\":\"A58-Giving\"}}]},{\"@type\":\"Organization\",\"@id\":\"https:\\\/\\\/katoenendraagtassen.nl\\\/de\\\/#organization\",\"name\":\"Katoenendraagtassen\",\"url\":\"https:\\\/\\\/katoenendraagtassen.nl\\\/de\\\/\",\"logo\":{\"@type\":\"ImageObject\",\"url\":\"https:\\\/\\\/shop.hidalgo.nl\\\/wp-content\\\/uploads\\\/2026\\\/02\\\/cropped-draagtassen-logo.png\",\"@id\":\"https:\\\/\\\/katoenendraagtassen.nl\\\/de\\\/product\\\/411\\\/baumwoll-einkaufstasche-kenneth-bedrucken-140-g-m%c2%b2-oeko-tex\\\/#organizationLogo\",\"width\":419,\"height\":259},\"image\":{\"@id\":\"https:\\\/\\\/katoenendraagtassen.nl\\\/de\\\/product\\\/411\\\/baumwoll-einkaufstasche-kenneth-bedrucken-140-g-m%c2%b2-oeko-tex\\\/#organizationLogo\"}},{\"@type\":\"WebPage\",\"@id\":\"https:\\\/\\\/katoenendraagtassen.nl\\\/de\\\/product\\\/411\\\/baumwoll-einkaufstasche-kenneth-bedrucken-140-g-m%c2%b2-oeko-tex\\\/#webpage\",\"url\":\"https:\\\/\\\/katoenendraagtassen.nl\\\/de\\\/product\\\/411\\\/baumwoll-einkaufstasche-kenneth-bedrucken-140-g-m%c2%b2-oeko-tex\\\/\",\"name\":\"Baumwoll-Einkaufstasche Kenneth bedrucken 140 g\\\/m\\u00b2 OEKO-TEX\",\"description\":\"Mache deine Marke sichtbar: Die vielseitige Baumwolltasche Kenneth ist ideal zum Logo bedrucken und perfekt f\\u00fcr nachhaltige Promotionaktionen & Events. Als OEKO-TEX\\u00ae zertifiziertes Produkt entscheidest du dich f\\u00fcr Qualit\\u00e4t. W\\u00e4hle deinen Favoriten aus vielen Farben f\\u00fcr deinen erfolgreichen Auftritt.\",\"inLanguage\":\"de-DE\",\"isPartOf\":{\"@id\":\"https:\\\/\\\/katoenendraagtassen.nl\\\/de\\\/#website\"},\"breadcrumb\":{\"@id\":\"https:\\\/\\\/katoenendraagtassen.nl\\\/de\\\/product\\\/411\\\/baumwoll-einkaufstasche-kenneth-bedrucken-140-g-m%c2%b2-oeko-tex\\\/#breadcrumblist\"},\"image\":{\"@type\":\"ImageObject\",\"url\":\"https:\\\/\\\/shop.hidalgo.nl\\\/wp-content\\\/uploads\\\/2025\\\/04\\\/a76c564b11fc47ca49d98917708d33da6d8f67f523df43142b86c156d53efd6e.jpg\",\"@id\":\"https:\\\/\\\/katoenendraagtassen.nl\\\/de\\\/product\\\/411\\\/baumwoll-einkaufstasche-kenneth-bedrucken-140-g-m%c2%b2-oeko-tex\\\/#mainImage\"},\"primaryImageOfPage\":{\"@id\":\"https:\\\/\\\/katoenendraagtassen.nl\\\/de\\\/product\\\/411\\\/baumwoll-einkaufstasche-kenneth-bedrucken-140-g-m%c2%b2-oeko-tex\\\/#mainImage\"},\"datePublished\":\"2026-02-06T08:22:18+01:00\",\"dateModified\":\"2026-02-17T11:58:25+01:00\"},{\"@type\":\"WebSite\",\"@id\":\"https:\\\/\\\/katoenendraagtassen.nl\\\/de\\\/#website\",\"url\":\"https:\\\/\\\/katoenendraagtassen.nl\\\/de\\\/\",\"name\":\"Katoenendraagtassen\",\"inLanguage\":\"de-DE\",\"publisher\":{\"@id\":\"https:\\\/\\\/katoenendraagtassen.nl\\\/de\\\/#organization\"}}]}\n\t\t<\/script>\n\t\t<!-- All in One SEO Pro -->\r\n\t\t<title>Baumwoll-Einkaufstasche Kenneth bedrucken 140 g\/m\u00b2 OEKO-TEX<\/title>\n\n","aioseo_head_json":{"title":"Baumwoll-Einkaufstasche Kenneth bedrucken 140 g\/m\u00b2 OEKO-TEX","description":"Mache deine Marke sichtbar: Die vielseitige Baumwolltasche Kenneth ist ideal zum Logo bedrucken und perfekt f\u00fcr nachhaltige Promotionaktionen & Events. Als OEKO-TEX\u00ae zertifiziertes Produkt entscheidest du dich f\u00fcr Qualit\u00e4t. W\u00e4hle deinen Favoriten aus vielen Farben f\u00fcr deinen erfolgreichen Auftritt.","canonical_url":"https:\/\/katoenendraagtassen.nl\/de\/wp-json\/wp\/v2\/product\/411","robots":"max-image-preview:large","keywords":"","webmasterTools":{"google-site-verification":"UCXCM47iuIQOXxYT_rmg4k_pSRa_vVC6yBpzgVDnaZM","miscellaneous":""},"schema":{"@context":"https:\/\/schema.org","@graph":[{"@type":"BreadcrumbList","@id":"https:\/\/katoenendraagtassen.nl\/de\/product\/411\/baumwoll-einkaufstasche-kenneth-bedrucken-140-g-m%c2%b2-oeko-tex\/#breadcrumblist","itemListElement":[{"@type":"ListItem","@id":"https:\/\/katoenendraagtassen.nl\/de\/#listItem","position":1,"name":"Home","item":"https:\/\/katoenendraagtassen.nl\/de\/","nextItem":{"@type":"ListItem","@id":"https:\/\/katoenendraagtassen.nl\/shop\/#listItem","name":"Shop"}},{"@type":"ListItem","@id":"https:\/\/katoenendraagtassen.nl\/shop\/#listItem","position":2,"name":"Shop","item":"https:\/\/katoenendraagtassen.nl\/shop\/","nextItem":{"@type":"ListItem","@id":"https:\/\/katoenendraagtassen.nl\/de\/product-supplier\/a58\/#listItem","name":"A58-Giving"},"previousItem":{"@type":"ListItem","@id":"https:\/\/katoenendraagtassen.nl\/de\/#listItem","name":"Home"}},{"@type":"ListItem","@id":"https:\/\/katoenendraagtassen.nl\/de\/product-supplier\/a58\/#listItem","position":3,"name":"A58-Giving","item":"https:\/\/katoenendraagtassen.nl\/de\/product-supplier\/a58\/","nextItem":{"@type":"ListItem","@id":"https:\/\/katoenendraagtassen.nl\/de\/product\/411\/baumwoll-einkaufstasche-kenneth-bedrucken-140-g-m%c2%b2-oeko-tex\/#listItem","name":"Katoen (140 gsm) boodschappentas Kenneth"},"previousItem":{"@type":"ListItem","@id":"https:\/\/katoenendraagtassen.nl\/shop\/#listItem","name":"Shop"}},{"@type":"ListItem","@id":"https:\/\/katoenendraagtassen.nl\/de\/product\/411\/baumwoll-einkaufstasche-kenneth-bedrucken-140-g-m%c2%b2-oeko-tex\/#listItem","position":4,"name":"Katoen (140 gsm) boodschappentas Kenneth","previousItem":{"@type":"ListItem","@id":"https:\/\/katoenendraagtassen.nl\/de\/product-supplier\/a58\/#listItem","name":"A58-Giving"}}]},{"@type":"Organization","@id":"https:\/\/katoenendraagtassen.nl\/de\/#organization","name":"Katoenendraagtassen","url":"https:\/\/katoenendraagtassen.nl\/de\/","logo":{"@type":"ImageObject","url":"https:\/\/shop.hidalgo.nl\/wp-content\/uploads\/2026\/02\/cropped-draagtassen-logo.png","@id":"https:\/\/katoenendraagtassen.nl\/de\/product\/411\/baumwoll-einkaufstasche-kenneth-bedrucken-140-g-m%c2%b2-oeko-tex\/#organizationLogo","width":419,"height":259},"image":{"@id":"https:\/\/katoenendraagtassen.nl\/de\/product\/411\/baumwoll-einkaufstasche-kenneth-bedrucken-140-g-m%c2%b2-oeko-tex\/#organizationLogo"}},{"@type":"WebPage","@id":"https:\/\/katoenendraagtassen.nl\/de\/product\/411\/baumwoll-einkaufstasche-kenneth-bedrucken-140-g-m%c2%b2-oeko-tex\/#webpage","url":"https:\/\/katoenendraagtassen.nl\/de\/product\/411\/baumwoll-einkaufstasche-kenneth-bedrucken-140-g-m%c2%b2-oeko-tex\/","name":"Baumwoll-Einkaufstasche Kenneth bedrucken 140 g\/m\u00b2 OEKO-TEX","description":"Mache deine Marke sichtbar: Die vielseitige Baumwolltasche Kenneth ist ideal zum Logo bedrucken und perfekt f\u00fcr nachhaltige Promotionaktionen & Events. Als OEKO-TEX\u00ae zertifiziertes Produkt entscheidest du dich f\u00fcr Qualit\u00e4t. W\u00e4hle deinen Favoriten aus vielen Farben f\u00fcr deinen erfolgreichen Auftritt.","inLanguage":"de-DE","isPartOf":{"@id":"https:\/\/katoenendraagtassen.nl\/de\/#website"},"breadcrumb":{"@id":"https:\/\/katoenendraagtassen.nl\/de\/product\/411\/baumwoll-einkaufstasche-kenneth-bedrucken-140-g-m%c2%b2-oeko-tex\/#breadcrumblist"},"image":{"@type":"ImageObject","url":"https:\/\/shop.hidalgo.nl\/wp-content\/uploads\/2025\/04\/a76c564b11fc47ca49d98917708d33da6d8f67f523df43142b86c156d53efd6e.jpg","@id":"https:\/\/katoenendraagtassen.nl\/de\/product\/411\/baumwoll-einkaufstasche-kenneth-bedrucken-140-g-m%c2%b2-oeko-tex\/#mainImage"},"primaryImageOfPage":{"@id":"https:\/\/katoenendraagtassen.nl\/de\/product\/411\/baumwoll-einkaufstasche-kenneth-bedrucken-140-g-m%c2%b2-oeko-tex\/#mainImage"},"datePublished":"2026-02-06T08:22:18+01:00","dateModified":"2026-02-17T11:58:25+01:00"},{"@type":"WebSite","@id":"https:\/\/katoenendraagtassen.nl\/de\/#website","url":"https:\/\/katoenendraagtassen.nl\/de\/","name":"Katoenendraagtassen","inLanguage":"de-DE","publisher":{"@id":"https:\/\/katoenendraagtassen.nl\/de\/#organization"}}]},"og:locale":"de_DE","og:site_name":"Katoenendraagtassen -","og:type":"article","og:title":"Baumwoll-Einkaufstasche Kenneth bedrucken 140 g\/m\u00b2 OEKO-TEX","og:description":"Mache deine Marke sichtbar: Die vielseitige Baumwolltasche Kenneth ist ideal zum Logo bedrucken und perfekt f\u00fcr nachhaltige Promotionaktionen &amp; Events. Als OEKO-TEX\u00ae zertifiziertes Produkt entscheidest du dich f\u00fcr Qualit\u00e4t. W\u00e4hle deinen Favoriten aus vielen Farben f\u00fcr deinen erfolgreichen Auftritt.","og:url":"https:\/\/katoenendraagtassen.nl\/de\/wp-json\/wp\/v2\/product\/411","og:image":"https:\/\/shop.hidalgo.nl\/wp-content\/uploads\/2026\/02\/cropped-draagtassen-logo.png","og:image:secure_url":"https:\/\/shop.hidalgo.nl\/wp-content\/uploads\/2026\/02\/cropped-draagtassen-logo.png","article:published_time":"2026-02-06T08:22:18+00:00","article:modified_time":"2026-02-17T11:58:25+00:00","twitter:card":"summary_large_image","twitter:title":"Baumwoll-Einkaufstasche Kenneth bedrucken 140 g\/m\u00b2 OEKO-TEX","twitter:description":"Mache deine Marke sichtbar: Die vielseitige Baumwolltasche Kenneth ist ideal zum Logo bedrucken und perfekt f\u00fcr nachhaltige Promotionaktionen &amp; Events. Als OEKO-TEX\u00ae zertifiziertes Produkt entscheidest du dich f\u00fcr Qualit\u00e4t. W\u00e4hle deinen Favoriten aus vielen Farben f\u00fcr deinen erfolgreichen Auftritt.","twitter:image":"https:\/\/shop.hidalgo.nl\/wp-content\/uploads\/2026\/02\/cropped-draagtassen-logo.png"},"aioseo_meta_data":{"post_id":"411","title":null,"description":null,"keywords":null,"keyphrases":null,"canonical_url":null,"og_title":null,"og_description":null,"og_object_type":"default","og_image_type":"default","og_image_custom_url":null,"og_image_custom_fields":null,"og_custom_image_width":null,"og_custom_image_height":null,"og_video":null,"og_custom_url":null,"og_article_section":null,"og_article_tags":null,"twitter_use_og":false,"twitter_card":"default","twitter_image_type":"default","twitter_image_custom_url":null,"twitter_image_custom_fields":null,"twitter_title":null,"twitter_description":null,"schema_type":null,"schema_type_options":null,"pillar_content":false,"robots_default":true,"robots_noindex":false,"robots_noarchive":false,"robots_nosnippet":false,"robots_nofollow":false,"robots_noimageindex":false,"robots_noodp":false,"robots_notranslate":false,"robots_max_snippet":null,"robots_max_videopreview":null,"robots_max_imagepreview":"none","tabs":null,"priority":null,"frequency":null,"local_seo":null,"created":"2026-02-06 08:23:04","updated":"2026-02-17 12:12:43"},"aioseo_breadcrumb":"<div class=\"aioseo-breadcrumbs\"><span class=\"aioseo-breadcrumb\">\n\t<a href=\"https:\/\/katoenendraagtassen.nl\/de\/\" title=\"Home\">Home<\/a>\n<\/span><span class=\"aioseo-breadcrumb-separator\">\u00bb<\/span><span class=\"aioseo-breadcrumb\">\n\t<a href=\"https:\/\/katoenendraagtassen.nl\/shop\/\" title=\"Shop\">Shop<\/a>\n<\/span><span class=\"aioseo-breadcrumb-separator\">\u00bb<\/span><span class=\"aioseo-breadcrumb\">\n\t<a href=\"https:\/\/katoenendraagtassen.nl\/de\/product-supplier\/a58\/\" title=\"A58-Giving\">A58-Giving<\/a>\n<\/span><span class=\"aioseo-breadcrumb-separator\">\u00bb<\/span><span class=\"aioseo-breadcrumb\">\n\tKatoen (140 gsm) boodschappentas Kenneth\n<\/span><\/div>","aioseo_breadcrumb_json":[{"label":"Home","link":"https:\/\/katoenendraagtassen.nl\/de\/"},{"label":"Shop","link":"https:\/\/katoenendraagtassen.nl\/shop\/"},{"label":"A58-Giving","link":"https:\/\/katoenendraagtassen.nl\/de\/product-supplier\/a58\/"},{"label":"Katoen (140 gsm) boodschappentas Kenneth","link":"https:\/\/katoenendraagtassen.nl\/de\/product\/411\/baumwoll-einkaufstasche-kenneth-bedrucken-140-g-m%c2%b2-oeko-tex\/"}],"_links":{"self":[{"href":"https:\/\/katoenendraagtassen.nl\/de\/wp-json\/wp\/v2\/product\/411","targetHints":{"allow":["GET"]}}],"collection":[{"href":"https:\/\/katoenendraagtassen.nl\/de\/wp-json\/wp\/v2\/product"}],"about":[{"href":"https:\/\/katoenendraagtassen.nl\/de\/wp-json\/wp\/v2\/types\/product"}],"wp:featuredmedia":[{"embeddable":true,"href":"https:\/\/katoenendraagtassen.nl\/de\/wp-json\/wp\/v2\/media\/412"}],"wp:attachment":[{"href":"https:\/\/katoenendraagtassen.nl\/de\/wp-json\/wp\/v2\/media?parent=411"}],"wp:term":[{"taxonomy":"product_brand","embeddable":true,"href":"https:\/\/katoenendraagtassen.nl\/de\/wp-json\/wp\/v2\/product_brand?post=411"},{"taxonomy":"product_cat","embeddable":true,"href":"https:\/\/katoenendraagtassen.nl\/de\/wp-json\/wp\/v2\/product_cat?post=411"},{"taxonomy":"product_tag","embeddable":true,"href":"https:\/\/katoenendraagtassen.nl\/de\/wp-json\/wp\/v2\/product_tag?post=411"}],"curies":[{"name":"wp","href":"https:\/\/api.w.org\/{rel}","templated":true}]}}