{"id":4077,"date":"2026-02-06T13:52:42","date_gmt":"2026-02-06T13:52:42","guid":{"rendered":"https:\/\/katoenendraagtassen.shop.hidalgo.nl\/product\/ki0735-tas-met-koord-en-kerstmotieven\/"},"modified":"2026-02-17T14:56:32","modified_gmt":"2026-02-17T14:56:32","slug":"ki0735-tas-met-koord-en-kerstmotieven","status":"publish","type":"product","link":"https:\/\/katoenendraagtassen.nl\/de\/product\/4077\/baumwolltaschen-bedrucken-mit-weihnachtsmotiv-kordelzug-einheitsgroesse\/","title":{"rendered":"KI0735 &#8211; Tas met koord en kerstmotieven"},"content":{"rendered":"<p>100 % katoen. Sluit met een koordje.<\/p>\n","protected":false},"excerpt":{"rendered":"<p>100 % katoen. Sluit met een koordje.<\/p>\n","protected":false},"featured_media":4078,"template":"","meta":{"_acf_changed":false,"_monsterinsights_skip_tracking":false,"_monsterinsights_sitenote_active":false,"_monsterinsights_sitenote_note":"","_monsterinsights_sitenote_category":0},"product_brand":[275],"product_cat":[42,88],"product_tag":[],"class_list":{"0":"post-4077","1":"product","2":"type-product","3":"status-publish","4":"has-post-thumbnail","6":"product_supplier-a403","7":"product_material-katoen","8":"product_brand-kimood","9":"product_cat-boodschappen-retail","10":"product_cat-geschenk-tasjes","11":"entry","13":"first","14":"instock","15":"taxable","16":"shipping-taxable","17":"purchasable","18":"product-type-variable"},"acf":{"imprint_cost":[{"imprint_cost_key":"33483b79de35c41f6a5968127e3727b83ce2fe0b","product_quantity_price_range":[{"imprint_cost_recommended_selling_price":"0","imprint_cost_recommended_selling_quantity":"1"}],"product_quantity_price_range_buying":false,"imprint_cost_setup_costs":"","imprint_cost_handling_costs":""}]},"aioseo_notices":[],"aioseo_head":"\n\t\t<!-- All in One SEO Pro 4.9.5.2 - aioseo.com -->\n\t<meta name=\"description\" content=\"Diese praktische Tasche mit festlichen Weihnachtsmotiven ist perfekt f\u00fcr deine Eink\u00e4ufe oder als kreative Geschenktasche. Du kannst sie in Einheitsgr\u00f6\u00dfe sogar mit deinem eigenen Logo bedrucken lassen.\" \/>\n\t<meta name=\"robots\" content=\"max-image-preview:large\" \/>\n\t<meta name=\"google-site-verification\" content=\"UCXCM47iuIQOXxYT_rmg4k_pSRa_vVC6yBpzgVDnaZM\" \/>\n\t<link rel=\"canonical\" href=\"https:\/\/katoenendraagtassen.nl\/de\/wp-json\/wp\/v2\/product\/4077\" \/>\n\t<meta name=\"generator\" content=\"All in One SEO Pro (AIOSEO) 4.9.5.2\" \/>\n\t\t<meta property=\"og:locale\" content=\"de_DE\" \/>\n\t\t<meta property=\"og:site_name\" content=\"Katoenendraagtassen -\" \/>\n\t\t<meta property=\"og:type\" content=\"article\" \/>\n\t\t<meta property=\"og:title\" content=\"Baumwolltaschen bedrucken mit Weihnachtsmotiv Kordelzug Einheitsgr\u00f6\u00dfe\" \/>\n\t\t<meta property=\"og:description\" content=\"Diese praktische Tasche mit festlichen Weihnachtsmotiven ist perfekt f\u00fcr deine Eink\u00e4ufe oder als kreative Geschenktasche. Du kannst sie in Einheitsgr\u00f6\u00dfe sogar mit deinem eigenen Logo bedrucken lassen.\" \/>\n\t\t<meta property=\"og:url\" content=\"https:\/\/katoenendraagtassen.nl\/de\/wp-json\/wp\/v2\/product\/4077\" \/>\n\t\t<meta property=\"og:image\" content=\"https:\/\/shop.hidalgo.nl\/wp-content\/uploads\/2026\/02\/cropped-draagtassen-logo.png\" \/>\n\t\t<meta property=\"og:image:secure_url\" content=\"https:\/\/shop.hidalgo.nl\/wp-content\/uploads\/2026\/02\/cropped-draagtassen-logo.png\" \/>\n\t\t<meta property=\"article:published_time\" content=\"2026-02-06T13:52:42+00:00\" \/>\n\t\t<meta property=\"article:modified_time\" content=\"2026-02-17T14:56:32+00:00\" \/>\n\t\t<meta name=\"twitter:card\" content=\"summary_large_image\" \/>\n\t\t<meta name=\"twitter:title\" content=\"Baumwolltaschen bedrucken mit Weihnachtsmotiv Kordelzug Einheitsgr\u00f6\u00dfe\" \/>\n\t\t<meta name=\"twitter:description\" content=\"Diese praktische Tasche mit festlichen Weihnachtsmotiven ist perfekt f\u00fcr deine Eink\u00e4ufe oder als kreative Geschenktasche. Du kannst sie in Einheitsgr\u00f6\u00dfe sogar mit deinem eigenen Logo bedrucken lassen.\" \/>\n\t\t<meta name=\"twitter:image\" content=\"https:\/\/shop.hidalgo.nl\/wp-content\/uploads\/2026\/02\/cropped-draagtassen-logo.png\" \/>\n\t\t<script type=\"application\/ld+json\" class=\"aioseo-schema\">\n\t\t\t{\"@context\":\"https:\\\/\\\/schema.org\",\"@graph\":[{\"@type\":\"BreadcrumbList\",\"@id\":\"https:\\\/\\\/katoenendraagtassen.nl\\\/de\\\/product\\\/4077\\\/baumwolltaschen-bedrucken-mit-weihnachtsmotiv-kordelzug-einheitsgroesse\\\/#breadcrumblist\",\"itemListElement\":[{\"@type\":\"ListItem\",\"@id\":\"https:\\\/\\\/katoenendraagtassen.nl\\\/de\\\/#listItem\",\"position\":1,\"name\":\"Home\",\"item\":\"https:\\\/\\\/katoenendraagtassen.nl\\\/de\\\/\",\"nextItem\":{\"@type\":\"ListItem\",\"@id\":\"https:\\\/\\\/katoenendraagtassen.nl\\\/shop\\\/#listItem\",\"name\":\"Shop\"}},{\"@type\":\"ListItem\",\"@id\":\"https:\\\/\\\/katoenendraagtassen.nl\\\/shop\\\/#listItem\",\"position\":2,\"name\":\"Shop\",\"item\":\"https:\\\/\\\/katoenendraagtassen.nl\\\/shop\\\/\",\"nextItem\":{\"@type\":\"ListItem\",\"@id\":\"https:\\\/\\\/katoenendraagtassen.nl\\\/de\\\/product-supplier\\\/a403\\\/#listItem\",\"name\":\"A403-TopTex\"},\"previousItem\":{\"@type\":\"ListItem\",\"@id\":\"https:\\\/\\\/katoenendraagtassen.nl\\\/de\\\/#listItem\",\"name\":\"Home\"}},{\"@type\":\"ListItem\",\"@id\":\"https:\\\/\\\/katoenendraagtassen.nl\\\/de\\\/product-supplier\\\/a403\\\/#listItem\",\"position\":3,\"name\":\"A403-TopTex\",\"item\":\"https:\\\/\\\/katoenendraagtassen.nl\\\/de\\\/product-supplier\\\/a403\\\/\",\"nextItem\":{\"@type\":\"ListItem\",\"@id\":\"https:\\\/\\\/katoenendraagtassen.nl\\\/de\\\/product\\\/4077\\\/baumwolltaschen-bedrucken-mit-weihnachtsmotiv-kordelzug-einheitsgroesse\\\/#listItem\",\"name\":\"KI0735 &#8211; Tas met koord en kerstmotieven\"},\"previousItem\":{\"@type\":\"ListItem\",\"@id\":\"https:\\\/\\\/katoenendraagtassen.nl\\\/shop\\\/#listItem\",\"name\":\"Shop\"}},{\"@type\":\"ListItem\",\"@id\":\"https:\\\/\\\/katoenendraagtassen.nl\\\/de\\\/product\\\/4077\\\/baumwolltaschen-bedrucken-mit-weihnachtsmotiv-kordelzug-einheitsgroesse\\\/#listItem\",\"position\":4,\"name\":\"KI0735 &#8211; Tas met koord en kerstmotieven\",\"previousItem\":{\"@type\":\"ListItem\",\"@id\":\"https:\\\/\\\/katoenendraagtassen.nl\\\/de\\\/product-supplier\\\/a403\\\/#listItem\",\"name\":\"A403-TopTex\"}}]},{\"@type\":\"Organization\",\"@id\":\"https:\\\/\\\/katoenendraagtassen.nl\\\/de\\\/#organization\",\"name\":\"Katoenendraagtassen\",\"url\":\"https:\\\/\\\/katoenendraagtassen.nl\\\/de\\\/\",\"logo\":{\"@type\":\"ImageObject\",\"url\":\"https:\\\/\\\/shop.hidalgo.nl\\\/wp-content\\\/uploads\\\/2026\\\/02\\\/cropped-draagtassen-logo.png\",\"@id\":\"https:\\\/\\\/katoenendraagtassen.nl\\\/de\\\/product\\\/4077\\\/baumwolltaschen-bedrucken-mit-weihnachtsmotiv-kordelzug-einheitsgroesse\\\/#organizationLogo\",\"width\":419,\"height\":259},\"image\":{\"@id\":\"https:\\\/\\\/katoenendraagtassen.nl\\\/de\\\/product\\\/4077\\\/baumwolltaschen-bedrucken-mit-weihnachtsmotiv-kordelzug-einheitsgroesse\\\/#organizationLogo\"}},{\"@type\":\"WebPage\",\"@id\":\"https:\\\/\\\/katoenendraagtassen.nl\\\/de\\\/product\\\/4077\\\/baumwolltaschen-bedrucken-mit-weihnachtsmotiv-kordelzug-einheitsgroesse\\\/#webpage\",\"url\":\"https:\\\/\\\/katoenendraagtassen.nl\\\/de\\\/product\\\/4077\\\/baumwolltaschen-bedrucken-mit-weihnachtsmotiv-kordelzug-einheitsgroesse\\\/\",\"name\":\"Baumwolltaschen bedrucken mit Weihnachtsmotiv Kordelzug Einheitsgr\\u00f6\\u00dfe\",\"description\":\"Diese praktische Tasche mit festlichen Weihnachtsmotiven ist perfekt f\\u00fcr deine Eink\\u00e4ufe oder als kreative Geschenktasche. Du kannst sie in Einheitsgr\\u00f6\\u00dfe sogar mit deinem eigenen Logo bedrucken lassen.\",\"inLanguage\":\"de-DE\",\"isPartOf\":{\"@id\":\"https:\\\/\\\/katoenendraagtassen.nl\\\/de\\\/#website\"},\"breadcrumb\":{\"@id\":\"https:\\\/\\\/katoenendraagtassen.nl\\\/de\\\/product\\\/4077\\\/baumwolltaschen-bedrucken-mit-weihnachtsmotiv-kordelzug-einheitsgroesse\\\/#breadcrumblist\"},\"image\":{\"@type\":\"ImageObject\",\"url\":\"https:\\\/\\\/shop.hidalgo.nl\\\/wp-content\\\/uploads\\\/2025\\\/06\\\/90a8d2fc2673070d31974a6fd591941a1b59dcfa3a5252c2a534a8afef1dcffc.png\",\"@id\":\"https:\\\/\\\/katoenendraagtassen.nl\\\/de\\\/product\\\/4077\\\/baumwolltaschen-bedrucken-mit-weihnachtsmotiv-kordelzug-einheitsgroesse\\\/#mainImage\"},\"primaryImageOfPage\":{\"@id\":\"https:\\\/\\\/katoenendraagtassen.nl\\\/de\\\/product\\\/4077\\\/baumwolltaschen-bedrucken-mit-weihnachtsmotiv-kordelzug-einheitsgroesse\\\/#mainImage\"},\"datePublished\":\"2026-02-06T13:52:42+01:00\",\"dateModified\":\"2026-02-17T14:56:32+01:00\"},{\"@type\":\"WebSite\",\"@id\":\"https:\\\/\\\/katoenendraagtassen.nl\\\/de\\\/#website\",\"url\":\"https:\\\/\\\/katoenendraagtassen.nl\\\/de\\\/\",\"name\":\"Katoenendraagtassen\",\"inLanguage\":\"de-DE\",\"publisher\":{\"@id\":\"https:\\\/\\\/katoenendraagtassen.nl\\\/de\\\/#organization\"}}]}\n\t\t<\/script>\n\t\t<!-- All in One SEO Pro -->\r\n\t\t<title>Baumwolltaschen bedrucken mit Weihnachtsmotiv Kordelzug Einheitsgr\u00f6\u00dfe<\/title>\n\n","aioseo_head_json":{"title":"Baumwolltaschen bedrucken mit Weihnachtsmotiv Kordelzug Einheitsgr\u00f6\u00dfe","description":"Diese praktische Tasche mit festlichen Weihnachtsmotiven ist perfekt f\u00fcr deine Eink\u00e4ufe oder als kreative Geschenktasche. Du kannst sie in Einheitsgr\u00f6\u00dfe sogar mit deinem eigenen Logo bedrucken lassen.","canonical_url":"https:\/\/katoenendraagtassen.nl\/de\/wp-json\/wp\/v2\/product\/4077","robots":"max-image-preview:large","keywords":"","webmasterTools":{"google-site-verification":"UCXCM47iuIQOXxYT_rmg4k_pSRa_vVC6yBpzgVDnaZM","miscellaneous":""},"schema":{"@context":"https:\/\/schema.org","@graph":[{"@type":"BreadcrumbList","@id":"https:\/\/katoenendraagtassen.nl\/de\/product\/4077\/baumwolltaschen-bedrucken-mit-weihnachtsmotiv-kordelzug-einheitsgroesse\/#breadcrumblist","itemListElement":[{"@type":"ListItem","@id":"https:\/\/katoenendraagtassen.nl\/de\/#listItem","position":1,"name":"Home","item":"https:\/\/katoenendraagtassen.nl\/de\/","nextItem":{"@type":"ListItem","@id":"https:\/\/katoenendraagtassen.nl\/shop\/#listItem","name":"Shop"}},{"@type":"ListItem","@id":"https:\/\/katoenendraagtassen.nl\/shop\/#listItem","position":2,"name":"Shop","item":"https:\/\/katoenendraagtassen.nl\/shop\/","nextItem":{"@type":"ListItem","@id":"https:\/\/katoenendraagtassen.nl\/de\/product-supplier\/a403\/#listItem","name":"A403-TopTex"},"previousItem":{"@type":"ListItem","@id":"https:\/\/katoenendraagtassen.nl\/de\/#listItem","name":"Home"}},{"@type":"ListItem","@id":"https:\/\/katoenendraagtassen.nl\/de\/product-supplier\/a403\/#listItem","position":3,"name":"A403-TopTex","item":"https:\/\/katoenendraagtassen.nl\/de\/product-supplier\/a403\/","nextItem":{"@type":"ListItem","@id":"https:\/\/katoenendraagtassen.nl\/de\/product\/4077\/baumwolltaschen-bedrucken-mit-weihnachtsmotiv-kordelzug-einheitsgroesse\/#listItem","name":"KI0735 &#8211; Tas met koord en kerstmotieven"},"previousItem":{"@type":"ListItem","@id":"https:\/\/katoenendraagtassen.nl\/shop\/#listItem","name":"Shop"}},{"@type":"ListItem","@id":"https:\/\/katoenendraagtassen.nl\/de\/product\/4077\/baumwolltaschen-bedrucken-mit-weihnachtsmotiv-kordelzug-einheitsgroesse\/#listItem","position":4,"name":"KI0735 &#8211; Tas met koord en kerstmotieven","previousItem":{"@type":"ListItem","@id":"https:\/\/katoenendraagtassen.nl\/de\/product-supplier\/a403\/#listItem","name":"A403-TopTex"}}]},{"@type":"Organization","@id":"https:\/\/katoenendraagtassen.nl\/de\/#organization","name":"Katoenendraagtassen","url":"https:\/\/katoenendraagtassen.nl\/de\/","logo":{"@type":"ImageObject","url":"https:\/\/shop.hidalgo.nl\/wp-content\/uploads\/2026\/02\/cropped-draagtassen-logo.png","@id":"https:\/\/katoenendraagtassen.nl\/de\/product\/4077\/baumwolltaschen-bedrucken-mit-weihnachtsmotiv-kordelzug-einheitsgroesse\/#organizationLogo","width":419,"height":259},"image":{"@id":"https:\/\/katoenendraagtassen.nl\/de\/product\/4077\/baumwolltaschen-bedrucken-mit-weihnachtsmotiv-kordelzug-einheitsgroesse\/#organizationLogo"}},{"@type":"WebPage","@id":"https:\/\/katoenendraagtassen.nl\/de\/product\/4077\/baumwolltaschen-bedrucken-mit-weihnachtsmotiv-kordelzug-einheitsgroesse\/#webpage","url":"https:\/\/katoenendraagtassen.nl\/de\/product\/4077\/baumwolltaschen-bedrucken-mit-weihnachtsmotiv-kordelzug-einheitsgroesse\/","name":"Baumwolltaschen bedrucken mit Weihnachtsmotiv Kordelzug Einheitsgr\u00f6\u00dfe","description":"Diese praktische Tasche mit festlichen Weihnachtsmotiven ist perfekt f\u00fcr deine Eink\u00e4ufe oder als kreative Geschenktasche. Du kannst sie in Einheitsgr\u00f6\u00dfe sogar mit deinem eigenen Logo bedrucken lassen.","inLanguage":"de-DE","isPartOf":{"@id":"https:\/\/katoenendraagtassen.nl\/de\/#website"},"breadcrumb":{"@id":"https:\/\/katoenendraagtassen.nl\/de\/product\/4077\/baumwolltaschen-bedrucken-mit-weihnachtsmotiv-kordelzug-einheitsgroesse\/#breadcrumblist"},"image":{"@type":"ImageObject","url":"https:\/\/shop.hidalgo.nl\/wp-content\/uploads\/2025\/06\/90a8d2fc2673070d31974a6fd591941a1b59dcfa3a5252c2a534a8afef1dcffc.png","@id":"https:\/\/katoenendraagtassen.nl\/de\/product\/4077\/baumwolltaschen-bedrucken-mit-weihnachtsmotiv-kordelzug-einheitsgroesse\/#mainImage"},"primaryImageOfPage":{"@id":"https:\/\/katoenendraagtassen.nl\/de\/product\/4077\/baumwolltaschen-bedrucken-mit-weihnachtsmotiv-kordelzug-einheitsgroesse\/#mainImage"},"datePublished":"2026-02-06T13:52:42+01:00","dateModified":"2026-02-17T14:56:32+01:00"},{"@type":"WebSite","@id":"https:\/\/katoenendraagtassen.nl\/de\/#website","url":"https:\/\/katoenendraagtassen.nl\/de\/","name":"Katoenendraagtassen","inLanguage":"de-DE","publisher":{"@id":"https:\/\/katoenendraagtassen.nl\/de\/#organization"}}]},"og:locale":"de_DE","og:site_name":"Katoenendraagtassen -","og:type":"article","og:title":"Baumwolltaschen bedrucken mit Weihnachtsmotiv Kordelzug Einheitsgr\u00f6\u00dfe","og:description":"Diese praktische Tasche mit festlichen Weihnachtsmotiven ist perfekt f\u00fcr deine Eink\u00e4ufe oder als kreative Geschenktasche. Du kannst sie in Einheitsgr\u00f6\u00dfe sogar mit deinem eigenen Logo bedrucken lassen.","og:url":"https:\/\/katoenendraagtassen.nl\/de\/wp-json\/wp\/v2\/product\/4077","og:image":"https:\/\/shop.hidalgo.nl\/wp-content\/uploads\/2026\/02\/cropped-draagtassen-logo.png","og:image:secure_url":"https:\/\/shop.hidalgo.nl\/wp-content\/uploads\/2026\/02\/cropped-draagtassen-logo.png","article:published_time":"2026-02-06T13:52:42+00:00","article:modified_time":"2026-02-17T14:56:32+00:00","twitter:card":"summary_large_image","twitter:title":"Baumwolltaschen bedrucken mit Weihnachtsmotiv Kordelzug Einheitsgr\u00f6\u00dfe","twitter:description":"Diese praktische Tasche mit festlichen Weihnachtsmotiven ist perfekt f\u00fcr deine Eink\u00e4ufe oder als kreative Geschenktasche. Du kannst sie in Einheitsgr\u00f6\u00dfe sogar mit deinem eigenen Logo bedrucken lassen.","twitter:image":"https:\/\/shop.hidalgo.nl\/wp-content\/uploads\/2026\/02\/cropped-draagtassen-logo.png"},"aioseo_meta_data":{"post_id":"4077","title":null,"description":null,"keywords":null,"keyphrases":null,"canonical_url":null,"og_title":null,"og_description":null,"og_object_type":"default","og_image_type":"default","og_image_custom_url":null,"og_image_custom_fields":null,"og_custom_image_width":null,"og_custom_image_height":null,"og_video":null,"og_custom_url":null,"og_article_section":null,"og_article_tags":null,"twitter_use_og":false,"twitter_card":"default","twitter_image_type":"default","twitter_image_custom_url":null,"twitter_image_custom_fields":null,"twitter_title":null,"twitter_description":null,"schema_type":null,"schema_type_options":null,"pillar_content":false,"robots_default":true,"robots_noindex":false,"robots_noarchive":false,"robots_nosnippet":false,"robots_nofollow":false,"robots_noimageindex":false,"robots_noodp":false,"robots_notranslate":false,"robots_max_snippet":null,"robots_max_videopreview":null,"robots_max_imagepreview":"none","tabs":null,"priority":null,"frequency":null,"local_seo":null,"created":"2026-02-06 13:54:08","updated":"2026-02-17 15:10:10"},"aioseo_breadcrumb":"<div class=\"aioseo-breadcrumbs\"><span class=\"aioseo-breadcrumb\">\n\t<a href=\"https:\/\/katoenendraagtassen.nl\/de\/\" title=\"Home\">Home<\/a>\n<\/span><span class=\"aioseo-breadcrumb-separator\">\u00bb<\/span><span class=\"aioseo-breadcrumb\">\n\t<a href=\"https:\/\/katoenendraagtassen.nl\/shop\/\" title=\"Shop\">Shop<\/a>\n<\/span><span class=\"aioseo-breadcrumb-separator\">\u00bb<\/span><span class=\"aioseo-breadcrumb\">\n\t<a href=\"https:\/\/katoenendraagtassen.nl\/de\/product-supplier\/a403\/\" title=\"A403-TopTex\">A403-TopTex<\/a>\n<\/span><span class=\"aioseo-breadcrumb-separator\">\u00bb<\/span><span class=\"aioseo-breadcrumb\">\n\tKI0735 \u2013 Tas met koord en kerstmotieven\n<\/span><\/div>","aioseo_breadcrumb_json":[{"label":"Home","link":"https:\/\/katoenendraagtassen.nl\/de\/"},{"label":"Shop","link":"https:\/\/katoenendraagtassen.nl\/shop\/"},{"label":"A403-TopTex","link":"https:\/\/katoenendraagtassen.nl\/de\/product-supplier\/a403\/"},{"label":"KI0735 &#8211; Tas met koord en kerstmotieven","link":"https:\/\/katoenendraagtassen.nl\/de\/product\/4077\/baumwolltaschen-bedrucken-mit-weihnachtsmotiv-kordelzug-einheitsgroesse\/"}],"_links":{"self":[{"href":"https:\/\/katoenendraagtassen.nl\/de\/wp-json\/wp\/v2\/product\/4077","targetHints":{"allow":["GET"]}}],"collection":[{"href":"https:\/\/katoenendraagtassen.nl\/de\/wp-json\/wp\/v2\/product"}],"about":[{"href":"https:\/\/katoenendraagtassen.nl\/de\/wp-json\/wp\/v2\/types\/product"}],"wp:featuredmedia":[{"embeddable":true,"href":"https:\/\/katoenendraagtassen.nl\/de\/wp-json\/wp\/v2\/media\/4078"}],"wp:attachment":[{"href":"https:\/\/katoenendraagtassen.nl\/de\/wp-json\/wp\/v2\/media?parent=4077"}],"wp:term":[{"taxonomy":"product_brand","embeddable":true,"href":"https:\/\/katoenendraagtassen.nl\/de\/wp-json\/wp\/v2\/product_brand?post=4077"},{"taxonomy":"product_cat","embeddable":true,"href":"https:\/\/katoenendraagtassen.nl\/de\/wp-json\/wp\/v2\/product_cat?post=4077"},{"taxonomy":"product_tag","embeddable":true,"href":"https:\/\/katoenendraagtassen.nl\/de\/wp-json\/wp\/v2\/product_tag?post=4077"}],"curies":[{"name":"wp","href":"https:\/\/api.w.org\/{rel}","templated":true}]}}