{"id":3730,"date":"2026-02-06T13:14:52","date_gmt":"2026-02-06T13:14:52","guid":{"rendered":"https:\/\/katoenendraagtassen.shop.hidalgo.nl\/product\/k-loop-tasje-met-ritssluiting\/"},"modified":"2026-02-17T11:58:03","modified_gmt":"2026-02-17T11:58:03","slug":"k-loop-tasje-met-ritssluiting","status":"publish","type":"product","link":"https:\/\/katoenendraagtassen.nl\/de\/product\/3730\/taeschchen-mit-reissverschluss-bedrucken-k-loop-nachhaltig-l-m\/","title":{"rendered":"&#8211; \u2018K-loop\u2019-tasje met ritssluiting"},"content":{"rendered":"<p>Gerecycled katoen \/ gerecycled polyester. Opbergetui\/make-uptas met ritssluiting in twee maten. Deze tas maakt deel uit van het project \u201cK-loop\u201d. Met dit project sluit Kimod letterlijk de lus van de circulaire economy.The gebruikte katoen komt van afval dat wordt geproduceerd in de productie van katoenartikelen voor het merk Kariban, en het assortiment KARIBAN-MERKEN.Het toegevoegde polyester is afkomstig van gerecyclede plastic PET-flessen. Tijdens het recyclingproces worden verklikstoffen aan het garen toegevoegd in de vorm van viscose en keramische filamenten om als unieke digitale vingerafdruk te fungeren. De tracers reflecteren licht op een unieke manier en dragen daarom een duidelijke en sabotagebestendige code. Dit stelt ons in staat om alle informatie uit de processen waaraan het garen is onderworpen ondubbelzinnig in een blokkade op te slaan. Dankzij de Aware\u2122 tracer technologie en het bijbehorende blokkadeplatform, stelt Kiwood de eindgebruiker in staat om het gehele productieproces te volgen. Dit garandeert dat het product is gerecycled met eigen afval, zonder dat er wijzigingen in het proces mogelijk zijn. Een speciaal label met een QR-code biedt toegang tot het Aware\u2122-platform voor directe verificatie van certificeringen met behulp van een smartphone.<\/p>\n","protected":false},"excerpt":{"rendered":"<p>Gerecycled katoen \/ gerecycled polyester. Opbergetui\/make-uptas met ritssluiting in twee maten. Deze tas maakt deel uit van het project \u201cK-loop\u201d. Met dit project sluit Kimod letterlijk de lus van de circulaire economy.The gebruikte katoen komt van afval dat wordt geproduceerd in de productie van katoenartikelen voor het merk Kariban, en het assortiment KARIBAN-MERKEN.Het toegevoegde polyester&hellip; <a class=\"more-link\" href=\"https:\/\/katoenendraagtassen.nl\/de\/product\/3730\/taeschchen-mit-reissverschluss-bedrucken-k-loop-nachhaltig-l-m\/\"><span class=\"screen-reader-text\">&#8211; \u2018K-loop\u2019-tasje met ritssluiting<\/span> weiterlesen<\/a><\/p>\n","protected":false},"featured_media":3731,"template":"","meta":{"_acf_changed":false,"_monsterinsights_skip_tracking":false,"_monsterinsights_sitenote_active":false,"_monsterinsights_sitenote_note":"","_monsterinsights_sitenote_category":0},"product_brand":[275],"product_cat":[41,52],"product_tag":[],"class_list":{"0":"post-3730","1":"product","2":"type-product","3":"status-publish","4":"has-post-thumbnail","6":"product_supplier-a403","7":"product_brand-kimood","8":"product_cat-reis-onderweg","9":"product_cat-toilettassen","10":"entry","12":"first","13":"instock","14":"taxable","15":"shipping-taxable","16":"purchasable","17":"product-type-variable"},"acf":{"imprint_cost":[{"imprint_cost_key":"33483b79de35c41f6a5968127e3727b83ce2fe0b","product_quantity_price_range":[{"imprint_cost_recommended_selling_price":"0","imprint_cost_recommended_selling_quantity":"1"}],"product_quantity_price_range_buying":false,"imprint_cost_setup_costs":"","imprint_cost_handling_costs":""}]},"aioseo_notices":[],"aioseo_head":"\n\t\t<!-- All in One SEO Pro 4.9.5.2 - aioseo.com -->\n\t<meta name=\"description\" content=\"Entdecke die &#039;K-loop&#039;-Tasche in Large &amp; Medium - dein vielseitiger Begleiter f\u00fcr unterwegs &amp; Events. Dieses nachhaltige T\u00e4schchen aus recycelten Materialien l\u00e4sst sich individuell mit deinem Logo bedrucken, ideal f\u00fcr einen starken Markenauftritt.\" \/>\n\t<meta name=\"robots\" content=\"max-image-preview:large\" \/>\n\t<meta name=\"google-site-verification\" content=\"UCXCM47iuIQOXxYT_rmg4k_pSRa_vVC6yBpzgVDnaZM\" \/>\n\t<link rel=\"canonical\" href=\"https:\/\/katoenendraagtassen.nl\/de\/wp-json\/wp\/v2\/product\/3730\" \/>\n\t<meta name=\"generator\" content=\"All in One SEO Pro (AIOSEO) 4.9.5.2\" \/>\n\t\t<meta property=\"og:locale\" content=\"de_DE\" \/>\n\t\t<meta property=\"og:site_name\" content=\"Katoenendraagtassen -\" \/>\n\t\t<meta property=\"og:type\" content=\"article\" \/>\n\t\t<meta property=\"og:title\" content=\"T\u00e4schchen mit Rei\u00dfverschluss bedrucken K-loop nachhaltig L M\" \/>\n\t\t<meta property=\"og:description\" content=\"Entdecke die &#039;K-loop&#039;-Tasche in Large &amp; Medium - dein vielseitiger Begleiter f\u00fcr unterwegs &amp; Events. Dieses nachhaltige T\u00e4schchen aus recycelten Materialien l\u00e4sst sich individuell mit deinem Logo bedrucken, ideal f\u00fcr einen starken Markenauftritt.\" \/>\n\t\t<meta property=\"og:url\" content=\"https:\/\/katoenendraagtassen.nl\/de\/wp-json\/wp\/v2\/product\/3730\" \/>\n\t\t<meta property=\"og:image\" content=\"https:\/\/shop.hidalgo.nl\/wp-content\/uploads\/2026\/02\/cropped-draagtassen-logo.png\" \/>\n\t\t<meta property=\"og:image:secure_url\" content=\"https:\/\/shop.hidalgo.nl\/wp-content\/uploads\/2026\/02\/cropped-draagtassen-logo.png\" \/>\n\t\t<meta property=\"article:published_time\" content=\"2026-02-06T13:14:52+00:00\" \/>\n\t\t<meta property=\"article:modified_time\" content=\"2026-02-17T11:58:03+00:00\" \/>\n\t\t<meta name=\"twitter:card\" content=\"summary_large_image\" \/>\n\t\t<meta name=\"twitter:title\" content=\"T\u00e4schchen mit Rei\u00dfverschluss bedrucken K-loop nachhaltig L M\" \/>\n\t\t<meta name=\"twitter:description\" content=\"Entdecke die &#039;K-loop&#039;-Tasche in Large &amp; Medium - dein vielseitiger Begleiter f\u00fcr unterwegs &amp; Events. Dieses nachhaltige T\u00e4schchen aus recycelten Materialien l\u00e4sst sich individuell mit deinem Logo bedrucken, ideal f\u00fcr einen starken Markenauftritt.\" \/>\n\t\t<meta name=\"twitter:image\" content=\"https:\/\/shop.hidalgo.nl\/wp-content\/uploads\/2026\/02\/cropped-draagtassen-logo.png\" \/>\n\t\t<script type=\"application\/ld+json\" class=\"aioseo-schema\">\n\t\t\t{\"@context\":\"https:\\\/\\\/schema.org\",\"@graph\":[{\"@type\":\"BreadcrumbList\",\"@id\":\"https:\\\/\\\/katoenendraagtassen.nl\\\/de\\\/product\\\/3730\\\/taeschchen-mit-reissverschluss-bedrucken-k-loop-nachhaltig-l-m\\\/#breadcrumblist\",\"itemListElement\":[{\"@type\":\"ListItem\",\"@id\":\"https:\\\/\\\/katoenendraagtassen.nl\\\/de\\\/#listItem\",\"position\":1,\"name\":\"Home\",\"item\":\"https:\\\/\\\/katoenendraagtassen.nl\\\/de\\\/\",\"nextItem\":{\"@type\":\"ListItem\",\"@id\":\"https:\\\/\\\/katoenendraagtassen.nl\\\/shop\\\/#listItem\",\"name\":\"Shop\"}},{\"@type\":\"ListItem\",\"@id\":\"https:\\\/\\\/katoenendraagtassen.nl\\\/shop\\\/#listItem\",\"position\":2,\"name\":\"Shop\",\"item\":\"https:\\\/\\\/katoenendraagtassen.nl\\\/shop\\\/\",\"nextItem\":{\"@type\":\"ListItem\",\"@id\":\"https:\\\/\\\/katoenendraagtassen.nl\\\/de\\\/product-supplier\\\/a403\\\/#listItem\",\"name\":\"A403-TopTex\"},\"previousItem\":{\"@type\":\"ListItem\",\"@id\":\"https:\\\/\\\/katoenendraagtassen.nl\\\/de\\\/#listItem\",\"name\":\"Home\"}},{\"@type\":\"ListItem\",\"@id\":\"https:\\\/\\\/katoenendraagtassen.nl\\\/de\\\/product-supplier\\\/a403\\\/#listItem\",\"position\":3,\"name\":\"A403-TopTex\",\"item\":\"https:\\\/\\\/katoenendraagtassen.nl\\\/de\\\/product-supplier\\\/a403\\\/\",\"nextItem\":{\"@type\":\"ListItem\",\"@id\":\"https:\\\/\\\/katoenendraagtassen.nl\\\/de\\\/product\\\/3730\\\/taeschchen-mit-reissverschluss-bedrucken-k-loop-nachhaltig-l-m\\\/#listItem\",\"name\":\"&#8211; \\u2018K-loop\\u2019-tasje met ritssluiting\"},\"previousItem\":{\"@type\":\"ListItem\",\"@id\":\"https:\\\/\\\/katoenendraagtassen.nl\\\/shop\\\/#listItem\",\"name\":\"Shop\"}},{\"@type\":\"ListItem\",\"@id\":\"https:\\\/\\\/katoenendraagtassen.nl\\\/de\\\/product\\\/3730\\\/taeschchen-mit-reissverschluss-bedrucken-k-loop-nachhaltig-l-m\\\/#listItem\",\"position\":4,\"name\":\"&#8211; \\u2018K-loop\\u2019-tasje met ritssluiting\",\"previousItem\":{\"@type\":\"ListItem\",\"@id\":\"https:\\\/\\\/katoenendraagtassen.nl\\\/de\\\/product-supplier\\\/a403\\\/#listItem\",\"name\":\"A403-TopTex\"}}]},{\"@type\":\"Organization\",\"@id\":\"https:\\\/\\\/katoenendraagtassen.nl\\\/de\\\/#organization\",\"name\":\"Katoenendraagtassen\",\"url\":\"https:\\\/\\\/katoenendraagtassen.nl\\\/de\\\/\",\"logo\":{\"@type\":\"ImageObject\",\"url\":\"https:\\\/\\\/shop.hidalgo.nl\\\/wp-content\\\/uploads\\\/2026\\\/02\\\/cropped-draagtassen-logo.png\",\"@id\":\"https:\\\/\\\/katoenendraagtassen.nl\\\/de\\\/product\\\/3730\\\/taeschchen-mit-reissverschluss-bedrucken-k-loop-nachhaltig-l-m\\\/#organizationLogo\",\"width\":419,\"height\":259},\"image\":{\"@id\":\"https:\\\/\\\/katoenendraagtassen.nl\\\/de\\\/product\\\/3730\\\/taeschchen-mit-reissverschluss-bedrucken-k-loop-nachhaltig-l-m\\\/#organizationLogo\"}},{\"@type\":\"WebPage\",\"@id\":\"https:\\\/\\\/katoenendraagtassen.nl\\\/de\\\/product\\\/3730\\\/taeschchen-mit-reissverschluss-bedrucken-k-loop-nachhaltig-l-m\\\/#webpage\",\"url\":\"https:\\\/\\\/katoenendraagtassen.nl\\\/de\\\/product\\\/3730\\\/taeschchen-mit-reissverschluss-bedrucken-k-loop-nachhaltig-l-m\\\/\",\"name\":\"T\\u00e4schchen mit Rei\\u00dfverschluss bedrucken K-loop nachhaltig L M\",\"description\":\"Entdecke die 'K-loop'-Tasche in Large & Medium - dein vielseitiger Begleiter f\\u00fcr unterwegs & Events. Dieses nachhaltige T\\u00e4schchen aus recycelten Materialien l\\u00e4sst sich individuell mit deinem Logo bedrucken, ideal f\\u00fcr einen starken Markenauftritt.\",\"inLanguage\":\"de-DE\",\"isPartOf\":{\"@id\":\"https:\\\/\\\/katoenendraagtassen.nl\\\/de\\\/#website\"},\"breadcrumb\":{\"@id\":\"https:\\\/\\\/katoenendraagtassen.nl\\\/de\\\/product\\\/3730\\\/taeschchen-mit-reissverschluss-bedrucken-k-loop-nachhaltig-l-m\\\/#breadcrumblist\"},\"image\":{\"@type\":\"ImageObject\",\"url\":\"https:\\\/\\\/shop.hidalgo.nl\\\/wp-content\\\/uploads\\\/2025\\\/06\\\/0ede8bee6e4e1f9d5a5098ca95fdc54dcedc439cf9c655f0b2e4d2827ff45bde.png\",\"@id\":\"https:\\\/\\\/katoenendraagtassen.nl\\\/de\\\/product\\\/3730\\\/taeschchen-mit-reissverschluss-bedrucken-k-loop-nachhaltig-l-m\\\/#mainImage\"},\"primaryImageOfPage\":{\"@id\":\"https:\\\/\\\/katoenendraagtassen.nl\\\/de\\\/product\\\/3730\\\/taeschchen-mit-reissverschluss-bedrucken-k-loop-nachhaltig-l-m\\\/#mainImage\"},\"datePublished\":\"2026-02-06T13:14:52+00:00\",\"dateModified\":\"2026-02-17T11:58:03+00:00\"},{\"@type\":\"WebSite\",\"@id\":\"https:\\\/\\\/katoenendraagtassen.nl\\\/de\\\/#website\",\"url\":\"https:\\\/\\\/katoenendraagtassen.nl\\\/de\\\/\",\"name\":\"Katoenendraagtassen\",\"inLanguage\":\"de-DE\",\"publisher\":{\"@id\":\"https:\\\/\\\/katoenendraagtassen.nl\\\/de\\\/#organization\"}}]}\n\t\t<\/script>\n\t\t<!-- All in One SEO Pro -->\r\n\t\t<title>T\u00e4schchen mit Rei\u00dfverschluss bedrucken K-loop nachhaltig L M<\/title>\n\n","aioseo_head_json":{"title":"T\u00e4schchen mit Rei\u00dfverschluss bedrucken K-loop nachhaltig L M","description":"Entdecke die 'K-loop'-Tasche in Large & Medium - dein vielseitiger Begleiter f\u00fcr unterwegs & Events. Dieses nachhaltige T\u00e4schchen aus recycelten Materialien l\u00e4sst sich individuell mit deinem Logo bedrucken, ideal f\u00fcr einen starken Markenauftritt.","canonical_url":"https:\/\/katoenendraagtassen.nl\/de\/wp-json\/wp\/v2\/product\/3730","robots":"max-image-preview:large","keywords":"","webmasterTools":{"google-site-verification":"UCXCM47iuIQOXxYT_rmg4k_pSRa_vVC6yBpzgVDnaZM","miscellaneous":""},"schema":{"@context":"https:\/\/schema.org","@graph":[{"@type":"BreadcrumbList","@id":"https:\/\/katoenendraagtassen.nl\/de\/product\/3730\/taeschchen-mit-reissverschluss-bedrucken-k-loop-nachhaltig-l-m\/#breadcrumblist","itemListElement":[{"@type":"ListItem","@id":"https:\/\/katoenendraagtassen.nl\/de\/#listItem","position":1,"name":"Home","item":"https:\/\/katoenendraagtassen.nl\/de\/","nextItem":{"@type":"ListItem","@id":"https:\/\/katoenendraagtassen.nl\/shop\/#listItem","name":"Shop"}},{"@type":"ListItem","@id":"https:\/\/katoenendraagtassen.nl\/shop\/#listItem","position":2,"name":"Shop","item":"https:\/\/katoenendraagtassen.nl\/shop\/","nextItem":{"@type":"ListItem","@id":"https:\/\/katoenendraagtassen.nl\/de\/product-supplier\/a403\/#listItem","name":"A403-TopTex"},"previousItem":{"@type":"ListItem","@id":"https:\/\/katoenendraagtassen.nl\/de\/#listItem","name":"Home"}},{"@type":"ListItem","@id":"https:\/\/katoenendraagtassen.nl\/de\/product-supplier\/a403\/#listItem","position":3,"name":"A403-TopTex","item":"https:\/\/katoenendraagtassen.nl\/de\/product-supplier\/a403\/","nextItem":{"@type":"ListItem","@id":"https:\/\/katoenendraagtassen.nl\/de\/product\/3730\/taeschchen-mit-reissverschluss-bedrucken-k-loop-nachhaltig-l-m\/#listItem","name":"&#8211; \u2018K-loop\u2019-tasje met ritssluiting"},"previousItem":{"@type":"ListItem","@id":"https:\/\/katoenendraagtassen.nl\/shop\/#listItem","name":"Shop"}},{"@type":"ListItem","@id":"https:\/\/katoenendraagtassen.nl\/de\/product\/3730\/taeschchen-mit-reissverschluss-bedrucken-k-loop-nachhaltig-l-m\/#listItem","position":4,"name":"&#8211; \u2018K-loop\u2019-tasje met ritssluiting","previousItem":{"@type":"ListItem","@id":"https:\/\/katoenendraagtassen.nl\/de\/product-supplier\/a403\/#listItem","name":"A403-TopTex"}}]},{"@type":"Organization","@id":"https:\/\/katoenendraagtassen.nl\/de\/#organization","name":"Katoenendraagtassen","url":"https:\/\/katoenendraagtassen.nl\/de\/","logo":{"@type":"ImageObject","url":"https:\/\/shop.hidalgo.nl\/wp-content\/uploads\/2026\/02\/cropped-draagtassen-logo.png","@id":"https:\/\/katoenendraagtassen.nl\/de\/product\/3730\/taeschchen-mit-reissverschluss-bedrucken-k-loop-nachhaltig-l-m\/#organizationLogo","width":419,"height":259},"image":{"@id":"https:\/\/katoenendraagtassen.nl\/de\/product\/3730\/taeschchen-mit-reissverschluss-bedrucken-k-loop-nachhaltig-l-m\/#organizationLogo"}},{"@type":"WebPage","@id":"https:\/\/katoenendraagtassen.nl\/de\/product\/3730\/taeschchen-mit-reissverschluss-bedrucken-k-loop-nachhaltig-l-m\/#webpage","url":"https:\/\/katoenendraagtassen.nl\/de\/product\/3730\/taeschchen-mit-reissverschluss-bedrucken-k-loop-nachhaltig-l-m\/","name":"T\u00e4schchen mit Rei\u00dfverschluss bedrucken K-loop nachhaltig L M","description":"Entdecke die 'K-loop'-Tasche in Large & Medium - dein vielseitiger Begleiter f\u00fcr unterwegs & Events. Dieses nachhaltige T\u00e4schchen aus recycelten Materialien l\u00e4sst sich individuell mit deinem Logo bedrucken, ideal f\u00fcr einen starken Markenauftritt.","inLanguage":"de-DE","isPartOf":{"@id":"https:\/\/katoenendraagtassen.nl\/de\/#website"},"breadcrumb":{"@id":"https:\/\/katoenendraagtassen.nl\/de\/product\/3730\/taeschchen-mit-reissverschluss-bedrucken-k-loop-nachhaltig-l-m\/#breadcrumblist"},"image":{"@type":"ImageObject","url":"https:\/\/shop.hidalgo.nl\/wp-content\/uploads\/2025\/06\/0ede8bee6e4e1f9d5a5098ca95fdc54dcedc439cf9c655f0b2e4d2827ff45bde.png","@id":"https:\/\/katoenendraagtassen.nl\/de\/product\/3730\/taeschchen-mit-reissverschluss-bedrucken-k-loop-nachhaltig-l-m\/#mainImage"},"primaryImageOfPage":{"@id":"https:\/\/katoenendraagtassen.nl\/de\/product\/3730\/taeschchen-mit-reissverschluss-bedrucken-k-loop-nachhaltig-l-m\/#mainImage"},"datePublished":"2026-02-06T13:14:52+00:00","dateModified":"2026-02-17T11:58:03+00:00"},{"@type":"WebSite","@id":"https:\/\/katoenendraagtassen.nl\/de\/#website","url":"https:\/\/katoenendraagtassen.nl\/de\/","name":"Katoenendraagtassen","inLanguage":"de-DE","publisher":{"@id":"https:\/\/katoenendraagtassen.nl\/de\/#organization"}}]},"og:locale":"de_DE","og:site_name":"Katoenendraagtassen -","og:type":"article","og:title":"T\u00e4schchen mit Rei\u00dfverschluss bedrucken K-loop nachhaltig L M","og:description":"Entdecke die 'K-loop'-Tasche in Large &amp; Medium - dein vielseitiger Begleiter f\u00fcr unterwegs &amp; Events. Dieses nachhaltige T\u00e4schchen aus recycelten Materialien l\u00e4sst sich individuell mit deinem Logo bedrucken, ideal f\u00fcr einen starken Markenauftritt.","og:url":"https:\/\/katoenendraagtassen.nl\/de\/wp-json\/wp\/v2\/product\/3730","og:image":"https:\/\/shop.hidalgo.nl\/wp-content\/uploads\/2026\/02\/cropped-draagtassen-logo.png","og:image:secure_url":"https:\/\/shop.hidalgo.nl\/wp-content\/uploads\/2026\/02\/cropped-draagtassen-logo.png","article:published_time":"2026-02-06T13:14:52+00:00","article:modified_time":"2026-02-17T11:58:03+00:00","twitter:card":"summary_large_image","twitter:title":"T\u00e4schchen mit Rei\u00dfverschluss bedrucken K-loop nachhaltig L M","twitter:description":"Entdecke die 'K-loop'-Tasche in Large &amp; Medium - dein vielseitiger Begleiter f\u00fcr unterwegs &amp; Events. Dieses nachhaltige T\u00e4schchen aus recycelten Materialien l\u00e4sst sich individuell mit deinem Logo bedrucken, ideal f\u00fcr einen starken Markenauftritt.","twitter:image":"https:\/\/shop.hidalgo.nl\/wp-content\/uploads\/2026\/02\/cropped-draagtassen-logo.png"},"aioseo_meta_data":{"post_id":"3730","title":null,"description":null,"keywords":null,"keyphrases":null,"canonical_url":null,"og_title":null,"og_description":null,"og_object_type":"default","og_image_type":"default","og_image_custom_url":null,"og_image_custom_fields":null,"og_custom_image_width":null,"og_custom_image_height":null,"og_video":null,"og_custom_url":null,"og_article_section":null,"og_article_tags":null,"twitter_use_og":false,"twitter_card":"default","twitter_image_type":"default","twitter_image_custom_url":null,"twitter_image_custom_fields":null,"twitter_title":null,"twitter_description":null,"schema_type":null,"schema_type_options":null,"pillar_content":false,"robots_default":true,"robots_noindex":false,"robots_noarchive":false,"robots_nosnippet":false,"robots_nofollow":false,"robots_noimageindex":false,"robots_noodp":false,"robots_notranslate":false,"robots_max_snippet":null,"robots_max_videopreview":null,"robots_max_imagepreview":"none","tabs":null,"priority":null,"frequency":null,"local_seo":null,"created":"2026-02-06 13:16:44","updated":"2026-02-17 12:29:09"},"aioseo_breadcrumb":"<div class=\"aioseo-breadcrumbs\"><span class=\"aioseo-breadcrumb\">\n\t<a href=\"https:\/\/katoenendraagtassen.nl\/de\/\" title=\"Home\">Home<\/a>\n<\/span><span class=\"aioseo-breadcrumb-separator\">\u00bb<\/span><span class=\"aioseo-breadcrumb\">\n\t<a href=\"https:\/\/katoenendraagtassen.nl\/shop\/\" title=\"Shop\">Shop<\/a>\n<\/span><span class=\"aioseo-breadcrumb-separator\">\u00bb<\/span><span class=\"aioseo-breadcrumb\">\n\t<a href=\"https:\/\/katoenendraagtassen.nl\/de\/product-supplier\/a403\/\" title=\"A403-TopTex\">A403-TopTex<\/a>\n<\/span><span class=\"aioseo-breadcrumb-separator\">\u00bb<\/span><span class=\"aioseo-breadcrumb\">\n\t\u2013 \u2018K-loop\u2019-tasje met ritssluiting\n<\/span><\/div>","aioseo_breadcrumb_json":[{"label":"Home","link":"https:\/\/katoenendraagtassen.nl\/de\/"},{"label":"Shop","link":"https:\/\/katoenendraagtassen.nl\/shop\/"},{"label":"A403-TopTex","link":"https:\/\/katoenendraagtassen.nl\/de\/product-supplier\/a403\/"},{"label":"&#8211; \u2018K-loop\u2019-tasje met ritssluiting","link":"https:\/\/katoenendraagtassen.nl\/de\/product\/3730\/taeschchen-mit-reissverschluss-bedrucken-k-loop-nachhaltig-l-m\/"}],"_links":{"self":[{"href":"https:\/\/katoenendraagtassen.nl\/de\/wp-json\/wp\/v2\/product\/3730","targetHints":{"allow":["GET"]}}],"collection":[{"href":"https:\/\/katoenendraagtassen.nl\/de\/wp-json\/wp\/v2\/product"}],"about":[{"href":"https:\/\/katoenendraagtassen.nl\/de\/wp-json\/wp\/v2\/types\/product"}],"wp:featuredmedia":[{"embeddable":true,"href":"https:\/\/katoenendraagtassen.nl\/de\/wp-json\/wp\/v2\/media\/3731"}],"wp:attachment":[{"href":"https:\/\/katoenendraagtassen.nl\/de\/wp-json\/wp\/v2\/media?parent=3730"}],"wp:term":[{"taxonomy":"product_brand","embeddable":true,"href":"https:\/\/katoenendraagtassen.nl\/de\/wp-json\/wp\/v2\/product_brand?post=3730"},{"taxonomy":"product_cat","embeddable":true,"href":"https:\/\/katoenendraagtassen.nl\/de\/wp-json\/wp\/v2\/product_cat?post=3730"},{"taxonomy":"product_tag","embeddable":true,"href":"https:\/\/katoenendraagtassen.nl\/de\/wp-json\/wp\/v2\/product_tag?post=3730"}],"curies":[{"name":"wp","href":"https:\/\/api.w.org\/{rel}","templated":true}]}}