{"id":3710,"date":"2026-02-06T13:14:51","date_gmt":"2026-02-06T13:14:51","guid":{"rendered":"https:\/\/katoenendraagtassen.shop.hidalgo.nl\/product\/ki5808-gerecycleerde-katoenen-shopper-k-loop-project\/"},"modified":"2026-02-17T11:58:03","modified_gmt":"2026-02-17T11:58:03","slug":"ki5808-gerecycleerde-katoenen-shopper-k-loop-project","status":"publish","type":"product","link":"https:\/\/katoenendraagtassen.nl\/de\/product\/3710\/recycelter-baumwoll-shopper-ki5808-k-loop-bedrucken-einheitsgroesse\/","title":{"rendered":"KI5808 &#8211; Gerecycleerde katoenen shopper &#8218;K-loop project&#8216;"},"content":{"rendered":"<p>73% katoen\/25% polyester\/2% andere vezels. Deze tas is onderdeel van het &#8218;K-loop&#8216; project. Met dit project sluit Kimood de kringloop van de circulaire economie, in de strikte zin van het woord. Het gebruikte katoen is afkomstig van het productieafval van de katoenen T-shirts van het merk Kariban, uit de familie KARIBAN BRANDS. Het toegevoegde polyester is afkomstig van gerecycleerde plastic flessen. Tijdens het recyclageproces worden aan het garen &#8218;tracers&#8216; toegevoegd. Dit zijn elektronische chips die een blockchain bevatten (technologie voor informatieopslag- en -overdracht), met daarin alle stappen die het garen doorliep. Dankzij de Aware\u2122-traceertechnologie maakt Kimood het voor de eindgebruiker mogelijk om het hele productieproces te volgen, met de garantie op een product dat werd gerecycleerd zoals het hoort, zonder veranderingen tijdens het proces. Kimood sluit de cirkel van de circulaire economie met &#8218;K-loop&#8216;.<\/p>\n","protected":false},"excerpt":{"rendered":"<p>73% katoen\/25% polyester\/2% andere vezels. Deze tas is onderdeel van het &#8218;K-loop&#8216; project. Met dit project sluit Kimood de kringloop van de circulaire economie, in de strikte zin van het woord. Het gebruikte katoen is afkomstig van het productieafval van de katoenen T-shirts van het merk Kariban, uit de familie KARIBAN BRANDS. Het toegevoegde polyester&hellip; <a class=\"more-link\" href=\"https:\/\/katoenendraagtassen.nl\/de\/product\/3710\/recycelter-baumwoll-shopper-ki5808-k-loop-bedrucken-einheitsgroesse\/\"><span class=\"screen-reader-text\">KI5808 &#8211; Gerecycleerde katoenen shopper &#8218;K-loop project&#8216;<\/span> weiterlesen<\/a><\/p>\n","protected":false},"featured_media":3711,"template":"","meta":{"_acf_changed":false,"_monsterinsights_skip_tracking":false,"_monsterinsights_sitenote_active":false,"_monsterinsights_sitenote_note":"","_monsterinsights_sitenote_category":0},"product_brand":[275],"product_cat":[43,42,44],"product_tag":[],"class_list":{"0":"post-3710","1":"product","2":"type-product","3":"status-publish","4":"has-post-thumbnail","6":"product_supplier-a403","7":"product_brand-kimood","8":"product_cat-bio","9":"product_cat-boodschappen-retail","10":"product_cat-katoenen-tassen","11":"entry","13":"first","14":"instock","15":"taxable","16":"shipping-taxable","17":"purchasable","18":"product-type-variable"},"acf":{"imprint_cost":[{"imprint_cost_key":"33483b79de35c41f6a5968127e3727b83ce2fe0b","product_quantity_price_range":[{"imprint_cost_recommended_selling_price":"0","imprint_cost_recommended_selling_quantity":"1"}],"product_quantity_price_range_buying":false,"imprint_cost_setup_costs":"","imprint_cost_handling_costs":""}]},"aioseo_notices":[],"aioseo_head":"\n\t\t<!-- All in One SEO Pro 4.9.5.2 - aioseo.com -->\n\t<meta name=\"description\" content=\"Mach den recycelten Shopper KI5808 aus dem K-loop Projekt zu deinem nachhaltigen Statement. Du kannst ihn in Einheitsgr\u00f6\u00dfe mit deinem individuellen Logo bedrucken lassen &amp; kreierst so das ideale Werbemittel f\u00fcr dein Unternehmen oder Event.\" \/>\n\t<meta name=\"robots\" content=\"max-image-preview:large\" \/>\n\t<meta name=\"google-site-verification\" content=\"UCXCM47iuIQOXxYT_rmg4k_pSRa_vVC6yBpzgVDnaZM\" \/>\n\t<link rel=\"canonical\" href=\"https:\/\/katoenendraagtassen.nl\/de\/wp-json\/wp\/v2\/product\/3710\" \/>\n\t<meta name=\"generator\" content=\"All in One SEO Pro (AIOSEO) 4.9.5.2\" \/>\n\t\t<meta property=\"og:locale\" content=\"de_DE\" \/>\n\t\t<meta property=\"og:site_name\" content=\"Katoenendraagtassen -\" \/>\n\t\t<meta property=\"og:type\" content=\"article\" \/>\n\t\t<meta property=\"og:title\" content=\"Recycelter Baumwoll Shopper KI5808 K-loop bedrucken Einheitsgr\u00f6\u00dfe\" \/>\n\t\t<meta property=\"og:description\" content=\"Mach den recycelten Shopper KI5808 aus dem K-loop Projekt zu deinem nachhaltigen Statement. Du kannst ihn in Einheitsgr\u00f6\u00dfe mit deinem individuellen Logo bedrucken lassen &amp; kreierst so das ideale Werbemittel f\u00fcr dein Unternehmen oder Event.\" \/>\n\t\t<meta property=\"og:url\" content=\"https:\/\/katoenendraagtassen.nl\/de\/wp-json\/wp\/v2\/product\/3710\" \/>\n\t\t<meta property=\"og:image\" content=\"https:\/\/shop.hidalgo.nl\/wp-content\/uploads\/2026\/02\/cropped-draagtassen-logo.png\" \/>\n\t\t<meta property=\"og:image:secure_url\" content=\"https:\/\/shop.hidalgo.nl\/wp-content\/uploads\/2026\/02\/cropped-draagtassen-logo.png\" \/>\n\t\t<meta property=\"article:published_time\" content=\"2026-02-06T13:14:51+00:00\" \/>\n\t\t<meta property=\"article:modified_time\" content=\"2026-02-17T11:58:03+00:00\" \/>\n\t\t<meta name=\"twitter:card\" content=\"summary_large_image\" \/>\n\t\t<meta name=\"twitter:title\" content=\"Recycelter Baumwoll Shopper KI5808 K-loop bedrucken Einheitsgr\u00f6\u00dfe\" \/>\n\t\t<meta name=\"twitter:description\" content=\"Mach den recycelten Shopper KI5808 aus dem K-loop Projekt zu deinem nachhaltigen Statement. Du kannst ihn in Einheitsgr\u00f6\u00dfe mit deinem individuellen Logo bedrucken lassen &amp; kreierst so das ideale Werbemittel f\u00fcr dein Unternehmen oder Event.\" \/>\n\t\t<meta name=\"twitter:image\" content=\"https:\/\/shop.hidalgo.nl\/wp-content\/uploads\/2026\/02\/cropped-draagtassen-logo.png\" \/>\n\t\t<script type=\"application\/ld+json\" class=\"aioseo-schema\">\n\t\t\t{\"@context\":\"https:\\\/\\\/schema.org\",\"@graph\":[{\"@type\":\"BreadcrumbList\",\"@id\":\"https:\\\/\\\/katoenendraagtassen.nl\\\/de\\\/product\\\/3710\\\/recycelter-baumwoll-shopper-ki5808-k-loop-bedrucken-einheitsgroesse\\\/#breadcrumblist\",\"itemListElement\":[{\"@type\":\"ListItem\",\"@id\":\"https:\\\/\\\/katoenendraagtassen.nl\\\/de\\\/#listItem\",\"position\":1,\"name\":\"Home\",\"item\":\"https:\\\/\\\/katoenendraagtassen.nl\\\/de\\\/\",\"nextItem\":{\"@type\":\"ListItem\",\"@id\":\"https:\\\/\\\/katoenendraagtassen.nl\\\/shop\\\/#listItem\",\"name\":\"Shop\"}},{\"@type\":\"ListItem\",\"@id\":\"https:\\\/\\\/katoenendraagtassen.nl\\\/shop\\\/#listItem\",\"position\":2,\"name\":\"Shop\",\"item\":\"https:\\\/\\\/katoenendraagtassen.nl\\\/shop\\\/\",\"nextItem\":{\"@type\":\"ListItem\",\"@id\":\"https:\\\/\\\/katoenendraagtassen.nl\\\/de\\\/product-supplier\\\/a403\\\/#listItem\",\"name\":\"A403-TopTex\"},\"previousItem\":{\"@type\":\"ListItem\",\"@id\":\"https:\\\/\\\/katoenendraagtassen.nl\\\/de\\\/#listItem\",\"name\":\"Home\"}},{\"@type\":\"ListItem\",\"@id\":\"https:\\\/\\\/katoenendraagtassen.nl\\\/de\\\/product-supplier\\\/a403\\\/#listItem\",\"position\":3,\"name\":\"A403-TopTex\",\"item\":\"https:\\\/\\\/katoenendraagtassen.nl\\\/de\\\/product-supplier\\\/a403\\\/\",\"nextItem\":{\"@type\":\"ListItem\",\"@id\":\"https:\\\/\\\/katoenendraagtassen.nl\\\/de\\\/product\\\/3710\\\/recycelter-baumwoll-shopper-ki5808-k-loop-bedrucken-einheitsgroesse\\\/#listItem\",\"name\":\"KI5808 &#8211; Gerecycleerde katoenen shopper &#8218;K-loop project&#8216;\"},\"previousItem\":{\"@type\":\"ListItem\",\"@id\":\"https:\\\/\\\/katoenendraagtassen.nl\\\/shop\\\/#listItem\",\"name\":\"Shop\"}},{\"@type\":\"ListItem\",\"@id\":\"https:\\\/\\\/katoenendraagtassen.nl\\\/de\\\/product\\\/3710\\\/recycelter-baumwoll-shopper-ki5808-k-loop-bedrucken-einheitsgroesse\\\/#listItem\",\"position\":4,\"name\":\"KI5808 &#8211; Gerecycleerde katoenen shopper &#8218;K-loop project&#8216;\",\"previousItem\":{\"@type\":\"ListItem\",\"@id\":\"https:\\\/\\\/katoenendraagtassen.nl\\\/de\\\/product-supplier\\\/a403\\\/#listItem\",\"name\":\"A403-TopTex\"}}]},{\"@type\":\"Organization\",\"@id\":\"https:\\\/\\\/katoenendraagtassen.nl\\\/de\\\/#organization\",\"name\":\"Katoenendraagtassen\",\"url\":\"https:\\\/\\\/katoenendraagtassen.nl\\\/de\\\/\",\"logo\":{\"@type\":\"ImageObject\",\"url\":\"https:\\\/\\\/shop.hidalgo.nl\\\/wp-content\\\/uploads\\\/2026\\\/02\\\/cropped-draagtassen-logo.png\",\"@id\":\"https:\\\/\\\/katoenendraagtassen.nl\\\/de\\\/product\\\/3710\\\/recycelter-baumwoll-shopper-ki5808-k-loop-bedrucken-einheitsgroesse\\\/#organizationLogo\",\"width\":419,\"height\":259},\"image\":{\"@id\":\"https:\\\/\\\/katoenendraagtassen.nl\\\/de\\\/product\\\/3710\\\/recycelter-baumwoll-shopper-ki5808-k-loop-bedrucken-einheitsgroesse\\\/#organizationLogo\"}},{\"@type\":\"WebPage\",\"@id\":\"https:\\\/\\\/katoenendraagtassen.nl\\\/de\\\/product\\\/3710\\\/recycelter-baumwoll-shopper-ki5808-k-loop-bedrucken-einheitsgroesse\\\/#webpage\",\"url\":\"https:\\\/\\\/katoenendraagtassen.nl\\\/de\\\/product\\\/3710\\\/recycelter-baumwoll-shopper-ki5808-k-loop-bedrucken-einheitsgroesse\\\/\",\"name\":\"Recycelter Baumwoll Shopper KI5808 K-loop bedrucken Einheitsgr\\u00f6\\u00dfe\",\"description\":\"Mach den recycelten Shopper KI5808 aus dem K-loop Projekt zu deinem nachhaltigen Statement. Du kannst ihn in Einheitsgr\\u00f6\\u00dfe mit deinem individuellen Logo bedrucken lassen & kreierst so das ideale Werbemittel f\\u00fcr dein Unternehmen oder Event.\",\"inLanguage\":\"de-DE\",\"isPartOf\":{\"@id\":\"https:\\\/\\\/katoenendraagtassen.nl\\\/de\\\/#website\"},\"breadcrumb\":{\"@id\":\"https:\\\/\\\/katoenendraagtassen.nl\\\/de\\\/product\\\/3710\\\/recycelter-baumwoll-shopper-ki5808-k-loop-bedrucken-einheitsgroesse\\\/#breadcrumblist\"},\"image\":{\"@type\":\"ImageObject\",\"url\":\"https:\\\/\\\/shop.hidalgo.nl\\\/wp-content\\\/uploads\\\/2025\\\/06\\\/0a37a1b920463d56acd63439fbbdee552ce0e3c8cd94d61daa723e5d1f8ca6c1.png\",\"@id\":\"https:\\\/\\\/katoenendraagtassen.nl\\\/de\\\/product\\\/3710\\\/recycelter-baumwoll-shopper-ki5808-k-loop-bedrucken-einheitsgroesse\\\/#mainImage\"},\"primaryImageOfPage\":{\"@id\":\"https:\\\/\\\/katoenendraagtassen.nl\\\/de\\\/product\\\/3710\\\/recycelter-baumwoll-shopper-ki5808-k-loop-bedrucken-einheitsgroesse\\\/#mainImage\"},\"datePublished\":\"2026-02-06T13:14:51+01:00\",\"dateModified\":\"2026-02-17T11:58:03+01:00\"},{\"@type\":\"WebSite\",\"@id\":\"https:\\\/\\\/katoenendraagtassen.nl\\\/de\\\/#website\",\"url\":\"https:\\\/\\\/katoenendraagtassen.nl\\\/de\\\/\",\"name\":\"Katoenendraagtassen\",\"inLanguage\":\"de-DE\",\"publisher\":{\"@id\":\"https:\\\/\\\/katoenendraagtassen.nl\\\/de\\\/#organization\"}}]}\n\t\t<\/script>\n\t\t<!-- All in One SEO Pro -->\r\n\t\t<title>Recycelter Baumwoll Shopper KI5808 K-loop bedrucken Einheitsgr\u00f6\u00dfe<\/title>\n\n","aioseo_head_json":{"title":"Recycelter Baumwoll Shopper KI5808 K-loop bedrucken Einheitsgr\u00f6\u00dfe","description":"Mach den recycelten Shopper KI5808 aus dem K-loop Projekt zu deinem nachhaltigen Statement. Du kannst ihn in Einheitsgr\u00f6\u00dfe mit deinem individuellen Logo bedrucken lassen & kreierst so das ideale Werbemittel f\u00fcr dein Unternehmen oder Event.","canonical_url":"https:\/\/katoenendraagtassen.nl\/de\/wp-json\/wp\/v2\/product\/3710","robots":"max-image-preview:large","keywords":"","webmasterTools":{"google-site-verification":"UCXCM47iuIQOXxYT_rmg4k_pSRa_vVC6yBpzgVDnaZM","miscellaneous":""},"schema":{"@context":"https:\/\/schema.org","@graph":[{"@type":"BreadcrumbList","@id":"https:\/\/katoenendraagtassen.nl\/de\/product\/3710\/recycelter-baumwoll-shopper-ki5808-k-loop-bedrucken-einheitsgroesse\/#breadcrumblist","itemListElement":[{"@type":"ListItem","@id":"https:\/\/katoenendraagtassen.nl\/de\/#listItem","position":1,"name":"Home","item":"https:\/\/katoenendraagtassen.nl\/de\/","nextItem":{"@type":"ListItem","@id":"https:\/\/katoenendraagtassen.nl\/shop\/#listItem","name":"Shop"}},{"@type":"ListItem","@id":"https:\/\/katoenendraagtassen.nl\/shop\/#listItem","position":2,"name":"Shop","item":"https:\/\/katoenendraagtassen.nl\/shop\/","nextItem":{"@type":"ListItem","@id":"https:\/\/katoenendraagtassen.nl\/de\/product-supplier\/a403\/#listItem","name":"A403-TopTex"},"previousItem":{"@type":"ListItem","@id":"https:\/\/katoenendraagtassen.nl\/de\/#listItem","name":"Home"}},{"@type":"ListItem","@id":"https:\/\/katoenendraagtassen.nl\/de\/product-supplier\/a403\/#listItem","position":3,"name":"A403-TopTex","item":"https:\/\/katoenendraagtassen.nl\/de\/product-supplier\/a403\/","nextItem":{"@type":"ListItem","@id":"https:\/\/katoenendraagtassen.nl\/de\/product\/3710\/recycelter-baumwoll-shopper-ki5808-k-loop-bedrucken-einheitsgroesse\/#listItem","name":"KI5808 &#8211; Gerecycleerde katoenen shopper &#8218;K-loop project&#8216;"},"previousItem":{"@type":"ListItem","@id":"https:\/\/katoenendraagtassen.nl\/shop\/#listItem","name":"Shop"}},{"@type":"ListItem","@id":"https:\/\/katoenendraagtassen.nl\/de\/product\/3710\/recycelter-baumwoll-shopper-ki5808-k-loop-bedrucken-einheitsgroesse\/#listItem","position":4,"name":"KI5808 &#8211; Gerecycleerde katoenen shopper &#8218;K-loop project&#8216;","previousItem":{"@type":"ListItem","@id":"https:\/\/katoenendraagtassen.nl\/de\/product-supplier\/a403\/#listItem","name":"A403-TopTex"}}]},{"@type":"Organization","@id":"https:\/\/katoenendraagtassen.nl\/de\/#organization","name":"Katoenendraagtassen","url":"https:\/\/katoenendraagtassen.nl\/de\/","logo":{"@type":"ImageObject","url":"https:\/\/shop.hidalgo.nl\/wp-content\/uploads\/2026\/02\/cropped-draagtassen-logo.png","@id":"https:\/\/katoenendraagtassen.nl\/de\/product\/3710\/recycelter-baumwoll-shopper-ki5808-k-loop-bedrucken-einheitsgroesse\/#organizationLogo","width":419,"height":259},"image":{"@id":"https:\/\/katoenendraagtassen.nl\/de\/product\/3710\/recycelter-baumwoll-shopper-ki5808-k-loop-bedrucken-einheitsgroesse\/#organizationLogo"}},{"@type":"WebPage","@id":"https:\/\/katoenendraagtassen.nl\/de\/product\/3710\/recycelter-baumwoll-shopper-ki5808-k-loop-bedrucken-einheitsgroesse\/#webpage","url":"https:\/\/katoenendraagtassen.nl\/de\/product\/3710\/recycelter-baumwoll-shopper-ki5808-k-loop-bedrucken-einheitsgroesse\/","name":"Recycelter Baumwoll Shopper KI5808 K-loop bedrucken Einheitsgr\u00f6\u00dfe","description":"Mach den recycelten Shopper KI5808 aus dem K-loop Projekt zu deinem nachhaltigen Statement. Du kannst ihn in Einheitsgr\u00f6\u00dfe mit deinem individuellen Logo bedrucken lassen & kreierst so das ideale Werbemittel f\u00fcr dein Unternehmen oder Event.","inLanguage":"de-DE","isPartOf":{"@id":"https:\/\/katoenendraagtassen.nl\/de\/#website"},"breadcrumb":{"@id":"https:\/\/katoenendraagtassen.nl\/de\/product\/3710\/recycelter-baumwoll-shopper-ki5808-k-loop-bedrucken-einheitsgroesse\/#breadcrumblist"},"image":{"@type":"ImageObject","url":"https:\/\/shop.hidalgo.nl\/wp-content\/uploads\/2025\/06\/0a37a1b920463d56acd63439fbbdee552ce0e3c8cd94d61daa723e5d1f8ca6c1.png","@id":"https:\/\/katoenendraagtassen.nl\/de\/product\/3710\/recycelter-baumwoll-shopper-ki5808-k-loop-bedrucken-einheitsgroesse\/#mainImage"},"primaryImageOfPage":{"@id":"https:\/\/katoenendraagtassen.nl\/de\/product\/3710\/recycelter-baumwoll-shopper-ki5808-k-loop-bedrucken-einheitsgroesse\/#mainImage"},"datePublished":"2026-02-06T13:14:51+01:00","dateModified":"2026-02-17T11:58:03+01:00"},{"@type":"WebSite","@id":"https:\/\/katoenendraagtassen.nl\/de\/#website","url":"https:\/\/katoenendraagtassen.nl\/de\/","name":"Katoenendraagtassen","inLanguage":"de-DE","publisher":{"@id":"https:\/\/katoenendraagtassen.nl\/de\/#organization"}}]},"og:locale":"de_DE","og:site_name":"Katoenendraagtassen -","og:type":"article","og:title":"Recycelter Baumwoll Shopper KI5808 K-loop bedrucken Einheitsgr\u00f6\u00dfe","og:description":"Mach den recycelten Shopper KI5808 aus dem K-loop Projekt zu deinem nachhaltigen Statement. Du kannst ihn in Einheitsgr\u00f6\u00dfe mit deinem individuellen Logo bedrucken lassen &amp; kreierst so das ideale Werbemittel f\u00fcr dein Unternehmen oder Event.","og:url":"https:\/\/katoenendraagtassen.nl\/de\/wp-json\/wp\/v2\/product\/3710","og:image":"https:\/\/shop.hidalgo.nl\/wp-content\/uploads\/2026\/02\/cropped-draagtassen-logo.png","og:image:secure_url":"https:\/\/shop.hidalgo.nl\/wp-content\/uploads\/2026\/02\/cropped-draagtassen-logo.png","article:published_time":"2026-02-06T13:14:51+00:00","article:modified_time":"2026-02-17T11:58:03+00:00","twitter:card":"summary_large_image","twitter:title":"Recycelter Baumwoll Shopper KI5808 K-loop bedrucken Einheitsgr\u00f6\u00dfe","twitter:description":"Mach den recycelten Shopper KI5808 aus dem K-loop Projekt zu deinem nachhaltigen Statement. Du kannst ihn in Einheitsgr\u00f6\u00dfe mit deinem individuellen Logo bedrucken lassen &amp; kreierst so das ideale Werbemittel f\u00fcr dein Unternehmen oder Event.","twitter:image":"https:\/\/shop.hidalgo.nl\/wp-content\/uploads\/2026\/02\/cropped-draagtassen-logo.png"},"aioseo_meta_data":{"post_id":"3710","title":null,"description":null,"keywords":null,"keyphrases":null,"canonical_url":null,"og_title":null,"og_description":null,"og_object_type":"default","og_image_type":"default","og_image_custom_url":null,"og_image_custom_fields":null,"og_custom_image_width":null,"og_custom_image_height":null,"og_video":null,"og_custom_url":null,"og_article_section":null,"og_article_tags":null,"twitter_use_og":false,"twitter_card":"default","twitter_image_type":"default","twitter_image_custom_url":null,"twitter_image_custom_fields":null,"twitter_title":null,"twitter_description":null,"schema_type":null,"schema_type_options":null,"pillar_content":false,"robots_default":true,"robots_noindex":false,"robots_noarchive":false,"robots_nosnippet":false,"robots_nofollow":false,"robots_noimageindex":false,"robots_noodp":false,"robots_notranslate":false,"robots_max_snippet":null,"robots_max_videopreview":null,"robots_max_imagepreview":"none","tabs":null,"priority":null,"frequency":null,"local_seo":null,"created":"2026-02-06 13:16:44","updated":"2026-02-17 12:29:08"},"aioseo_breadcrumb":"<div class=\"aioseo-breadcrumbs\"><span class=\"aioseo-breadcrumb\">\n\t<a href=\"https:\/\/katoenendraagtassen.nl\/de\/\" title=\"Home\">Home<\/a>\n<\/span><span class=\"aioseo-breadcrumb-separator\">\u00bb<\/span><span class=\"aioseo-breadcrumb\">\n\t<a href=\"https:\/\/katoenendraagtassen.nl\/shop\/\" title=\"Shop\">Shop<\/a>\n<\/span><span class=\"aioseo-breadcrumb-separator\">\u00bb<\/span><span class=\"aioseo-breadcrumb\">\n\t<a href=\"https:\/\/katoenendraagtassen.nl\/de\/product-supplier\/a403\/\" title=\"A403-TopTex\">A403-TopTex<\/a>\n<\/span><span class=\"aioseo-breadcrumb-separator\">\u00bb<\/span><span class=\"aioseo-breadcrumb\">\n\tKI5808 \u2013 Gerecycleerde katoenen shopper \u201aK-loop project\u2018\n<\/span><\/div>","aioseo_breadcrumb_json":[{"label":"Home","link":"https:\/\/katoenendraagtassen.nl\/de\/"},{"label":"Shop","link":"https:\/\/katoenendraagtassen.nl\/shop\/"},{"label":"A403-TopTex","link":"https:\/\/katoenendraagtassen.nl\/de\/product-supplier\/a403\/"},{"label":"KI5808 &#8211; Gerecycleerde katoenen shopper &#8218;K-loop project&#8216;","link":"https:\/\/katoenendraagtassen.nl\/de\/product\/3710\/recycelter-baumwoll-shopper-ki5808-k-loop-bedrucken-einheitsgroesse\/"}],"_links":{"self":[{"href":"https:\/\/katoenendraagtassen.nl\/de\/wp-json\/wp\/v2\/product\/3710","targetHints":{"allow":["GET"]}}],"collection":[{"href":"https:\/\/katoenendraagtassen.nl\/de\/wp-json\/wp\/v2\/product"}],"about":[{"href":"https:\/\/katoenendraagtassen.nl\/de\/wp-json\/wp\/v2\/types\/product"}],"wp:featuredmedia":[{"embeddable":true,"href":"https:\/\/katoenendraagtassen.nl\/de\/wp-json\/wp\/v2\/media\/3711"}],"wp:attachment":[{"href":"https:\/\/katoenendraagtassen.nl\/de\/wp-json\/wp\/v2\/media?parent=3710"}],"wp:term":[{"taxonomy":"product_brand","embeddable":true,"href":"https:\/\/katoenendraagtassen.nl\/de\/wp-json\/wp\/v2\/product_brand?post=3710"},{"taxonomy":"product_cat","embeddable":true,"href":"https:\/\/katoenendraagtassen.nl\/de\/wp-json\/wp\/v2\/product_cat?post=3710"},{"taxonomy":"product_tag","embeddable":true,"href":"https:\/\/katoenendraagtassen.nl\/de\/wp-json\/wp\/v2\/product_tag?post=3710"}],"curies":[{"name":"wp","href":"https:\/\/api.w.org\/{rel}","templated":true}]}}