{"id":2985,"date":"2026-02-06T11:26:35","date_gmt":"2026-02-06T11:26:35","guid":{"rendered":"https:\/\/katoenendraagtassen.shop.hidalgo.nl\/product\/katoen-150-gsm-trekkoord-rugtas-georgia\/"},"modified":"2026-02-17T11:58:08","modified_gmt":"2026-02-17T11:58:08","slug":"katoen-150-gsm-trekkoord-rugtas-georgia","status":"publish","type":"product","link":"https:\/\/katoenendraagtassen.nl\/de\/product\/2985\/kordelzugrucksack-bedrucken-baumwolle-150g-m%c2%b2-oeko-tex-georgia\/","title":{"rendered":"Katoen (150 gsm) trekkoord rugtas Georgia"},"content":{"rendered":"<p>Natuurlijk katoenen (150 gsm) trekkoord rugtas. Maximale draagkracht: ca. 8 kg. Dit product is OEKO-TEX\u00ae STANDAARD 100 gecertificeerd.<\/p>\n","protected":false},"excerpt":{"rendered":"<p>Natuurlijk katoenen (150 gsm) trekkoord rugtas. Maximale draagkracht: ca. 8 kg. Dit product is OEKO-TEX\u00ae STANDAARD 100 gecertificeerd.<\/p>\n","protected":false},"featured_media":2986,"template":"","meta":{"_acf_changed":false,"_monsterinsights_skip_tracking":false,"_monsterinsights_sitenote_active":false,"_monsterinsights_sitenote_note":"","_monsterinsights_sitenote_category":0},"product_brand":[60],"product_cat":[41,51],"product_tag":[],"class_list":{"0":"post-2985","1":"product","2":"type-product","3":"status-publish","4":"has-post-thumbnail","6":"product_supplier-a58","7":"product_material-katoen-140-150-g-m2","8":"product_brand-impression","9":"product_cat-reis-onderweg","10":"product_cat-rugtassen","11":"entry","13":"first","14":"instock","15":"taxable","16":"shipping-taxable","17":"purchasable","18":"product-type-variable"},"acf":{"imprint_cost":[{"imprint_cost_key":"80221c87e08f679a367f5ce524d511462db79781","product_quantity_price_range":[{"imprint_cost_recommended_selling_price":"1.54","imprint_cost_recommended_selling_quantity":"1"},{"imprint_cost_recommended_selling_price":"1.31","imprint_cost_recommended_selling_quantity":"25"},{"imprint_cost_recommended_selling_price":"1.11","imprint_cost_recommended_selling_quantity":"50"},{"imprint_cost_recommended_selling_price":"0.88","imprint_cost_recommended_selling_quantity":"100"},{"imprint_cost_recommended_selling_price":"0.66","imprint_cost_recommended_selling_quantity":"250"},{"imprint_cost_recommended_selling_price":"0.58","imprint_cost_recommended_selling_quantity":"500"},{"imprint_cost_recommended_selling_price":"0.57","imprint_cost_recommended_selling_quantity":"1000"},{"imprint_cost_recommended_selling_price":"0.55","imprint_cost_recommended_selling_quantity":"2500"},{"imprint_cost_recommended_selling_price":"0.52","imprint_cost_recommended_selling_quantity":"5000"}],"product_quantity_price_range_buying":false,"imprint_cost_setup_costs":"60.77","imprint_cost_handling_costs":"0.2"},{"imprint_cost_key":"925c140b30580907b84072d4b0b7da6e7920acd2","product_quantity_price_range":[{"imprint_cost_recommended_selling_price":"1.77","imprint_cost_recommended_selling_quantity":"1"},{"imprint_cost_recommended_selling_price":"1.49","imprint_cost_recommended_selling_quantity":"25"},{"imprint_cost_recommended_selling_price":"1.4","imprint_cost_recommended_selling_quantity":"50"},{"imprint_cost_recommended_selling_price":"1.31","imprint_cost_recommended_selling_quantity":"100"},{"imprint_cost_recommended_selling_price":"1.23","imprint_cost_recommended_selling_quantity":"250"},{"imprint_cost_recommended_selling_price":"1.14","imprint_cost_recommended_selling_quantity":"500"},{"imprint_cost_recommended_selling_price":"1.06","imprint_cost_recommended_selling_quantity":"1000"},{"imprint_cost_recommended_selling_price":"0.95","imprint_cost_recommended_selling_quantity":"2500"},{"imprint_cost_recommended_selling_price":"0.89","imprint_cost_recommended_selling_quantity":"5000"},{"imprint_cost_recommended_selling_price":"0.88","imprint_cost_recommended_selling_quantity":"10000"},{"imprint_cost_recommended_selling_price":"0.86","imprint_cost_recommended_selling_quantity":"25000"}],"product_quantity_price_range_buying":false,"imprint_cost_setup_costs":"60.77","imprint_cost_handling_costs":"0.2"},{"imprint_cost_key":"08265af368cf9e5eb3852c7ddd38035c4cf0d061","product_quantity_price_range":[{"imprint_cost_recommended_selling_price":"3.97","imprint_cost_recommended_selling_quantity":"1"},{"imprint_cost_recommended_selling_price":"3.35","imprint_cost_recommended_selling_quantity":"25"},{"imprint_cost_recommended_selling_price":"2.55","imprint_cost_recommended_selling_quantity":"50"},{"imprint_cost_recommended_selling_price":"2.12","imprint_cost_recommended_selling_quantity":"100"},{"imprint_cost_recommended_selling_price":"1.51","imprint_cost_recommended_selling_quantity":"250"},{"imprint_cost_recommended_selling_price":"1.4","imprint_cost_recommended_selling_quantity":"500"},{"imprint_cost_recommended_selling_price":"1.29","imprint_cost_recommended_selling_quantity":"1000"},{"imprint_cost_recommended_selling_price":"1.28","imprint_cost_recommended_selling_quantity":"2500"},{"imprint_cost_recommended_selling_price":"1.25","imprint_cost_recommended_selling_quantity":"5000"},{"imprint_cost_recommended_selling_price":"1.23","imprint_cost_recommended_selling_quantity":"10000"},{"imprint_cost_recommended_selling_price":"1.22","imprint_cost_recommended_selling_quantity":"25000"}],"product_quantity_price_range_buying":false,"imprint_cost_setup_costs":"60.77","imprint_cost_handling_costs":"0.2"},{"imprint_cost_key":"e6dcfa960092c9d136ee19a877cdcfbdce3b4d3e","product_quantity_price_range":[{"imprint_cost_recommended_selling_price":"5.08","imprint_cost_recommended_selling_quantity":"1"},{"imprint_cost_recommended_selling_price":"3.68","imprint_cost_recommended_selling_quantity":"25"},{"imprint_cost_recommended_selling_price":"2.98","imprint_cost_recommended_selling_quantity":"50"},{"imprint_cost_recommended_selling_price":"2.42","imprint_cost_recommended_selling_quantity":"100"},{"imprint_cost_recommended_selling_price":"2.15","imprint_cost_recommended_selling_quantity":"250"},{"imprint_cost_recommended_selling_price":"1.89","imprint_cost_recommended_selling_quantity":"500"},{"imprint_cost_recommended_selling_price":"1.66","imprint_cost_recommended_selling_quantity":"1000"},{"imprint_cost_recommended_selling_price":"1.51","imprint_cost_recommended_selling_quantity":"2500"},{"imprint_cost_recommended_selling_price":"1.49","imprint_cost_recommended_selling_quantity":"10000"}],"product_quantity_price_range_buying":false,"imprint_cost_setup_costs":"60.77","imprint_cost_handling_costs":"0.2"},{"imprint_cost_key":"ebcc47ad080ebdaa18e798660f06b8a13a1dc5ec","product_quantity_price_range":[{"imprint_cost_recommended_selling_price":"5.63","imprint_cost_recommended_selling_quantity":"1"},{"imprint_cost_recommended_selling_price":"4.25","imprint_cost_recommended_selling_quantity":"25"},{"imprint_cost_recommended_selling_price":"3.58","imprint_cost_recommended_selling_quantity":"50"},{"imprint_cost_recommended_selling_price":"2.91","imprint_cost_recommended_selling_quantity":"100"},{"imprint_cost_recommended_selling_price":"2.23","imprint_cost_recommended_selling_quantity":"250"},{"imprint_cost_recommended_selling_price":"1.55","imprint_cost_recommended_selling_quantity":"500"},{"imprint_cost_recommended_selling_price":"1.4","imprint_cost_recommended_selling_quantity":"1000"},{"imprint_cost_recommended_selling_price":"1.25","imprint_cost_recommended_selling_quantity":"2500"},{"imprint_cost_recommended_selling_price":"1.22","imprint_cost_recommended_selling_quantity":"5000"},{"imprint_cost_recommended_selling_price":"1.17","imprint_cost_recommended_selling_quantity":"10000"}],"product_quantity_price_range_buying":false,"imprint_cost_setup_costs":"60.77","imprint_cost_handling_costs":"0.2"},{"imprint_cost_key":"1de0e72b41443b9ccef0eba29a9ee6896c33601e","product_quantity_price_range":[{"imprint_cost_recommended_selling_price":"9.49","imprint_cost_recommended_selling_quantity":"1"},{"imprint_cost_recommended_selling_price":"6.88","imprint_cost_recommended_selling_quantity":"25"},{"imprint_cost_recommended_selling_price":"5.26","imprint_cost_recommended_selling_quantity":"50"},{"imprint_cost_recommended_selling_price":"4.06","imprint_cost_recommended_selling_quantity":"100"},{"imprint_cost_recommended_selling_price":"3.23","imprint_cost_recommended_selling_quantity":"250"},{"imprint_cost_recommended_selling_price":"2.13","imprint_cost_recommended_selling_quantity":"500"},{"imprint_cost_recommended_selling_price":"1.95","imprint_cost_recommended_selling_quantity":"1000"},{"imprint_cost_recommended_selling_price":"1.76","imprint_cost_recommended_selling_quantity":"2500"},{"imprint_cost_recommended_selling_price":"1.7","imprint_cost_recommended_selling_quantity":"5000"},{"imprint_cost_recommended_selling_price":"1.65","imprint_cost_recommended_selling_quantity":"10000"}],"product_quantity_price_range_buying":false,"imprint_cost_setup_costs":"121.54","imprint_cost_handling_costs":"0.2"},{"imprint_cost_key":"b98cc0a533f613125954cb504996c2ee759c8b8e","product_quantity_price_range":[{"imprint_cost_recommended_selling_price":"3.83","imprint_cost_recommended_selling_quantity":"1"},{"imprint_cost_recommended_selling_price":"2.08","imprint_cost_recommended_selling_quantity":"25"},{"imprint_cost_recommended_selling_price":"1.48","imprint_cost_recommended_selling_quantity":"50"},{"imprint_cost_recommended_selling_price":"0.86","imprint_cost_recommended_selling_quantity":"100"},{"imprint_cost_recommended_selling_price":"0.66","imprint_cost_recommended_selling_quantity":"250"},{"imprint_cost_recommended_selling_price":"0.57","imprint_cost_recommended_selling_quantity":"500"},{"imprint_cost_recommended_selling_price":"0.4","imprint_cost_recommended_selling_quantity":"1000"},{"imprint_cost_recommended_selling_price":"0.37","imprint_cost_recommended_selling_quantity":"2500"},{"imprint_cost_recommended_selling_price":"0.34","imprint_cost_recommended_selling_quantity":"5000"}],"product_quantity_price_range_buying":false,"imprint_cost_setup_costs":"52.31","imprint_cost_handling_costs":"0.08"},{"imprint_cost_key":"88b196b234186778522ba12213df46bff3874283","product_quantity_price_range":[{"imprint_cost_recommended_selling_price":"7.26","imprint_cost_recommended_selling_quantity":"1"},{"imprint_cost_recommended_selling_price":"3.96","imprint_cost_recommended_selling_quantity":"25"},{"imprint_cost_recommended_selling_price":"2.74","imprint_cost_recommended_selling_quantity":"50"},{"imprint_cost_recommended_selling_price":"1.51","imprint_cost_recommended_selling_quantity":"100"},{"imprint_cost_recommended_selling_price":"1.26","imprint_cost_recommended_selling_quantity":"250"},{"imprint_cost_recommended_selling_price":"1.06","imprint_cost_recommended_selling_quantity":"500"},{"imprint_cost_recommended_selling_price":"0.78","imprint_cost_recommended_selling_quantity":"1000"},{"imprint_cost_recommended_selling_price":"0.68","imprint_cost_recommended_selling_quantity":"2500"},{"imprint_cost_recommended_selling_price":"0.65","imprint_cost_recommended_selling_quantity":"5000"}],"product_quantity_price_range_buying":false,"imprint_cost_setup_costs":"104.62","imprint_cost_handling_costs":"0.08"}]},"aioseo_notices":[],"aioseo_head":"\n\t\t<!-- All in One SEO Pro 4.9.5.2 - aioseo.com -->\n\t<meta name=\"description\" content=\"Entdecke den vielseitigen Kordelzugrucksack Georgia aus 150 g\/m\u00b2 Baumwolle, ideal f\u00fcr Reisen &amp; unterwegs. Gestalte dieses stylische Give-away f\u00fcr Events mit deinem Logo und sorge f\u00fcr einen bleibenden Eindruck bei deinem Publikum.\" \/>\n\t<meta name=\"robots\" content=\"max-image-preview:large\" \/>\n\t<meta name=\"google-site-verification\" content=\"UCXCM47iuIQOXxYT_rmg4k_pSRa_vVC6yBpzgVDnaZM\" \/>\n\t<link rel=\"canonical\" href=\"https:\/\/katoenendraagtassen.nl\/de\/wp-json\/wp\/v2\/product\/2985\" \/>\n\t<meta name=\"generator\" content=\"All in One SEO Pro (AIOSEO) 4.9.5.2\" \/>\n\t\t<meta property=\"og:locale\" content=\"de_DE\" \/>\n\t\t<meta property=\"og:site_name\" content=\"Katoenendraagtassen -\" \/>\n\t\t<meta property=\"og:type\" content=\"article\" \/>\n\t\t<meta property=\"og:title\" content=\"Kordelzugrucksack bedrucken Baumwolle 150g\/m\u00b2 OEKO-TEX Georgia\" \/>\n\t\t<meta property=\"og:description\" content=\"Entdecke den vielseitigen Kordelzugrucksack Georgia aus 150 g\/m\u00b2 Baumwolle, ideal f\u00fcr Reisen &amp; unterwegs. Gestalte dieses stylische Give-away f\u00fcr Events mit deinem Logo und sorge f\u00fcr einen bleibenden Eindruck bei deinem Publikum.\" \/>\n\t\t<meta property=\"og:url\" content=\"https:\/\/katoenendraagtassen.nl\/de\/wp-json\/wp\/v2\/product\/2985\" \/>\n\t\t<meta property=\"og:image\" content=\"https:\/\/shop.hidalgo.nl\/wp-content\/uploads\/2026\/02\/cropped-draagtassen-logo.png\" \/>\n\t\t<meta property=\"og:image:secure_url\" content=\"https:\/\/shop.hidalgo.nl\/wp-content\/uploads\/2026\/02\/cropped-draagtassen-logo.png\" \/>\n\t\t<meta property=\"article:published_time\" content=\"2026-02-06T11:26:35+00:00\" \/>\n\t\t<meta property=\"article:modified_time\" content=\"2026-02-17T11:58:08+00:00\" \/>\n\t\t<meta name=\"twitter:card\" content=\"summary_large_image\" \/>\n\t\t<meta name=\"twitter:title\" content=\"Kordelzugrucksack bedrucken Baumwolle 150g\/m\u00b2 OEKO-TEX Georgia\" \/>\n\t\t<meta name=\"twitter:description\" content=\"Entdecke den vielseitigen Kordelzugrucksack Georgia aus 150 g\/m\u00b2 Baumwolle, ideal f\u00fcr Reisen &amp; unterwegs. Gestalte dieses stylische Give-away f\u00fcr Events mit deinem Logo und sorge f\u00fcr einen bleibenden Eindruck bei deinem Publikum.\" \/>\n\t\t<meta name=\"twitter:image\" content=\"https:\/\/shop.hidalgo.nl\/wp-content\/uploads\/2026\/02\/cropped-draagtassen-logo.png\" \/>\n\t\t<script type=\"application\/ld+json\" class=\"aioseo-schema\">\n\t\t\t{\"@context\":\"https:\\\/\\\/schema.org\",\"@graph\":[{\"@type\":\"BreadcrumbList\",\"@id\":\"https:\\\/\\\/katoenendraagtassen.nl\\\/de\\\/product\\\/2985\\\/kordelzugrucksack-bedrucken-baumwolle-150g-m%c2%b2-oeko-tex-georgia\\\/#breadcrumblist\",\"itemListElement\":[{\"@type\":\"ListItem\",\"@id\":\"https:\\\/\\\/katoenendraagtassen.nl\\\/de\\\/#listItem\",\"position\":1,\"name\":\"Home\",\"item\":\"https:\\\/\\\/katoenendraagtassen.nl\\\/de\\\/\",\"nextItem\":{\"@type\":\"ListItem\",\"@id\":\"https:\\\/\\\/katoenendraagtassen.nl\\\/shop\\\/#listItem\",\"name\":\"Shop\"}},{\"@type\":\"ListItem\",\"@id\":\"https:\\\/\\\/katoenendraagtassen.nl\\\/shop\\\/#listItem\",\"position\":2,\"name\":\"Shop\",\"item\":\"https:\\\/\\\/katoenendraagtassen.nl\\\/shop\\\/\",\"nextItem\":{\"@type\":\"ListItem\",\"@id\":\"https:\\\/\\\/katoenendraagtassen.nl\\\/de\\\/product-supplier\\\/a58\\\/#listItem\",\"name\":\"A58-Giving\"},\"previousItem\":{\"@type\":\"ListItem\",\"@id\":\"https:\\\/\\\/katoenendraagtassen.nl\\\/de\\\/#listItem\",\"name\":\"Home\"}},{\"@type\":\"ListItem\",\"@id\":\"https:\\\/\\\/katoenendraagtassen.nl\\\/de\\\/product-supplier\\\/a58\\\/#listItem\",\"position\":3,\"name\":\"A58-Giving\",\"item\":\"https:\\\/\\\/katoenendraagtassen.nl\\\/de\\\/product-supplier\\\/a58\\\/\",\"nextItem\":{\"@type\":\"ListItem\",\"@id\":\"https:\\\/\\\/katoenendraagtassen.nl\\\/de\\\/product\\\/2985\\\/kordelzugrucksack-bedrucken-baumwolle-150g-m%c2%b2-oeko-tex-georgia\\\/#listItem\",\"name\":\"Katoen (150 gsm) trekkoord rugtas Georgia\"},\"previousItem\":{\"@type\":\"ListItem\",\"@id\":\"https:\\\/\\\/katoenendraagtassen.nl\\\/shop\\\/#listItem\",\"name\":\"Shop\"}},{\"@type\":\"ListItem\",\"@id\":\"https:\\\/\\\/katoenendraagtassen.nl\\\/de\\\/product\\\/2985\\\/kordelzugrucksack-bedrucken-baumwolle-150g-m%c2%b2-oeko-tex-georgia\\\/#listItem\",\"position\":4,\"name\":\"Katoen (150 gsm) trekkoord rugtas Georgia\",\"previousItem\":{\"@type\":\"ListItem\",\"@id\":\"https:\\\/\\\/katoenendraagtassen.nl\\\/de\\\/product-supplier\\\/a58\\\/#listItem\",\"name\":\"A58-Giving\"}}]},{\"@type\":\"Organization\",\"@id\":\"https:\\\/\\\/katoenendraagtassen.nl\\\/de\\\/#organization\",\"name\":\"Katoenendraagtassen\",\"url\":\"https:\\\/\\\/katoenendraagtassen.nl\\\/de\\\/\",\"logo\":{\"@type\":\"ImageObject\",\"url\":\"https:\\\/\\\/shop.hidalgo.nl\\\/wp-content\\\/uploads\\\/2026\\\/02\\\/cropped-draagtassen-logo.png\",\"@id\":\"https:\\\/\\\/katoenendraagtassen.nl\\\/de\\\/product\\\/2985\\\/kordelzugrucksack-bedrucken-baumwolle-150g-m%c2%b2-oeko-tex-georgia\\\/#organizationLogo\",\"width\":419,\"height\":259},\"image\":{\"@id\":\"https:\\\/\\\/katoenendraagtassen.nl\\\/de\\\/product\\\/2985\\\/kordelzugrucksack-bedrucken-baumwolle-150g-m%c2%b2-oeko-tex-georgia\\\/#organizationLogo\"}},{\"@type\":\"WebPage\",\"@id\":\"https:\\\/\\\/katoenendraagtassen.nl\\\/de\\\/product\\\/2985\\\/kordelzugrucksack-bedrucken-baumwolle-150g-m%c2%b2-oeko-tex-georgia\\\/#webpage\",\"url\":\"https:\\\/\\\/katoenendraagtassen.nl\\\/de\\\/product\\\/2985\\\/kordelzugrucksack-bedrucken-baumwolle-150g-m%c2%b2-oeko-tex-georgia\\\/\",\"name\":\"Kordelzugrucksack bedrucken Baumwolle 150g\\\/m\\u00b2 OEKO-TEX Georgia\",\"description\":\"Entdecke den vielseitigen Kordelzugrucksack Georgia aus 150 g\\\/m\\u00b2 Baumwolle, ideal f\\u00fcr Reisen & unterwegs. Gestalte dieses stylische Give-away f\\u00fcr Events mit deinem Logo und sorge f\\u00fcr einen bleibenden Eindruck bei deinem Publikum.\",\"inLanguage\":\"de-DE\",\"isPartOf\":{\"@id\":\"https:\\\/\\\/katoenendraagtassen.nl\\\/de\\\/#website\"},\"breadcrumb\":{\"@id\":\"https:\\\/\\\/katoenendraagtassen.nl\\\/de\\\/product\\\/2985\\\/kordelzugrucksack-bedrucken-baumwolle-150g-m%c2%b2-oeko-tex-georgia\\\/#breadcrumblist\"},\"image\":{\"@type\":\"ImageObject\",\"url\":\"https:\\\/\\\/shop.hidalgo.nl\\\/wp-content\\\/uploads\\\/2025\\\/04\\\/dd907c1614d072704675a810871f2cbb5c1ae26b60373d17265446df3b1e20ad.jpg\",\"@id\":\"https:\\\/\\\/katoenendraagtassen.nl\\\/de\\\/product\\\/2985\\\/kordelzugrucksack-bedrucken-baumwolle-150g-m%c2%b2-oeko-tex-georgia\\\/#mainImage\"},\"primaryImageOfPage\":{\"@id\":\"https:\\\/\\\/katoenendraagtassen.nl\\\/de\\\/product\\\/2985\\\/kordelzugrucksack-bedrucken-baumwolle-150g-m%c2%b2-oeko-tex-georgia\\\/#mainImage\"},\"datePublished\":\"2026-02-06T11:26:35+00:00\",\"dateModified\":\"2026-02-17T11:58:08+00:00\"},{\"@type\":\"WebSite\",\"@id\":\"https:\\\/\\\/katoenendraagtassen.nl\\\/de\\\/#website\",\"url\":\"https:\\\/\\\/katoenendraagtassen.nl\\\/de\\\/\",\"name\":\"Katoenendraagtassen\",\"inLanguage\":\"de-DE\",\"publisher\":{\"@id\":\"https:\\\/\\\/katoenendraagtassen.nl\\\/de\\\/#organization\"}}]}\n\t\t<\/script>\n\t\t<!-- All in One SEO Pro -->\r\n\t\t<title>Kordelzugrucksack bedrucken Baumwolle 150g\/m\u00b2 OEKO-TEX Georgia<\/title>\n\n","aioseo_head_json":{"title":"Kordelzugrucksack bedrucken Baumwolle 150g\/m\u00b2 OEKO-TEX Georgia","description":"Entdecke den vielseitigen Kordelzugrucksack Georgia aus 150 g\/m\u00b2 Baumwolle, ideal f\u00fcr Reisen & unterwegs. Gestalte dieses stylische Give-away f\u00fcr Events mit deinem Logo und sorge f\u00fcr einen bleibenden Eindruck bei deinem Publikum.","canonical_url":"https:\/\/katoenendraagtassen.nl\/de\/wp-json\/wp\/v2\/product\/2985","robots":"max-image-preview:large","keywords":"","webmasterTools":{"google-site-verification":"UCXCM47iuIQOXxYT_rmg4k_pSRa_vVC6yBpzgVDnaZM","miscellaneous":""},"schema":{"@context":"https:\/\/schema.org","@graph":[{"@type":"BreadcrumbList","@id":"https:\/\/katoenendraagtassen.nl\/de\/product\/2985\/kordelzugrucksack-bedrucken-baumwolle-150g-m%c2%b2-oeko-tex-georgia\/#breadcrumblist","itemListElement":[{"@type":"ListItem","@id":"https:\/\/katoenendraagtassen.nl\/de\/#listItem","position":1,"name":"Home","item":"https:\/\/katoenendraagtassen.nl\/de\/","nextItem":{"@type":"ListItem","@id":"https:\/\/katoenendraagtassen.nl\/shop\/#listItem","name":"Shop"}},{"@type":"ListItem","@id":"https:\/\/katoenendraagtassen.nl\/shop\/#listItem","position":2,"name":"Shop","item":"https:\/\/katoenendraagtassen.nl\/shop\/","nextItem":{"@type":"ListItem","@id":"https:\/\/katoenendraagtassen.nl\/de\/product-supplier\/a58\/#listItem","name":"A58-Giving"},"previousItem":{"@type":"ListItem","@id":"https:\/\/katoenendraagtassen.nl\/de\/#listItem","name":"Home"}},{"@type":"ListItem","@id":"https:\/\/katoenendraagtassen.nl\/de\/product-supplier\/a58\/#listItem","position":3,"name":"A58-Giving","item":"https:\/\/katoenendraagtassen.nl\/de\/product-supplier\/a58\/","nextItem":{"@type":"ListItem","@id":"https:\/\/katoenendraagtassen.nl\/de\/product\/2985\/kordelzugrucksack-bedrucken-baumwolle-150g-m%c2%b2-oeko-tex-georgia\/#listItem","name":"Katoen (150 gsm) trekkoord rugtas Georgia"},"previousItem":{"@type":"ListItem","@id":"https:\/\/katoenendraagtassen.nl\/shop\/#listItem","name":"Shop"}},{"@type":"ListItem","@id":"https:\/\/katoenendraagtassen.nl\/de\/product\/2985\/kordelzugrucksack-bedrucken-baumwolle-150g-m%c2%b2-oeko-tex-georgia\/#listItem","position":4,"name":"Katoen (150 gsm) trekkoord rugtas Georgia","previousItem":{"@type":"ListItem","@id":"https:\/\/katoenendraagtassen.nl\/de\/product-supplier\/a58\/#listItem","name":"A58-Giving"}}]},{"@type":"Organization","@id":"https:\/\/katoenendraagtassen.nl\/de\/#organization","name":"Katoenendraagtassen","url":"https:\/\/katoenendraagtassen.nl\/de\/","logo":{"@type":"ImageObject","url":"https:\/\/shop.hidalgo.nl\/wp-content\/uploads\/2026\/02\/cropped-draagtassen-logo.png","@id":"https:\/\/katoenendraagtassen.nl\/de\/product\/2985\/kordelzugrucksack-bedrucken-baumwolle-150g-m%c2%b2-oeko-tex-georgia\/#organizationLogo","width":419,"height":259},"image":{"@id":"https:\/\/katoenendraagtassen.nl\/de\/product\/2985\/kordelzugrucksack-bedrucken-baumwolle-150g-m%c2%b2-oeko-tex-georgia\/#organizationLogo"}},{"@type":"WebPage","@id":"https:\/\/katoenendraagtassen.nl\/de\/product\/2985\/kordelzugrucksack-bedrucken-baumwolle-150g-m%c2%b2-oeko-tex-georgia\/#webpage","url":"https:\/\/katoenendraagtassen.nl\/de\/product\/2985\/kordelzugrucksack-bedrucken-baumwolle-150g-m%c2%b2-oeko-tex-georgia\/","name":"Kordelzugrucksack bedrucken Baumwolle 150g\/m\u00b2 OEKO-TEX Georgia","description":"Entdecke den vielseitigen Kordelzugrucksack Georgia aus 150 g\/m\u00b2 Baumwolle, ideal f\u00fcr Reisen & unterwegs. Gestalte dieses stylische Give-away f\u00fcr Events mit deinem Logo und sorge f\u00fcr einen bleibenden Eindruck bei deinem Publikum.","inLanguage":"de-DE","isPartOf":{"@id":"https:\/\/katoenendraagtassen.nl\/de\/#website"},"breadcrumb":{"@id":"https:\/\/katoenendraagtassen.nl\/de\/product\/2985\/kordelzugrucksack-bedrucken-baumwolle-150g-m%c2%b2-oeko-tex-georgia\/#breadcrumblist"},"image":{"@type":"ImageObject","url":"https:\/\/shop.hidalgo.nl\/wp-content\/uploads\/2025\/04\/dd907c1614d072704675a810871f2cbb5c1ae26b60373d17265446df3b1e20ad.jpg","@id":"https:\/\/katoenendraagtassen.nl\/de\/product\/2985\/kordelzugrucksack-bedrucken-baumwolle-150g-m%c2%b2-oeko-tex-georgia\/#mainImage"},"primaryImageOfPage":{"@id":"https:\/\/katoenendraagtassen.nl\/de\/product\/2985\/kordelzugrucksack-bedrucken-baumwolle-150g-m%c2%b2-oeko-tex-georgia\/#mainImage"},"datePublished":"2026-02-06T11:26:35+00:00","dateModified":"2026-02-17T11:58:08+00:00"},{"@type":"WebSite","@id":"https:\/\/katoenendraagtassen.nl\/de\/#website","url":"https:\/\/katoenendraagtassen.nl\/de\/","name":"Katoenendraagtassen","inLanguage":"de-DE","publisher":{"@id":"https:\/\/katoenendraagtassen.nl\/de\/#organization"}}]},"og:locale":"de_DE","og:site_name":"Katoenendraagtassen -","og:type":"article","og:title":"Kordelzugrucksack bedrucken Baumwolle 150g\/m\u00b2 OEKO-TEX Georgia","og:description":"Entdecke den vielseitigen Kordelzugrucksack Georgia aus 150 g\/m\u00b2 Baumwolle, ideal f\u00fcr Reisen &amp; unterwegs. Gestalte dieses stylische Give-away f\u00fcr Events mit deinem Logo und sorge f\u00fcr einen bleibenden Eindruck bei deinem Publikum.","og:url":"https:\/\/katoenendraagtassen.nl\/de\/wp-json\/wp\/v2\/product\/2985","og:image":"https:\/\/shop.hidalgo.nl\/wp-content\/uploads\/2026\/02\/cropped-draagtassen-logo.png","og:image:secure_url":"https:\/\/shop.hidalgo.nl\/wp-content\/uploads\/2026\/02\/cropped-draagtassen-logo.png","article:published_time":"2026-02-06T11:26:35+00:00","article:modified_time":"2026-02-17T11:58:08+00:00","twitter:card":"summary_large_image","twitter:title":"Kordelzugrucksack bedrucken Baumwolle 150g\/m\u00b2 OEKO-TEX Georgia","twitter:description":"Entdecke den vielseitigen Kordelzugrucksack Georgia aus 150 g\/m\u00b2 Baumwolle, ideal f\u00fcr Reisen &amp; unterwegs. Gestalte dieses stylische Give-away f\u00fcr Events mit deinem Logo und sorge f\u00fcr einen bleibenden Eindruck bei deinem Publikum.","twitter:image":"https:\/\/shop.hidalgo.nl\/wp-content\/uploads\/2026\/02\/cropped-draagtassen-logo.png"},"aioseo_meta_data":{"post_id":"2985","title":null,"description":null,"keywords":null,"keyphrases":null,"canonical_url":null,"og_title":null,"og_description":null,"og_object_type":"default","og_image_type":"default","og_image_custom_url":null,"og_image_custom_fields":null,"og_custom_image_width":null,"og_custom_image_height":null,"og_video":null,"og_custom_url":null,"og_article_section":null,"og_article_tags":null,"twitter_use_og":false,"twitter_card":"default","twitter_image_type":"default","twitter_image_custom_url":null,"twitter_image_custom_fields":null,"twitter_title":null,"twitter_description":null,"schema_type":null,"schema_type_options":null,"pillar_content":false,"robots_default":true,"robots_noindex":false,"robots_noarchive":false,"robots_nosnippet":false,"robots_nofollow":false,"robots_noimageindex":false,"robots_noodp":false,"robots_notranslate":false,"robots_max_snippet":null,"robots_max_videopreview":null,"robots_max_imagepreview":"none","tabs":null,"priority":null,"frequency":null,"local_seo":null,"created":"2026-02-06 11:28:11","updated":"2026-02-17 12:26:25"},"aioseo_breadcrumb":"<div class=\"aioseo-breadcrumbs\"><span class=\"aioseo-breadcrumb\">\n\t<a href=\"https:\/\/katoenendraagtassen.nl\/de\/\" title=\"Home\">Home<\/a>\n<\/span><span class=\"aioseo-breadcrumb-separator\">\u00bb<\/span><span class=\"aioseo-breadcrumb\">\n\t<a href=\"https:\/\/katoenendraagtassen.nl\/shop\/\" title=\"Shop\">Shop<\/a>\n<\/span><span class=\"aioseo-breadcrumb-separator\">\u00bb<\/span><span class=\"aioseo-breadcrumb\">\n\t<a href=\"https:\/\/katoenendraagtassen.nl\/de\/product-supplier\/a58\/\" title=\"A58-Giving\">A58-Giving<\/a>\n<\/span><span class=\"aioseo-breadcrumb-separator\">\u00bb<\/span><span class=\"aioseo-breadcrumb\">\n\tKatoen (150 gsm) trekkoord rugtas Georgia\n<\/span><\/div>","aioseo_breadcrumb_json":[{"label":"Home","link":"https:\/\/katoenendraagtassen.nl\/de\/"},{"label":"Shop","link":"https:\/\/katoenendraagtassen.nl\/shop\/"},{"label":"A58-Giving","link":"https:\/\/katoenendraagtassen.nl\/de\/product-supplier\/a58\/"},{"label":"Katoen (150 gsm) trekkoord rugtas Georgia","link":"https:\/\/katoenendraagtassen.nl\/de\/product\/2985\/kordelzugrucksack-bedrucken-baumwolle-150g-m%c2%b2-oeko-tex-georgia\/"}],"_links":{"self":[{"href":"https:\/\/katoenendraagtassen.nl\/de\/wp-json\/wp\/v2\/product\/2985","targetHints":{"allow":["GET"]}}],"collection":[{"href":"https:\/\/katoenendraagtassen.nl\/de\/wp-json\/wp\/v2\/product"}],"about":[{"href":"https:\/\/katoenendraagtassen.nl\/de\/wp-json\/wp\/v2\/types\/product"}],"wp:featuredmedia":[{"embeddable":true,"href":"https:\/\/katoenendraagtassen.nl\/de\/wp-json\/wp\/v2\/media\/2986"}],"wp:attachment":[{"href":"https:\/\/katoenendraagtassen.nl\/de\/wp-json\/wp\/v2\/media?parent=2985"}],"wp:term":[{"taxonomy":"product_brand","embeddable":true,"href":"https:\/\/katoenendraagtassen.nl\/de\/wp-json\/wp\/v2\/product_brand?post=2985"},{"taxonomy":"product_cat","embeddable":true,"href":"https:\/\/katoenendraagtassen.nl\/de\/wp-json\/wp\/v2\/product_cat?post=2985"},{"taxonomy":"product_tag","embeddable":true,"href":"https:\/\/katoenendraagtassen.nl\/de\/wp-json\/wp\/v2\/product_tag?post=2985"}],"curies":[{"name":"wp","href":"https:\/\/api.w.org\/{rel}","templated":true}]}}