{"id":2840,"date":"2026-02-06T11:17:12","date_gmt":"2026-02-06T11:17:12","guid":{"rendered":"https:\/\/katoenendraagtassen.shop.hidalgo.nl\/product\/katoenen-jute-koeltas-randy\/"},"modified":"2026-02-17T11:58:09","modified_gmt":"2026-02-17T11:58:09","slug":"katoenen-jute-koeltas-randy","status":"publish","type":"product","link":"https:\/\/katoenendraagtassen.nl\/de\/product\/2840\/kuehltasche-bedrucken-randy-isolierend-baumwoll-jute\/","title":{"rendered":"Katoenen jute koeltas Randy"},"content":{"rendered":"<p>Katoenen (220 gsm) jute koeltas met aluminiumfolie aan de binnenkant en 2 mm foam.<\/p>\n","protected":false},"excerpt":{"rendered":"<p>Katoenen (220 gsm) jute koeltas met aluminiumfolie aan de binnenkant en 2 mm foam.<\/p>\n","protected":false},"featured_media":2929,"template":"","meta":{"_acf_changed":false,"_monsterinsights_skip_tracking":false,"_monsterinsights_sitenote_active":false,"_monsterinsights_sitenote_note":"","_monsterinsights_sitenote_category":0},"product_brand":[60],"product_cat":[216,41],"product_tag":[],"class_list":{"0":"post-2840","1":"product","2":"type-product","3":"status-publish","4":"has-post-thumbnail","6":"product_supplier-a58","7":"product_material-aluminium-folie","8":"product_material-katoen","9":"product_material-kunststof","10":"product_material-metaal","11":"product_material-schuim","12":"product_brand-impression","13":"product_cat-koeltassen","14":"product_cat-reis-onderweg","15":"entry","17":"first","18":"instock","19":"taxable","20":"shipping-taxable","21":"purchasable","22":"product-type-variable"},"acf":{"imprint_cost":[{"imprint_cost_key":"64b44ab7e1f6733c9f5fe2e1e24e63f45ff5349b","product_quantity_price_range":[{"imprint_cost_recommended_selling_price":"3.97","imprint_cost_recommended_selling_quantity":"1"},{"imprint_cost_recommended_selling_price":"3.35","imprint_cost_recommended_selling_quantity":"25"},{"imprint_cost_recommended_selling_price":"2.55","imprint_cost_recommended_selling_quantity":"50"},{"imprint_cost_recommended_selling_price":"2.12","imprint_cost_recommended_selling_quantity":"100"},{"imprint_cost_recommended_selling_price":"1.51","imprint_cost_recommended_selling_quantity":"250"},{"imprint_cost_recommended_selling_price":"1.4","imprint_cost_recommended_selling_quantity":"500"},{"imprint_cost_recommended_selling_price":"1.29","imprint_cost_recommended_selling_quantity":"1000"},{"imprint_cost_recommended_selling_price":"1.28","imprint_cost_recommended_selling_quantity":"2500"},{"imprint_cost_recommended_selling_price":"1.25","imprint_cost_recommended_selling_quantity":"5000"},{"imprint_cost_recommended_selling_price":"1.23","imprint_cost_recommended_selling_quantity":"10000"},{"imprint_cost_recommended_selling_price":"1.22","imprint_cost_recommended_selling_quantity":"25000"}],"product_quantity_price_range_buying":false,"imprint_cost_setup_costs":"60.77","imprint_cost_handling_costs":"0.26"},{"imprint_cost_key":"190e51680d8f6f35cb39a2970e8ed49bd723076d","product_quantity_price_range":[{"imprint_cost_recommended_selling_price":"5.05","imprint_cost_recommended_selling_quantity":"1"},{"imprint_cost_recommended_selling_price":"3.83","imprint_cost_recommended_selling_quantity":"25"},{"imprint_cost_recommended_selling_price":"2.62","imprint_cost_recommended_selling_quantity":"50"},{"imprint_cost_recommended_selling_price":"2.42","imprint_cost_recommended_selling_quantity":"100"},{"imprint_cost_recommended_selling_price":"2.23","imprint_cost_recommended_selling_quantity":"250"},{"imprint_cost_recommended_selling_price":"1.31","imprint_cost_recommended_selling_quantity":"500"},{"imprint_cost_recommended_selling_price":"1.11","imprint_cost_recommended_selling_quantity":"1000"},{"imprint_cost_recommended_selling_price":"1.08","imprint_cost_recommended_selling_quantity":"2500"},{"imprint_cost_recommended_selling_price":"1.02","imprint_cost_recommended_selling_quantity":"5000"},{"imprint_cost_recommended_selling_price":"1","imprint_cost_recommended_selling_quantity":"10000"},{"imprint_cost_recommended_selling_price":"0.98","imprint_cost_recommended_selling_quantity":"25000"}],"product_quantity_price_range_buying":false,"imprint_cost_setup_costs":"60.77","imprint_cost_handling_costs":"0.26"},{"imprint_cost_key":"58dafedea4d1ba60900720c35257a323aa0e0f35","product_quantity_price_range":[{"imprint_cost_recommended_selling_price":"8.57","imprint_cost_recommended_selling_quantity":"1"},{"imprint_cost_recommended_selling_price":"6.25","imprint_cost_recommended_selling_quantity":"25"},{"imprint_cost_recommended_selling_price":"4.13","imprint_cost_recommended_selling_quantity":"50"},{"imprint_cost_recommended_selling_price":"3.48","imprint_cost_recommended_selling_quantity":"100"},{"imprint_cost_recommended_selling_price":"3.14","imprint_cost_recommended_selling_quantity":"250"},{"imprint_cost_recommended_selling_price":"1.83","imprint_cost_recommended_selling_quantity":"500"},{"imprint_cost_recommended_selling_price":"1.54","imprint_cost_recommended_selling_quantity":"1000"},{"imprint_cost_recommended_selling_price":"1.46","imprint_cost_recommended_selling_quantity":"2500"},{"imprint_cost_recommended_selling_price":"1.37","imprint_cost_recommended_selling_quantity":"5000"},{"imprint_cost_recommended_selling_price":"1.35","imprint_cost_recommended_selling_quantity":"10000"},{"imprint_cost_recommended_selling_price":"1.33","imprint_cost_recommended_selling_quantity":"25000"}],"product_quantity_price_range_buying":false,"imprint_cost_setup_costs":"121.54","imprint_cost_handling_costs":"0.26"},{"imprint_cost_key":"53d9a225eab78defa706b669078f857fb1ed50b4","product_quantity_price_range":[{"imprint_cost_recommended_selling_price":"12.09","imprint_cost_recommended_selling_quantity":"1"},{"imprint_cost_recommended_selling_price":"8.67","imprint_cost_recommended_selling_quantity":"25"},{"imprint_cost_recommended_selling_price":"5.64","imprint_cost_recommended_selling_quantity":"50"},{"imprint_cost_recommended_selling_price":"4.54","imprint_cost_recommended_selling_quantity":"100"},{"imprint_cost_recommended_selling_price":"4.05","imprint_cost_recommended_selling_quantity":"250"},{"imprint_cost_recommended_selling_price":"2.35","imprint_cost_recommended_selling_quantity":"500"},{"imprint_cost_recommended_selling_price":"1.97","imprint_cost_recommended_selling_quantity":"1000"},{"imprint_cost_recommended_selling_price":"1.84","imprint_cost_recommended_selling_quantity":"2500"},{"imprint_cost_recommended_selling_price":"1.72","imprint_cost_recommended_selling_quantity":"5000"},{"imprint_cost_recommended_selling_price":"1.7","imprint_cost_recommended_selling_quantity":"10000"},{"imprint_cost_recommended_selling_price":"1.68","imprint_cost_recommended_selling_quantity":"25000"}],"product_quantity_price_range_buying":false,"imprint_cost_setup_costs":"182.31","imprint_cost_handling_costs":"0.26"},{"imprint_cost_key":"3663453015f4666d5ebf1f815296672eef306b84","product_quantity_price_range":[{"imprint_cost_recommended_selling_price":"15.61","imprint_cost_recommended_selling_quantity":"1"},{"imprint_cost_recommended_selling_price":"11.09","imprint_cost_recommended_selling_quantity":"25"},{"imprint_cost_recommended_selling_price":"7.15","imprint_cost_recommended_selling_quantity":"50"},{"imprint_cost_recommended_selling_price":"5.6","imprint_cost_recommended_selling_quantity":"100"},{"imprint_cost_recommended_selling_price":"4.96","imprint_cost_recommended_selling_quantity":"250"},{"imprint_cost_recommended_selling_price":"2.87","imprint_cost_recommended_selling_quantity":"500"},{"imprint_cost_recommended_selling_price":"2.4","imprint_cost_recommended_selling_quantity":"1000"},{"imprint_cost_recommended_selling_price":"2.22","imprint_cost_recommended_selling_quantity":"2500"},{"imprint_cost_recommended_selling_price":"2.07","imprint_cost_recommended_selling_quantity":"5000"},{"imprint_cost_recommended_selling_price":"2.05","imprint_cost_recommended_selling_quantity":"10000"},{"imprint_cost_recommended_selling_price":"2.03","imprint_cost_recommended_selling_quantity":"25000"}],"product_quantity_price_range_buying":false,"imprint_cost_setup_costs":"243.08","imprint_cost_handling_costs":"0.26"},{"imprint_cost_key":"5466d4fefa4968cfd72661e0c6c113b6b09621e8","product_quantity_price_range":[{"imprint_cost_recommended_selling_price":"19.13","imprint_cost_recommended_selling_quantity":"1"},{"imprint_cost_recommended_selling_price":"13.51","imprint_cost_recommended_selling_quantity":"25"},{"imprint_cost_recommended_selling_price":"8.66","imprint_cost_recommended_selling_quantity":"50"},{"imprint_cost_recommended_selling_price":"6.66","imprint_cost_recommended_selling_quantity":"100"},{"imprint_cost_recommended_selling_price":"5.87","imprint_cost_recommended_selling_quantity":"250"},{"imprint_cost_recommended_selling_price":"3.39","imprint_cost_recommended_selling_quantity":"500"},{"imprint_cost_recommended_selling_price":"2.83","imprint_cost_recommended_selling_quantity":"1000"},{"imprint_cost_recommended_selling_price":"2.6","imprint_cost_recommended_selling_quantity":"2500"},{"imprint_cost_recommended_selling_price":"2.42","imprint_cost_recommended_selling_quantity":"5000"},{"imprint_cost_recommended_selling_price":"2.4","imprint_cost_recommended_selling_quantity":"10000"},{"imprint_cost_recommended_selling_price":"2.38","imprint_cost_recommended_selling_quantity":"25000"}],"product_quantity_price_range_buying":false,"imprint_cost_setup_costs":"303.85","imprint_cost_handling_costs":"0.26"},{"imprint_cost_key":"fedd12d2908b2cdbeb80b048ae7367c6bd497c0f","product_quantity_price_range":[{"imprint_cost_recommended_selling_price":"3.83","imprint_cost_recommended_selling_quantity":"1"},{"imprint_cost_recommended_selling_price":"2.08","imprint_cost_recommended_selling_quantity":"25"},{"imprint_cost_recommended_selling_price":"1.48","imprint_cost_recommended_selling_quantity":"50"},{"imprint_cost_recommended_selling_price":"0.86","imprint_cost_recommended_selling_quantity":"100"},{"imprint_cost_recommended_selling_price":"0.66","imprint_cost_recommended_selling_quantity":"250"},{"imprint_cost_recommended_selling_price":"0.57","imprint_cost_recommended_selling_quantity":"500"},{"imprint_cost_recommended_selling_price":"0.4","imprint_cost_recommended_selling_quantity":"1000"},{"imprint_cost_recommended_selling_price":"0.37","imprint_cost_recommended_selling_quantity":"2500"},{"imprint_cost_recommended_selling_price":"0.34","imprint_cost_recommended_selling_quantity":"5000"}],"product_quantity_price_range_buying":false,"imprint_cost_setup_costs":"52.31","imprint_cost_handling_costs":"0.2"}]},"aioseo_notices":[],"aioseo_head":"\n\t\t<!-- All in One SEO Pro 4.9.5.2 - aioseo.com -->\n\t<meta name=\"description\" content=\"Diese Baumwoll-Jute-K\u00fchltasche, Modell Randy, ist dein stilvoller Begleiter f\u00fcr Festivals &amp; Picknicks. Halte Snacks &amp; Drinks unterwegs frisch und st\u00e4rke deinen Auftritt: Wir bedrucken deine personalisierte K\u00fchltasche mit deinem Logo.\" \/>\n\t<meta name=\"robots\" content=\"max-image-preview:large\" \/>\n\t<meta name=\"google-site-verification\" content=\"UCXCM47iuIQOXxYT_rmg4k_pSRa_vVC6yBpzgVDnaZM\" \/>\n\t<link rel=\"canonical\" href=\"https:\/\/katoenendraagtassen.nl\/de\/wp-json\/wp\/v2\/product\/2840\" \/>\n\t<meta name=\"generator\" content=\"All in One SEO Pro (AIOSEO) 4.9.5.2\" \/>\n\t\t<meta property=\"og:locale\" content=\"de_DE\" \/>\n\t\t<meta property=\"og:site_name\" content=\"Katoenendraagtassen -\" \/>\n\t\t<meta property=\"og:type\" content=\"article\" \/>\n\t\t<meta property=\"og:title\" content=\"K\u00fchltasche bedrucken Randy - Isolierend Baumwoll-Jute\" \/>\n\t\t<meta property=\"og:description\" content=\"Diese Baumwoll-Jute-K\u00fchltasche, Modell Randy, ist dein stilvoller Begleiter f\u00fcr Festivals &amp; Picknicks. Halte Snacks &amp; Drinks unterwegs frisch und st\u00e4rke deinen Auftritt: Wir bedrucken deine personalisierte K\u00fchltasche mit deinem Logo.\" \/>\n\t\t<meta property=\"og:url\" content=\"https:\/\/katoenendraagtassen.nl\/de\/wp-json\/wp\/v2\/product\/2840\" \/>\n\t\t<meta property=\"og:image\" content=\"https:\/\/shop.hidalgo.nl\/wp-content\/uploads\/2026\/02\/cropped-draagtassen-logo.png\" \/>\n\t\t<meta property=\"og:image:secure_url\" content=\"https:\/\/shop.hidalgo.nl\/wp-content\/uploads\/2026\/02\/cropped-draagtassen-logo.png\" \/>\n\t\t<meta property=\"article:published_time\" content=\"2026-02-06T11:17:12+00:00\" \/>\n\t\t<meta property=\"article:modified_time\" content=\"2026-02-17T11:58:09+00:00\" \/>\n\t\t<meta name=\"twitter:card\" content=\"summary_large_image\" \/>\n\t\t<meta name=\"twitter:title\" content=\"K\u00fchltasche bedrucken Randy - Isolierend Baumwoll-Jute\" \/>\n\t\t<meta name=\"twitter:description\" content=\"Diese Baumwoll-Jute-K\u00fchltasche, Modell Randy, ist dein stilvoller Begleiter f\u00fcr Festivals &amp; Picknicks. Halte Snacks &amp; Drinks unterwegs frisch und st\u00e4rke deinen Auftritt: Wir bedrucken deine personalisierte K\u00fchltasche mit deinem Logo.\" \/>\n\t\t<meta name=\"twitter:image\" content=\"https:\/\/shop.hidalgo.nl\/wp-content\/uploads\/2026\/02\/cropped-draagtassen-logo.png\" \/>\n\t\t<script type=\"application\/ld+json\" class=\"aioseo-schema\">\n\t\t\t{\"@context\":\"https:\\\/\\\/schema.org\",\"@graph\":[{\"@type\":\"BreadcrumbList\",\"@id\":\"https:\\\/\\\/katoenendraagtassen.nl\\\/de\\\/product\\\/2840\\\/kuehltasche-bedrucken-randy-isolierend-baumwoll-jute\\\/#breadcrumblist\",\"itemListElement\":[{\"@type\":\"ListItem\",\"@id\":\"https:\\\/\\\/katoenendraagtassen.nl\\\/de\\\/#listItem\",\"position\":1,\"name\":\"Home\",\"item\":\"https:\\\/\\\/katoenendraagtassen.nl\\\/de\\\/\",\"nextItem\":{\"@type\":\"ListItem\",\"@id\":\"https:\\\/\\\/katoenendraagtassen.nl\\\/shop\\\/#listItem\",\"name\":\"Shop\"}},{\"@type\":\"ListItem\",\"@id\":\"https:\\\/\\\/katoenendraagtassen.nl\\\/shop\\\/#listItem\",\"position\":2,\"name\":\"Shop\",\"item\":\"https:\\\/\\\/katoenendraagtassen.nl\\\/shop\\\/\",\"nextItem\":{\"@type\":\"ListItem\",\"@id\":\"https:\\\/\\\/katoenendraagtassen.nl\\\/de\\\/product-supplier\\\/a58\\\/#listItem\",\"name\":\"A58-Giving\"},\"previousItem\":{\"@type\":\"ListItem\",\"@id\":\"https:\\\/\\\/katoenendraagtassen.nl\\\/de\\\/#listItem\",\"name\":\"Home\"}},{\"@type\":\"ListItem\",\"@id\":\"https:\\\/\\\/katoenendraagtassen.nl\\\/de\\\/product-supplier\\\/a58\\\/#listItem\",\"position\":3,\"name\":\"A58-Giving\",\"item\":\"https:\\\/\\\/katoenendraagtassen.nl\\\/de\\\/product-supplier\\\/a58\\\/\",\"nextItem\":{\"@type\":\"ListItem\",\"@id\":\"https:\\\/\\\/katoenendraagtassen.nl\\\/de\\\/product\\\/2840\\\/kuehltasche-bedrucken-randy-isolierend-baumwoll-jute\\\/#listItem\",\"name\":\"Katoenen jute koeltas Randy\"},\"previousItem\":{\"@type\":\"ListItem\",\"@id\":\"https:\\\/\\\/katoenendraagtassen.nl\\\/shop\\\/#listItem\",\"name\":\"Shop\"}},{\"@type\":\"ListItem\",\"@id\":\"https:\\\/\\\/katoenendraagtassen.nl\\\/de\\\/product\\\/2840\\\/kuehltasche-bedrucken-randy-isolierend-baumwoll-jute\\\/#listItem\",\"position\":4,\"name\":\"Katoenen jute koeltas Randy\",\"previousItem\":{\"@type\":\"ListItem\",\"@id\":\"https:\\\/\\\/katoenendraagtassen.nl\\\/de\\\/product-supplier\\\/a58\\\/#listItem\",\"name\":\"A58-Giving\"}}]},{\"@type\":\"Organization\",\"@id\":\"https:\\\/\\\/katoenendraagtassen.nl\\\/de\\\/#organization\",\"name\":\"Katoenendraagtassen\",\"url\":\"https:\\\/\\\/katoenendraagtassen.nl\\\/de\\\/\",\"logo\":{\"@type\":\"ImageObject\",\"url\":\"https:\\\/\\\/shop.hidalgo.nl\\\/wp-content\\\/uploads\\\/2026\\\/02\\\/cropped-draagtassen-logo.png\",\"@id\":\"https:\\\/\\\/katoenendraagtassen.nl\\\/de\\\/product\\\/2840\\\/kuehltasche-bedrucken-randy-isolierend-baumwoll-jute\\\/#organizationLogo\",\"width\":419,\"height\":259},\"image\":{\"@id\":\"https:\\\/\\\/katoenendraagtassen.nl\\\/de\\\/product\\\/2840\\\/kuehltasche-bedrucken-randy-isolierend-baumwoll-jute\\\/#organizationLogo\"}},{\"@type\":\"WebPage\",\"@id\":\"https:\\\/\\\/katoenendraagtassen.nl\\\/de\\\/product\\\/2840\\\/kuehltasche-bedrucken-randy-isolierend-baumwoll-jute\\\/#webpage\",\"url\":\"https:\\\/\\\/katoenendraagtassen.nl\\\/de\\\/product\\\/2840\\\/kuehltasche-bedrucken-randy-isolierend-baumwoll-jute\\\/\",\"name\":\"K\\u00fchltasche bedrucken Randy - Isolierend Baumwoll-Jute\",\"description\":\"Diese Baumwoll-Jute-K\\u00fchltasche, Modell Randy, ist dein stilvoller Begleiter f\\u00fcr Festivals & Picknicks. Halte Snacks & Drinks unterwegs frisch und st\\u00e4rke deinen Auftritt: Wir bedrucken deine personalisierte K\\u00fchltasche mit deinem Logo.\",\"inLanguage\":\"de-DE\",\"isPartOf\":{\"@id\":\"https:\\\/\\\/katoenendraagtassen.nl\\\/de\\\/#website\"},\"breadcrumb\":{\"@id\":\"https:\\\/\\\/katoenendraagtassen.nl\\\/de\\\/product\\\/2840\\\/kuehltasche-bedrucken-randy-isolierend-baumwoll-jute\\\/#breadcrumblist\"},\"image\":{\"@type\":\"ImageObject\",\"url\":\"https:\\\/\\\/shop.hidalgo.nl\\\/wp-content\\\/uploads\\\/2025\\\/04\\\/3fe4c3f3c0b2036b456bb4ec4f8a5dba3b5333bc35d6c770b4efdcc584ab7099.jpg\",\"@id\":\"https:\\\/\\\/katoenendraagtassen.nl\\\/de\\\/product\\\/2840\\\/kuehltasche-bedrucken-randy-isolierend-baumwoll-jute\\\/#mainImage\"},\"primaryImageOfPage\":{\"@id\":\"https:\\\/\\\/katoenendraagtassen.nl\\\/de\\\/product\\\/2840\\\/kuehltasche-bedrucken-randy-isolierend-baumwoll-jute\\\/#mainImage\"},\"datePublished\":\"2026-02-06T11:17:12+01:00\",\"dateModified\":\"2026-02-17T11:58:09+01:00\"},{\"@type\":\"WebSite\",\"@id\":\"https:\\\/\\\/katoenendraagtassen.nl\\\/de\\\/#website\",\"url\":\"https:\\\/\\\/katoenendraagtassen.nl\\\/de\\\/\",\"name\":\"Katoenendraagtassen\",\"inLanguage\":\"de-DE\",\"publisher\":{\"@id\":\"https:\\\/\\\/katoenendraagtassen.nl\\\/de\\\/#organization\"}}]}\n\t\t<\/script>\n\t\t<!-- All in One SEO Pro -->\r\n\t\t<title>K\u00fchltasche bedrucken Randy - Isolierend Baumwoll-Jute<\/title>\n\n","aioseo_head_json":{"title":"K\u00fchltasche bedrucken Randy - Isolierend Baumwoll-Jute","description":"Diese Baumwoll-Jute-K\u00fchltasche, Modell Randy, ist dein stilvoller Begleiter f\u00fcr Festivals & Picknicks. Halte Snacks & Drinks unterwegs frisch und st\u00e4rke deinen Auftritt: Wir bedrucken deine personalisierte K\u00fchltasche mit deinem Logo.","canonical_url":"https:\/\/katoenendraagtassen.nl\/de\/wp-json\/wp\/v2\/product\/2840","robots":"max-image-preview:large","keywords":"","webmasterTools":{"google-site-verification":"UCXCM47iuIQOXxYT_rmg4k_pSRa_vVC6yBpzgVDnaZM","miscellaneous":""},"schema":{"@context":"https:\/\/schema.org","@graph":[{"@type":"BreadcrumbList","@id":"https:\/\/katoenendraagtassen.nl\/de\/product\/2840\/kuehltasche-bedrucken-randy-isolierend-baumwoll-jute\/#breadcrumblist","itemListElement":[{"@type":"ListItem","@id":"https:\/\/katoenendraagtassen.nl\/de\/#listItem","position":1,"name":"Home","item":"https:\/\/katoenendraagtassen.nl\/de\/","nextItem":{"@type":"ListItem","@id":"https:\/\/katoenendraagtassen.nl\/shop\/#listItem","name":"Shop"}},{"@type":"ListItem","@id":"https:\/\/katoenendraagtassen.nl\/shop\/#listItem","position":2,"name":"Shop","item":"https:\/\/katoenendraagtassen.nl\/shop\/","nextItem":{"@type":"ListItem","@id":"https:\/\/katoenendraagtassen.nl\/de\/product-supplier\/a58\/#listItem","name":"A58-Giving"},"previousItem":{"@type":"ListItem","@id":"https:\/\/katoenendraagtassen.nl\/de\/#listItem","name":"Home"}},{"@type":"ListItem","@id":"https:\/\/katoenendraagtassen.nl\/de\/product-supplier\/a58\/#listItem","position":3,"name":"A58-Giving","item":"https:\/\/katoenendraagtassen.nl\/de\/product-supplier\/a58\/","nextItem":{"@type":"ListItem","@id":"https:\/\/katoenendraagtassen.nl\/de\/product\/2840\/kuehltasche-bedrucken-randy-isolierend-baumwoll-jute\/#listItem","name":"Katoenen jute koeltas Randy"},"previousItem":{"@type":"ListItem","@id":"https:\/\/katoenendraagtassen.nl\/shop\/#listItem","name":"Shop"}},{"@type":"ListItem","@id":"https:\/\/katoenendraagtassen.nl\/de\/product\/2840\/kuehltasche-bedrucken-randy-isolierend-baumwoll-jute\/#listItem","position":4,"name":"Katoenen jute koeltas Randy","previousItem":{"@type":"ListItem","@id":"https:\/\/katoenendraagtassen.nl\/de\/product-supplier\/a58\/#listItem","name":"A58-Giving"}}]},{"@type":"Organization","@id":"https:\/\/katoenendraagtassen.nl\/de\/#organization","name":"Katoenendraagtassen","url":"https:\/\/katoenendraagtassen.nl\/de\/","logo":{"@type":"ImageObject","url":"https:\/\/shop.hidalgo.nl\/wp-content\/uploads\/2026\/02\/cropped-draagtassen-logo.png","@id":"https:\/\/katoenendraagtassen.nl\/de\/product\/2840\/kuehltasche-bedrucken-randy-isolierend-baumwoll-jute\/#organizationLogo","width":419,"height":259},"image":{"@id":"https:\/\/katoenendraagtassen.nl\/de\/product\/2840\/kuehltasche-bedrucken-randy-isolierend-baumwoll-jute\/#organizationLogo"}},{"@type":"WebPage","@id":"https:\/\/katoenendraagtassen.nl\/de\/product\/2840\/kuehltasche-bedrucken-randy-isolierend-baumwoll-jute\/#webpage","url":"https:\/\/katoenendraagtassen.nl\/de\/product\/2840\/kuehltasche-bedrucken-randy-isolierend-baumwoll-jute\/","name":"K\u00fchltasche bedrucken Randy - Isolierend Baumwoll-Jute","description":"Diese Baumwoll-Jute-K\u00fchltasche, Modell Randy, ist dein stilvoller Begleiter f\u00fcr Festivals & Picknicks. Halte Snacks & Drinks unterwegs frisch und st\u00e4rke deinen Auftritt: Wir bedrucken deine personalisierte K\u00fchltasche mit deinem Logo.","inLanguage":"de-DE","isPartOf":{"@id":"https:\/\/katoenendraagtassen.nl\/de\/#website"},"breadcrumb":{"@id":"https:\/\/katoenendraagtassen.nl\/de\/product\/2840\/kuehltasche-bedrucken-randy-isolierend-baumwoll-jute\/#breadcrumblist"},"image":{"@type":"ImageObject","url":"https:\/\/shop.hidalgo.nl\/wp-content\/uploads\/2025\/04\/3fe4c3f3c0b2036b456bb4ec4f8a5dba3b5333bc35d6c770b4efdcc584ab7099.jpg","@id":"https:\/\/katoenendraagtassen.nl\/de\/product\/2840\/kuehltasche-bedrucken-randy-isolierend-baumwoll-jute\/#mainImage"},"primaryImageOfPage":{"@id":"https:\/\/katoenendraagtassen.nl\/de\/product\/2840\/kuehltasche-bedrucken-randy-isolierend-baumwoll-jute\/#mainImage"},"datePublished":"2026-02-06T11:17:12+01:00","dateModified":"2026-02-17T11:58:09+01:00"},{"@type":"WebSite","@id":"https:\/\/katoenendraagtassen.nl\/de\/#website","url":"https:\/\/katoenendraagtassen.nl\/de\/","name":"Katoenendraagtassen","inLanguage":"de-DE","publisher":{"@id":"https:\/\/katoenendraagtassen.nl\/de\/#organization"}}]},"og:locale":"de_DE","og:site_name":"Katoenendraagtassen -","og:type":"article","og:title":"K\u00fchltasche bedrucken Randy - Isolierend Baumwoll-Jute","og:description":"Diese Baumwoll-Jute-K\u00fchltasche, Modell Randy, ist dein stilvoller Begleiter f\u00fcr Festivals &amp; Picknicks. Halte Snacks &amp; Drinks unterwegs frisch und st\u00e4rke deinen Auftritt: Wir bedrucken deine personalisierte K\u00fchltasche mit deinem Logo.","og:url":"https:\/\/katoenendraagtassen.nl\/de\/wp-json\/wp\/v2\/product\/2840","og:image":"https:\/\/shop.hidalgo.nl\/wp-content\/uploads\/2026\/02\/cropped-draagtassen-logo.png","og:image:secure_url":"https:\/\/shop.hidalgo.nl\/wp-content\/uploads\/2026\/02\/cropped-draagtassen-logo.png","article:published_time":"2026-02-06T11:17:12+00:00","article:modified_time":"2026-02-17T11:58:09+00:00","twitter:card":"summary_large_image","twitter:title":"K\u00fchltasche bedrucken Randy - Isolierend Baumwoll-Jute","twitter:description":"Diese Baumwoll-Jute-K\u00fchltasche, Modell Randy, ist dein stilvoller Begleiter f\u00fcr Festivals &amp; Picknicks. Halte Snacks &amp; Drinks unterwegs frisch und st\u00e4rke deinen Auftritt: Wir bedrucken deine personalisierte K\u00fchltasche mit deinem Logo.","twitter:image":"https:\/\/shop.hidalgo.nl\/wp-content\/uploads\/2026\/02\/cropped-draagtassen-logo.png"},"aioseo_meta_data":{"post_id":"2840","title":null,"description":null,"keywords":null,"keyphrases":null,"canonical_url":null,"og_title":null,"og_description":null,"og_object_type":"default","og_image_type":"default","og_image_custom_url":null,"og_image_custom_fields":null,"og_custom_image_width":null,"og_custom_image_height":null,"og_video":null,"og_custom_url":null,"og_article_section":null,"og_article_tags":null,"twitter_use_og":false,"twitter_card":"default","twitter_image_type":"default","twitter_image_custom_url":null,"twitter_image_custom_fields":null,"twitter_title":null,"twitter_description":null,"schema_type":null,"schema_type_options":null,"pillar_content":false,"robots_default":true,"robots_noindex":false,"robots_noarchive":false,"robots_nosnippet":false,"robots_nofollow":false,"robots_noimageindex":false,"robots_noodp":false,"robots_notranslate":false,"robots_max_snippet":null,"robots_max_videopreview":null,"robots_max_imagepreview":"none","tabs":null,"priority":null,"frequency":null,"local_seo":null,"created":"2026-02-06 11:18:11","updated":"2026-02-17 12:26:19"},"aioseo_breadcrumb":"<div class=\"aioseo-breadcrumbs\"><span class=\"aioseo-breadcrumb\">\n\t<a href=\"https:\/\/katoenendraagtassen.nl\/de\/\" title=\"Home\">Home<\/a>\n<\/span><span class=\"aioseo-breadcrumb-separator\">\u00bb<\/span><span class=\"aioseo-breadcrumb\">\n\t<a href=\"https:\/\/katoenendraagtassen.nl\/shop\/\" title=\"Shop\">Shop<\/a>\n<\/span><span class=\"aioseo-breadcrumb-separator\">\u00bb<\/span><span class=\"aioseo-breadcrumb\">\n\t<a href=\"https:\/\/katoenendraagtassen.nl\/de\/product-supplier\/a58\/\" title=\"A58-Giving\">A58-Giving<\/a>\n<\/span><span class=\"aioseo-breadcrumb-separator\">\u00bb<\/span><span class=\"aioseo-breadcrumb\">\n\tKatoenen jute koeltas Randy\n<\/span><\/div>","aioseo_breadcrumb_json":[{"label":"Home","link":"https:\/\/katoenendraagtassen.nl\/de\/"},{"label":"Shop","link":"https:\/\/katoenendraagtassen.nl\/shop\/"},{"label":"A58-Giving","link":"https:\/\/katoenendraagtassen.nl\/de\/product-supplier\/a58\/"},{"label":"Katoenen jute koeltas Randy","link":"https:\/\/katoenendraagtassen.nl\/de\/product\/2840\/kuehltasche-bedrucken-randy-isolierend-baumwoll-jute\/"}],"_links":{"self":[{"href":"https:\/\/katoenendraagtassen.nl\/de\/wp-json\/wp\/v2\/product\/2840","targetHints":{"allow":["GET"]}}],"collection":[{"href":"https:\/\/katoenendraagtassen.nl\/de\/wp-json\/wp\/v2\/product"}],"about":[{"href":"https:\/\/katoenendraagtassen.nl\/de\/wp-json\/wp\/v2\/types\/product"}],"wp:featuredmedia":[{"embeddable":true,"href":"https:\/\/katoenendraagtassen.nl\/de\/wp-json\/wp\/v2\/media\/2929"}],"wp:attachment":[{"href":"https:\/\/katoenendraagtassen.nl\/de\/wp-json\/wp\/v2\/media?parent=2840"}],"wp:term":[{"taxonomy":"product_brand","embeddable":true,"href":"https:\/\/katoenendraagtassen.nl\/de\/wp-json\/wp\/v2\/product_brand?post=2840"},{"taxonomy":"product_cat","embeddable":true,"href":"https:\/\/katoenendraagtassen.nl\/de\/wp-json\/wp\/v2\/product_cat?post=2840"},{"taxonomy":"product_tag","embeddable":true,"href":"https:\/\/katoenendraagtassen.nl\/de\/wp-json\/wp\/v2\/product_tag?post=2840"}],"curies":[{"name":"wp","href":"https:\/\/api.w.org\/{rel}","templated":true}]}}