{"id":2719,"date":"2026-02-06T11:01:54","date_gmt":"2026-02-06T11:01:54","guid":{"rendered":"https:\/\/katoenendraagtassen.shop.hidalgo.nl\/product\/gerecyclede-polycotton-330-gsm-draagtas-malina\/"},"modified":"2026-02-17T14:55:56","modified_gmt":"2026-02-17T14:55:56","slug":"gerecyclede-polycotton-330-gsm-draagtas-malina","status":"publish","type":"product","link":"https:\/\/katoenendraagtassen.nl\/de\/product\/2719\/tragetasche-bedrucken-malina-recycelte-polycotton-330g-m%c2%b2-reissverschluss\/","title":{"rendered":"Gerecyclede polycotton (330 gsm) draagtas Malina"},"content":{"rendered":"<p>Tote bag van gerecycled polykatoen (33?gsm) met een groot bovenvak met ritssluiting. Voorzien van lange hengsels (65?cm lang, 2,5?cm breed) en bijpassend bandmateriaal. Inclusief rPET-label aan de buitenzijde en een label aan de binnenkant.<\/p>\n","protected":false},"excerpt":{"rendered":"<p>Tote bag van gerecycled polykatoen (33?gsm) met een groot bovenvak met ritssluiting. Voorzien van lange hengsels (65?cm lang, 2,5?cm breed) en bijpassend bandmateriaal. Inclusief rPET-label aan de buitenzijde en een label aan de binnenkant.<\/p>\n","protected":false},"featured_media":2720,"template":"","meta":{"_acf_changed":false,"_monsterinsights_skip_tracking":false,"_monsterinsights_sitenote_active":false,"_monsterinsights_sitenote_note":"","_monsterinsights_sitenote_category":0},"product_brand":[60],"product_cat":[42,44,40],"product_tag":[],"class_list":{"0":"post-2719","1":"product","2":"type-product","3":"status-publish","4":"has-post-thumbnail","6":"product_supplier-a58","7":"product_material-gerecycled-katoen","8":"product_material-polyester-210d","9":"product_material-rpet","10":"product_brand-impression","11":"product_cat-boodschappen-retail","12":"product_cat-katoenen-tassen","13":"product_cat-lifestyle","14":"entry","16":"first","17":"instock","18":"taxable","19":"shipping-taxable","20":"purchasable","21":"product-type-variable"},"acf":{"imprint_cost":[{"imprint_cost_key":"36abda8484a06b0ff0bd277ebfb8c1b4ddf869d3","product_quantity_price_range":[{"imprint_cost_recommended_selling_price":"1.77","imprint_cost_recommended_selling_quantity":"1"},{"imprint_cost_recommended_selling_price":"1.49","imprint_cost_recommended_selling_quantity":"25"},{"imprint_cost_recommended_selling_price":"1.4","imprint_cost_recommended_selling_quantity":"50"},{"imprint_cost_recommended_selling_price":"1.31","imprint_cost_recommended_selling_quantity":"100"},{"imprint_cost_recommended_selling_price":"1.23","imprint_cost_recommended_selling_quantity":"250"},{"imprint_cost_recommended_selling_price":"1.14","imprint_cost_recommended_selling_quantity":"500"},{"imprint_cost_recommended_selling_price":"1.06","imprint_cost_recommended_selling_quantity":"1000"},{"imprint_cost_recommended_selling_price":"0.95","imprint_cost_recommended_selling_quantity":"2500"},{"imprint_cost_recommended_selling_price":"0.89","imprint_cost_recommended_selling_quantity":"5000"},{"imprint_cost_recommended_selling_price":"0.88","imprint_cost_recommended_selling_quantity":"10000"},{"imprint_cost_recommended_selling_price":"0.86","imprint_cost_recommended_selling_quantity":"25000"}],"product_quantity_price_range_buying":false,"imprint_cost_setup_costs":"60.77","imprint_cost_handling_costs":"0.26"},{"imprint_cost_key":"4876c7d571647fc0d95253d08af8157c56d41041","product_quantity_price_range":[{"imprint_cost_recommended_selling_price":"3.97","imprint_cost_recommended_selling_quantity":"1"},{"imprint_cost_recommended_selling_price":"3.35","imprint_cost_recommended_selling_quantity":"25"},{"imprint_cost_recommended_selling_price":"2.55","imprint_cost_recommended_selling_quantity":"50"},{"imprint_cost_recommended_selling_price":"2.12","imprint_cost_recommended_selling_quantity":"100"},{"imprint_cost_recommended_selling_price":"1.51","imprint_cost_recommended_selling_quantity":"250"},{"imprint_cost_recommended_selling_price":"1.4","imprint_cost_recommended_selling_quantity":"500"},{"imprint_cost_recommended_selling_price":"1.29","imprint_cost_recommended_selling_quantity":"1000"},{"imprint_cost_recommended_selling_price":"1.28","imprint_cost_recommended_selling_quantity":"2500"},{"imprint_cost_recommended_selling_price":"1.25","imprint_cost_recommended_selling_quantity":"5000"},{"imprint_cost_recommended_selling_price":"1.23","imprint_cost_recommended_selling_quantity":"10000"},{"imprint_cost_recommended_selling_price":"1.22","imprint_cost_recommended_selling_quantity":"25000"}],"product_quantity_price_range_buying":false,"imprint_cost_setup_costs":"60.77","imprint_cost_handling_costs":"0.26"},{"imprint_cost_key":"9a5f2a106bd36158eee7813ab8cde17e49235539","product_quantity_price_range":[{"imprint_cost_recommended_selling_price":"5.08","imprint_cost_recommended_selling_quantity":"1"},{"imprint_cost_recommended_selling_price":"3.68","imprint_cost_recommended_selling_quantity":"25"},{"imprint_cost_recommended_selling_price":"2.98","imprint_cost_recommended_selling_quantity":"50"},{"imprint_cost_recommended_selling_price":"2.42","imprint_cost_recommended_selling_quantity":"100"},{"imprint_cost_recommended_selling_price":"2.15","imprint_cost_recommended_selling_quantity":"250"},{"imprint_cost_recommended_selling_price":"1.89","imprint_cost_recommended_selling_quantity":"500"},{"imprint_cost_recommended_selling_price":"1.66","imprint_cost_recommended_selling_quantity":"1000"},{"imprint_cost_recommended_selling_price":"1.51","imprint_cost_recommended_selling_quantity":"2500"},{"imprint_cost_recommended_selling_price":"1.49","imprint_cost_recommended_selling_quantity":"10000"}],"product_quantity_price_range_buying":false,"imprint_cost_setup_costs":"60.77","imprint_cost_handling_costs":"0.26"},{"imprint_cost_key":"f92de24de5462d82bb5ca051b235f155c432a958","product_quantity_price_range":[{"imprint_cost_recommended_selling_price":"5.63","imprint_cost_recommended_selling_quantity":"1"},{"imprint_cost_recommended_selling_price":"4.25","imprint_cost_recommended_selling_quantity":"25"},{"imprint_cost_recommended_selling_price":"3.58","imprint_cost_recommended_selling_quantity":"50"},{"imprint_cost_recommended_selling_price":"2.91","imprint_cost_recommended_selling_quantity":"100"},{"imprint_cost_recommended_selling_price":"2.23","imprint_cost_recommended_selling_quantity":"250"},{"imprint_cost_recommended_selling_price":"1.55","imprint_cost_recommended_selling_quantity":"500"},{"imprint_cost_recommended_selling_price":"1.4","imprint_cost_recommended_selling_quantity":"1000"},{"imprint_cost_recommended_selling_price":"1.25","imprint_cost_recommended_selling_quantity":"2500"},{"imprint_cost_recommended_selling_price":"1.22","imprint_cost_recommended_selling_quantity":"5000"},{"imprint_cost_recommended_selling_price":"1.17","imprint_cost_recommended_selling_quantity":"10000"}],"product_quantity_price_range_buying":false,"imprint_cost_setup_costs":"60.77","imprint_cost_handling_costs":"0.26"},{"imprint_cost_key":"1177c8cdd952eb622a6387d5eb9d34cddad5660e","product_quantity_price_range":[{"imprint_cost_recommended_selling_price":"9.49","imprint_cost_recommended_selling_quantity":"1"},{"imprint_cost_recommended_selling_price":"6.88","imprint_cost_recommended_selling_quantity":"25"},{"imprint_cost_recommended_selling_price":"5.26","imprint_cost_recommended_selling_quantity":"50"},{"imprint_cost_recommended_selling_price":"4.06","imprint_cost_recommended_selling_quantity":"100"},{"imprint_cost_recommended_selling_price":"3.23","imprint_cost_recommended_selling_quantity":"250"},{"imprint_cost_recommended_selling_price":"2.13","imprint_cost_recommended_selling_quantity":"500"},{"imprint_cost_recommended_selling_price":"1.95","imprint_cost_recommended_selling_quantity":"1000"},{"imprint_cost_recommended_selling_price":"1.76","imprint_cost_recommended_selling_quantity":"2500"},{"imprint_cost_recommended_selling_price":"1.7","imprint_cost_recommended_selling_quantity":"5000"},{"imprint_cost_recommended_selling_price":"1.65","imprint_cost_recommended_selling_quantity":"10000"}],"product_quantity_price_range_buying":false,"imprint_cost_setup_costs":"121.54","imprint_cost_handling_costs":"0.26"},{"imprint_cost_key":"f740e712130bbb7ff159be8493815fa3540f0951","product_quantity_price_range":[{"imprint_cost_recommended_selling_price":"3.83","imprint_cost_recommended_selling_quantity":"1"},{"imprint_cost_recommended_selling_price":"2.08","imprint_cost_recommended_selling_quantity":"25"},{"imprint_cost_recommended_selling_price":"1.48","imprint_cost_recommended_selling_quantity":"50"},{"imprint_cost_recommended_selling_price":"0.86","imprint_cost_recommended_selling_quantity":"100"},{"imprint_cost_recommended_selling_price":"0.66","imprint_cost_recommended_selling_quantity":"250"},{"imprint_cost_recommended_selling_price":"0.57","imprint_cost_recommended_selling_quantity":"500"},{"imprint_cost_recommended_selling_price":"0.4","imprint_cost_recommended_selling_quantity":"1000"},{"imprint_cost_recommended_selling_price":"0.37","imprint_cost_recommended_selling_quantity":"2500"},{"imprint_cost_recommended_selling_price":"0.34","imprint_cost_recommended_selling_quantity":"5000"}],"product_quantity_price_range_buying":false,"imprint_cost_setup_costs":"52.31","imprint_cost_handling_costs":"0.2"},{"imprint_cost_key":"c02a161748ff516993c0688909dde4b7c9c01e0f","product_quantity_price_range":[{"imprint_cost_recommended_selling_price":"1.54","imprint_cost_recommended_selling_quantity":"1"},{"imprint_cost_recommended_selling_price":"1.31","imprint_cost_recommended_selling_quantity":"25"},{"imprint_cost_recommended_selling_price":"1.11","imprint_cost_recommended_selling_quantity":"50"},{"imprint_cost_recommended_selling_price":"0.88","imprint_cost_recommended_selling_quantity":"100"},{"imprint_cost_recommended_selling_price":"0.66","imprint_cost_recommended_selling_quantity":"250"},{"imprint_cost_recommended_selling_price":"0.58","imprint_cost_recommended_selling_quantity":"500"},{"imprint_cost_recommended_selling_price":"0.57","imprint_cost_recommended_selling_quantity":"1000"},{"imprint_cost_recommended_selling_price":"0.55","imprint_cost_recommended_selling_quantity":"2500"},{"imprint_cost_recommended_selling_price":"0.52","imprint_cost_recommended_selling_quantity":"5000"}],"product_quantity_price_range_buying":false,"imprint_cost_setup_costs":"60.77","imprint_cost_handling_costs":"0.26"}]},"aioseo_notices":[],"aioseo_head":"\n\t\t<!-- All in One SEO Pro 4.9.5.2 - aioseo.com -->\n\t<meta name=\"description\" content=\"Die Malina ist deine robuste Begleiterin aus recyceltem Polycotton, perfekt f\u00fcr einen bewussten Alltag. Sie bietet dir nicht nur eine umweltfreundliche Transportl\u00f6sung, sondern l\u00e4sst sich auch ideal mit deinem Logo individualisieren.\" \/>\n\t<meta name=\"robots\" content=\"max-image-preview:large\" \/>\n\t<meta name=\"google-site-verification\" content=\"UCXCM47iuIQOXxYT_rmg4k_pSRa_vVC6yBpzgVDnaZM\" \/>\n\t<link rel=\"canonical\" href=\"https:\/\/katoenendraagtassen.nl\/de\/wp-json\/wp\/v2\/product\/2719\" \/>\n\t<meta name=\"generator\" content=\"All in One SEO Pro (AIOSEO) 4.9.5.2\" \/>\n\t\t<meta property=\"og:locale\" content=\"de_DE\" \/>\n\t\t<meta property=\"og:site_name\" content=\"Katoenendraagtassen -\" \/>\n\t\t<meta property=\"og:type\" content=\"article\" \/>\n\t\t<meta property=\"og:title\" content=\"Tragetasche bedrucken: Malina, recycelte Polycotton 330g\/m\u00b2, Rei\u00dfverschluss\" \/>\n\t\t<meta property=\"og:description\" content=\"Die Malina ist deine robuste Begleiterin aus recyceltem Polycotton, perfekt f\u00fcr einen bewussten Alltag. Sie bietet dir nicht nur eine umweltfreundliche Transportl\u00f6sung, sondern l\u00e4sst sich auch ideal mit deinem Logo individualisieren.\" \/>\n\t\t<meta property=\"og:url\" content=\"https:\/\/katoenendraagtassen.nl\/de\/wp-json\/wp\/v2\/product\/2719\" \/>\n\t\t<meta property=\"og:image\" content=\"https:\/\/shop.hidalgo.nl\/wp-content\/uploads\/2026\/02\/cropped-draagtassen-logo.png\" \/>\n\t\t<meta property=\"og:image:secure_url\" content=\"https:\/\/shop.hidalgo.nl\/wp-content\/uploads\/2026\/02\/cropped-draagtassen-logo.png\" \/>\n\t\t<meta property=\"article:published_time\" content=\"2026-02-06T11:01:54+00:00\" \/>\n\t\t<meta property=\"article:modified_time\" content=\"2026-02-17T14:55:56+00:00\" \/>\n\t\t<meta name=\"twitter:card\" content=\"summary_large_image\" \/>\n\t\t<meta name=\"twitter:title\" content=\"Tragetasche bedrucken: Malina, recycelte Polycotton 330g\/m\u00b2, Rei\u00dfverschluss\" \/>\n\t\t<meta name=\"twitter:description\" content=\"Die Malina ist deine robuste Begleiterin aus recyceltem Polycotton, perfekt f\u00fcr einen bewussten Alltag. Sie bietet dir nicht nur eine umweltfreundliche Transportl\u00f6sung, sondern l\u00e4sst sich auch ideal mit deinem Logo individualisieren.\" \/>\n\t\t<meta name=\"twitter:image\" content=\"https:\/\/shop.hidalgo.nl\/wp-content\/uploads\/2026\/02\/cropped-draagtassen-logo.png\" \/>\n\t\t<script type=\"application\/ld+json\" class=\"aioseo-schema\">\n\t\t\t{\"@context\":\"https:\\\/\\\/schema.org\",\"@graph\":[{\"@type\":\"BreadcrumbList\",\"@id\":\"https:\\\/\\\/katoenendraagtassen.nl\\\/de\\\/product\\\/2719\\\/tragetasche-bedrucken-malina-recycelte-polycotton-330g-m%c2%b2-reissverschluss\\\/#breadcrumblist\",\"itemListElement\":[{\"@type\":\"ListItem\",\"@id\":\"https:\\\/\\\/katoenendraagtassen.nl\\\/de\\\/#listItem\",\"position\":1,\"name\":\"Home\",\"item\":\"https:\\\/\\\/katoenendraagtassen.nl\\\/de\\\/\",\"nextItem\":{\"@type\":\"ListItem\",\"@id\":\"https:\\\/\\\/katoenendraagtassen.nl\\\/shop\\\/#listItem\",\"name\":\"Shop\"}},{\"@type\":\"ListItem\",\"@id\":\"https:\\\/\\\/katoenendraagtassen.nl\\\/shop\\\/#listItem\",\"position\":2,\"name\":\"Shop\",\"item\":\"https:\\\/\\\/katoenendraagtassen.nl\\\/shop\\\/\",\"nextItem\":{\"@type\":\"ListItem\",\"@id\":\"https:\\\/\\\/katoenendraagtassen.nl\\\/de\\\/product-supplier\\\/a58\\\/#listItem\",\"name\":\"A58-Giving\"},\"previousItem\":{\"@type\":\"ListItem\",\"@id\":\"https:\\\/\\\/katoenendraagtassen.nl\\\/de\\\/#listItem\",\"name\":\"Home\"}},{\"@type\":\"ListItem\",\"@id\":\"https:\\\/\\\/katoenendraagtassen.nl\\\/de\\\/product-supplier\\\/a58\\\/#listItem\",\"position\":3,\"name\":\"A58-Giving\",\"item\":\"https:\\\/\\\/katoenendraagtassen.nl\\\/de\\\/product-supplier\\\/a58\\\/\",\"nextItem\":{\"@type\":\"ListItem\",\"@id\":\"https:\\\/\\\/katoenendraagtassen.nl\\\/de\\\/product\\\/2719\\\/tragetasche-bedrucken-malina-recycelte-polycotton-330g-m%c2%b2-reissverschluss\\\/#listItem\",\"name\":\"Gerecyclede polycotton (330 gsm) draagtas Malina\"},\"previousItem\":{\"@type\":\"ListItem\",\"@id\":\"https:\\\/\\\/katoenendraagtassen.nl\\\/shop\\\/#listItem\",\"name\":\"Shop\"}},{\"@type\":\"ListItem\",\"@id\":\"https:\\\/\\\/katoenendraagtassen.nl\\\/de\\\/product\\\/2719\\\/tragetasche-bedrucken-malina-recycelte-polycotton-330g-m%c2%b2-reissverschluss\\\/#listItem\",\"position\":4,\"name\":\"Gerecyclede polycotton (330 gsm) draagtas Malina\",\"previousItem\":{\"@type\":\"ListItem\",\"@id\":\"https:\\\/\\\/katoenendraagtassen.nl\\\/de\\\/product-supplier\\\/a58\\\/#listItem\",\"name\":\"A58-Giving\"}}]},{\"@type\":\"Organization\",\"@id\":\"https:\\\/\\\/katoenendraagtassen.nl\\\/de\\\/#organization\",\"name\":\"Katoenendraagtassen\",\"url\":\"https:\\\/\\\/katoenendraagtassen.nl\\\/de\\\/\",\"logo\":{\"@type\":\"ImageObject\",\"url\":\"https:\\\/\\\/shop.hidalgo.nl\\\/wp-content\\\/uploads\\\/2026\\\/02\\\/cropped-draagtassen-logo.png\",\"@id\":\"https:\\\/\\\/katoenendraagtassen.nl\\\/de\\\/product\\\/2719\\\/tragetasche-bedrucken-malina-recycelte-polycotton-330g-m%c2%b2-reissverschluss\\\/#organizationLogo\",\"width\":419,\"height\":259},\"image\":{\"@id\":\"https:\\\/\\\/katoenendraagtassen.nl\\\/de\\\/product\\\/2719\\\/tragetasche-bedrucken-malina-recycelte-polycotton-330g-m%c2%b2-reissverschluss\\\/#organizationLogo\"}},{\"@type\":\"WebPage\",\"@id\":\"https:\\\/\\\/katoenendraagtassen.nl\\\/de\\\/product\\\/2719\\\/tragetasche-bedrucken-malina-recycelte-polycotton-330g-m%c2%b2-reissverschluss\\\/#webpage\",\"url\":\"https:\\\/\\\/katoenendraagtassen.nl\\\/de\\\/product\\\/2719\\\/tragetasche-bedrucken-malina-recycelte-polycotton-330g-m%c2%b2-reissverschluss\\\/\",\"name\":\"Tragetasche bedrucken: Malina, recycelte Polycotton 330g\\\/m\\u00b2, Rei\\u00dfverschluss\",\"description\":\"Die Malina ist deine robuste Begleiterin aus recyceltem Polycotton, perfekt f\\u00fcr einen bewussten Alltag. Sie bietet dir nicht nur eine umweltfreundliche Transportl\\u00f6sung, sondern l\\u00e4sst sich auch ideal mit deinem Logo individualisieren.\",\"inLanguage\":\"de-DE\",\"isPartOf\":{\"@id\":\"https:\\\/\\\/katoenendraagtassen.nl\\\/de\\\/#website\"},\"breadcrumb\":{\"@id\":\"https:\\\/\\\/katoenendraagtassen.nl\\\/de\\\/product\\\/2719\\\/tragetasche-bedrucken-malina-recycelte-polycotton-330g-m%c2%b2-reissverschluss\\\/#breadcrumblist\"},\"image\":{\"@type\":\"ImageObject\",\"url\":\"https:\\\/\\\/shop.hidalgo.nl\\\/wp-content\\\/uploads\\\/2026\\\/01\\\/fc5ee2beee6ede0ff16413331af225185e6345eaa15a77747342d9b2abcd4381.jpg\",\"@id\":\"https:\\\/\\\/katoenendraagtassen.nl\\\/de\\\/product\\\/2719\\\/tragetasche-bedrucken-malina-recycelte-polycotton-330g-m%c2%b2-reissverschluss\\\/#mainImage\"},\"primaryImageOfPage\":{\"@id\":\"https:\\\/\\\/katoenendraagtassen.nl\\\/de\\\/product\\\/2719\\\/tragetasche-bedrucken-malina-recycelte-polycotton-330g-m%c2%b2-reissverschluss\\\/#mainImage\"},\"datePublished\":\"2026-02-06T11:01:54+01:00\",\"dateModified\":\"2026-02-17T14:55:56+01:00\"},{\"@type\":\"WebSite\",\"@id\":\"https:\\\/\\\/katoenendraagtassen.nl\\\/de\\\/#website\",\"url\":\"https:\\\/\\\/katoenendraagtassen.nl\\\/de\\\/\",\"name\":\"Katoenendraagtassen\",\"inLanguage\":\"de-DE\",\"publisher\":{\"@id\":\"https:\\\/\\\/katoenendraagtassen.nl\\\/de\\\/#organization\"}}]}\n\t\t<\/script>\n\t\t<!-- All in One SEO Pro -->\r\n\t\t<title>Tragetasche bedrucken: Malina, recycelte Polycotton 330g\/m\u00b2, Rei\u00dfverschluss<\/title>\n\n","aioseo_head_json":{"title":"Tragetasche bedrucken: Malina, recycelte Polycotton 330g\/m\u00b2, Rei\u00dfverschluss","description":"Die Malina ist deine robuste Begleiterin aus recyceltem Polycotton, perfekt f\u00fcr einen bewussten Alltag. Sie bietet dir nicht nur eine umweltfreundliche Transportl\u00f6sung, sondern l\u00e4sst sich auch ideal mit deinem Logo individualisieren.","canonical_url":"https:\/\/katoenendraagtassen.nl\/de\/wp-json\/wp\/v2\/product\/2719","robots":"max-image-preview:large","keywords":"","webmasterTools":{"google-site-verification":"UCXCM47iuIQOXxYT_rmg4k_pSRa_vVC6yBpzgVDnaZM","miscellaneous":""},"schema":{"@context":"https:\/\/schema.org","@graph":[{"@type":"BreadcrumbList","@id":"https:\/\/katoenendraagtassen.nl\/de\/product\/2719\/tragetasche-bedrucken-malina-recycelte-polycotton-330g-m%c2%b2-reissverschluss\/#breadcrumblist","itemListElement":[{"@type":"ListItem","@id":"https:\/\/katoenendraagtassen.nl\/de\/#listItem","position":1,"name":"Home","item":"https:\/\/katoenendraagtassen.nl\/de\/","nextItem":{"@type":"ListItem","@id":"https:\/\/katoenendraagtassen.nl\/shop\/#listItem","name":"Shop"}},{"@type":"ListItem","@id":"https:\/\/katoenendraagtassen.nl\/shop\/#listItem","position":2,"name":"Shop","item":"https:\/\/katoenendraagtassen.nl\/shop\/","nextItem":{"@type":"ListItem","@id":"https:\/\/katoenendraagtassen.nl\/de\/product-supplier\/a58\/#listItem","name":"A58-Giving"},"previousItem":{"@type":"ListItem","@id":"https:\/\/katoenendraagtassen.nl\/de\/#listItem","name":"Home"}},{"@type":"ListItem","@id":"https:\/\/katoenendraagtassen.nl\/de\/product-supplier\/a58\/#listItem","position":3,"name":"A58-Giving","item":"https:\/\/katoenendraagtassen.nl\/de\/product-supplier\/a58\/","nextItem":{"@type":"ListItem","@id":"https:\/\/katoenendraagtassen.nl\/de\/product\/2719\/tragetasche-bedrucken-malina-recycelte-polycotton-330g-m%c2%b2-reissverschluss\/#listItem","name":"Gerecyclede polycotton (330 gsm) draagtas Malina"},"previousItem":{"@type":"ListItem","@id":"https:\/\/katoenendraagtassen.nl\/shop\/#listItem","name":"Shop"}},{"@type":"ListItem","@id":"https:\/\/katoenendraagtassen.nl\/de\/product\/2719\/tragetasche-bedrucken-malina-recycelte-polycotton-330g-m%c2%b2-reissverschluss\/#listItem","position":4,"name":"Gerecyclede polycotton (330 gsm) draagtas Malina","previousItem":{"@type":"ListItem","@id":"https:\/\/katoenendraagtassen.nl\/de\/product-supplier\/a58\/#listItem","name":"A58-Giving"}}]},{"@type":"Organization","@id":"https:\/\/katoenendraagtassen.nl\/de\/#organization","name":"Katoenendraagtassen","url":"https:\/\/katoenendraagtassen.nl\/de\/","logo":{"@type":"ImageObject","url":"https:\/\/shop.hidalgo.nl\/wp-content\/uploads\/2026\/02\/cropped-draagtassen-logo.png","@id":"https:\/\/katoenendraagtassen.nl\/de\/product\/2719\/tragetasche-bedrucken-malina-recycelte-polycotton-330g-m%c2%b2-reissverschluss\/#organizationLogo","width":419,"height":259},"image":{"@id":"https:\/\/katoenendraagtassen.nl\/de\/product\/2719\/tragetasche-bedrucken-malina-recycelte-polycotton-330g-m%c2%b2-reissverschluss\/#organizationLogo"}},{"@type":"WebPage","@id":"https:\/\/katoenendraagtassen.nl\/de\/product\/2719\/tragetasche-bedrucken-malina-recycelte-polycotton-330g-m%c2%b2-reissverschluss\/#webpage","url":"https:\/\/katoenendraagtassen.nl\/de\/product\/2719\/tragetasche-bedrucken-malina-recycelte-polycotton-330g-m%c2%b2-reissverschluss\/","name":"Tragetasche bedrucken: Malina, recycelte Polycotton 330g\/m\u00b2, Rei\u00dfverschluss","description":"Die Malina ist deine robuste Begleiterin aus recyceltem Polycotton, perfekt f\u00fcr einen bewussten Alltag. Sie bietet dir nicht nur eine umweltfreundliche Transportl\u00f6sung, sondern l\u00e4sst sich auch ideal mit deinem Logo individualisieren.","inLanguage":"de-DE","isPartOf":{"@id":"https:\/\/katoenendraagtassen.nl\/de\/#website"},"breadcrumb":{"@id":"https:\/\/katoenendraagtassen.nl\/de\/product\/2719\/tragetasche-bedrucken-malina-recycelte-polycotton-330g-m%c2%b2-reissverschluss\/#breadcrumblist"},"image":{"@type":"ImageObject","url":"https:\/\/shop.hidalgo.nl\/wp-content\/uploads\/2026\/01\/fc5ee2beee6ede0ff16413331af225185e6345eaa15a77747342d9b2abcd4381.jpg","@id":"https:\/\/katoenendraagtassen.nl\/de\/product\/2719\/tragetasche-bedrucken-malina-recycelte-polycotton-330g-m%c2%b2-reissverschluss\/#mainImage"},"primaryImageOfPage":{"@id":"https:\/\/katoenendraagtassen.nl\/de\/product\/2719\/tragetasche-bedrucken-malina-recycelte-polycotton-330g-m%c2%b2-reissverschluss\/#mainImage"},"datePublished":"2026-02-06T11:01:54+01:00","dateModified":"2026-02-17T14:55:56+01:00"},{"@type":"WebSite","@id":"https:\/\/katoenendraagtassen.nl\/de\/#website","url":"https:\/\/katoenendraagtassen.nl\/de\/","name":"Katoenendraagtassen","inLanguage":"de-DE","publisher":{"@id":"https:\/\/katoenendraagtassen.nl\/de\/#organization"}}]},"og:locale":"de_DE","og:site_name":"Katoenendraagtassen -","og:type":"article","og:title":"Tragetasche bedrucken: Malina, recycelte Polycotton 330g\/m\u00b2, Rei\u00dfverschluss","og:description":"Die Malina ist deine robuste Begleiterin aus recyceltem Polycotton, perfekt f\u00fcr einen bewussten Alltag. Sie bietet dir nicht nur eine umweltfreundliche Transportl\u00f6sung, sondern l\u00e4sst sich auch ideal mit deinem Logo individualisieren.","og:url":"https:\/\/katoenendraagtassen.nl\/de\/wp-json\/wp\/v2\/product\/2719","og:image":"https:\/\/shop.hidalgo.nl\/wp-content\/uploads\/2026\/02\/cropped-draagtassen-logo.png","og:image:secure_url":"https:\/\/shop.hidalgo.nl\/wp-content\/uploads\/2026\/02\/cropped-draagtassen-logo.png","article:published_time":"2026-02-06T11:01:54+00:00","article:modified_time":"2026-02-17T14:55:56+00:00","twitter:card":"summary_large_image","twitter:title":"Tragetasche bedrucken: Malina, recycelte Polycotton 330g\/m\u00b2, Rei\u00dfverschluss","twitter:description":"Die Malina ist deine robuste Begleiterin aus recyceltem Polycotton, perfekt f\u00fcr einen bewussten Alltag. Sie bietet dir nicht nur eine umweltfreundliche Transportl\u00f6sung, sondern l\u00e4sst sich auch ideal mit deinem Logo individualisieren.","twitter:image":"https:\/\/shop.hidalgo.nl\/wp-content\/uploads\/2026\/02\/cropped-draagtassen-logo.png"},"aioseo_meta_data":{"post_id":"2719","title":null,"description":null,"keywords":null,"keyphrases":null,"canonical_url":null,"og_title":null,"og_description":null,"og_object_type":"default","og_image_type":"default","og_image_custom_url":null,"og_image_custom_fields":null,"og_custom_image_width":null,"og_custom_image_height":null,"og_video":null,"og_custom_url":null,"og_article_section":null,"og_article_tags":null,"twitter_use_og":false,"twitter_card":"default","twitter_image_type":"default","twitter_image_custom_url":null,"twitter_image_custom_fields":null,"twitter_title":null,"twitter_description":null,"schema_type":null,"schema_type_options":null,"pillar_content":false,"robots_default":true,"robots_noindex":false,"robots_noarchive":false,"robots_nosnippet":false,"robots_nofollow":false,"robots_noimageindex":false,"robots_noodp":false,"robots_notranslate":false,"robots_max_snippet":null,"robots_max_videopreview":null,"robots_max_imagepreview":"none","tabs":null,"priority":null,"frequency":null,"local_seo":null,"created":"2026-02-06 11:03:29","updated":"2026-02-17 15:10:10"},"aioseo_breadcrumb":"<div class=\"aioseo-breadcrumbs\"><span class=\"aioseo-breadcrumb\">\n\t<a href=\"https:\/\/katoenendraagtassen.nl\/de\/\" title=\"Home\">Home<\/a>\n<\/span><span class=\"aioseo-breadcrumb-separator\">\u00bb<\/span><span class=\"aioseo-breadcrumb\">\n\t<a href=\"https:\/\/katoenendraagtassen.nl\/shop\/\" title=\"Shop\">Shop<\/a>\n<\/span><span class=\"aioseo-breadcrumb-separator\">\u00bb<\/span><span class=\"aioseo-breadcrumb\">\n\t<a href=\"https:\/\/katoenendraagtassen.nl\/de\/product-supplier\/a58\/\" title=\"A58-Giving\">A58-Giving<\/a>\n<\/span><span class=\"aioseo-breadcrumb-separator\">\u00bb<\/span><span class=\"aioseo-breadcrumb\">\n\tGerecyclede polycotton (330 gsm) draagtas Malina\n<\/span><\/div>","aioseo_breadcrumb_json":[{"label":"Home","link":"https:\/\/katoenendraagtassen.nl\/de\/"},{"label":"Shop","link":"https:\/\/katoenendraagtassen.nl\/shop\/"},{"label":"A58-Giving","link":"https:\/\/katoenendraagtassen.nl\/de\/product-supplier\/a58\/"},{"label":"Gerecyclede polycotton (330 gsm) draagtas Malina","link":"https:\/\/katoenendraagtassen.nl\/de\/product\/2719\/tragetasche-bedrucken-malina-recycelte-polycotton-330g-m%c2%b2-reissverschluss\/"}],"_links":{"self":[{"href":"https:\/\/katoenendraagtassen.nl\/de\/wp-json\/wp\/v2\/product\/2719","targetHints":{"allow":["GET"]}}],"collection":[{"href":"https:\/\/katoenendraagtassen.nl\/de\/wp-json\/wp\/v2\/product"}],"about":[{"href":"https:\/\/katoenendraagtassen.nl\/de\/wp-json\/wp\/v2\/types\/product"}],"wp:featuredmedia":[{"embeddable":true,"href":"https:\/\/katoenendraagtassen.nl\/de\/wp-json\/wp\/v2\/media\/2720"}],"wp:attachment":[{"href":"https:\/\/katoenendraagtassen.nl\/de\/wp-json\/wp\/v2\/media?parent=2719"}],"wp:term":[{"taxonomy":"product_brand","embeddable":true,"href":"https:\/\/katoenendraagtassen.nl\/de\/wp-json\/wp\/v2\/product_brand?post=2719"},{"taxonomy":"product_cat","embeddable":true,"href":"https:\/\/katoenendraagtassen.nl\/de\/wp-json\/wp\/v2\/product_cat?post=2719"},{"taxonomy":"product_tag","embeddable":true,"href":"https:\/\/katoenendraagtassen.nl\/de\/wp-json\/wp\/v2\/product_tag?post=2719"}],"curies":[{"name":"wp","href":"https:\/\/api.w.org\/{rel}","templated":true}]}}