{"id":4937,"date":"2026-02-09T09:17:15","date_gmt":"2026-02-09T09:17:15","guid":{"rendered":"https:\/\/katoenendraagtassen.shop.hidalgo.nl\/lieferung-und-ruecksendungen\/"},"modified":"2026-02-09T14:00:10","modified_gmt":"2026-02-09T14:00:10","slug":"lieferung-und-ruecksendungen","status":"publish","type":"page","link":"https:\/\/katoenendraagtassen.nl\/de\/lieferung-und-ruecksendungen\/","title":{"rendered":"Lieferung und R\u00fccksendungen"},"content":{"rendered":"<h2>Lieferzeit<\/h2>\n<p>Unbedruckte Artikel k\u00f6nnen innerhalb von 1 bis 3 Werktagen geliefert werden. Die meisten bedruckten Lagerartikel sind innerhalb von 8 bis 14 Werktagen lieferbar. Eine Bestellung geht erst nach Genehmigung des Angebots und des Korrekturabzugs in Produktion. Warten Sie l\u00e4nger als 24 Stunden mit der Genehmigung? Dann verschiebt sich auch das Lieferdatum.<\/p>\n<p>&nbsp;<\/p>\n<h2>R\u00fccksendungen bei Hidalgo<\/h2>\n<p>Wir legen gro\u00dfen Wert darauf, dass Sie mit Ihrem Kauf zufrieden sind. Deshalb bieten wir klare und kundenfreundliche R\u00fcckgabebedingungen. In dieser Erl\u00e4uterung erfahren Sie, wie die R\u00fccksendung funktioniert, welche Rechte Sie haben und wie es sich genau mit Artikeln verh\u00e4lt, die mit einem Logo oder Aufdruck versehen sind.<\/p>\n<h2>Widerrufsrecht<\/h2>\n<p>Als Verbraucher haben Sie ein gesetzliches Widerrufsrecht: Das bedeutet, dass Sie Ihren Online-Kauf innerhalb von 15 Tagen nach Erhalt ohne Angabe von Gr\u00fcnden zur\u00fccksenden und den vollen Kaufpreis zur\u00fcckerstattet bekommen k\u00f6nnen.<\/p>\n<h2>Wie funktioniert der Widerruf?<\/h2>\n<p>Melden Sie innerhalb von 15 Tagen nach Erhalt, dass Sie widerrufen m\u00f6chten, \u00fcber unser R\u00fcckgabeformular oder indem Sie Kontakt mit uns aufnehmen.<br \/>\nSenden Sie das Produkt innerhalb von 15 Tagen nach Ihrer Meldung in der Originalverpackung zur\u00fcck.<br \/>\nSobald wir das Produkt erhalten und gepr\u00fcft haben, erstatten wir den Kaufpreis zur\u00fcck.<br \/>\nBitte beachten Sie: Die R\u00fccksendekosten sind grunds\u00e4tzlich von Ihnen zu tragen, sofern nichts anderes vereinbart wurde.<\/p>\n<h2>Ausnahmen vom Widerrufsrecht<\/h2>\n<p>Das Widerrufsrecht gilt nicht immer. Ihr gesetzliches R\u00fcckgaberecht erlischt in den folgenden Situationen:<\/p>\n<p>&#8211; Das Produkt wurde nach Ma\u00df gefertigt oder eindeutig mit Ihrem Logo oder einem bestimmten Aufdruck personalisiert.<br \/>\n&#8211; Artikel, die aus hygienischen Gr\u00fcnden nicht zur\u00fcckgenommen werden k\u00f6nnen, sobald die Versiegelung gebrochen ist (z. B. bedruckte Trinkbecher ohne Folie).<br \/>\n&#8211; Eindeutig bedruckte oder gestaltete Produkte, bei denen die Personalisierung das Produkt einzigartig macht.<br \/>\nDies bedeutet, dass Produkte mit einem Logo, Aufdruck oder einer bestimmten Personalisierung in den meisten F\u00e4llen nicht im Wege des Widerrufs zur\u00fcckgenommen werden k\u00f6nnen. Beachten Sie immer die Produktseite oder die Auftragsbest\u00e4tigung f\u00fcr die spezifischen R\u00fcckgabebedingungen.<\/p>\n<h2>Artikel mit Logo oder Aufdruck<\/h2>\n<p>Produkte, die wir f\u00fcr Sie bedrucken oder personalisieren, werden speziell f\u00fcr Sie angefertigt. Da hier zus\u00e4tzlicher Arbeits- und Materialaufwand entsteht, gilt f\u00fcr diese Artikel ein anderes R\u00fcckgabeverfahren:<\/p>\n<p>Pr\u00fcfen Sie immer zuerst den digitalen Entwurf, den Sie von uns erhalten, bevor wir das Produkt produzieren.<br \/>\nSind Sie im Nachhinein doch nicht zufrieden mit dem Aufdruck oder der Qualit\u00e4t? Nehmen Sie dann innerhalb von 15 Tagen Kontakt mit uns auf.<br \/>\nWir werden gemeinsam mit Ihnen die beste L\u00f6sung finden, wie z. B. eine Korrektur, ein Ersatz oder eine Entsch\u00e4digung, denn wir streben immer zufriedene Kunden an.<\/p>\n<h2>Wie man eine R\u00fccksendung anmeldet<\/h2>\n<p>Eine R\u00fccksendung anzumelden ist einfach:<\/p>\n<p>&#8211; Senden Sie eine E-Mail an info@hidalgo.nl mit Ihrer Bestellnummer.<br \/>\n&#8211; Geben Sie an, welche Produkte Sie zur\u00fccksenden m\u00f6chten und warum.<br \/>\n&#8211; Verpacken Sie die Artikel gut und senden Sie sie an die R\u00fccksendeadresse, die wir Ihnen zusenden.<\/p>\n<h2>Wir stehen f\u00fcr Service<\/h2>\n<p>Unser Kundenservice steht Ihnen jederzeit f\u00fcr Fragen zu R\u00fccksendungen, Widerruf oder Produkten mit Logos und Aufdrucken zur Verf\u00fcgung. Wir tun alles, um Sie zufrieden zu stellen \u2013 von der Beratung vor dem Kauf bis zur L\u00f6sung im Nachhinein.<\/p>\n<p>Nehmen Sie gerne Kontakt mit uns auf, wenn Sie Zweifel an einer R\u00fccksendung haben oder etwas nicht deutlich ist. Wir denken gerne mit Ihnen mit!<\/p>\n","protected":false},"excerpt":{"rendered":"<p>Lieferzeit Unbedruckte Artikel k\u00f6nnen innerhalb von 1 bis 3 Werktagen geliefert werden. Die meisten bedruckten Lagerartikel sind innerhalb von 8 bis 14 Werktagen lieferbar. Eine Bestellung geht erst nach Genehmigung des Angebots und des Korrekturabzugs in Produktion. Warten Sie l\u00e4nger als 24 Stunden mit der Genehmigung? Dann verschiebt sich auch das Lieferdatum. &nbsp; R\u00fccksendungen bei&hellip; <a class=\"more-link\" href=\"https:\/\/katoenendraagtassen.nl\/de\/lieferung-und-ruecksendungen\/\"><span class=\"screen-reader-text\">Lieferung und R\u00fccksendungen<\/span> weiterlesen<\/a><\/p>\n","protected":false},"author":6,"featured_media":0,"parent":0,"menu_order":0,"comment_status":"closed","ping_status":"closed","template":"","meta":{"_acf_changed":false,"_monsterinsights_skip_tracking":false,"_monsterinsights_sitenote_active":false,"_monsterinsights_sitenote_note":"","_monsterinsights_sitenote_category":0,"footnotes":""},"class_list":["post-4937","page","type-page","status-publish","hentry","entry"],"acf":[],"aioseo_notices":[],"aioseo_head":"\n\t\t<!-- All in One SEO Pro 4.9.5.2 - aioseo.com -->\n\t<meta name=\"description\" content=\"Lieferzeit Unbedruckte Artikel k\u00f6nnen innerhalb von 1 bis 3 Werktagen geliefert werden. Die meisten bedruckten Lagerartikel sind innerhalb von 8 bis 14 Werktagen lieferbar. Eine Bestellung geht erst nach Genehmigung des Angebots und des Korrekturabzugs in Produktion. Warten Sie l\u00e4nger als 24 Stunden mit der Genehmigung? Dann verschiebt sich auch das Lieferdatum. R\u00fccksendungen bei\" \/>\n\t<meta name=\"robots\" content=\"max-image-preview:large\" \/>\n\t<meta name=\"google-site-verification\" content=\"UCXCM47iuIQOXxYT_rmg4k_pSRa_vVC6yBpzgVDnaZM\" \/>\n\t<link rel=\"canonical\" href=\"https:\/\/katoenendraagtassen.nl\/de\/wp-json\/wp\/v2\/pages\/4937\" \/>\n\t<meta name=\"generator\" content=\"All in One SEO Pro (AIOSEO) 4.9.5.2\" \/>\n\t\t<meta property=\"og:locale\" content=\"de_DE\" \/>\n\t\t<meta property=\"og:site_name\" content=\"Katoenendraagtassen -\" \/>\n\t\t<meta property=\"og:type\" content=\"article\" \/>\n\t\t<meta property=\"og:title\" content=\"Lieferung und R\u00fccksendungen - Katoenendraagtassen\" \/>\n\t\t<meta property=\"og:description\" content=\"Lieferzeit Unbedruckte Artikel k\u00f6nnen innerhalb von 1 bis 3 Werktagen geliefert werden. Die meisten bedruckten Lagerartikel sind innerhalb von 8 bis 14 Werktagen lieferbar. Eine Bestellung geht erst nach Genehmigung des Angebots und des Korrekturabzugs in Produktion. Warten Sie l\u00e4nger als 24 Stunden mit der Genehmigung? Dann verschiebt sich auch das Lieferdatum. R\u00fccksendungen bei\" \/>\n\t\t<meta property=\"og:url\" content=\"https:\/\/katoenendraagtassen.nl\/de\/wp-json\/wp\/v2\/pages\/4937\" \/>\n\t\t<meta property=\"og:image\" content=\"https:\/\/shop.hidalgo.nl\/wp-content\/uploads\/2026\/02\/cropped-draagtassen-logo.png\" \/>\n\t\t<meta property=\"og:image:secure_url\" content=\"https:\/\/shop.hidalgo.nl\/wp-content\/uploads\/2026\/02\/cropped-draagtassen-logo.png\" \/>\n\t\t<meta property=\"article:published_time\" content=\"2026-02-09T09:17:15+00:00\" \/>\n\t\t<meta property=\"article:modified_time\" content=\"2026-02-09T14:00:10+00:00\" \/>\n\t\t<meta name=\"twitter:card\" content=\"summary_large_image\" \/>\n\t\t<meta name=\"twitter:title\" content=\"Lieferung und R\u00fccksendungen - Katoenendraagtassen\" \/>\n\t\t<meta name=\"twitter:description\" content=\"Lieferzeit Unbedruckte Artikel k\u00f6nnen innerhalb von 1 bis 3 Werktagen geliefert werden. Die meisten bedruckten Lagerartikel sind innerhalb von 8 bis 14 Werktagen lieferbar. Eine Bestellung geht erst nach Genehmigung des Angebots und des Korrekturabzugs in Produktion. Warten Sie l\u00e4nger als 24 Stunden mit der Genehmigung? Dann verschiebt sich auch das Lieferdatum. R\u00fccksendungen bei\" \/>\n\t\t<meta name=\"twitter:image\" content=\"https:\/\/shop.hidalgo.nl\/wp-content\/uploads\/2026\/02\/cropped-draagtassen-logo.png\" \/>\n\t\t<script type=\"application\/ld+json\" class=\"aioseo-schema\">\n\t\t\t{\"@context\":\"https:\\\/\\\/schema.org\",\"@graph\":[{\"@type\":\"BreadcrumbList\",\"@id\":\"https:\\\/\\\/katoenendraagtassen.nl\\\/de\\\/lieferung-und-ruecksendungen\\\/#breadcrumblist\",\"itemListElement\":[{\"@type\":\"ListItem\",\"@id\":\"https:\\\/\\\/katoenendraagtassen.nl\\\/de\\\/#listItem\",\"position\":1,\"name\":\"Home\",\"item\":\"https:\\\/\\\/katoenendraagtassen.nl\\\/de\\\/\",\"nextItem\":{\"@type\":\"ListItem\",\"@id\":\"https:\\\/\\\/katoenendraagtassen.nl\\\/de\\\/lieferung-und-ruecksendungen\\\/#listItem\",\"name\":\"Lieferung und R\\u00fccksendungen\"}},{\"@type\":\"ListItem\",\"@id\":\"https:\\\/\\\/katoenendraagtassen.nl\\\/de\\\/lieferung-und-ruecksendungen\\\/#listItem\",\"position\":2,\"name\":\"Lieferung und R\\u00fccksendungen\",\"previousItem\":{\"@type\":\"ListItem\",\"@id\":\"https:\\\/\\\/katoenendraagtassen.nl\\\/de\\\/#listItem\",\"name\":\"Home\"}}]},{\"@type\":\"Organization\",\"@id\":\"https:\\\/\\\/katoenendraagtassen.nl\\\/de\\\/#organization\",\"name\":\"Katoenendraagtassen\",\"url\":\"https:\\\/\\\/katoenendraagtassen.nl\\\/de\\\/\",\"logo\":{\"@type\":\"ImageObject\",\"url\":\"https:\\\/\\\/shop.hidalgo.nl\\\/wp-content\\\/uploads\\\/2026\\\/02\\\/cropped-draagtassen-logo.png\",\"@id\":\"https:\\\/\\\/katoenendraagtassen.nl\\\/de\\\/lieferung-und-ruecksendungen\\\/#organizationLogo\",\"width\":419,\"height\":259},\"image\":{\"@id\":\"https:\\\/\\\/katoenendraagtassen.nl\\\/de\\\/lieferung-und-ruecksendungen\\\/#organizationLogo\"}},{\"@type\":\"WebPage\",\"@id\":\"https:\\\/\\\/katoenendraagtassen.nl\\\/de\\\/lieferung-und-ruecksendungen\\\/#webpage\",\"url\":\"https:\\\/\\\/katoenendraagtassen.nl\\\/de\\\/lieferung-und-ruecksendungen\\\/\",\"name\":\"Lieferung und R\\u00fccksendungen - Katoenendraagtassen\",\"description\":\"Lieferzeit Unbedruckte Artikel k\\u00f6nnen innerhalb von 1 bis 3 Werktagen geliefert werden. Die meisten bedruckten Lagerartikel sind innerhalb von 8 bis 14 Werktagen lieferbar. Eine Bestellung geht erst nach Genehmigung des Angebots und des Korrekturabzugs in Produktion. Warten Sie l\\u00e4nger als 24 Stunden mit der Genehmigung? Dann verschiebt sich auch das Lieferdatum. R\\u00fccksendungen bei\",\"inLanguage\":\"de-DE\",\"isPartOf\":{\"@id\":\"https:\\\/\\\/katoenendraagtassen.nl\\\/de\\\/#website\"},\"breadcrumb\":{\"@id\":\"https:\\\/\\\/katoenendraagtassen.nl\\\/de\\\/lieferung-und-ruecksendungen\\\/#breadcrumblist\"},\"datePublished\":\"2026-02-09T09:17:15+00:00\",\"dateModified\":\"2026-02-09T14:00:10+00:00\"},{\"@type\":\"WebSite\",\"@id\":\"https:\\\/\\\/katoenendraagtassen.nl\\\/de\\\/#website\",\"url\":\"https:\\\/\\\/katoenendraagtassen.nl\\\/de\\\/\",\"name\":\"Katoenendraagtassen\",\"inLanguage\":\"de-DE\",\"publisher\":{\"@id\":\"https:\\\/\\\/katoenendraagtassen.nl\\\/de\\\/#organization\"}}]}\n\t\t<\/script>\n\t\t<!-- All in One SEO Pro -->\r\n\t\t<title>Lieferung und R\u00fccksendungen - Katoenendraagtassen<\/title>\n\n","aioseo_head_json":{"title":"Lieferung und R\u00fccksendungen - Katoenendraagtassen","description":"Lieferzeit Unbedruckte Artikel k\u00f6nnen innerhalb von 1 bis 3 Werktagen geliefert werden. Die meisten bedruckten Lagerartikel sind innerhalb von 8 bis 14 Werktagen lieferbar. Eine Bestellung geht erst nach Genehmigung des Angebots und des Korrekturabzugs in Produktion. Warten Sie l\u00e4nger als 24 Stunden mit der Genehmigung? Dann verschiebt sich auch das Lieferdatum. R\u00fccksendungen bei","canonical_url":"https:\/\/katoenendraagtassen.nl\/de\/wp-json\/wp\/v2\/pages\/4937","robots":"max-image-preview:large","keywords":"","webmasterTools":{"google-site-verification":"UCXCM47iuIQOXxYT_rmg4k_pSRa_vVC6yBpzgVDnaZM","miscellaneous":""},"schema":{"@context":"https:\/\/schema.org","@graph":[{"@type":"BreadcrumbList","@id":"https:\/\/katoenendraagtassen.nl\/de\/lieferung-und-ruecksendungen\/#breadcrumblist","itemListElement":[{"@type":"ListItem","@id":"https:\/\/katoenendraagtassen.nl\/de\/#listItem","position":1,"name":"Home","item":"https:\/\/katoenendraagtassen.nl\/de\/","nextItem":{"@type":"ListItem","@id":"https:\/\/katoenendraagtassen.nl\/de\/lieferung-und-ruecksendungen\/#listItem","name":"Lieferung und R\u00fccksendungen"}},{"@type":"ListItem","@id":"https:\/\/katoenendraagtassen.nl\/de\/lieferung-und-ruecksendungen\/#listItem","position":2,"name":"Lieferung und R\u00fccksendungen","previousItem":{"@type":"ListItem","@id":"https:\/\/katoenendraagtassen.nl\/de\/#listItem","name":"Home"}}]},{"@type":"Organization","@id":"https:\/\/katoenendraagtassen.nl\/de\/#organization","name":"Katoenendraagtassen","url":"https:\/\/katoenendraagtassen.nl\/de\/","logo":{"@type":"ImageObject","url":"https:\/\/shop.hidalgo.nl\/wp-content\/uploads\/2026\/02\/cropped-draagtassen-logo.png","@id":"https:\/\/katoenendraagtassen.nl\/de\/lieferung-und-ruecksendungen\/#organizationLogo","width":419,"height":259},"image":{"@id":"https:\/\/katoenendraagtassen.nl\/de\/lieferung-und-ruecksendungen\/#organizationLogo"}},{"@type":"WebPage","@id":"https:\/\/katoenendraagtassen.nl\/de\/lieferung-und-ruecksendungen\/#webpage","url":"https:\/\/katoenendraagtassen.nl\/de\/lieferung-und-ruecksendungen\/","name":"Lieferung und R\u00fccksendungen - Katoenendraagtassen","description":"Lieferzeit Unbedruckte Artikel k\u00f6nnen innerhalb von 1 bis 3 Werktagen geliefert werden. Die meisten bedruckten Lagerartikel sind innerhalb von 8 bis 14 Werktagen lieferbar. Eine Bestellung geht erst nach Genehmigung des Angebots und des Korrekturabzugs in Produktion. Warten Sie l\u00e4nger als 24 Stunden mit der Genehmigung? Dann verschiebt sich auch das Lieferdatum. R\u00fccksendungen bei","inLanguage":"de-DE","isPartOf":{"@id":"https:\/\/katoenendraagtassen.nl\/de\/#website"},"breadcrumb":{"@id":"https:\/\/katoenendraagtassen.nl\/de\/lieferung-und-ruecksendungen\/#breadcrumblist"},"datePublished":"2026-02-09T09:17:15+00:00","dateModified":"2026-02-09T14:00:10+00:00"},{"@type":"WebSite","@id":"https:\/\/katoenendraagtassen.nl\/de\/#website","url":"https:\/\/katoenendraagtassen.nl\/de\/","name":"Katoenendraagtassen","inLanguage":"de-DE","publisher":{"@id":"https:\/\/katoenendraagtassen.nl\/de\/#organization"}}]},"og:locale":"de_DE","og:site_name":"Katoenendraagtassen -","og:type":"article","og:title":"Lieferung und R\u00fccksendungen - Katoenendraagtassen","og:description":"Lieferzeit Unbedruckte Artikel k\u00f6nnen innerhalb von 1 bis 3 Werktagen geliefert werden. Die meisten bedruckten Lagerartikel sind innerhalb von 8 bis 14 Werktagen lieferbar. Eine Bestellung geht erst nach Genehmigung des Angebots und des Korrekturabzugs in Produktion. Warten Sie l\u00e4nger als 24 Stunden mit der Genehmigung? Dann verschiebt sich auch das Lieferdatum. R\u00fccksendungen bei","og:url":"https:\/\/katoenendraagtassen.nl\/de\/wp-json\/wp\/v2\/pages\/4937","og:image":"https:\/\/shop.hidalgo.nl\/wp-content\/uploads\/2026\/02\/cropped-draagtassen-logo.png","og:image:secure_url":"https:\/\/shop.hidalgo.nl\/wp-content\/uploads\/2026\/02\/cropped-draagtassen-logo.png","article:published_time":"2026-02-09T09:17:15+00:00","article:modified_time":"2026-02-09T14:00:10+00:00","twitter:card":"summary_large_image","twitter:title":"Lieferung und R\u00fccksendungen - Katoenendraagtassen","twitter:description":"Lieferzeit Unbedruckte Artikel k\u00f6nnen innerhalb von 1 bis 3 Werktagen geliefert werden. Die meisten bedruckten Lagerartikel sind innerhalb von 8 bis 14 Werktagen lieferbar. Eine Bestellung geht erst nach Genehmigung des Angebots und des Korrekturabzugs in Produktion. Warten Sie l\u00e4nger als 24 Stunden mit der Genehmigung? Dann verschiebt sich auch das Lieferdatum. R\u00fccksendungen bei","twitter:image":"https:\/\/shop.hidalgo.nl\/wp-content\/uploads\/2026\/02\/cropped-draagtassen-logo.png"},"aioseo_meta_data":{"post_id":"4937","title":null,"description":null,"keywords":null,"keyphrases":{"focus":{"keyphrase":"","score":0,"analysis":{"keyphraseInTitle":{"score":0,"maxScore":9,"error":1}}},"additional":[]},"canonical_url":null,"og_title":null,"og_description":null,"og_object_type":"default","og_image_type":"default","og_image_custom_url":null,"og_image_custom_fields":null,"og_custom_image_width":null,"og_custom_image_height":null,"og_video":"","og_custom_url":null,"og_article_section":null,"og_article_tags":null,"twitter_use_og":false,"twitter_card":"default","twitter_image_type":"default","twitter_image_custom_url":null,"twitter_image_custom_fields":null,"twitter_title":null,"twitter_description":null,"schema_type":null,"schema_type_options":null,"pillar_content":false,"robots_default":true,"robots_noindex":false,"robots_noarchive":false,"robots_nosnippet":false,"robots_nofollow":false,"robots_noimageindex":false,"robots_noodp":false,"robots_notranslate":false,"robots_max_snippet":"-1","robots_max_videopreview":"-1","robots_max_imagepreview":"none","tabs":null,"priority":null,"frequency":"default","local_seo":null,"created":"2026-02-09 09:22:55","updated":"2026-02-09 14:00:10"},"aioseo_breadcrumb":"<div class=\"aioseo-breadcrumbs\"><span class=\"aioseo-breadcrumb\">\n\t<a href=\"https:\/\/katoenendraagtassen.nl\/de\/\" title=\"Home\">Home<\/a>\n<\/span><span class=\"aioseo-breadcrumb-separator\">\u00bb<\/span><span class=\"aioseo-breadcrumb\">\n\tLieferung und R\u00fccksendungen\n<\/span><\/div>","aioseo_breadcrumb_json":[{"label":"Home","link":"https:\/\/katoenendraagtassen.nl\/de\/"},{"label":"Lieferung und R\u00fccksendungen","link":"https:\/\/katoenendraagtassen.nl\/de\/lieferung-und-ruecksendungen\/"}],"_links":{"self":[{"href":"https:\/\/katoenendraagtassen.nl\/de\/wp-json\/wp\/v2\/pages\/4937","targetHints":{"allow":["GET"]}}],"collection":[{"href":"https:\/\/katoenendraagtassen.nl\/de\/wp-json\/wp\/v2\/pages"}],"about":[{"href":"https:\/\/katoenendraagtassen.nl\/de\/wp-json\/wp\/v2\/types\/page"}],"author":[{"embeddable":true,"href":"https:\/\/katoenendraagtassen.nl\/de\/wp-json\/wp\/v2\/users\/6"}],"replies":[{"embeddable":true,"href":"https:\/\/katoenendraagtassen.nl\/de\/wp-json\/wp\/v2\/comments?post=4937"}],"version-history":[{"count":2,"href":"https:\/\/katoenendraagtassen.nl\/de\/wp-json\/wp\/v2\/pages\/4937\/revisions"}],"predecessor-version":[{"id":4980,"href":"https:\/\/katoenendraagtassen.nl\/de\/wp-json\/wp\/v2\/pages\/4937\/revisions\/4980"}],"wp:attachment":[{"href":"https:\/\/katoenendraagtassen.nl\/de\/wp-json\/wp\/v2\/media?parent=4937"}],"curies":[{"name":"wp","href":"https:\/\/api.w.org\/{rel}","templated":true}]}}