{"id":4933,"date":"2026-02-09T09:12:39","date_gmt":"2026-02-09T09:12:39","guid":{"rendered":"https:\/\/katoenendraagtassen.shop.hidalgo.nl\/ueber-uns\/"},"modified":"2026-02-09T09:22:55","modified_gmt":"2026-02-09T09:22:55","slug":"ueber-uns","status":"publish","type":"page","link":"https:\/\/katoenendraagtassen.nl\/de\/ueber-uns\/","title":{"rendered":"\u00dcber uns"},"content":{"rendered":"<p><img decoding=\"async\" class=\" wp-image-4909\" src=\"https:\/\/shop.hidalgo.nl\/wp-content\/uploads\/2026\/02\/banner-katoen-300x60.jpg\" alt=\"\" width=\"915\" height=\"183\" srcset=\"https:\/\/shop.hidalgo.nl\/wp-content\/uploads\/2026\/02\/banner-katoen-300x60.jpg 300w, https:\/\/shop.hidalgo.nl\/wp-content\/uploads\/2026\/02\/banner-katoen-1024x206.jpg 1024w, https:\/\/shop.hidalgo.nl\/wp-content\/uploads\/2026\/02\/banner-katoen-768x155.jpg 768w, https:\/\/shop.hidalgo.nl\/wp-content\/uploads\/2026\/02\/banner-katoen-600x121.jpg 600w, https:\/\/shop.hidalgo.nl\/wp-content\/uploads\/2026\/02\/banner-katoen.jpg 1548w\" sizes=\"(max-width: 915px) 100vw, 915px\" \/><\/p>\n<h6>Hidalgo Bags &amp; More<\/h6>\n<div>\n<p>Hidalgo Bags &amp; More besteht seit 1993 und unser Spezialgebiet sind Taschen, Trinkflaschen &amp; Shaker und Sport-Handt\u00fccher. Unser Hauptsitz befindet sich in den Niederlanden. Hier ber\u00e4t das Verkaufsteam, die Grafikabteilung ist mit Entw\u00fcrfen besch\u00e4ftigt und wir empfangen Sie gerne in unserem Showroom. In den Anfangsjahren war Hidalgo nur auf dem niederl\u00e4ndischen Markt aktiv, aber inzwischen arbeiten wir mit mehr als 1800 Kunden in 16 L\u00e4ndern zusammen.   <\/p>\n<h6><strong>Branchenverband PPP<\/strong><\/h6>\n<p><img decoding=\"async\" class=\"entered litespeed-loaded\" src=\"https:\/\/c5079f4e022814127ac7-d747ec09ac64368ba7dcf1a58d452e76.ssl.cf1.rackcdn.com\/1767602358_150_ppp%20keurmerk%20geaccrediteerd%20toevoeging%20ppp(1).jpg\" alt=\"\" width=\"150\" data-lazyloaded=\"1\" data-src=\"https:\/\/c5079f4e022814127ac7-d747ec09ac64368ba7dcf1a58d452e76.ssl.cf1.rackcdn.com\/1767602358_150_ppp%20keurmerk%20geaccrediteerd%20toevoeging%20ppp(1).jpg\" data-ll-status=\"loaded\"><\/p>\n<p>Wir sind Mitglied der PPP, Promotional Product Professionals. Die PPP ist der einzige Branchenverband f\u00fcr H\u00e4ndler und Lieferanten von Werbeartikeln, Werbe- und Weihnachtsgeschenken. Die PPP ist eine professionelle, unabh\u00e4ngige Organisation, die von engagierten Managern aus der Branche geleitet wird. Die PPP arbeitet im Rahmen eines aktiven Verbands an der Weiterentwicklung der Branche. Ethisches und verantwortungsvolles Handeln sind dabei Kernwerte.    <\/p>\n<h6>Spezialgebiet<\/h6>\n<p>Spezialistentum ist nichts, was man pl\u00f6tzlich hat. Unser Unternehmen wurde 1993 gegr\u00fcndet und wir lernen noch jeden Tag dazu. Wir sind spezialisiert auf Taschen, Handt\u00fccher und Trinkflaschen und Shaker. Wir produzieren diese drei Produktgruppen selbst oder arbeiten mit spezialisierten und exklusiven Dritten zusammen. Wir beraten Sie gerne unverbindlich und denken gerne mit Ihnen mit.   <\/p>\n<h6>Kreativ<\/h6>\n<p>Alles beginnt mit einer Idee, die Sie haben, aber wir denken gerne mit Ihnen mit. Wir haben Grafikdesigner, die in der Lage sind, die Idee visuell darzustellen, aber auch tolle Alternativen zu bieten, um das Produkt noch sch\u00f6ner zu machen. Wir pr\u00fcfen, ob die Ma\u00dfe stimmen, was die beste Position f\u00fcr Ihr Logo ist und vieles mehr. Etwas zu entwerfen und dann zu produzieren ist f\u00fcr uns das Sch\u00f6nste, was es gibt. Das gibt uns die M\u00f6glichkeit, uns von anderen abzuheben.    <\/p>\n<\/div>\n<h4><strong>Hidalgo Bags &amp; More<\/strong><\/h4>\n<p>Platinastraat 52<\/p>\n<p>2718TRZ Zoetermeer<\/p>\n<p>Niederlande<\/p>\n<p><strong>info@hidalgo.nl<\/strong><\/p>\n<p><strong>Telefon: 0031 \u2013 (0)793310133<\/strong><\/p>\n<p><strong>WhatsApp: 0031 \u2013 (0)6 11 058 609<\/strong><\/p>\n<p>\u2014\u2014\u2014\u2014\u2014\u2014\u2014\u2014\u2014\u2014\u2014\u2014\u2014\u2014\u2014\u2014<\/p>\n<p><em>ist Teil der RuLe Holding BV<\/em><\/p>\n<p>KVK: 69454159<\/p>\n<p>USt-IdNr.: NL-857880676B01<\/p>\n","protected":false},"excerpt":{"rendered":"<p>Hidalgo Bags &amp; More Hidalgo Bags &amp; More besteht seit 1993 und unser Spezialgebiet sind Taschen, Trinkflaschen &amp; Shaker und Sport-Handt\u00fccher. Unser Hauptsitz befindet sich in den Niederlanden. Hier ber\u00e4t das Verkaufsteam, die Grafikabteilung ist mit Entw\u00fcrfen besch\u00e4ftigt und wir empfangen Sie gerne in unserem Showroom. In den Anfangsjahren war Hidalgo nur auf dem niederl\u00e4ndischen&hellip; <a class=\"more-link\" href=\"https:\/\/katoenendraagtassen.nl\/de\/ueber-uns\/\"><span class=\"screen-reader-text\">\u00dcber uns<\/span> weiterlesen<\/a><\/p>\n","protected":false},"author":6,"featured_media":0,"parent":0,"menu_order":0,"comment_status":"closed","ping_status":"closed","template":"","meta":{"_acf_changed":false,"_monsterinsights_skip_tracking":false,"_monsterinsights_sitenote_active":false,"_monsterinsights_sitenote_note":"","_monsterinsights_sitenote_category":0,"footnotes":""},"class_list":["post-4933","page","type-page","status-publish","hentry","entry"],"acf":[],"aioseo_notices":[],"aioseo_head":"\n\t\t<!-- All in One SEO Pro 4.9.5.2 - aioseo.com -->\n\t<meta name=\"description\" content=\"Hidalgo Bags &amp; More Hidalgo Bags &amp; More besteht seit 1993 und unser Spezialgebiet sind Taschen, Trinkflaschen &amp; Shaker und Sport-Handt\u00fccher. Unser Hauptsitz befindet sich in den Niederlanden. Hier ber\u00e4t das Verkaufsteam, die Grafikabteilung ist mit Entw\u00fcrfen besch\u00e4ftigt und wir empfangen Sie gerne in unserem Showroom. In den Anfangsjahren war Hidalgo nur auf dem niederl\u00e4ndischen\" \/>\n\t<meta name=\"robots\" content=\"max-image-preview:large\" \/>\n\t<meta name=\"google-site-verification\" content=\"UCXCM47iuIQOXxYT_rmg4k_pSRa_vVC6yBpzgVDnaZM\" \/>\n\t<link rel=\"canonical\" href=\"https:\/\/katoenendraagtassen.nl\/de\/wp-json\/wp\/v2\/pages\/4933\" \/>\n\t<meta name=\"generator\" content=\"All in One SEO Pro (AIOSEO) 4.9.5.2\" \/>\n\t\t<meta property=\"og:locale\" content=\"de_DE\" \/>\n\t\t<meta property=\"og:site_name\" content=\"Katoenendraagtassen -\" \/>\n\t\t<meta property=\"og:type\" content=\"article\" \/>\n\t\t<meta property=\"og:title\" content=\"\u00dcber uns - Katoenendraagtassen\" \/>\n\t\t<meta property=\"og:description\" content=\"Hidalgo Bags &amp; More Hidalgo Bags &amp; More besteht seit 1993 und unser Spezialgebiet sind Taschen, Trinkflaschen &amp; Shaker und Sport-Handt\u00fccher. Unser Hauptsitz befindet sich in den Niederlanden. Hier ber\u00e4t das Verkaufsteam, die Grafikabteilung ist mit Entw\u00fcrfen besch\u00e4ftigt und wir empfangen Sie gerne in unserem Showroom. In den Anfangsjahren war Hidalgo nur auf dem niederl\u00e4ndischen\" \/>\n\t\t<meta property=\"og:url\" content=\"https:\/\/katoenendraagtassen.nl\/de\/wp-json\/wp\/v2\/pages\/4933\" \/>\n\t\t<meta property=\"og:image\" content=\"https:\/\/shop.hidalgo.nl\/wp-content\/uploads\/2026\/02\/cropped-draagtassen-logo.png\" \/>\n\t\t<meta property=\"og:image:secure_url\" content=\"https:\/\/shop.hidalgo.nl\/wp-content\/uploads\/2026\/02\/cropped-draagtassen-logo.png\" \/>\n\t\t<meta property=\"article:published_time\" content=\"2026-02-09T09:12:39+00:00\" \/>\n\t\t<meta property=\"article:modified_time\" content=\"2026-02-09T09:22:55+00:00\" \/>\n\t\t<meta name=\"twitter:card\" content=\"summary_large_image\" \/>\n\t\t<meta name=\"twitter:title\" content=\"\u00dcber uns - Katoenendraagtassen\" \/>\n\t\t<meta name=\"twitter:description\" content=\"Hidalgo Bags &amp; More Hidalgo Bags &amp; More besteht seit 1993 und unser Spezialgebiet sind Taschen, Trinkflaschen &amp; Shaker und Sport-Handt\u00fccher. Unser Hauptsitz befindet sich in den Niederlanden. Hier ber\u00e4t das Verkaufsteam, die Grafikabteilung ist mit Entw\u00fcrfen besch\u00e4ftigt und wir empfangen Sie gerne in unserem Showroom. In den Anfangsjahren war Hidalgo nur auf dem niederl\u00e4ndischen\" \/>\n\t\t<meta name=\"twitter:image\" content=\"https:\/\/shop.hidalgo.nl\/wp-content\/uploads\/2026\/02\/cropped-draagtassen-logo.png\" \/>\n\t\t<script type=\"application\/ld+json\" class=\"aioseo-schema\">\n\t\t\t{\"@context\":\"https:\\\/\\\/schema.org\",\"@graph\":[{\"@type\":\"BreadcrumbList\",\"@id\":\"https:\\\/\\\/katoenendraagtassen.nl\\\/de\\\/ueber-uns\\\/#breadcrumblist\",\"itemListElement\":[{\"@type\":\"ListItem\",\"@id\":\"https:\\\/\\\/katoenendraagtassen.nl\\\/de\\\/#listItem\",\"position\":1,\"name\":\"Home\",\"item\":\"https:\\\/\\\/katoenendraagtassen.nl\\\/de\\\/\",\"nextItem\":{\"@type\":\"ListItem\",\"@id\":\"https:\\\/\\\/katoenendraagtassen.nl\\\/de\\\/ueber-uns\\\/#listItem\",\"name\":\"\\u00dcber uns\"}},{\"@type\":\"ListItem\",\"@id\":\"https:\\\/\\\/katoenendraagtassen.nl\\\/de\\\/ueber-uns\\\/#listItem\",\"position\":2,\"name\":\"\\u00dcber uns\",\"previousItem\":{\"@type\":\"ListItem\",\"@id\":\"https:\\\/\\\/katoenendraagtassen.nl\\\/de\\\/#listItem\",\"name\":\"Home\"}}]},{\"@type\":\"Organization\",\"@id\":\"https:\\\/\\\/katoenendraagtassen.nl\\\/de\\\/#organization\",\"name\":\"Katoenendraagtassen\",\"url\":\"https:\\\/\\\/katoenendraagtassen.nl\\\/de\\\/\",\"logo\":{\"@type\":\"ImageObject\",\"url\":\"https:\\\/\\\/shop.hidalgo.nl\\\/wp-content\\\/uploads\\\/2026\\\/02\\\/cropped-draagtassen-logo.png\",\"@id\":\"https:\\\/\\\/katoenendraagtassen.nl\\\/de\\\/ueber-uns\\\/#organizationLogo\",\"width\":419,\"height\":259},\"image\":{\"@id\":\"https:\\\/\\\/katoenendraagtassen.nl\\\/de\\\/ueber-uns\\\/#organizationLogo\"}},{\"@type\":\"WebPage\",\"@id\":\"https:\\\/\\\/katoenendraagtassen.nl\\\/de\\\/ueber-uns\\\/#webpage\",\"url\":\"https:\\\/\\\/katoenendraagtassen.nl\\\/de\\\/ueber-uns\\\/\",\"name\":\"\\u00dcber uns - Katoenendraagtassen\",\"description\":\"Hidalgo Bags & More Hidalgo Bags & More besteht seit 1993 und unser Spezialgebiet sind Taschen, Trinkflaschen & Shaker und Sport-Handt\\u00fccher. Unser Hauptsitz befindet sich in den Niederlanden. Hier ber\\u00e4t das Verkaufsteam, die Grafikabteilung ist mit Entw\\u00fcrfen besch\\u00e4ftigt und wir empfangen Sie gerne in unserem Showroom. In den Anfangsjahren war Hidalgo nur auf dem niederl\\u00e4ndischen\",\"inLanguage\":\"de-DE\",\"isPartOf\":{\"@id\":\"https:\\\/\\\/katoenendraagtassen.nl\\\/de\\\/#website\"},\"breadcrumb\":{\"@id\":\"https:\\\/\\\/katoenendraagtassen.nl\\\/de\\\/ueber-uns\\\/#breadcrumblist\"},\"datePublished\":\"2026-02-09T09:12:39+00:00\",\"dateModified\":\"2026-02-09T09:22:55+00:00\"},{\"@type\":\"WebSite\",\"@id\":\"https:\\\/\\\/katoenendraagtassen.nl\\\/de\\\/#website\",\"url\":\"https:\\\/\\\/katoenendraagtassen.nl\\\/de\\\/\",\"name\":\"Katoenendraagtassen\",\"inLanguage\":\"de-DE\",\"publisher\":{\"@id\":\"https:\\\/\\\/katoenendraagtassen.nl\\\/de\\\/#organization\"}}]}\n\t\t<\/script>\n\t\t<!-- All in One SEO Pro -->\r\n\t\t<title>\u00dcber uns - Katoenendraagtassen<\/title>\n\n","aioseo_head_json":{"title":"\u00dcber uns - Katoenendraagtassen","description":"Hidalgo Bags & More Hidalgo Bags & More besteht seit 1993 und unser Spezialgebiet sind Taschen, Trinkflaschen & Shaker und Sport-Handt\u00fccher. Unser Hauptsitz befindet sich in den Niederlanden. Hier ber\u00e4t das Verkaufsteam, die Grafikabteilung ist mit Entw\u00fcrfen besch\u00e4ftigt und wir empfangen Sie gerne in unserem Showroom. In den Anfangsjahren war Hidalgo nur auf dem niederl\u00e4ndischen","canonical_url":"https:\/\/katoenendraagtassen.nl\/de\/wp-json\/wp\/v2\/pages\/4933","robots":"max-image-preview:large","keywords":"","webmasterTools":{"google-site-verification":"UCXCM47iuIQOXxYT_rmg4k_pSRa_vVC6yBpzgVDnaZM","miscellaneous":""},"schema":{"@context":"https:\/\/schema.org","@graph":[{"@type":"BreadcrumbList","@id":"https:\/\/katoenendraagtassen.nl\/de\/ueber-uns\/#breadcrumblist","itemListElement":[{"@type":"ListItem","@id":"https:\/\/katoenendraagtassen.nl\/de\/#listItem","position":1,"name":"Home","item":"https:\/\/katoenendraagtassen.nl\/de\/","nextItem":{"@type":"ListItem","@id":"https:\/\/katoenendraagtassen.nl\/de\/ueber-uns\/#listItem","name":"\u00dcber uns"}},{"@type":"ListItem","@id":"https:\/\/katoenendraagtassen.nl\/de\/ueber-uns\/#listItem","position":2,"name":"\u00dcber uns","previousItem":{"@type":"ListItem","@id":"https:\/\/katoenendraagtassen.nl\/de\/#listItem","name":"Home"}}]},{"@type":"Organization","@id":"https:\/\/katoenendraagtassen.nl\/de\/#organization","name":"Katoenendraagtassen","url":"https:\/\/katoenendraagtassen.nl\/de\/","logo":{"@type":"ImageObject","url":"https:\/\/shop.hidalgo.nl\/wp-content\/uploads\/2026\/02\/cropped-draagtassen-logo.png","@id":"https:\/\/katoenendraagtassen.nl\/de\/ueber-uns\/#organizationLogo","width":419,"height":259},"image":{"@id":"https:\/\/katoenendraagtassen.nl\/de\/ueber-uns\/#organizationLogo"}},{"@type":"WebPage","@id":"https:\/\/katoenendraagtassen.nl\/de\/ueber-uns\/#webpage","url":"https:\/\/katoenendraagtassen.nl\/de\/ueber-uns\/","name":"\u00dcber uns - Katoenendraagtassen","description":"Hidalgo Bags & More Hidalgo Bags & More besteht seit 1993 und unser Spezialgebiet sind Taschen, Trinkflaschen & Shaker und Sport-Handt\u00fccher. Unser Hauptsitz befindet sich in den Niederlanden. Hier ber\u00e4t das Verkaufsteam, die Grafikabteilung ist mit Entw\u00fcrfen besch\u00e4ftigt und wir empfangen Sie gerne in unserem Showroom. In den Anfangsjahren war Hidalgo nur auf dem niederl\u00e4ndischen","inLanguage":"de-DE","isPartOf":{"@id":"https:\/\/katoenendraagtassen.nl\/de\/#website"},"breadcrumb":{"@id":"https:\/\/katoenendraagtassen.nl\/de\/ueber-uns\/#breadcrumblist"},"datePublished":"2026-02-09T09:12:39+00:00","dateModified":"2026-02-09T09:22:55+00:00"},{"@type":"WebSite","@id":"https:\/\/katoenendraagtassen.nl\/de\/#website","url":"https:\/\/katoenendraagtassen.nl\/de\/","name":"Katoenendraagtassen","inLanguage":"de-DE","publisher":{"@id":"https:\/\/katoenendraagtassen.nl\/de\/#organization"}}]},"og:locale":"de_DE","og:site_name":"Katoenendraagtassen -","og:type":"article","og:title":"\u00dcber uns - Katoenendraagtassen","og:description":"Hidalgo Bags &amp; More Hidalgo Bags &amp; More besteht seit 1993 und unser Spezialgebiet sind Taschen, Trinkflaschen &amp; Shaker und Sport-Handt\u00fccher. Unser Hauptsitz befindet sich in den Niederlanden. Hier ber\u00e4t das Verkaufsteam, die Grafikabteilung ist mit Entw\u00fcrfen besch\u00e4ftigt und wir empfangen Sie gerne in unserem Showroom. In den Anfangsjahren war Hidalgo nur auf dem niederl\u00e4ndischen","og:url":"https:\/\/katoenendraagtassen.nl\/de\/wp-json\/wp\/v2\/pages\/4933","og:image":"https:\/\/shop.hidalgo.nl\/wp-content\/uploads\/2026\/02\/cropped-draagtassen-logo.png","og:image:secure_url":"https:\/\/shop.hidalgo.nl\/wp-content\/uploads\/2026\/02\/cropped-draagtassen-logo.png","article:published_time":"2026-02-09T09:12:39+00:00","article:modified_time":"2026-02-09T09:22:55+00:00","twitter:card":"summary_large_image","twitter:title":"\u00dcber uns - Katoenendraagtassen","twitter:description":"Hidalgo Bags &amp; More Hidalgo Bags &amp; More besteht seit 1993 und unser Spezialgebiet sind Taschen, Trinkflaschen &amp; Shaker und Sport-Handt\u00fccher. Unser Hauptsitz befindet sich in den Niederlanden. Hier ber\u00e4t das Verkaufsteam, die Grafikabteilung ist mit Entw\u00fcrfen besch\u00e4ftigt und wir empfangen Sie gerne in unserem Showroom. In den Anfangsjahren war Hidalgo nur auf dem niederl\u00e4ndischen","twitter:image":"https:\/\/shop.hidalgo.nl\/wp-content\/uploads\/2026\/02\/cropped-draagtassen-logo.png"},"aioseo_meta_data":{"post_id":"4933","title":null,"description":null,"keywords":null,"keyphrases":{"focus":{"keyphrase":"","score":0,"analysis":{"keyphraseInTitle":{"score":0,"maxScore":9,"error":1}}},"additional":[]},"canonical_url":null,"og_title":null,"og_description":null,"og_object_type":"default","og_image_type":"default","og_image_custom_url":null,"og_image_custom_fields":null,"og_custom_image_width":null,"og_custom_image_height":null,"og_video":"","og_custom_url":null,"og_article_section":null,"og_article_tags":null,"twitter_use_og":false,"twitter_card":"default","twitter_image_type":"default","twitter_image_custom_url":null,"twitter_image_custom_fields":null,"twitter_title":null,"twitter_description":null,"schema_type":null,"schema_type_options":null,"pillar_content":false,"robots_default":true,"robots_noindex":false,"robots_noarchive":false,"robots_nosnippet":false,"robots_nofollow":false,"robots_noimageindex":false,"robots_noodp":false,"robots_notranslate":false,"robots_max_snippet":"-1","robots_max_videopreview":"-1","robots_max_imagepreview":"none","tabs":null,"priority":null,"frequency":"default","local_seo":null,"created":"2026-02-09 09:22:54","updated":"2026-02-09 09:37:45"},"aioseo_breadcrumb":"<div class=\"aioseo-breadcrumbs\"><span class=\"aioseo-breadcrumb\">\n\t<a href=\"https:\/\/katoenendraagtassen.nl\/de\/\" title=\"Home\">Home<\/a>\n<\/span><span class=\"aioseo-breadcrumb-separator\">\u00bb<\/span><span class=\"aioseo-breadcrumb\">\n\t\u00dcber uns\n<\/span><\/div>","aioseo_breadcrumb_json":[{"label":"Home","link":"https:\/\/katoenendraagtassen.nl\/de\/"},{"label":"\u00dcber uns","link":"https:\/\/katoenendraagtassen.nl\/de\/ueber-uns\/"}],"_links":{"self":[{"href":"https:\/\/katoenendraagtassen.nl\/de\/wp-json\/wp\/v2\/pages\/4933","targetHints":{"allow":["GET"]}}],"collection":[{"href":"https:\/\/katoenendraagtassen.nl\/de\/wp-json\/wp\/v2\/pages"}],"about":[{"href":"https:\/\/katoenendraagtassen.nl\/de\/wp-json\/wp\/v2\/types\/page"}],"author":[{"embeddable":true,"href":"https:\/\/katoenendraagtassen.nl\/de\/wp-json\/wp\/v2\/users\/6"}],"replies":[{"embeddable":true,"href":"https:\/\/katoenendraagtassen.nl\/de\/wp-json\/wp\/v2\/comments?post=4933"}],"version-history":[{"count":1,"href":"https:\/\/katoenendraagtassen.nl\/de\/wp-json\/wp\/v2\/pages\/4933\/revisions"}],"predecessor-version":[{"id":4934,"href":"https:\/\/katoenendraagtassen.nl\/de\/wp-json\/wp\/v2\/pages\/4933\/revisions\/4934"}],"wp:attachment":[{"href":"https:\/\/katoenendraagtassen.nl\/de\/wp-json\/wp\/v2\/media?parent=4933"}],"curies":[{"name":"wp","href":"https:\/\/api.w.org\/{rel}","templated":true}]}}